{"id":11304,"date":"2020-07-01T12:04:33","date_gmt":"2020-07-01T12:04:33","guid":{"rendered":"https:\/\/perpetualcharity.com\/?page_id=11304"},"modified":"2020-07-02T13:08:48","modified_gmt":"2020-07-02T13:08:48","slug":"news","status":"publish","type":"page","link":"https:\/\/perpetualcharity.com\/de\/news\/","title":{"rendered":"Nachrichten"},"content":{"rendered":"<div data-elementor-type=\"wp-page\" data-elementor-id=\"11304\" class=\"elementor elementor-11304\" data-elementor-post-type=\"page\">\n\t\t\t\t\t\t<section class=\"elementor-section elementor-top-section elementor-element elementor-element-6226e4b elementor-section-stretched elementor-section-boxed elementor-section-height-default elementor-section-height-default\" data-id=\"6226e4b\" data-element_type=\"section\" data-settings=\"{&quot;stretch_section&quot;:&quot;section-stretched&quot;}\">\n\t\t\t\t\t\t<div class=\"elementor-container elementor-column-gap-default\">\n\t\t\t\t\t<div class=\"elementor-column elementor-col-100 elementor-top-column elementor-element elementor-element-fe75d53\" data-id=\"fe75d53\" data-element_type=\"column\" data-settings=\"{&quot;background_background&quot;:&quot;classic&quot;}\">\n\t\t\t<div class=\"elementor-widget-wrap elementor-element-populated\">\n\t\t\t\t\t\t<div class=\"elementor-element elementor-element-443ca73 elementor-grid-3 elementor-grid-tablet-2 elementor-grid-mobile-1 elementor-posts--thumbnail-top elementor-posts--show-avatar elementor-card-shadow-yes elementor-posts__hover-gradient elementor-widget elementor-widget-posts\" data-id=\"443ca73\" data-element_type=\"widget\" data-settings=\"{&quot;cards_row_gap&quot;:{&quot;unit&quot;:&quot;px&quot;,&quot;size&quot;:21,&quot;sizes&quot;:[]},&quot;cards_columns&quot;:&quot;3&quot;,&quot;cards_columns_tablet&quot;:&quot;2&quot;,&quot;cards_columns_mobile&quot;:&quot;1&quot;,&quot;cards_row_gap_tablet&quot;:{&quot;unit&quot;:&quot;px&quot;,&quot;size&quot;:&quot;&quot;,&quot;sizes&quot;:[]},&quot;cards_row_gap_mobile&quot;:{&quot;unit&quot;:&quot;px&quot;,&quot;size&quot;:&quot;&quot;,&quot;sizes&quot;:[]}}\" data-widget_type=\"posts.cards\">\n\t\t\t\t<div class=\"elementor-widget-container\">\n\t\t\t\t\t<div class=\"elementor-posts-container elementor-posts elementor-posts--skin-cards elementor-grid\">\n\t\t\t\t<article class=\"elementor-post elementor-grid-item post-11330 post type-post status-publish format-standard has-post-thumbnail hentry category-news\">\n\t\t\t<div class=\"elementor-post__card\">\n\t\t\t\t<a class=\"elementor-post__thumbnail__link\" href=\"https:\/\/perpetualcharity.com\/de\/pcc-pitch-deck-june-30th-2020-by-erica-drake\/\" tabindex=\"-1\" ><div class=\"elementor-post__thumbnail\"><img fetchpriority=\"high\" decoding=\"async\" width=\"493\" height=\"618\" src=\"https:\/\/perpetualcharity.com\/wp-content\/uploads\/Combining-Caring-with-Capitalism.jpg\" class=\"attachment-full size-full wp-image-11332\" alt=\"Combining Caring with Capitalism\" srcset=\"https:\/\/perpetualcharity.com\/wp-content\/uploads\/Combining-Caring-with-Capitalism.jpg 493w, https:\/\/perpetualcharity.com\/wp-content\/uploads\/Combining-Caring-with-Capitalism-239x300.jpg 239w\" sizes=\"(max-width: 493px) 100vw, 493px\" \/><\/div><\/a>\n\t\t\t\t<div class=\"elementor-post__badge\">Nachrichten<\/div>\n\t\t\t\t<div class=\"elementor-post__avatar\">\n\t\t\t<img alt='Perpetual Charity Corporation' data-src='https:\/\/perpetualcharity.com\/wp-content\/uploads\/pc-avator.jpg' data-srcset='https:\/\/perpetualcharity.com\/wp-content\/uploads\/pc-avator.jpg 2x' class='avatar avatar-128 photo lazyload' height='128' width='128' src='data:image\/gif;base64,R0lGODlhAQABAAAAACH5BAEKAAEALAAAAAABAAEAAAICTAEAOw==' \/><noscript><img alt='Perpetual Charity Corporation' data-src='https:\/\/perpetualcharity.com\/wp-content\/uploads\/pc-avator.jpg' data-srcset='https:\/\/perpetualcharity.com\/wp-content\/uploads\/pc-avator.jpg 2x' class='avatar avatar-128 photo lazyload' height='128' width='128' src='data:image\/gif;base64,R0lGODlhAQABAAAAACH5BAEKAAEALAAAAAABAAEAAAICTAEAOw==' \/><noscript><img alt='Perpetual Charity Corporation' data-src='https:\/\/perpetualcharity.com\/wp-content\/uploads\/pc-avator.jpg' data-srcset='https:\/\/perpetualcharity.com\/wp-content\/uploads\/pc-avator.jpg 2x' class='avatar avatar-128 photo lazyload' height='128' width='128' src='data:image\/gif;base64,R0lGODlhAQABAAAAACH5BAEKAAEALAAAAAABAAEAAAICTAEAOw==' \/><noscript><img alt='Perpetual Charity Corporation' src='https:\/\/perpetualcharity.com\/wp-content\/uploads\/pc-avator.jpg' srcset='https:\/\/perpetualcharity.com\/wp-content\/uploads\/pc-avator.jpg 2x' class='avatar avatar-128 photo' height='128' width='128' \/><\/noscript><\/noscript><\/noscript>\t\t<\/div>\n\t\t\t\t<div class=\"elementor-post__text\">\n\t\t\t\t<h3 class=\"elementor-post__title\">\n\t\t\t<a href=\"https:\/\/perpetualcharity.com\/de\/pcc-pitch-deck-june-30th-2020-by-erica-drake\/\" >\n\t\t\t\tDas Pitch Deck von PCC - 30. Juni 2020 - von Erica Drake\t\t\t<\/a>\n\t\t<\/h3>\n\t\t\t\t<div class=\"elementor-post__excerpt\">\n\t\t\t<p>Weltprobleme, die nachhaltige L\u00f6sungen brauchen. Als Wettlauf haben wir den moralischen Imperativ, unseren kombinierten Intellekt, unsere F\u00e4higkeiten und unser Geld zu nutzen, um unsere Welt zu retten!<\/p>\n\t\t<\/div>\n\t\t\n\t\t<a class=\"elementor-post__read-more\" href=\"https:\/\/perpetualcharity.com\/de\/pcc-pitch-deck-june-30th-2020-by-erica-drake\/\" aria-label=\"Read more about PCC&#8217;s Pitch Deck &#8211; June 30th 2020 &#8211; by Erica Drake\" tabindex=\"-1\" >\n\t\t\tLesen Sie mehr \"\t\t<\/a>\n\n\t\t\t\t<\/div>\n\t\t\t\t<div class=\"elementor-post__meta-data\">\n\t\t\t\t\t<span class=\"elementor-post-date\">\n\t\t\t30. Juni 2020\t\t<\/span>\n\t\t\t\t<\/div>\n\t\t\t\t\t<\/div>\n\t\t<\/article>\n\t\t\t\t<article class=\"elementor-post elementor-grid-item post-11325 post type-post status-publish format-standard has-post-thumbnail hentry category-news\">\n\t\t\t<div class=\"elementor-post__card\">\n\t\t\t\t<a class=\"elementor-post__thumbnail__link\" href=\"https:\/\/perpetualcharity.com\/de\/pcc-short-summary_june-30th-2020\/\" tabindex=\"-1\" ><div class=\"elementor-post__thumbnail\"><img decoding=\"async\" width=\"466\" height=\"406\" data-src=\"https:\/\/perpetualcharity.com\/wp-content\/uploads\/ppc-icon.jpg\" class=\"attachment-full size-full wp-image-11320 lazyload\" alt=\"\" data-srcset=\"https:\/\/perpetualcharity.com\/wp-content\/uploads\/ppc-icon.jpg 466w, https:\/\/perpetualcharity.com\/wp-content\/uploads\/ppc-icon-300x261.jpg 300w\" data-sizes=\"(max-width: 466px) 100vw, 466px\" src=\"data:image\/gif;base64,R0lGODlhAQABAAAAACH5BAEKAAEALAAAAAABAAEAAAICTAEAOw==\" \/><noscript><img decoding=\"async\" width=\"466\" height=\"406\" data-src=\"https:\/\/perpetualcharity.com\/wp-content\/uploads\/ppc-icon.jpg\" class=\"attachment-full size-full wp-image-11320 lazyload\" alt=\"\" data-srcset=\"https:\/\/perpetualcharity.com\/wp-content\/uploads\/ppc-icon.jpg 466w, https:\/\/perpetualcharity.com\/wp-content\/uploads\/ppc-icon-300x261.jpg 300w\" data-sizes=\"(max-width: 466px) 100vw, 466px\" src=\"data:image\/gif;base64,R0lGODlhAQABAAAAACH5BAEKAAEALAAAAAABAAEAAAICTAEAOw==\" \/><noscript><img decoding=\"async\" width=\"466\" height=\"406\" src=\"https:\/\/perpetualcharity.com\/wp-content\/uploads\/ppc-icon.jpg\" class=\"attachment-full size-full wp-image-11320\" alt=\"\" srcset=\"https:\/\/perpetualcharity.com\/wp-content\/uploads\/ppc-icon.jpg 466w, https:\/\/perpetualcharity.com\/wp-content\/uploads\/ppc-icon-300x261.jpg 300w\" sizes=\"(max-width: 466px) 100vw, 466px\" \/><\/noscript><\/noscript><\/div><\/a>\n\t\t\t\t<div class=\"elementor-post__badge\">Nachrichten<\/div>\n\t\t\t\t<div class=\"elementor-post__avatar\">\n\t\t\t<img alt='Perpetual Charity Corporation' data-src='https:\/\/perpetualcharity.com\/wp-content\/uploads\/pc-avator.jpg' data-srcset='https:\/\/perpetualcharity.com\/wp-content\/uploads\/pc-avator.jpg 2x' class='avatar avatar-128 photo lazyload' height='128' width='128' src='data:image\/gif;base64,R0lGODlhAQABAAAAACH5BAEKAAEALAAAAAABAAEAAAICTAEAOw==' \/><noscript><img alt='Perpetual Charity Corporation' data-src='https:\/\/perpetualcharity.com\/wp-content\/uploads\/pc-avator.jpg' data-srcset='https:\/\/perpetualcharity.com\/wp-content\/uploads\/pc-avator.jpg 2x' class='avatar avatar-128 photo lazyload' height='128' width='128' src='data:image\/gif;base64,R0lGODlhAQABAAAAACH5BAEKAAEALAAAAAABAAEAAAICTAEAOw==' \/><noscript><img alt='Perpetual Charity Corporation' data-src='https:\/\/perpetualcharity.com\/wp-content\/uploads\/pc-avator.jpg' data-srcset='https:\/\/perpetualcharity.com\/wp-content\/uploads\/pc-avator.jpg 2x' class='avatar avatar-128 photo lazyload' height='128' width='128' src='data:image\/gif;base64,R0lGODlhAQABAAAAACH5BAEKAAEALAAAAAABAAEAAAICTAEAOw==' \/><noscript><img alt='Perpetual Charity Corporation' src='https:\/\/perpetualcharity.com\/wp-content\/uploads\/pc-avator.jpg' srcset='https:\/\/perpetualcharity.com\/wp-content\/uploads\/pc-avator.jpg 2x' class='avatar avatar-128 photo' height='128' width='128' \/><\/noscript><\/noscript><\/noscript>\t\t<\/div>\n\t\t\t\t<div class=\"elementor-post__text\">\n\t\t\t\t<h3 class=\"elementor-post__title\">\n\t\t\t<a href=\"https:\/\/perpetualcharity.com\/de\/pcc-short-summary_june-30th-2020\/\" >\n\t\t\t\tPCC Short Summary &#8211; June 30th, 2020\t\t\t<\/a>\n\t\t<\/h3>\n\t\t\t\t<div class=\"elementor-post__excerpt\">\n\t\t\t<p>Die Perpetual Charity Corporation sammelt 100 Millionen USD an Eigenkapital zur Finanzierung des bisher gr\u00f6\u00dften und ersten B\u00f6rsengangs f\u00fcr wohlt\u00e4tige Zwecke in der Geschichte der Menschheit.<\/p>\n\t\t<\/div>\n\t\t\n\t\t<a class=\"elementor-post__read-more\" href=\"https:\/\/perpetualcharity.com\/de\/pcc-short-summary_june-30th-2020\/\" aria-label=\"Read more about PCC Short Summary &#8211; June 30th, 2020\" tabindex=\"-1\" >\n\t\t\tLesen Sie mehr \"\t\t<\/a>\n\n\t\t\t\t<\/div>\n\t\t\t\t<div class=\"elementor-post__meta-data\">\n\t\t\t\t\t<span class=\"elementor-post-date\">\n\t\t\t30. Juni 2020\t\t<\/span>\n\t\t\t\t<\/div>\n\t\t\t\t\t<\/div>\n\t\t<\/article>\n\t\t\t\t<article class=\"elementor-post elementor-grid-item post-11308 post type-post status-publish format-standard has-post-thumbnail hentry category-news\">\n\t\t\t<div class=\"elementor-post__card\">\n\t\t\t\t<a class=\"elementor-post__thumbnail__link\" href=\"https:\/\/perpetualcharity.com\/de\/pcc-press-release_wall-street_25-may-2020\/\" tabindex=\"-1\" ><div class=\"elementor-post__thumbnail\"><img decoding=\"async\" width=\"466\" height=\"406\" data-src=\"https:\/\/perpetualcharity.com\/wp-content\/uploads\/ppc-icon.jpg\" class=\"attachment-full size-full wp-image-11320 lazyload\" alt=\"\" data-srcset=\"https:\/\/perpetualcharity.com\/wp-content\/uploads\/ppc-icon.jpg 466w, https:\/\/perpetualcharity.com\/wp-content\/uploads\/ppc-icon-300x261.jpg 300w\" data-sizes=\"(max-width: 466px) 100vw, 466px\" src=\"data:image\/gif;base64,R0lGODlhAQABAAAAACH5BAEKAAEALAAAAAABAAEAAAICTAEAOw==\" \/><noscript><img decoding=\"async\" width=\"466\" height=\"406\" data-src=\"https:\/\/perpetualcharity.com\/wp-content\/uploads\/ppc-icon.jpg\" class=\"attachment-full size-full wp-image-11320 lazyload\" alt=\"\" data-srcset=\"https:\/\/perpetualcharity.com\/wp-content\/uploads\/ppc-icon.jpg 466w, https:\/\/perpetualcharity.com\/wp-content\/uploads\/ppc-icon-300x261.jpg 300w\" data-sizes=\"(max-width: 466px) 100vw, 466px\" src=\"data:image\/gif;base64,R0lGODlhAQABAAAAACH5BAEKAAEALAAAAAABAAEAAAICTAEAOw==\" \/><noscript><img decoding=\"async\" width=\"466\" height=\"406\" src=\"https:\/\/perpetualcharity.com\/wp-content\/uploads\/ppc-icon.jpg\" class=\"attachment-full size-full wp-image-11320\" alt=\"\" srcset=\"https:\/\/perpetualcharity.com\/wp-content\/uploads\/ppc-icon.jpg 466w, https:\/\/perpetualcharity.com\/wp-content\/uploads\/ppc-icon-300x261.jpg 300w\" sizes=\"(max-width: 466px) 100vw, 466px\" \/><\/noscript><\/noscript><\/div><\/a>\n\t\t\t\t<div class=\"elementor-post__badge\">Nachrichten<\/div>\n\t\t\t\t<div class=\"elementor-post__avatar\">\n\t\t\t<img alt='Perpetual Charity Corporation' data-src='https:\/\/perpetualcharity.com\/wp-content\/uploads\/pc-avator.jpg' data-srcset='https:\/\/perpetualcharity.com\/wp-content\/uploads\/pc-avator.jpg 2x' class='avatar avatar-128 photo lazyload' height='128' width='128' src='data:image\/gif;base64,R0lGODlhAQABAAAAACH5BAEKAAEALAAAAAABAAEAAAICTAEAOw==' \/><noscript><img alt='Perpetual Charity Corporation' data-src='https:\/\/perpetualcharity.com\/wp-content\/uploads\/pc-avator.jpg' data-srcset='https:\/\/perpetualcharity.com\/wp-content\/uploads\/pc-avator.jpg 2x' class='avatar avatar-128 photo lazyload' height='128' width='128' src='data:image\/gif;base64,R0lGODlhAQABAAAAACH5BAEKAAEALAAAAAABAAEAAAICTAEAOw==' \/><noscript><img alt='Perpetual Charity Corporation' data-src='https:\/\/perpetualcharity.com\/wp-content\/uploads\/pc-avator.jpg' data-srcset='https:\/\/perpetualcharity.com\/wp-content\/uploads\/pc-avator.jpg 2x' class='avatar avatar-128 photo lazyload' height='128' width='128' src='data:image\/gif;base64,R0lGODlhAQABAAAAACH5BAEKAAEALAAAAAABAAEAAAICTAEAOw==' \/><noscript><img alt='Perpetual Charity Corporation' src='https:\/\/perpetualcharity.com\/wp-content\/uploads\/pc-avator.jpg' srcset='https:\/\/perpetualcharity.com\/wp-content\/uploads\/pc-avator.jpg 2x' class='avatar avatar-128 photo' height='128' width='128' \/><\/noscript><\/noscript><\/noscript>\t\t<\/div>\n\t\t\t\t<div class=\"elementor-post__text\">\n\t\t\t\t<h3 class=\"elementor-post__title\">\n\t\t\t<a href=\"https:\/\/perpetualcharity.com\/de\/pcc-press-release_wall-street_25-may-2020\/\" >\n\t\t\t\tPCC Press Release Wall Street, May 25th, 2020\t\t\t<\/a>\n\t\t<\/h3>\n\t\t\t\t<div class=\"elementor-post__excerpt\">\n\t\t\t<p>Die Perpetual Charity Corporation sammelt 100 Millionen USD an Eigenkapital zur Finanzierung des bisher gr\u00f6\u00dften und ersten B\u00f6rsengangs f\u00fcr wohlt\u00e4tige Zwecke in der Geschichte der Menschheit.<\/p>\n\t\t<\/div>\n\t\t\n\t\t<a class=\"elementor-post__read-more\" href=\"https:\/\/perpetualcharity.com\/de\/pcc-press-release_wall-street_25-may-2020\/\" aria-label=\"Read more about PCC Press Release Wall Street, May 25th, 2020\" tabindex=\"-1\" >\n\t\t\tLesen Sie mehr \"\t\t<\/a>\n\n\t\t\t\t<\/div>\n\t\t\t\t<div class=\"elementor-post__meta-data\">\n\t\t\t\t\t<span class=\"elementor-post-date\">\n\t\t\t25. Mai 2020\t\t<\/span>\n\t\t\t\t<\/div>\n\t\t\t\t\t<\/div>\n\t\t<\/article>\n\t\t\t\t<\/div>\n\t\t\n\t\t\t\t<\/div>\n\t\t\t\t<\/div>\n\t\t\t\t\t<\/div>\n\t\t<\/div>\n\t\t\t\t\t<\/div>\n\t\t<\/section>\n\t\t\t\t<\/div>","protected":false},"excerpt":{"rendered":"","protected":false},"author":1,"featured_media":0,"parent":0,"menu_order":12,"comment_status":"closed","ping_status":"closed","template":"","meta":{"footnotes":""},"_links":{"self":[{"href":"https:\/\/perpetualcharity.com\/de\/wp-json\/wp\/v2\/pages\/11304"}],"collection":[{"href":"https:\/\/perpetualcharity.com\/de\/wp-json\/wp\/v2\/pages"}],"about":[{"href":"https:\/\/perpetualcharity.com\/de\/wp-json\/wp\/v2\/types\/page"}],"author":[{"embeddable":true,"href":"https:\/\/perpetualcharity.com\/de\/wp-json\/wp\/v2\/users\/1"}],"replies":[{"embeddable":true,"href":"https:\/\/perpetualcharity.com\/de\/wp-json\/wp\/v2\/comments?post=11304"}],"version-history":[{"count":0,"href":"https:\/\/perpetualcharity.com\/de\/wp-json\/wp\/v2\/pages\/11304\/revisions"}],"wp:attachment":[{"href":"https:\/\/perpetualcharity.com\/de\/wp-json\/wp\/v2\/media?parent=11304"}],"curies":[{"name":"wp","href":"https:\/\/api.w.org\/{rel}","templated":true}]}}