{"id":11422,"date":"2020-07-06T14:20:03","date_gmt":"2020-07-06T14:20:03","guid":{"rendered":"https:\/\/perpetualcharity.com\/?page_id=11422"},"modified":"2020-07-07T07:01:16","modified_gmt":"2020-07-07T07:01:16","slug":"global-certified-charities-gcc","status":"publish","type":"page","link":"https:\/\/perpetualcharity.com\/de\/global-certified-charities-gcc\/","title":{"rendered":"Global zertifizierte Wohlt\u00e4tigkeitsorganisationen (GCC)"},"content":{"rendered":"<div class=\"wp-block-toolset-blocks-container tb-container\" data-toolset-blocks-container=\"2d3560916a8cb13449ff7c80eaa73a59\">\n<div class=\"wp-block-toolset-blocks-grid tb-grid\" data-toolset-blocks-grid=\"452991e9bd8842455bffd1af3d03e6ee\">\n<div class=\"wp-block-toolset-blocks-grid-column tb-grid-column tb-grid-align-center\" data-toolset-blocks-grid-column=\"f586ff7bfe1d7317c63162ec7b7039ed\"><div class=\"wp-block-image\">\n<figure class=\"tb-image tb-image-media aligncenter\" data-toolset-blocks-image=\"b282b84e7bca53ce462701a13260a479\"><img decoding=\"async\" data-src=\"https:\/\/perpetualcharity.com\/wp-content\/uploads\/Certified-seal-Version2-300x300.png\" alt=\"\" class=\"wp-image-11384 lazyload\" src=\"data:image\/gif;base64,R0lGODlhAQABAAAAACH5BAEKAAEALAAAAAABAAEAAAICTAEAOw==\" \/><noscript><img decoding=\"async\" src=\"https:\/\/perpetualcharity.com\/wp-content\/uploads\/Certified-seal-Version2-300x300.png\" alt=\"\" class=\"wp-image-11384\"\/><\/noscript><\/figure>\n<\/div><\/div>\n\n\n\n<div class=\"wp-block-toolset-blocks-grid-column tb-grid-column tb-grid-align-bottom\" data-toolset-blocks-grid-column=\"a9477b3b2acbab5e817ae21cc6d0973e\">\n<div class=\"tb-fields-and-text\" data-toolset-blocks-fields-and-text=\"dc5c1381df5a36fdd3fcb1f1c6469632\"><p>Da viele globale Wohlt\u00e4tigkeitsorganisationen inzwischen gut gef\u00fchrt werden, wird die PCC alle globalen Wohlt\u00e4tigkeitsorganisationen analysieren, um festzustellen, welche davon effizient und kosteng\u00fcnstig gef\u00fchrt werden.  Diese f\u00fchrenden Wohlt\u00e4tigkeitsorganisationen werden dann gebeten, unserem exklusiven Club der Wohlt\u00e4tigkeitsorganisationen beizutreten, der die Grundlage f\u00fcr GLOC bildet.  Die Mitglieder-Wohlt\u00e4tigkeitsorganisationen werden versuchen, ihre Wirkung weltweit zu maximieren, indem sie strategische und bew\u00e4hrte Gesch\u00e4ftsstrategien, globale Zusammenarbeit, Konsolidierung der Bem\u00fchungen sowie Mentoring und Sponsoring einsetzen. Die Mitglieder des Global Ambassadors' Club (GAC) und die Unternehmenssponsoren (GLOCS) werden diese unsere Global Certified Charity (GCC)-Mitglieder als Mentoren und Sponsoren unterst\u00fctzen.<\/p><\/div>\n<\/div>\n<\/div>\n<\/div>","protected":false},"excerpt":{"rendered":"","protected":false},"author":1,"featured_media":0,"parent":0,"menu_order":0,"comment_status":"closed","ping_status":"closed","template":"","meta":{"footnotes":""},"_links":{"self":[{"href":"https:\/\/perpetualcharity.com\/de\/wp-json\/wp\/v2\/pages\/11422"}],"collection":[{"href":"https:\/\/perpetualcharity.com\/de\/wp-json\/wp\/v2\/pages"}],"about":[{"href":"https:\/\/perpetualcharity.com\/de\/wp-json\/wp\/v2\/types\/page"}],"author":[{"embeddable":true,"href":"https:\/\/perpetualcharity.com\/de\/wp-json\/wp\/v2\/users\/1"}],"replies":[{"embeddable":true,"href":"https:\/\/perpetualcharity.com\/de\/wp-json\/wp\/v2\/comments?post=11422"}],"version-history":[{"count":0,"href":"https:\/\/perpetualcharity.com\/de\/wp-json\/wp\/v2\/pages\/11422\/revisions"}],"wp:attachment":[{"href":"https:\/\/perpetualcharity.com\/de\/wp-json\/wp\/v2\/media?parent=11422"}],"curies":[{"name":"wp","href":"https:\/\/api.w.org\/{rel}","templated":true}]}}