{"id":11469,"date":"2020-07-07T03:53:58","date_gmt":"2020-07-07T03:53:58","guid":{"rendered":"https:\/\/perpetualcharity.com\/?page_id=11469"},"modified":"2020-07-12T20:39:50","modified_gmt":"2020-07-12T20:39:50","slug":"investors-capital-structure","status":"publish","type":"page","link":"https:\/\/perpetualcharity.com\/de\/investors-capital-structure\/","title":{"rendered":"Die Unternehmensstruktur der PCC"},"content":{"rendered":"<div class=\"wp-block-toolset-blocks-grid tb-grid\" data-toolset-blocks-grid=\"6ce42870f59e5e7dc36034e9f79bd951\">\n<div class=\"wp-block-toolset-blocks-grid-column tb-grid-column tb-grid-align-top\" data-toolset-blocks-grid-column=\"3034fbe886c11054e95b46b09d3e4112\">\n<h2 class=\"tb-heading\" data-toolset-blocks-heading=\"3a94a5f5ac99f0c5642cb0af3ba9a028\">PCC's US $ 100 Millionen Privatplatzierung<\/h2>\n\n\n\n<div class=\"tb-fields-and-text\" data-toolset-blocks-fields-and-text=\"3e1d2592ce20bdf2bf813c9dfa44c991\"><p class=\"font_2\">PCC f\u00fchrt derzeit eine Privatplatzierung f\u00fcr US $100M durch.  F\u00fcr weitere Informationen klicken Sie auf den Link auf der rechten Seite:&nbsp;<\/p><\/div>\n<\/div>\n\n\n\n<div class=\"wp-block-toolset-blocks-grid-column tb-grid-column tb-grid-align-top\" data-toolset-blocks-grid-column=\"3034fbe886c11054e95b46b09d3e4112\">\n<div class=\"tb-button\" data-toolset-blocks-button=\"0a23b625cb30124d2b356d00bc0634a2\"><a class=\"tb-button__link\" href=\"mailto:Marc@Deschenaux.com\"><i class=\"tb-button__icon\"><\/i><span class=\"tb-button__content\">Weitere Informationen anfordern<\/span><\/a><\/div>\n<\/div>\n\n\n\n<div class=\"wp-block-toolset-blocks-grid-column tb-grid-column tb-grid-align-top\" data-toolset-blocks-grid-column=\"3034fbe886c11054e95b46b09d3e4112\">\n<h2 class=\"tb-heading\" data-toolset-blocks-heading=\"3a94a5f5ac99f0c5642cb0af3ba9a028\">PCC wird einen B\u00f6rsengang in H\u00f6he von $30 Milliarden US-Dollar durchf\u00fchren<\/h2>\n\n\n\n<div class=\"tb-fields-and-text\" data-toolset-blocks-fields-and-text=\"3e1d2592ce20bdf2bf813c9dfa44c991\"><p class=\"font_2\">Ungef\u00e4hr 12-18 Monate nach unserer Privatplatzierung wird PCC den gr\u00f6\u00dften B\u00f6rsengang in der Geschichte der Wall Street durchf\u00fchren, um PCC und ihre globalen Marken zu finanzieren und so zur Rettung unserer Welt beizutragen.&nbsp;<\/p><\/div>\n<\/div>\n\n\n\n<div class=\"wp-block-toolset-blocks-grid-column tb-grid-column tb-grid-align-top\" data-toolset-blocks-grid-column=\"3034fbe886c11054e95b46b09d3e4112\">\n<div class=\"tb-button\" data-toolset-blocks-button=\"06f7ab8f5626abce34ca75717ed0ad28\"><a class=\"tb-button__link\" href=\"https:\/\/perpetualcharity.com\/de\/investors\/\"><i class=\"tb-button__icon\"><\/i><span class=\"tb-button__content\">Nur eingeladene Investoren-G\u00e4ste<\/span><\/a><\/div>\n\n\n\n<p class=\"has-text-align-center\">Passwortgesch\u00fctzter DD-Raum<\/p>\n<\/div>\n\n\n\n<div class=\"wp-block-toolset-blocks-grid-column tb-grid-column tb-grid-align-top\" data-toolset-blocks-grid-column=\"3034fbe886c11054e95b46b09d3e4112\"><\/div>\n\n\n\n<div class=\"wp-block-toolset-blocks-grid-column tb-grid-column tb-grid-align-top\" data-toolset-blocks-grid-column=\"3034fbe886c11054e95b46b09d3e4112\"><\/div>\n\n\n\n<div class=\"wp-block-toolset-blocks-grid-column tb-grid-column tb-grid-align-top\" data-toolset-blocks-grid-column=\"3034fbe886c11054e95b46b09d3e4112\"><\/div>\n\n\n\n<div class=\"wp-block-toolset-blocks-grid-column tb-grid-column tb-grid-align-top\" data-toolset-blocks-grid-column=\"3034fbe886c11054e95b46b09d3e4112\"><\/div>\n<\/div>\n\n\n\n<div class=\"wp-block-toolset-blocks-container tb-container\" data-toolset-blocks-container=\"3d276cc8cd727d93ed4b9935d8518264\">\n<div class=\"tb-fields-and-text\" data-toolset-blocks-fields-and-text=\"3e1d2592ce20bdf2bf813c9dfa44c991\"><h4 style=\"text-align: center;\"><img fetchpriority=\"high\" decoding=\"async\" class=\"aligncenter size-full wp-image-11679\" src=\"https:\/\/perpetualcharity.com\/wp-content\/uploads\/ppc_investor_structure.jpg\" alt=\"\" width=\"363\" height=\"363\" srcset=\"https:\/\/perpetualcharity.com\/wp-content\/uploads\/ppc_investor_structure.jpg 363w, https:\/\/perpetualcharity.com\/wp-content\/uploads\/ppc_investor_structure-300x300.jpg 300w, https:\/\/perpetualcharity.com\/wp-content\/uploads\/ppc_investor_structure-150x150.jpg 150w, https:\/\/perpetualcharity.com\/wp-content\/uploads\/ppc_investor_structure-100x100.jpg 100w\" sizes=\"(max-width: 363px) 100vw, 363px\" \/><\/h4>\n<h4 style=\"color: #ffffff; text-align: center;\">F\u00fcr weitere Informationen \u00fcber<br><span style=\"color: #bf9d47; font-size: 24px;\">Ewige Wohlt\u00e4tigkeitsorganisation<\/span><br>Bitte kontaktieren Sie:<\/h4>\n<p>&nbsp;<\/p><\/div>\n\n\n\n<div class=\"wp-block-columns is-layout-flex wp-container-core-columns-layout-2 wp-block-columns-is-layout-flex\">\n<div class=\"wp-block-column is-vertically-aligned-top is-layout-flow wp-block-column-is-layout-flow\" style=\"flex-basis:12%\"><\/div>\n\n\n\n<div class=\"wp-block-column is-layout-flow wp-block-column-is-layout-flow\" style=\"flex-basis:76%\">\n<div class=\"wp-block-columns is-layout-flex wp-container-core-columns-layout-1 wp-block-columns-is-layout-flex\">\n<div class=\"wp-block-column is-vertically-aligned-center is-layout-flow wp-block-column-is-layout-flow\" style=\"flex-basis:21.5%\">\n<div class=\"wp-block-image is-style-default\"><figure class=\"alignleft size-large\"><img decoding=\"async\" width=\"410\" height=\"410\" data-src=\"https:\/\/perpetualcharity.com\/wp-content\/uploads\/Marc-Deschenaux-PPC.jpg\" alt=\"\" class=\"wp-image-11708 lazyload\" data-srcset=\"https:\/\/perpetualcharity.com\/wp-content\/uploads\/Marc-Deschenaux-PPC.jpg 410w, https:\/\/perpetualcharity.com\/wp-content\/uploads\/Marc-Deschenaux-PPC-300x300.jpg 300w, https:\/\/perpetualcharity.com\/wp-content\/uploads\/Marc-Deschenaux-PPC-150x150.jpg 150w, https:\/\/perpetualcharity.com\/wp-content\/uploads\/Marc-Deschenaux-PPC-100x100.jpg 100w\" data-sizes=\"(max-width: 410px) 100vw, 410px\" src=\"data:image\/gif;base64,R0lGODlhAQABAAAAACH5BAEKAAEALAAAAAABAAEAAAICTAEAOw==\" \/><noscript><img decoding=\"async\" width=\"410\" height=\"410\" src=\"https:\/\/perpetualcharity.com\/wp-content\/uploads\/Marc-Deschenaux-PPC.jpg\" alt=\"\" class=\"wp-image-11708\" srcset=\"https:\/\/perpetualcharity.com\/wp-content\/uploads\/Marc-Deschenaux-PPC.jpg 410w, https:\/\/perpetualcharity.com\/wp-content\/uploads\/Marc-Deschenaux-PPC-300x300.jpg 300w, https:\/\/perpetualcharity.com\/wp-content\/uploads\/Marc-Deschenaux-PPC-150x150.jpg 150w, https:\/\/perpetualcharity.com\/wp-content\/uploads\/Marc-Deschenaux-PPC-100x100.jpg 100w\" sizes=\"(max-width: 410px) 100vw, 410px\" \/><\/noscript><\/figure><\/div>\n\n\n\n<p><\/p>\n<\/div>\n\n\n\n<div class=\"wp-block-column is-vertically-aligned-center is-layout-flow wp-block-column-is-layout-flow\">\n<div class=\"tb-fields-and-text\" data-toolset-blocks-fields-and-text=\"3e1d2592ce20bdf2bf813c9dfa44c991\"><p style=\"color: #ffffff;\"><span style=\"color:#bf9d47; font-weight:bold;\">Anschrift:<\/span> Chemin du Pommier 1, 1218 Le Grand-Saconnex, Genf Schweiz<br><span style=\"color:#bf9d47; font-weight:bold;\">Firmen-Telefonnummer:<\/span> +41 (0) 22 510.25.00<br><span style=\"color:#bf9d47; font-weight:bold;\">Adresse der Website:<\/span> www.PerpetualCharity.com<br><span style=\"color:#bf9d47; font-weight:bold;\">Kontaktperson:<\/span> Marc Deschenaux, Gr\u00fcnder und CEO<br><span style=\"color:#bf9d47; font-weight:bold;\">E-Mail:<\/span> investors@perpetualcharity.com<\/p><\/div>\n\n\n\n<p><\/p>\n<\/div>\n<\/div>\n\n\n\n<div class=\"tb-fields-and-text\" data-toolset-blocks-fields-and-text=\"3e1d2592ce20bdf2bf813c9dfa44c991\"><p style=\"color: #bf9d47; text-align: justify;\">Der Investor wird davor gewarnt, dass der vertrauliche Gesch\u00e4ftsplan des Unternehmens und seine Anh\u00e4nge, zusammenfassend als \"Plan\" bezeichnet, vom Jahr 2020 bestimmte zukunftsgerichtete Aussagen im Sinne der \"Safe-Harbor\"-Bestimmungen des Private Securities Litigation Reform Act von 1995 enthalten, die verschiedene Risiken und Ungewissheiten beinhalten, einschlie\u00dflich Aussagen zu Budgets, prognostizierten Ausgaben und Einnahmen, Vertrieb von Produkten, Verk\u00e4ufen, zu zahlenden und zu erhaltenden Provisionen und Cashflows. Diese zukunftsgerichteten Aussagen basieren auf den aktuellen Informationen, Pl\u00e4nen und Erwartungen des Unternehmens. Die tats\u00e4chlichen Ergebnisse des Unternehmens k\u00f6nnen erheblich von den in diesen zukunftsgerichteten Aussagen beschriebenen Ergebnissen abweichen, und zwar aufgrund einer Vielzahl von Faktoren, einschlie\u00dflich der Verf\u00fcgbarkeit, des Abschlusses, der Bedingungen (und des Zeitplans) des ben\u00f6tigten Kapitals, der Anziehung, des erfolgreichen Abschlusses und der Integration bestimmter Akquisitionen, der tats\u00e4chlichen zuk\u00fcnftigen finanziellen Leistung, der Beziehungen zu Herstellern und Kunden, der Verw\u00e4sserung durch zuk\u00fcnftige Kapitalbeschaffungen, Werbe- und Marketingverpflichtungen, die von den Anbietern tats\u00e4chlich eingegangen wurden, Schwankungen bei Einnahmen und Ausgaben, Verf\u00fcgbarkeit und Anziehungskraft von Personal, Erfolg bei der Durchf\u00fchrung des strategischen Plans, Einrichtungen und Ausr\u00fcstung, Markterw\u00e4gungen, Wettbewerb, Zeitpunkt und Auftreten (oder Nicht-Eintreten) von Transaktionen sowie Ereignisse, die Umst\u00e4nden unterliegen k\u00f6nnen, die sich der Kontrolle des Unternehmens entziehen, und allgemeine wirtschaftliche Bedingungen.<\/p><\/div>\n\n\n\n<p><\/p>\n<\/div>\n\n\n\n<div class=\"wp-block-column is-layout-flow wp-block-column-is-layout-flow\" style=\"flex-basis:12%\"><\/div>\n<\/div>\n\n\n\n<p><\/p>\n<\/div>","protected":false},"excerpt":{"rendered":"","protected":false},"author":1,"featured_media":0,"parent":0,"menu_order":0,"comment_status":"closed","ping_status":"closed","template":"","meta":{"footnotes":""},"_links":{"self":[{"href":"https:\/\/perpetualcharity.com\/de\/wp-json\/wp\/v2\/pages\/11469"}],"collection":[{"href":"https:\/\/perpetualcharity.com\/de\/wp-json\/wp\/v2\/pages"}],"about":[{"href":"https:\/\/perpetualcharity.com\/de\/wp-json\/wp\/v2\/types\/page"}],"author":[{"embeddable":true,"href":"https:\/\/perpetualcharity.com\/de\/wp-json\/wp\/v2\/users\/1"}],"replies":[{"embeddable":true,"href":"https:\/\/perpetualcharity.com\/de\/wp-json\/wp\/v2\/comments?post=11469"}],"version-history":[{"count":0,"href":"https:\/\/perpetualcharity.com\/de\/wp-json\/wp\/v2\/pages\/11469\/revisions"}],"wp:attachment":[{"href":"https:\/\/perpetualcharity.com\/de\/wp-json\/wp\/v2\/media?parent=11469"}],"curies":[{"name":"wp","href":"https:\/\/api.w.org\/{rel}","templated":true}]}}