{"id":3,"date":"2020-05-05T13:37:41","date_gmt":"2020-05-05T13:37:41","guid":{"rendered":"https:\/\/deschenaux.me\/?page_id=3"},"modified":"2020-05-18T16:35:38","modified_gmt":"2020-05-18T16:35:38","slug":"privacy-policy","status":"publish","type":"page","link":"https:\/\/perpetualcharity.com\/de\/privacy-policy\/","title":{"rendered":"Datenschutzerkl\u00e4rung"},"content":{"rendered":"<div data-elementor-type=\"wp-page\" data-elementor-id=\"3\" class=\"elementor elementor-3\" data-elementor-post-type=\"page\">\n\t\t\t\t\t\t<section class=\"elementor-section elementor-top-section elementor-element elementor-element-7d9baf5b elementor-section-boxed elementor-section-height-default elementor-section-height-default\" data-id=\"7d9baf5b\" data-element_type=\"section\">\n\t\t\t\t\t\t<div class=\"elementor-container elementor-column-gap-default\">\n\t\t\t\t\t<div class=\"elementor-column elementor-col-100 elementor-top-column elementor-element elementor-element-46b8d89f\" data-id=\"46b8d89f\" data-element_type=\"column\">\n\t\t\t<div class=\"elementor-widget-wrap elementor-element-populated\">\n\t\t\t\t\t\t<div class=\"elementor-element elementor-element-6af4a87b elementor-widget elementor-widget-text-editor\" data-id=\"6af4a87b\" data-element_type=\"widget\" data-widget_type=\"text-editor.default\">\n\t\t\t\t<div class=\"elementor-widget-container\">\n\t\t\t\t\t\t\t<p>[sitename] (\u201cus\u201d, \u201cwe\u201d, or \u201cour\u201d) is operating the said &#8220;Service&#8221; which is the following website: [site_url]<\/p><p>Diese Seite informiert Sie \u00fcber unsere Richtlinien bez\u00fcglich der Erfassung, Verwendung und Offenlegung von pers\u00f6nlichen Daten, wenn Sie unseren Service nutzen, sowie \u00fcber die Wahlm\u00f6glichkeiten, die Sie im Zusammenhang mit diesen Daten haben.<\/p><p>We use your data to provide and improve the Service. By using the Service, you agree to the collection and use of information in accordance with this policy. Unless otherwise defined in this Privacy Policy, the terms used in this Privacy Policy have the same meanings as in our Terms and Conditions, accessible from [site_url]<\/p><p><strong>DEFINITIONEN<\/strong><\/p><p><strong>Dienst<\/strong><\/p><p>Service is the [site_url] website operated by [sitename].<\/p><p><strong>Pers\u00f6nliche Daten<\/strong><\/p><p>Personenbezogene Daten sind Daten \u00fcber eine lebende Person, die anhand dieser Daten (oder anhand dieser und anderer Informationen, die sich entweder in unserem Besitz befinden oder in unseren Besitz gelangen k\u00f6nnen) identifiziert werden kann.<\/p><p><strong>Nutzungsdaten<\/strong><\/p><p>Nutzungsdaten sind automatisch erhobene Daten, die entweder durch die Nutzung des Dienstes oder aus der Infrastruktur des Dienstes selbst generiert werden (z.B. die Dauer eines Seitenbesuchs).<\/p><p><strong>Cookies<\/strong><\/p><p>Cookies sind kleine Dateien, die auf Ihrem Ger\u00e4t (Computer oder Mobilger\u00e4t) gespeichert werden.<\/p><p><strong>Verantwortlicher f\u00fcr die Datenverarbeitung<\/strong><\/p><p>Verantwortlicher f\u00fcr die Datenverarbeitung ist die nat\u00fcrliche oder juristische Person, die (entweder allein oder gemeinsam mit anderen Personen) die Zwecke und die Art und Weise bestimmt, in der personenbezogene Daten verarbeitet werden oder werden sollen.<\/p><p>F\u00fcr die Zwecke dieser Datenschutzerkl\u00e4rung sind wir ein Data Controller Ihrer pers\u00f6nlichen Daten.<\/p><p><strong>Datenprozessoren (oder Dienstanbieter)<\/strong><\/p><p>Datenverarbeiter (oder Dienstleistungsanbieter) ist jede nat\u00fcrliche oder juristische Person, die die Daten im Auftrag des f\u00fcr die Datenverarbeitung Verantwortlichen verarbeitet.<\/p><p>Wir k\u00f6nnen die Dienste verschiedener Dienstanbieter in Anspruch nehmen, um Ihre Daten effektiver zu verarbeiten.<\/p><p><strong>Benutzer<\/strong><\/p><p>Datensubjekt ist jede lebende Person, die unseren Dienst nutzt und Gegenstand von personenbezogenen Daten ist.<\/p><p><strong>\u00a0<\/strong><\/p><p><strong>SAMMLUNG UND VERWENDUNG VON INFORMATIONEN<\/strong><\/p><p>Wir sammeln verschiedene Arten von Informationen f\u00fcr verschiedene Zwecke, um unsere<\/p><p>Service f\u00fcr Sie.<\/p><p><strong>\u00a0<\/strong><\/p><p><strong>Arten von gesammelten Daten<\/strong><\/p><p><strong>\u00a0<\/strong><\/p><p><strong>Pers\u00f6nliche Daten<\/strong><\/p><p>Bei der Nutzung unseres Dienstes k\u00f6nnen wir Sie bitten, uns bestimmte personenbezogene Daten zur Verf\u00fcgung zu stellen, mit denen wir Sie kontaktieren oder identifizieren k\u00f6nnen (\"Pers\u00f6nliche Daten\"). Pers\u00f6nlich identifizierbare Informationen k\u00f6nnen unter anderem Folgendes umfassen:<\/p><p>E-Mail-Adresse<\/p><p>Vorname und Nachname<\/p><p>Telefonnummer<\/p><p>Adresse, Bundesland, Provinz, Postleitzahl, Stadt<\/p><p><strong>\u00a0<\/strong><\/p><p><strong>Cookies und Nutzungsdaten<\/strong><\/p><p>Wir k\u00f6nnen Ihre pers\u00f6nlichen Daten verwenden, um Sie mit Newslettern, Marketing- oder Werbematerialien und anderen Informationen zu kontaktieren, die f\u00fcr Sie von Interesse sein k\u00f6nnten.<\/p><p>Sie k\u00f6nnen den Erhalt einiger oder aller dieser Mitteilungen von uns abbestellen, indem Sie dem Abmeldelink oder den Anweisungen folgen, die in jeder von uns gesendeten E-Mail enthalten sind.<\/p><p><strong>\u00a0<\/strong><\/p><p><strong>Nutzungsdaten<\/strong><\/p><p>Wir k\u00f6nnen auch Informationen dar\u00fcber sammeln, wie auf den Dienst zugegriffen wird und wie er genutzt wird (\"Nutzungsdaten\"). Diese Nutzungsdaten k\u00f6nnen Informationen wie die Internetprotokolladresse Ihres Computers (z.B. IP-Adresse), Browsertyp, Browserversion, die von Ihnen besuchten Seiten unseres Dienstes, Uhrzeit und Datum Ihres Besuchs, die auf diesen Seiten verbrachte Zeit, eindeutige Ger\u00e4tekennungen und andere Diagnosedaten enthalten.<\/p><p><strong>\u00a0<\/strong><\/p><p><strong>Tracking &amp; Cookies-Daten<\/strong><\/p><p>Wir verwenden Cookies und \u00e4hnliche Verfolgungstechnologien, um die Aktivit\u00e4ten auf unserem Service zu verfolgen, und wir speichern bestimmte Informationen.<\/p><p>Cookies sind Dateien mit einer kleinen Datenmenge, die eine anonyme eindeutige Kennung enthalten k\u00f6nnen. Cookies werden von einer Website an Ihren Browser gesendet und auf Ihrem Ger\u00e4t gespeichert. Es werden auch andere Tracking-Technologien wie Beacons, Tags und Skripte verwendet, um Informationen zu sammeln und zu verfolgen und um unseren Service zu verbessern und zu analysieren.<\/p><p>Sie k\u00f6nnen Ihren Browser anweisen, alle Cookies abzulehnen oder anzugeben, wann ein Cookie gesendet wird. Wenn Sie jedoch keine Cookies akzeptieren, kann es sein, dass Sie einige Teile unseres Dienstes nicht nutzen k\u00f6nnen.<\/p><p>Beispiele f\u00fcr von uns verwendete Cookies:<\/p><p>Sitzungs-Cookies. Wir verwenden Session-Cookies, um unseren Service zu betreiben.<\/p><p>Pr\u00e4ferenz-Cookies. Wir verwenden Pr\u00e4ferenz-Cookies, um Ihre Pr\u00e4ferenzen und verschiedene Einstellungen zu speichern.<\/p><p>Sicherheits-Cookies. Wir verwenden Sicherheits-Cookies f\u00fcr Sicherheitszwecke.<\/p><p><strong>\u00a0<\/strong><\/p><p><strong>Verwendung von Daten<\/strong><\/p><p>[sitename] uses the collected data for various purposes:<\/p><ul><li>Zur Bereitstellung und Aufrechterhaltung unseres Dienstes<\/li><li>Um Sie \u00fcber \u00c4nderungen an unserem Service zu informieren<\/li><li>Um Ihnen die Teilnahme an interaktiven Funktionen unseres Dienstes zu erm\u00f6glichen, wenn Sie dies w\u00fcnschen<\/li><li>Bereitstellung von Kundensupport<\/li><li>Um Analysen oder wertvolle Informationen zu sammeln, damit wir unseren Service verbessern k\u00f6nnen<\/li><li>Um die Nutzung unseres Dienstes zu \u00fcberwachen<\/li><li>Erkennen, Verhindern und Beheben technischer Probleme<\/li><li>Um Sie mit Nachrichten, Sonderangeboten und allgemeinen Informationen \u00fcber andere von uns angebotene Waren, Dienstleistungen und Veranstaltungen zu versorgen, die denen \u00e4hnlich sind, die Sie bereits gekauft oder angefragt haben, es sei denn, Sie haben sich gegen den Erhalt solcher Informationen entschieden<\/li><\/ul><p><strong>\u00a0<\/strong><\/p><p><strong>Rechtsgrundlage f\u00fcr die Verarbeitung personenbezogener Daten nach der Allgemeinen Datenschutzverordnung (GDPR)<\/strong><\/p><p>If you are from the European Economic Area (EEA), [sitename] legal basis for collecting and using the personal information described in this Privacy Policy depends on the Personal Data we collect and the specific context in which we collect it.<\/p><p>[sitename] may process your Personal Data because:<\/p><ul><li>Wir m\u00fcssen einen Vertrag mit Ihnen erf\u00fcllen<\/li><li>Sie haben uns die Erlaubnis dazu gegeben<\/li><li>Die Verarbeitung liegt in unserem legitimen Interesse und wird nicht von Ihren Rechten \u00fcberlagert.<\/li><li>F\u00fcr Zahlungsverarbeitungszwecke<\/li><li>Das Gesetz einhalten<\/li><\/ul><p><strong>\u00a0<\/strong><\/p><p><strong>Aufbewahrung von Daten<\/strong><\/p><p>[sitename] will retain your Personal Data only for as long as is necessary for the purposes set out in this Privacy Policy. We will retain and use your Personal Data to the extent necessary to comply with our legal obligations (for example, if we are required to retain your data to comply with applicable laws), resolve disputes and enforce our legal agreements and policies.<\/p><p>[sitename] WITHOUT BORDERS FEDERATION will also retain Usage Data for internal analysis purposes. Usage Data is generally retained for a shorter period of time, except when this data is used to strengthen the security or to improve the functionality of our service, or we are legally obligated to retain this data for longer periods.<\/p><p><strong>\u00a0<\/strong><\/p><p><strong>\u00dcbertragung von Daten<\/strong><\/p><p>Ihre Informationen, einschlie\u00dflich personenbezogener Daten, k\u00f6nnen an Computer au\u00dferhalb Ihres Staates, Ihrer Provinz, Ihres Landes oder anderer staatlicher Gerichtsbarkeit, in denen die Datenschutzgesetze von denen Ihrer Gerichtsbarkeit abweichen k\u00f6nnen, \u00fcbertragen und dort gespeichert werden.<\/p><p>Wenn Sie sich au\u00dferhalb der Schweiz befinden und uns Informationen zur Verf\u00fcgung stellen m\u00f6chten, beachten Sie bitte, dass wir die Daten, einschlie\u00dflich der pers\u00f6nlichen Daten, in die Schweiz \u00fcbertragen und dort verarbeiten.<\/p><p>Ihre Zustimmung zu dieser Datenschutzrichtlinie, gefolgt von der \u00dcbermittlung solcher Informationen, stellt Ihre Zustimmung zu dieser \u00dcbertragung dar.<\/p><p>[sitename] will take all the steps reasonably necessary to ensure that your data is treated securely and in accordance with this Privacy Policy and no transfer of your Personal Data will take place to an organization or a country unless there are adequate controls in place including the security of your data and other personal information.<\/p><p><strong>\u00a0<\/strong><\/p><p><strong>Offenlegung von Daten<\/strong><\/p><p><strong>\u00a0<\/strong><\/p><p><strong>Gesch\u00e4ftliche Transaktion<\/strong><\/p><p>If [sitename] is involved in a merger, acquisition or asset sale, your Personal Data may be transferred. We will provide notice before your Personal Data is transferred and becomes subject to a different Privacy Policy.<\/p><p><strong>\u00a0<\/strong><\/p><p><strong>Offenlegung f\u00fcr die Strafverfolgung<\/strong><\/p><p>Under certain circumstances, [sitename] may be required to disclose your Personal Data if required to do so by law or in response<\/p><p>auf g\u00fcltige Antr\u00e4ge von Beh\u00f6rden (z.B. eines Gerichts oder einer Regierungsbeh\u00f6rde).<\/p><p><strong>\u00a0<\/strong><\/p><p><strong>Rechtliche Anforderungen<\/strong><\/p><p>[sitename] may disclose your Personal Data in the good faith belief that such action is necessary to:<\/p><ul><li>einer rechtlichen Verpflichtung nachzukommen<\/li><li>To protect and defend the rights or property of [sitename]<\/li><li>Um m\u00f6gliches Fehlverhalten im Zusammenhang mit dem Dienst zu verhindern oder zu untersuchen<\/li><li>Zum Schutz der pers\u00f6nlichen Sicherheit der Benutzer des Dienstes oder der \u00d6ffentlichkeit<\/li><li>Zum Schutz vor gesetzlicher Haftung<\/li><\/ul><p><strong>\u00a0<\/strong><\/p><p><strong>Sicherheit von Daten<\/strong><\/p><p>Die Sicherheit Ihrer Daten ist uns wichtig, aber denken Sie daran, dass keine Methode der \u00dcbertragung \u00fcber das Internet oder Methode der elektronischen Speicherung 100% sicher ist. Obwohl wir uns bem\u00fchen, kommerziell akzeptable Mittel zum Schutz Ihrer pers\u00f6nlichen Daten zu verwenden, k\u00f6nnen wir ihre absolute Sicherheit nicht garantieren.<\/p><p>Unsere Richtlinie zu \"Do Not Track\"-Signalen unter dem kalifornischen Online-Schutzgesetz (CalOPPA)<\/p><p>Wir unterst\u00fctzen \"Do Not Track\" (\"DNT\") nicht. Do Not Track ist eine Einstellung, die Sie in Ihrem Webbrowser vornehmen k\u00f6nnen, um Websites zu informieren, dass Sie nicht verfolgt werden m\u00f6chten. Sie k\u00f6nnen Do Not Track aktivieren oder deaktivieren, indem Sie die Seite Einstellungen oder Einstellungen Ihres Webbrowsers besuchen.<\/p><p><strong>\u00a0<\/strong><\/p><p><strong>Ihre Datenschutzrechte nach der Allgemeinen Datenschutzverordnung (GDPR)<\/strong><\/p><p>If you are a resident of the European Economic Area (EEA), you have certain data protection rights. [sitename] aims to take reasonable steps to allow you to correct, amend, delete or limit the use of your Personal Data.<\/p><p>Wenn Sie dar\u00fcber informiert werden m\u00f6chten, welche pers\u00f6nlichen Daten wir \u00fcber Sie speichern, und wenn Sie m\u00f6chten, dass diese aus unseren Systemen entfernt werden, kontaktieren Sie uns bitte.<\/p><p>Unter bestimmten Umst\u00e4nden haben Sie die folgenden Datenschutzrechte:<\/p><p>Das Recht, auf die Informationen, die wir \u00fcber Sie haben, zuzugreifen, sie zu aktualisieren oder zu l\u00f6schen. Wann immer m\u00f6glich, k\u00f6nnen Sie direkt in den Einstellungen Ihres Kontos auf Ihre pers\u00f6nlichen Daten zugreifen, diese aktualisieren oder deren L\u00f6schung beantragen. Wenn Sie diese Aktionen nicht selbst durchf\u00fchren k\u00f6nnen, wenden Sie sich bitte an uns, damit wir Ihnen helfen k\u00f6nnen.<\/p><p>Das Recht auf Berichtigung. Sie haben das Recht, Ihre Informationen berichtigen zu lassen, wenn diese Informationen ungenau oder unvollst\u00e4ndig sind.<\/p><p>Das Recht auf Einspruch. Sie haben das Recht, der Verarbeitung Ihrer pers\u00f6nlichen Daten zu widersprechen.<\/p><p>Das Recht auf Einschr\u00e4nkung. Sie haben das Recht zu verlangen, dass wir die Verarbeitung Ihrer pers\u00f6nlichen Daten einschr\u00e4nken.<\/p><p>Das Recht auf Datenportabilit\u00e4t. Sie haben das Recht, dass Ihnen eine Kopie der Informationen, die wir \u00fcber Sie haben, in einem strukturierten, maschinenlesbaren und allgemein \u00fcblichen Format zur Verf\u00fcgung gestellt wird.<\/p><p>The right to withdraw consent. You also have the right to withdraw your consent at any time where [sitename] relied on your consent to process your personal information.<\/p><p>Bitte beachten Sie, dass wir Sie m\u00f6glicherweise bitten, Ihre Identit\u00e4t zu \u00fcberpr\u00fcfen, bevor wir auf solche Anfragen antworten.<\/p><p>Sie haben das Recht, sich bei einer Datenschutzbeh\u00f6rde \u00fcber unsere Erfassung und Verwendung Ihrer pers\u00f6nlichen Daten zu beschweren. F\u00fcr weitere Informationen wenden Sie sich bitte an Ihre \u00f6rtliche Datenschutzbeh\u00f6rde im Europ\u00e4ischen Wirtschaftsraum (EWR).<\/p><p><strong>\u00a0<\/strong><\/p><p><strong>Gesch\u00e4ftliche Transaktion<\/strong><\/p><p>If [sitename] is involved in a merger, acquisition or asset sale, your Personal Data may be transferred. We will provide notice before your Personal Data is transferred and becomes subject to a different Privacy Policy.<\/p><p><strong>\u00a0<\/strong><\/p><p><strong>Offenlegung f\u00fcr die Strafverfolgung<\/strong><\/p><p>Under certain circumstances, [sitename] may be required to disclose your Personal Data if required to do so by law or in response<\/p><p>auf g\u00fcltige Antr\u00e4ge von Beh\u00f6rden (z.B. eines Gerichts oder einer Regierungsbeh\u00f6rde).<\/p><p><strong>\u00a0<\/strong><\/p><p><strong>DIENSTANBIETER<\/strong><\/p><p>Wir k\u00f6nnen Drittfirmen und Einzelpersonen damit beauftragen, unseren Dienst zu erleichtern (\"Dienstanbieter\"), den Dienst in unserem Namen zu erbringen, dienstleistungsbezogene Dienstleistungen zu erbringen oder uns bei der Analyse der Nutzung unseres Dienstes zu unterst\u00fctzen.<\/p><p>Diese Drittparteien haben nur Zugang zu Ihren pers\u00f6nlichen Daten, um diese Aufgaben in unserem Namen zu erf\u00fcllen, und sind verpflichtet, diese nicht weiterzugeben oder f\u00fcr andere Zwecke zu verwenden.<\/p><p><strong>\u00a0<\/strong><\/p><p><strong>ANALYTIK<\/strong><\/p><p>Wir k\u00f6nnen Drittanbieter zur \u00dcberwachung und Analyse der Nutzung unseres Dienstes in Anspruch nehmen.<\/p><p><strong>Google Analytics<\/strong><\/p><p>Google Analytics ist ein von Google angebotener Webanalysedienst, der Website-Traffic verfolgt und berichtet. Google verwendet die gesammelten Daten, um die Nutzung unseres Service zu verfolgen und zu \u00fcberwachen. Diese Daten werden mit anderen Google-Diensten geteilt. Google kann die gesammelten Daten zur Kontextualisierung und Personalisierung der Anzeigen seines eigenen Werbenetzwerks verwenden. Sie k\u00f6nnen sich gegen die Bereitstellung Ihrer Aktivit\u00e4ten auf dem Service f\u00fcr Google Analytics entscheiden, indem Sie das Google Analytics-Add-on zum Deaktivieren des Browsers installieren. Das Add-on verhindert, dass das Google Analytics-JavaScript (ga.js, analytics.js und dc.js) Informationen \u00fcber Besuchsaktivit\u00e4ten an Google Analytics weitergibt.<\/p><p>Weitere Informationen zu den Datenschutzbestimmungen von Google finden Sie auf der Webseite Google-Datenschutz &amp; Nutzungsbedingungen:\u00a0<a href=\"https:\/\/policies.google.com\/privacy?hl=en\">https:\/\/policies.google.com\/privacy?hl=en<\/a><\/p><p><strong>\u00a0<\/strong><\/p><p><strong>Zahlungen<\/strong><\/p><p>Wir k\u00f6nnen bezahlte Produkte und\/oder Dienstleistungen innerhalb des Dienstes anbieten. In diesem Fall nutzen wir Dienstleistungen Dritter f\u00fcr die Zahlungsabwicklung (z.B. Zahlungsabwickler).<\/p><p>Wir werden Ihre Zahlungskartendaten nicht speichern oder sammeln. Diese Informationen werden direkt an unsere externen Zahlungsverarbeiter weitergegeben, deren Verwendung Ihrer pers\u00f6nlichen Daten durch deren Datenschutzrichtlinien geregelt ist. Diese Zahlungsprozessoren halten sich an die vom PCI-DSS festgelegten Standards, die vom PCI Security Standards Council verwaltet werden, einer gemeinsamen Initiative von Marken wie Visa, MasterCard, American Express und Discover. Die PCI-DSS-Anforderungen tragen dazu bei, die sichere Handhabung von Zahlungsinformationen zu gew\u00e4hrleisten. Wir k\u00f6nnen eine Reihe verschiedener Anbieter von Zahlungsl\u00f6sungen wie Paypal, Postfinance, Stripe und andere nutzen. Wir laden die Benutzer ein, die jeweiligen Datenschutzrichtlinien zu \u00fcberpr\u00fcfen.<\/p><p><strong>\u00a0<\/strong><\/p><p><strong>Links zu anderen Sites<\/strong><\/p><p>Unser Service kann Links zu anderen Websites enthalten, die nicht von uns betrieben werden. Wenn Sie auf einen Link eines Drittanbieters klicken, werden Sie auf die Website dieses Drittanbieters weitergeleitet. Wir empfehlen Ihnen dringend, die Datenschutzrichtlinie jeder von Ihnen besuchten Website zu \u00fcberpr\u00fcfen. Wir haben keine Kontrolle \u00fcber und \u00fcbernehmen keine Verantwortung f\u00fcr den Inhalt, die Datenschutzrichtlinien oder Praktiken von Websites oder Diensten Dritter.<\/p><p><strong>\u00a0<\/strong><\/p><p><strong>PRIVATSPH\u00c4RE VON KINDERN<\/strong><\/p><p>Unser Dienst richtet sich nicht an Personen unter 18 Jahren (\"Kinder\").<\/p><p>Wir erfassen nicht wissentlich personenbezogene Daten von Personen unter 18 Jahren. Wenn Sie ein Elternteil oder ein Erziehungsberechtigter sind und Sie wissen, dass Ihr Kind uns pers\u00f6nliche Daten zur Verf\u00fcgung gestellt hat, kontaktieren Sie uns bitte. Wenn uns bekannt wird, dass wir personenbezogene Daten von Kindern ohne \u00dcberpr\u00fcfung der elterlichen Zustimmung gesammelt haben, ergreifen wir Ma\u00dfnahmen, um diese Daten von unseren Servern zu entfernen.<\/p><p><strong>\u00a0<\/strong><\/p><p><strong>\u00c4NDERUNGEN AN DIESER DATENSCHUTZERKL\u00c4RUNG<\/strong><\/p><p>Wir k\u00f6nnen unsere Datenschutzrichtlinie von Zeit zu Zeit aktualisieren. Wir werden Sie \u00fcber alle \u00c4nderungen informieren, indem wir die neue Datenschutzrichtlinie auf dieser Seite ver\u00f6ffentlichen.<\/p><p>Wir werden Sie per E-Mail und\/oder durch einen auff\u00e4lligen Hinweis in unserem Service informieren, bevor die \u00c4nderung in Kraft tritt, und das \"Datum des Inkrafttretens\" am Anfang dieser Datenschutzrichtlinie aktualisieren.<\/p><p>Wir empfehlen Ihnen, diese Datenschutzrichtlinie regelm\u00e4\u00dfig auf \u00c4nderungen zu \u00fcberpr\u00fcfen. \u00c4nderungen an dieser Datenschutzrichtlinie werden wirksam, wenn sie auf dieser Seite ver\u00f6ffentlicht werden.<\/p><p><strong>\u00a0<\/strong><\/p><p><strong>KONTAKT<\/strong><\/p><p>Wenn Sie Fragen zu dieser Datenschutzrichtlinie haben, wenden Sie sich bitte an <a href=\"\/de\/[site_url]\/contact\/\">Kontakt<\/a><\/p>\t\t\t\t\t\t<\/div>\n\t\t\t\t<\/div>\n\t\t\t\t\t<\/div>\n\t\t<\/div>\n\t\t\t\t\t<\/div>\n\t\t<\/section>\n\t\t\t\t<\/div>","protected":false},"excerpt":{"rendered":"<p>[sitename] (\u201cus\u201d, \u201cwe\u201d, or \u201cour\u201d) is operating the said &#8220;Service&#8221; which is the following website: [site_url] This page informs you of our policies regarding the collection, use and disclosure of personal data when you use our Service and the choices you have associated with that data. We use your data to provide and improve the &#8230; <a title=\"Datenschutzerkl\u00e4rung\" class=\"read-more\" href=\"https:\/\/perpetualcharity.com\/de\/privacy-policy\/\" aria-label=\"Mehr Informationen \u00fcber Privacy Policy\">Weiterlesen<\/a><\/p>","protected":false},"author":1,"featured_media":0,"parent":0,"menu_order":100,"comment_status":"closed","ping_status":"closed","template":"","meta":{"footnotes":""},"_links":{"self":[{"href":"https:\/\/perpetualcharity.com\/de\/wp-json\/wp\/v2\/pages\/3"}],"collection":[{"href":"https:\/\/perpetualcharity.com\/de\/wp-json\/wp\/v2\/pages"}],"about":[{"href":"https:\/\/perpetualcharity.com\/de\/wp-json\/wp\/v2\/types\/page"}],"author":[{"embeddable":true,"href":"https:\/\/perpetualcharity.com\/de\/wp-json\/wp\/v2\/users\/1"}],"replies":[{"embeddable":true,"href":"https:\/\/perpetualcharity.com\/de\/wp-json\/wp\/v2\/comments?post=3"}],"version-history":[{"count":0,"href":"https:\/\/perpetualcharity.com\/de\/wp-json\/wp\/v2\/pages\/3\/revisions"}],"wp:attachment":[{"href":"https:\/\/perpetualcharity.com\/de\/wp-json\/wp\/v2\/media?parent=3"}],"curies":[{"name":"wp","href":"https:\/\/api.w.org\/{rel}","templated":true}]}}