{"id":11220,"date":"2020-06-28T14:06:01","date_gmt":"2020-06-28T14:06:01","guid":{"rendered":"https:\/\/perpetualcharity.com\/?post_type=product&#038;p=11220"},"modified":"2020-06-28T14:09:23","modified_gmt":"2020-06-28T14:09:23","slug":"perpetual-mens-all-over-print-tank-top-model-t57","status":"publish","type":"product","link":"https:\/\/perpetualcharity.com\/de\/produkt\/perpetual-mens-all-over-print-tank-top-model-t57\/","title":{"rendered":"Ewiges Herren-All-Over-Print Tank Top (Modell T57)"},"content":{"rendered":"<p><span style=\"color: #666666; font-family: Arial; font-size: 14px; text-align: center; background-color: #ffffff;\">Dieses Tank-Top mit All-Over-Print bietet eine bequeme Passform f\u00fcr M\u00e4nner. Dieses aus 100%-Polyester hergestellte Tank-Top ist strapazierf\u00e4hig,<br \/>\natmungsaktiv und weich. Selbst-Stoff Hals Bindung mit verschiedenen Farbauswahl k\u00f6nnen die meisten stilvollen Designs passen.\u00a0<\/span><\/p>\n<p>- 5,96 Unzen. Hergestellt aus Polyestergewebe.<br \/>\n- Selbstgewebte Halsbindung.<br \/>\n- Extrem weich im Griff, langlebig und atmungsaktiv.<br \/>\n- Maschinenw\u00e4sche kalt. Der Druck auf dem K\u00f6rper des Kleidungsst\u00fccks kann nicht verblassen.<\/p>\n<p>Verf\u00fcgbare Gr\u00f6\u00dfe: S,M,L,XL,XXL<br \/>\nHinweis: Bei manuellen Mess- und Produktionsprozessen kann eine L\u00e4ngenabweichung von \u00b15% auftreten.<\/p>\n<p><span style=\"font-size: 16px; color: #000000;\"><strong>Messung von Kleidungsst\u00fccken<\/strong><\/span><span style=\"color: #000000; font-size: 16px;\"><strong>:<\/strong><\/span><br \/>\n<img decoding=\"async\" data-src=\"http:\/\/nbimg.interestprint.com\/data\/product\/1200\/chart\/image\/20180726\/DB941B40FA9BBFB05BE04FEC72A23F26.png\" alt=\"\" src=\"data:image\/gif;base64,R0lGODlhAQABAAAAACH5BAEKAAEALAAAAAABAAEAAAICTAEAOw==\" class=\"lazyload\" \/><noscript><img decoding=\"async\" src=\"http:\/\/nbimg.interestprint.com\/data\/product\/1200\/chart\/image\/20180726\/DB941B40FA9BBFB05BE04FEC72A23F26.png\" alt=\"\" \/><\/noscript><\/p>","protected":false},"excerpt":{"rendered":"<p>This all over print tank top features a comfortable fit for Men. Made of 100% polyester, this tank top is durable, breathable and soft. Self-fabric neck binding with various color selection can match most stylish designs.\u00a0 \u2022\u00a05.96 Oz. Made from polyester fabric. \u2022\u00a0Self-fabric neck binding. \u2022\u00a0Extremely soft to the touch, durable and breathable. \u2022\u00a0Machine wash &#8230; <a title=\"Perpetual Men&#8217;s All Over Print Tank Top (Model T57)\" class=\"read-more\" href=\"https:\/\/perpetualcharity.com\/de\/produkt\/perpetual-mens-all-over-print-tank-top-model-t57\/\" aria-label=\"Mehr Informationen \u00fcber Perpetual Men&#8217;s All Over Print Tank Top (Model T57)\">Weiterlesen<\/a><\/p>","protected":false},"featured_media":11214,"template":"","meta":{"wds_primary_product_cat":0},"product_cat":[39],"product_tag":[],"_links":{"self":[{"href":"https:\/\/perpetualcharity.com\/de\/wp-json\/wp\/v2\/product\/11220"}],"collection":[{"href":"https:\/\/perpetualcharity.com\/de\/wp-json\/wp\/v2\/product"}],"about":[{"href":"https:\/\/perpetualcharity.com\/de\/wp-json\/wp\/v2\/types\/product"}],"wp:featuredmedia":[{"embeddable":true,"href":"https:\/\/perpetualcharity.com\/de\/wp-json\/wp\/v2\/media\/11214"}],"wp:attachment":[{"href":"https:\/\/perpetualcharity.com\/de\/wp-json\/wp\/v2\/media?parent=11220"}],"wp:term":[{"taxonomy":"product_cat","embeddable":true,"href":"https:\/\/perpetualcharity.com\/de\/wp-json\/wp\/v2\/product_cat?post=11220"},{"taxonomy":"product_tag","embeddable":true,"href":"https:\/\/perpetualcharity.com\/de\/wp-json\/wp\/v2\/product_tag?post=11220"}],"curies":[{"name":"wp","href":"https:\/\/api.w.org\/{rel}","templated":true}]}}