{"id":11248,"date":"2020-06-28T16:07:08","date_gmt":"2020-06-28T16:07:08","guid":{"rendered":"https:\/\/perpetualcharity.com\/?post_type=product&#038;p=11248"},"modified":"2020-06-28T16:09:24","modified_gmt":"2020-06-28T16:09:24","slug":"perpetual-mens-polo-shirt-model-t24","status":"publish","type":"product","link":"https:\/\/perpetualcharity.com\/de\/produkt\/perpetual-mens-polo-shirt-model-t24\/","title":{"rendered":"Immerw\u00e4hrendes Herren-Polohemd (Modell T24)"},"content":{"rendered":"<p><span style=\"color: #000000; font-family: Arial; font-size: 14px; text-align: center; background-color: #ffffff;\">*Hergestellt aus 100% Baumwolle f\u00fcr h\u00f6chste Weichheit.<br \/>\n*Schlanker Schnitt und vorgeschrumpfter Baumwollstoff f\u00fcr eine perfekte Passform nach wiederholtem Waschen.<br \/>\n*Eleganter Look mit Zweiknopfleiste und Rippstrickkragen machen ihn f\u00fcr alle Gelegenheiten wie Arbeit, Verabredungen und Reisen geeignet.<br \/>\n*Doppelt gen\u00e4hte \u00c4rmel und unterer Saum f\u00fcr Strapazierf\u00e4higkeit.<\/span><\/p>\n<p><span style=\"font-size: 16px; color: #000000;\"><strong>Ideale Bildgr\u00f6\u00dfe in Pixel<\/strong><\/span><span style=\"color: #000000; font-size: 16px;\"><strong> (W * H):<\/strong><\/span><br \/>\nVorderseite: 827 x 826 oder h\u00f6her;<br \/>\nZur\u00fcck: 2008 x 2539 oder h\u00f6her<\/p>\n<p>Verf\u00fcgbare Gr\u00f6\u00dfe: XS,S,M,L,XL,XXL.<br \/>\nHinweis: Bei manuellen Mess- und Produktionsprozessen kann eine L\u00e4ngenabweichung von \u00b15% auftreten.<\/p>\n<p><span style=\"font-size: 16px; color: #000000;\"><strong>Messung von Kleidungsst\u00fccken<\/strong><\/span><span style=\"color: #000000; font-size: 16px;\"><strong>:<\/strong><\/span><br \/>\n<img decoding=\"async\" data-src=\"http:\/\/img.artsadd.com\/data\/product\/690\/info\/image\/20170531\/E40B15F13ED201805AEE5C26C50228A5.png\" alt=\"\" src=\"data:image\/gif;base64,R0lGODlhAQABAAAAACH5BAEKAAEALAAAAAABAAEAAAICTAEAOw==\" class=\"lazyload\" \/><noscript><img decoding=\"async\" src=\"http:\/\/img.artsadd.com\/data\/product\/690\/info\/image\/20170531\/E40B15F13ED201805AEE5C26C50228A5.png\" alt=\"\" \/><\/noscript><\/p>","protected":false},"excerpt":{"rendered":"<p>*Made from 100% cotton for superior softness. *Slim cut and preshrunk cotton fabric for a perfect fit after repeated wash. *Elegant look with two-button placket and rib-knit collar make it suitable for all occasions like work, dating and travel. *Double-stitched sleeves and bottom hem for durability. Ideal image size in pixels (W * H): Front: &#8230; <a title=\"Perpetual Men&#8217;s Polo Shirt (Model T24)\" class=\"read-more\" href=\"https:\/\/perpetualcharity.com\/de\/produkt\/perpetual-mens-polo-shirt-model-t24\/\" aria-label=\"Mehr Informationen \u00fcber Perpetual Men&#8217;s Polo Shirt (Model T24)\">Weiterlesen<\/a><\/p>","protected":false},"featured_media":11246,"template":"","meta":{"wds_primary_product_cat":0},"product_cat":[39],"product_tag":[],"_links":{"self":[{"href":"https:\/\/perpetualcharity.com\/de\/wp-json\/wp\/v2\/product\/11248"}],"collection":[{"href":"https:\/\/perpetualcharity.com\/de\/wp-json\/wp\/v2\/product"}],"about":[{"href":"https:\/\/perpetualcharity.com\/de\/wp-json\/wp\/v2\/types\/product"}],"wp:featuredmedia":[{"embeddable":true,"href":"https:\/\/perpetualcharity.com\/de\/wp-json\/wp\/v2\/media\/11246"}],"wp:attachment":[{"href":"https:\/\/perpetualcharity.com\/de\/wp-json\/wp\/v2\/media?parent=11248"}],"wp:term":[{"taxonomy":"product_cat","embeddable":true,"href":"https:\/\/perpetualcharity.com\/de\/wp-json\/wp\/v2\/product_cat?post=11248"},{"taxonomy":"product_tag","embeddable":true,"href":"https:\/\/perpetualcharity.com\/de\/wp-json\/wp\/v2\/product_tag?post=11248"}],"curies":[{"name":"wp","href":"https:\/\/api.w.org\/{rel}","templated":true}]}}