{"id":11260,"date":"2020-06-28T16:11:11","date_gmt":"2020-06-28T16:11:11","guid":{"rendered":"https:\/\/perpetualcharity.com\/?post_type=product&#038;p=11260"},"modified":"2020-06-28T16:13:06","modified_gmt":"2020-06-28T16:13:06","slug":"perpetual-womens-rib-cuff-crew-neck-sweatshirt-model-h34","status":"publish","type":"product","link":"https:\/\/perpetualcharity.com\/de\/produkt\/perpetual-womens-rib-cuff-crew-neck-sweatshirt-model-h34\/","title":{"rendered":"Immerw\u00e4hrendes Sweatshirt mit Rippenb\u00fcndchen und Rundhalsausschnitt f\u00fcr Frauen (Modell H34)"},"content":{"rendered":"<p><span style=\"color: #666666; font-family: Arial; font-size: 14px; text-align: center; background-color: #ffffff;\">Dieses Sweatshirt mit geripptem Finish an den \u00c4rmelb\u00fcndchen, am Halsband und am Bund kann<br \/>\neine gro\u00dfartige Option f\u00fcr Stra\u00dfenkleidung. F\u00fcgen Sie diesem Sweatshirt Ihr eigenes Design hinzu<br \/>\nWerkzeug auf Artsadd und spiegeln Ihre Pers\u00f6nlichkeit und Ihren Stil wider.<\/span><\/p>\n<p>- Material (Kleidungsst\u00fcckk\u00f6rper): 100% Polyester.<br \/>\n- Material (Rippkragen, Manschetten und Bund): 95% Baumwolle, 5% Elasthan.<br \/>\n- Moderne Drucktechnologie, die lebendige Bilder und feine Details pr\u00e4sentiert.<br \/>\n- Maschinenwaschbar im Kaltwaschgang und tropfnass.<\/p>\n<p><span style=\"font-size: 16px; color: #000000;\"><strong>Ideale Bildgr\u00f6\u00dfe in Pixel<\/strong><\/span><span style=\"color: #000000; font-size: 16px;\"><strong> (W * H):<\/strong><\/span><br \/>\nVorderseite: 3992 x 4081 oder h\u00f6her \/ 150 dpi<br \/>\nR\u00fcckseite: 3992 x 4075 oder h\u00f6her \/ 150 dpi<br \/>\n\u00c4rmel (links\/rechts): 3077 x 3484 oder h\u00f6her \/ 150 dpi<\/p>\n<p>Verf\u00fcgbare Gr\u00f6\u00dfe: XS,S,M,L,XL<br \/>\nHinweis: Bei manuellen Mess- und Produktionsprozessen kann eine L\u00e4ngenabweichung von \u00b15% auftreten.<\/p>\n<p><span style=\"font-size: 16px; color: #000000;\"><strong>Messung von Kleidungsst\u00fccken<\/strong><\/span><span style=\"color: #000000; font-size: 16px;\"><strong>:<\/strong><\/span><br \/>\n<img decoding=\"async\" data-src=\"http:\/\/nbimg.interestprint.com\/data\/product\/999\/chart\/image\/20171018\/4EFAD1242BBA658040889B1FE303553C.png\" alt=\"\" src=\"data:image\/gif;base64,R0lGODlhAQABAAAAACH5BAEKAAEALAAAAAABAAEAAAICTAEAOw==\" class=\"lazyload\" \/><noscript><img decoding=\"async\" src=\"http:\/\/nbimg.interestprint.com\/data\/product\/999\/chart\/image\/20171018\/4EFAD1242BBA658040889B1FE303553C.png\" alt=\"\" \/><\/noscript><\/p>","protected":false},"excerpt":{"rendered":"<p>Featuring ribbed finish on the cuffs, neckband and waistband, this sweatshirt can be a great option in streetwear. Add your own design to this sweatshirt through design tool on Artsadd and reflect your personality and style. \u2022\u00a0Material (garment body): 100% polyester. \u2022\u00a0Material (rib collar, cuffs and waistband): 95% cotton, 5% spandex. \u2022\u00a0Advanced printing technology, presenting &#8230; <a title=\"Perpetual Women&#8217;s Rib Cuff Crew Neck Sweatshirt (Model H34)\" class=\"read-more\" href=\"https:\/\/perpetualcharity.com\/de\/produkt\/perpetual-womens-rib-cuff-crew-neck-sweatshirt-model-h34\/\" aria-label=\"Mehr Informationen \u00fcber Perpetual Women&#8217;s Rib Cuff Crew Neck Sweatshirt (Model H34)\">Weiterlesen<\/a><\/p>","protected":false},"featured_media":11256,"template":"","meta":{"wds_primary_product_cat":0},"product_cat":[39],"product_tag":[],"_links":{"self":[{"href":"https:\/\/perpetualcharity.com\/de\/wp-json\/wp\/v2\/product\/11260"}],"collection":[{"href":"https:\/\/perpetualcharity.com\/de\/wp-json\/wp\/v2\/product"}],"about":[{"href":"https:\/\/perpetualcharity.com\/de\/wp-json\/wp\/v2\/types\/product"}],"wp:featuredmedia":[{"embeddable":true,"href":"https:\/\/perpetualcharity.com\/de\/wp-json\/wp\/v2\/media\/11256"}],"wp:attachment":[{"href":"https:\/\/perpetualcharity.com\/de\/wp-json\/wp\/v2\/media?parent=11260"}],"wp:term":[{"taxonomy":"product_cat","embeddable":true,"href":"https:\/\/perpetualcharity.com\/de\/wp-json\/wp\/v2\/product_cat?post=11260"},{"taxonomy":"product_tag","embeddable":true,"href":"https:\/\/perpetualcharity.com\/de\/wp-json\/wp\/v2\/product_tag?post=11260"}],"curies":[{"name":"wp","href":"https:\/\/api.w.org\/{rel}","templated":true}]}}