{"id":11269,"date":"2020-06-28T16:13:52","date_gmt":"2020-06-28T16:13:52","guid":{"rendered":"https:\/\/perpetualcharity.com\/?post_type=product&#038;p=11269"},"modified":"2020-06-28T16:16:15","modified_gmt":"2020-06-28T16:16:15","slug":"perpetual-all-over-print-hoodie-for-kid-usa-size-model-h13","status":"publish","type":"product","link":"https:\/\/perpetualcharity.com\/de\/produkt\/perpetual-all-over-print-hoodie-for-kid-usa-size-model-h13\/","title":{"rendered":"Kapuzenpullover mit immerw\u00e4hrendem All-Over-Print f\u00fcr Kinder (Gr\u00f6\u00dfe USA) (Modell H13)"},"content":{"rendered":"<p><span style=\"color: #000000; font-family: Arial; font-size: 14px; text-align: center; background-color: #ffffff;\">*496g\/m2 (17,71 Unzen pro Quadratmeter). Polyester 94%, Spandex 6%, superweich.<br \/>\n*Personalisierter Kapuzenpullover im klassischen Schnitt f\u00fcr Kinder, bequem und stilvoll.<br \/>\n*Zeichnet sich durch ausgepr\u00e4gte \u00c4rmelb\u00fcndchen, einen ausgepr\u00e4gten Bundsaum und Fransen an den K\u00e4ngurutaschen aus.<br \/>\n*Geklebter Nacken und Schultern f\u00fcr Komfort und Stil.<br \/>\n*Gr\u00f6\u00dfen: XXXS, XXS, XS, S, M, L. Berechnen Sie bitte Ihre Gr\u00f6\u00dfe aus der untenstehenden Ma\u00dftabelle.<br \/>\n*Entwerfer-Tipp: Um die h\u00f6chste Druckqualit\u00e4t zu gew\u00e4hrleisten, beachten Sie bitte die f\u00fcr dieses Produkt empfohlene hochgeladene Bildgr\u00f6\u00dfe in Pixeln (B x H):<br \/>\nVorderseite: 3747 x 4424 oder h\u00f6her;<br \/>\nzur\u00fcck: 3747 x 4410 oder h\u00f6her;<br \/>\nH\u00fclse(links): 3018 x 3922 oder h\u00f6her;<br \/>\n\u00c4rmel(rechts): 3018 x 3922 oder h\u00f6her;<br \/>\nhat(1): 1899 x 2410 oder h\u00f6her;<br \/>\nhart(2): 1899 x 2410 oder h\u00f6her.<\/span><\/p>\n<p><span style=\"font-size: 16px; color: #000000;\"><strong>Messung von Kleidungsst\u00fccken<\/strong><\/span><span style=\"color: #000000; font-size: 16px;\"><strong>:<\/strong><\/span><br \/>\n<img decoding=\"async\" data-src=\"http:\/\/img.artsadd.com\/data\/product\/643\/info\/image\/20170405\/B054653F6D154B16166BC257042E65D8.png\" alt=\"\" src=\"data:image\/gif;base64,R0lGODlhAQABAAAAACH5BAEKAAEALAAAAAABAAEAAAICTAEAOw==\" class=\"lazyload\" \/><noscript><img decoding=\"async\" src=\"http:\/\/img.artsadd.com\/data\/product\/643\/info\/image\/20170405\/B054653F6D154B16166BC257042E65D8.png\" alt=\"\" \/><\/noscript><\/p>","protected":false},"excerpt":{"rendered":"<p>*496g\/m2 (17.71 oz per sq yd). Polyester 94%, Spandex 6%, super soft. *Personalized classic-cut hoodie for kids, comfortable and stylish. *Features pronounced sleeve cuffs, prominent waistband hem and kangaroo pocket fringes. *Taped neck and shoulders for comfort and style. *Sizes: XXXS, XXS, XS, S, M, L. Calculate your size from the measurement chart below please. &#8230; <a title=\"Kapuzenpullover mit immerw\u00e4hrendem All-Over-Print f\u00fcr Kinder (Gr\u00f6\u00dfe USA) (Modell H13)\" class=\"read-more\" href=\"https:\/\/perpetualcharity.com\/de\/produkt\/perpetual-all-over-print-hoodie-for-kid-usa-size-model-h13\/\" aria-label=\"Mehr Informationen \u00fcber Perpetual All Over Print Hoodie for Kid (USA Size) (Model H13)\">Weiterlesen<\/a><\/p>","protected":false},"featured_media":11267,"template":"","meta":{"wds_primary_product_cat":0},"product_cat":[39],"product_tag":[],"_links":{"self":[{"href":"https:\/\/perpetualcharity.com\/de\/wp-json\/wp\/v2\/product\/11269"}],"collection":[{"href":"https:\/\/perpetualcharity.com\/de\/wp-json\/wp\/v2\/product"}],"about":[{"href":"https:\/\/perpetualcharity.com\/de\/wp-json\/wp\/v2\/types\/product"}],"wp:featuredmedia":[{"embeddable":true,"href":"https:\/\/perpetualcharity.com\/de\/wp-json\/wp\/v2\/media\/11267"}],"wp:attachment":[{"href":"https:\/\/perpetualcharity.com\/de\/wp-json\/wp\/v2\/media?parent=11269"}],"wp:term":[{"taxonomy":"product_cat","embeddable":true,"href":"https:\/\/perpetualcharity.com\/de\/wp-json\/wp\/v2\/product_cat?post=11269"},{"taxonomy":"product_tag","embeddable":true,"href":"https:\/\/perpetualcharity.com\/de\/wp-json\/wp\/v2\/product_tag?post=11269"}],"curies":[{"name":"wp","href":"https:\/\/api.w.org\/{rel}","templated":true}]}}