{"id":11280,"date":"2020-06-28T16:17:19","date_gmt":"2020-06-28T16:17:19","guid":{"rendered":"https:\/\/perpetualcharity.com\/?post_type=product&#038;p=11280"},"modified":"2020-06-28T16:19:28","modified_gmt":"2020-06-28T16:19:28","slug":"perpetual-dad-cap-2","status":"publish","type":"product","link":"https:\/\/perpetualcharity.com\/de\/produkt\/perpetual-dad-cap-2\/","title":{"rendered":"Ewige Papa-M\u00fctze"},"content":{"rendered":"<p><span style=\"color: #000000; font-family: Arial; font-size: 14px; text-align: center; background-color: #ffffff;\">- 4,23 Oz. Hergestellt aus hochwertiger Baumwolle.<br \/>\n- Verstellbarer Klettverschlussriemen, passend f\u00fcr alle Kopfgr\u00f6\u00dfen.<br \/>\n- Mode und Unisex, perfekt f\u00fcr den t\u00e4glichen Gebrauch.<br \/>\n- Bitte waschen Sie es vorsichtig von Hand, damit es seine Form beh\u00e4lt.<br \/>\n- Geschwungene Krempe, 6 Paneele mit 6 gestickten Bel\u00fcftungs\u00f6sen.<br \/>\n<span style=\"color: #e53333;\">-\u2022 <\/span>Logo-Tag <span style=\"color: #e53333;\"><strong>kann nicht<\/strong><\/span> zu diesem Produkt hinzugef\u00fcgt werden.<br \/>\n- Designer-Tipp: Um die h\u00f6chste Druckqualit\u00e4t zu gew\u00e4hrleisten, beachten Sie bitte die f\u00fcr dieses Produkt empfohlene hochgeladene Bildgr\u00f6\u00dfe in Pixeln (B x H):<br \/>\n1095 x 730 oder h\u00f6her<\/span><\/p>","protected":false},"excerpt":{"rendered":"<p>\u2022 4.23 Oz. Made from premium cotton. \u2022 Adjustable velcro strap, fit for All Head Sizes. \u2022 Fashion and unisex, perfect for daily wear. \u2022 Please wash it gently by hand for keeping its shape. \u2022 Curved brim, 6 Panels with 6 embroidered ventilation eyelets. \u2022 Logo Tag cannot be added to this product. \u2022 &#8230; <a title=\"Ewige Papa-M\u00fctze\" class=\"read-more\" href=\"https:\/\/perpetualcharity.com\/de\/produkt\/perpetual-dad-cap-2\/\" aria-label=\"Mehr Informationen \u00fcber Perpetual Dad Cap\">Weiterlesen<\/a><\/p>","protected":false},"featured_media":11276,"template":"","meta":{"wds_primary_product_cat":0},"product_cat":[39],"product_tag":[],"_links":{"self":[{"href":"https:\/\/perpetualcharity.com\/de\/wp-json\/wp\/v2\/product\/11280"}],"collection":[{"href":"https:\/\/perpetualcharity.com\/de\/wp-json\/wp\/v2\/product"}],"about":[{"href":"https:\/\/perpetualcharity.com\/de\/wp-json\/wp\/v2\/types\/product"}],"wp:featuredmedia":[{"embeddable":true,"href":"https:\/\/perpetualcharity.com\/de\/wp-json\/wp\/v2\/media\/11276"}],"wp:attachment":[{"href":"https:\/\/perpetualcharity.com\/de\/wp-json\/wp\/v2\/media?parent=11280"}],"wp:term":[{"taxonomy":"product_cat","embeddable":true,"href":"https:\/\/perpetualcharity.com\/de\/wp-json\/wp\/v2\/product_cat?post=11280"},{"taxonomy":"product_tag","embeddable":true,"href":"https:\/\/perpetualcharity.com\/de\/wp-json\/wp\/v2\/product_tag?post=11280"}],"curies":[{"name":"wp","href":"https:\/\/api.w.org\/{rel}","templated":true}]}}