{"id":11288,"date":"2020-06-28T16:20:37","date_gmt":"2020-06-28T16:20:37","guid":{"rendered":"https:\/\/perpetualcharity.com\/?post_type=product&#038;p=11288"},"modified":"2020-07-03T06:42:31","modified_gmt":"2020-07-03T06:42:31","slug":"perpetual-heart-shaped-morphing-mug-2","status":"publish","type":"product","link":"https:\/\/perpetualcharity.com\/de\/produkt\/perpetual-heart-shaped-morphing-mug-2\/","title":{"rendered":"Immerw\u00e4hrender herzf\u00f6rmiger Morphing-Becher"},"content":{"rendered":"<p class=\" translation-block\"><span style=\"color: #66666666\">Das \u00c4u\u00dfere dieses Bechers wandelt sich von schwarz zu schwarz, wenn hei\u00dfe Fl\u00fcssigkeit hinzugef\u00fcgt wird und enth\u00fcllt<br>\ndas verborgene Bild in vollen lebendigen Farben. Dieser Becher kann in der Sp\u00fclmaschine oder <br> verwendet werden.\nMikrowelle f\u00fcr das langlebigste und hochwertigste Produkt.<\/span><\/p>\n<p>- Fassungsverm\u00f6gen: 10,3 OZ (300ML)<br \/>\n- Herzf\u00f6rmiger Griff, angenehm zu halten.<br \/>\n- Sp\u00fclmaschinen- und mikrowellengeeignet.<br \/>\n- Haltbares Keramikmaterial, sicher und gesund zum Trinken.<\/p>\n<p><span style=\"font-size: 16px; color: #000000;\"><strong>Ideale Bildgr\u00f6\u00dfe in Pixel<\/strong><\/span><span style=\"color: #000000; font-size: 16px;\"><strong> (W * H):<\/strong><\/span><br \/>\n1081 x 455 oder h\u00f6her \/ 150 dpi<\/p>","protected":false},"excerpt":{"rendered":"<p>The exterior of this mug transforms from black as hot liquid is added and revealing the hidden image in full vivid colors. This mug may be used in the dishwasher or microwave for the longest lasting and highest quality product. \u2022 Capacity: 10.3 OZ (300ML) \u2022 Heart-shaped handle, comfortable to hold. \u2022 Dishwasher and microwave &#8230; <a title=\"Immerw\u00e4hrender herzf\u00f6rmiger Morphing-Becher\" class=\"read-more\" href=\"https:\/\/perpetualcharity.com\/de\/produkt\/perpetual-heart-shaped-morphing-mug-2\/\" aria-label=\"Mehr Informationen \u00fcber Perpetual Heart-shaped Morphing Mug\">Weiterlesen<\/a><\/p>","protected":false},"featured_media":11282,"template":"","meta":{"wds_primary_product_cat":0},"product_cat":[43],"product_tag":[],"_links":{"self":[{"href":"https:\/\/perpetualcharity.com\/de\/wp-json\/wp\/v2\/product\/11288"}],"collection":[{"href":"https:\/\/perpetualcharity.com\/de\/wp-json\/wp\/v2\/product"}],"about":[{"href":"https:\/\/perpetualcharity.com\/de\/wp-json\/wp\/v2\/types\/product"}],"wp:featuredmedia":[{"embeddable":true,"href":"https:\/\/perpetualcharity.com\/de\/wp-json\/wp\/v2\/media\/11282"}],"wp:attachment":[{"href":"https:\/\/perpetualcharity.com\/de\/wp-json\/wp\/v2\/media?parent=11288"}],"wp:term":[{"taxonomy":"product_cat","embeddable":true,"href":"https:\/\/perpetualcharity.com\/de\/wp-json\/wp\/v2\/product_cat?post=11288"},{"taxonomy":"product_tag","embeddable":true,"href":"https:\/\/perpetualcharity.com\/de\/wp-json\/wp\/v2\/product_tag?post=11288"}],"curies":[{"name":"wp","href":"https:\/\/api.w.org\/{rel}","templated":true}]}}