{"id":11408,"date":"2020-07-06T14:11:07","date_gmt":"2020-07-06T14:11:07","guid":{"rendered":"https:\/\/perpetualcharity.com\/?page_id=11408"},"modified":"2020-07-07T06:54:25","modified_gmt":"2020-07-07T06:54:25","slug":"solution-step-1-glocs","status":"publish","type":"page","link":"https:\/\/perpetualcharity.com\/es\/solution-step-1-glocs\/","title":{"rendered":"Soluci\u00f3n-Paso #1: GLOCs"},"content":{"rendered":"<div class=\"tb-fields-and-text\" data-toolset-blocks-fields-and-text=\"3e1d2592ce20bdf2bf813c9dfa44c991\"><p class=\"font_8\" style=\"text-align: center;\">Crear una empresa de capital sostenible con fines de lucro<\/p>\n<p class=\"font_8\" style=\"text-align: center;\">que se compromete a donar una parte de sus beneficios anuales<\/p>\n<p class=\"font_8\" style=\"text-align: center;\">Para financiar soluciones sostenibles a los problemas mundiales.<\/p>\n<p class=\"font_8\" style=\"text-align: center;\">&nbsp;<\/p>\n<p class=\"font_8\" style=\"text-align: center;\">La Corporaci\u00f3n de Caridad Perpetua (PCC) es una de esas compa\u00f1\u00edas.&nbsp;<\/p>\n<p class=\"font_8\" style=\"text-align: center;\">Donaremos una parte de nuestros beneficios cada a\u00f1o para financiar causas globales,<\/p>\n<p class=\"font_8\" style=\"text-align: center;\">y animar a otras corporaciones globales a seguir nuestro ejemplo.  Por lo tanto, formamos la<\/p>\n<p class=\"font_8\" style=\"text-align: center;\">La Liga Global de Patrocinio Corporativo, y el PCC es su primer miembro.<\/p><\/div>\n\n\n<div class=\"wp-block-image\">\n<figure class=\"tb-image tb-image-media aligncenter\" data-toolset-blocks-image=\"b0eb7aea018fdb37b8682b014abd0dd6\"><img decoding=\"async\" data-src=\"https:\/\/perpetualcharity.com\/wp-content\/uploads\/GLCS-logo-300x264.png\" alt=\"\" class=\"wp-image-11387 lazyload\" src=\"data:image\/gif;base64,R0lGODlhAQABAAAAACH5BAEKAAEALAAAAAABAAEAAAICTAEAOw==\" \/><noscript><img decoding=\"async\" src=\"https:\/\/perpetualcharity.com\/wp-content\/uploads\/GLCS-logo-300x264.png\" alt=\"\" class=\"wp-image-11387\"\/><\/noscript><\/figure>\n<\/div>\n\n\n<h2 class=\"tb-heading\" data-toolset-blocks-heading=\"5ffd41c22e04344bb68303aec8edd14e\">Una empresa de capital sostenible que financia soluciones sostenibles a problemas globales<\/h2>\n\n\n<div class=\"wp-block-image\">\n<figure class=\"tb-image tb-image-media aligncenter\" data-toolset-blocks-image=\"eda6d1cd0f13b66877aa63a505bb2ae7\"><img decoding=\"async\" data-src=\"https:\/\/perpetualcharity.com\/wp-content\/uploads\/STEP-1-OVERVIEW-scaled.jpg\" alt=\"\" class=\"wp-image-11388 lazyload\" src=\"data:image\/gif;base64,R0lGODlhAQABAAAAACH5BAEKAAEALAAAAAABAAEAAAICTAEAOw==\" \/><noscript><img decoding=\"async\" src=\"https:\/\/perpetualcharity.com\/wp-content\/uploads\/STEP-1-OVERVIEW-scaled.jpg\" alt=\"\" class=\"wp-image-11388\"\/><\/noscript><\/figure>\n<\/div>\n\n\n<div class=\"tb-button\" data-toolset-blocks-button=\"a0395619254c441fb85f22a18093a0f0\"><a class=\"tb-button__link\" href=\"https:\/\/perpetualcharity.com\/es\/solution-step-2-gcc-gloc\/\"><i class=\"tb-button__icon\"><\/i><span class=\"tb-button__content\">Aprende m\u00e1s sobre el PPC!<\/span><\/a><\/div>","protected":false},"excerpt":{"rendered":"","protected":false},"author":1,"featured_media":0,"parent":0,"menu_order":0,"comment_status":"closed","ping_status":"closed","template":"","meta":{"footnotes":""},"_links":{"self":[{"href":"https:\/\/perpetualcharity.com\/es\/wp-json\/wp\/v2\/pages\/11408"}],"collection":[{"href":"https:\/\/perpetualcharity.com\/es\/wp-json\/wp\/v2\/pages"}],"about":[{"href":"https:\/\/perpetualcharity.com\/es\/wp-json\/wp\/v2\/types\/page"}],"author":[{"embeddable":true,"href":"https:\/\/perpetualcharity.com\/es\/wp-json\/wp\/v2\/users\/1"}],"replies":[{"embeddable":true,"href":"https:\/\/perpetualcharity.com\/es\/wp-json\/wp\/v2\/comments?post=11408"}],"version-history":[{"count":0,"href":"https:\/\/perpetualcharity.com\/es\/wp-json\/wp\/v2\/pages\/11408\/revisions"}],"wp:attachment":[{"href":"https:\/\/perpetualcharity.com\/es\/wp-json\/wp\/v2\/media?parent=11408"}],"curies":[{"name":"wp","href":"https:\/\/api.w.org\/{rel}","templated":true}]}}