{"id":11469,"date":"2020-07-07T03:53:58","date_gmt":"2020-07-07T03:53:58","guid":{"rendered":"https:\/\/perpetualcharity.com\/?page_id=11469"},"modified":"2020-07-12T20:39:50","modified_gmt":"2020-07-12T20:39:50","slug":"investors-capital-structure","status":"publish","type":"page","link":"https:\/\/perpetualcharity.com\/es\/investors-capital-structure\/","title":{"rendered":"La estructura corporativa de PCC"},"content":{"rendered":"<div class=\"wp-block-toolset-blocks-grid tb-grid\" data-toolset-blocks-grid=\"6ce42870f59e5e7dc36034e9f79bd951\">\n<div class=\"wp-block-toolset-blocks-grid-column tb-grid-column tb-grid-align-top\" data-toolset-blocks-grid-column=\"3034fbe886c11054e95b46b09d3e4112\">\n<h2 class=\"tb-heading\" data-toolset-blocks-heading=\"3a94a5f5ac99f0c5642cb0af3ba9a028\">PCC's US $ 100 Millones de Colocaci\u00f3n Privada<\/h2>\n\n\n\n<div class=\"tb-fields-and-text\" data-toolset-blocks-fields-and-text=\"3e1d2592ce20bdf2bf813c9dfa44c991\"><p class=\"font_2\">PCC est\u00e1 actualmente haciendo una colocaci\u00f3n privada para US $100M.  Para obtener m\u00e1s informaci\u00f3n, haga clic en el enlace de la derecha:&nbsp;<\/p><\/div>\n<\/div>\n\n\n\n<div class=\"wp-block-toolset-blocks-grid-column tb-grid-column tb-grid-align-top\" data-toolset-blocks-grid-column=\"3034fbe886c11054e95b46b09d3e4112\">\n<div class=\"tb-button\" data-toolset-blocks-button=\"0a23b625cb30124d2b356d00bc0634a2\"><a class=\"tb-button__link\" href=\"mailto:Marc@Deschenaux.com\"><i class=\"tb-button__icon\"><\/i><span class=\"tb-button__content\">Solicite m\u00e1s informaci\u00f3n<\/span><\/a><\/div>\n<\/div>\n\n\n\n<div class=\"wp-block-toolset-blocks-grid-column tb-grid-column tb-grid-align-top\" data-toolset-blocks-grid-column=\"3034fbe886c11054e95b46b09d3e4112\">\n<h2 class=\"tb-heading\" data-toolset-blocks-heading=\"3a94a5f5ac99f0c5642cb0af3ba9a028\">PCC har\u00e1 una oferta p\u00fablica inicial de acciones de US $30 mil millones<\/h2>\n\n\n\n<div class=\"tb-fields-and-text\" data-toolset-blocks-fields-and-text=\"3e1d2592ce20bdf2bf813c9dfa44c991\"><p class=\"font_2\">Aproximadamente, 12-18 meses despu\u00e9s de nuestra Colocaci\u00f3n Privada, PCC har\u00e1 la mayor OPI en la historia de Wall Street para financiar a PCC y sus Marcas Globales para ayudar a salvar nuestro mundo.&nbsp;<\/p><\/div>\n<\/div>\n\n\n\n<div class=\"wp-block-toolset-blocks-grid-column tb-grid-column tb-grid-align-top\" data-toolset-blocks-grid-column=\"3034fbe886c11054e95b46b09d3e4112\">\n<div class=\"tb-button\" data-toolset-blocks-button=\"06f7ab8f5626abce34ca75717ed0ad28\"><a class=\"tb-button__link\" href=\"https:\/\/perpetualcharity.com\/es\/investors\/\"><i class=\"tb-button__icon\"><\/i><span class=\"tb-button__content\">Invitados Invitados Inversores S\u00f3lo<\/span><\/a><\/div>\n\n\n\n<p class=\"has-text-align-center\">Sala DD protegida por contrase\u00f1a<\/p>\n<\/div>\n\n\n\n<div class=\"wp-block-toolset-blocks-grid-column tb-grid-column tb-grid-align-top\" data-toolset-blocks-grid-column=\"3034fbe886c11054e95b46b09d3e4112\"><\/div>\n\n\n\n<div class=\"wp-block-toolset-blocks-grid-column tb-grid-column tb-grid-align-top\" data-toolset-blocks-grid-column=\"3034fbe886c11054e95b46b09d3e4112\"><\/div>\n\n\n\n<div class=\"wp-block-toolset-blocks-grid-column tb-grid-column tb-grid-align-top\" data-toolset-blocks-grid-column=\"3034fbe886c11054e95b46b09d3e4112\"><\/div>\n\n\n\n<div class=\"wp-block-toolset-blocks-grid-column tb-grid-column tb-grid-align-top\" data-toolset-blocks-grid-column=\"3034fbe886c11054e95b46b09d3e4112\"><\/div>\n<\/div>\n\n\n\n<div class=\"wp-block-toolset-blocks-container tb-container\" data-toolset-blocks-container=\"3d276cc8cd727d93ed4b9935d8518264\">\n<div class=\"tb-fields-and-text\" data-toolset-blocks-fields-and-text=\"3e1d2592ce20bdf2bf813c9dfa44c991\"><h4 style=\"text-align: center;\"><img fetchpriority=\"high\" decoding=\"async\" class=\"aligncenter size-full wp-image-11679\" src=\"https:\/\/perpetualcharity.com\/wp-content\/uploads\/ppc_investor_structure.jpg\" alt=\"\" width=\"363\" height=\"363\" srcset=\"https:\/\/perpetualcharity.com\/wp-content\/uploads\/ppc_investor_structure.jpg 363w, https:\/\/perpetualcharity.com\/wp-content\/uploads\/ppc_investor_structure-300x300.jpg 300w, https:\/\/perpetualcharity.com\/wp-content\/uploads\/ppc_investor_structure-150x150.jpg 150w, https:\/\/perpetualcharity.com\/wp-content\/uploads\/ppc_investor_structure-100x100.jpg 100w\" sizes=\"(max-width: 363px) 100vw, 363px\" \/><\/h4>\n<h4 style=\"color: #ffffff; text-align: center;\">Para m\u00e1s informaci\u00f3n sobre<br><span style=\"color: #bf9d47; font-size: 24px;\">Corporaci\u00f3n de Caridad Perpetua<\/span><br>Por favor, contacte:<\/h4>\n<p>&nbsp;<\/p><\/div>\n\n\n\n<div class=\"wp-block-columns is-layout-flex wp-container-core-columns-layout-2 wp-block-columns-is-layout-flex\">\n<div class=\"wp-block-column is-vertically-aligned-top is-layout-flow wp-block-column-is-layout-flow\" style=\"flex-basis:12%\"><\/div>\n\n\n\n<div class=\"wp-block-column is-layout-flow wp-block-column-is-layout-flow\" style=\"flex-basis:76%\">\n<div class=\"wp-block-columns is-layout-flex wp-container-core-columns-layout-1 wp-block-columns-is-layout-flex\">\n<div class=\"wp-block-column is-vertically-aligned-center is-layout-flow wp-block-column-is-layout-flow\" style=\"flex-basis:21.5%\">\n<div class=\"wp-block-image is-style-default\"><figure class=\"alignleft size-large\"><img decoding=\"async\" width=\"410\" height=\"410\" data-src=\"https:\/\/perpetualcharity.com\/wp-content\/uploads\/Marc-Deschenaux-PPC.jpg\" alt=\"\" class=\"wp-image-11708 lazyload\" data-srcset=\"https:\/\/perpetualcharity.com\/wp-content\/uploads\/Marc-Deschenaux-PPC.jpg 410w, https:\/\/perpetualcharity.com\/wp-content\/uploads\/Marc-Deschenaux-PPC-300x300.jpg 300w, https:\/\/perpetualcharity.com\/wp-content\/uploads\/Marc-Deschenaux-PPC-150x150.jpg 150w, https:\/\/perpetualcharity.com\/wp-content\/uploads\/Marc-Deschenaux-PPC-100x100.jpg 100w\" data-sizes=\"(max-width: 410px) 100vw, 410px\" src=\"data:image\/gif;base64,R0lGODlhAQABAAAAACH5BAEKAAEALAAAAAABAAEAAAICTAEAOw==\" \/><noscript><img decoding=\"async\" width=\"410\" height=\"410\" src=\"https:\/\/perpetualcharity.com\/wp-content\/uploads\/Marc-Deschenaux-PPC.jpg\" alt=\"\" class=\"wp-image-11708\" srcset=\"https:\/\/perpetualcharity.com\/wp-content\/uploads\/Marc-Deschenaux-PPC.jpg 410w, https:\/\/perpetualcharity.com\/wp-content\/uploads\/Marc-Deschenaux-PPC-300x300.jpg 300w, https:\/\/perpetualcharity.com\/wp-content\/uploads\/Marc-Deschenaux-PPC-150x150.jpg 150w, https:\/\/perpetualcharity.com\/wp-content\/uploads\/Marc-Deschenaux-PPC-100x100.jpg 100w\" sizes=\"(max-width: 410px) 100vw, 410px\" \/><\/noscript><\/figure><\/div>\n\n\n\n<p><\/p>\n<\/div>\n\n\n\n<div class=\"wp-block-column is-vertically-aligned-center is-layout-flow wp-block-column-is-layout-flow\">\n<div class=\"tb-fields-and-text\" data-toolset-blocks-fields-and-text=\"3e1d2592ce20bdf2bf813c9dfa44c991\"><p style=\"color: #ffffff;\"><span style=\"color:#bf9d47; font-weight:bold;\">Direcci\u00f3n:<\/span> Chemin du Pommier 1, 1218 Le Grand-Saconnex, Geneve Suiza<br><span style=\"color:#bf9d47; font-weight:bold;\">N\u00famero de tel\u00e9fono de la empresa:<\/span> +41 (0) 22 510.25.00<br><span style=\"color:#bf9d47; font-weight:bold;\">Direcci\u00f3n de la p\u00e1gina web:<\/span> www.PerpetualCharity.com<br><span style=\"color:#bf9d47; font-weight:bold;\">Persona de contacto:<\/span> Marc Deschenaux, Fundador y Director General<br><span style=\"color:#bf9d47; font-weight:bold;\">Correo electr\u00f3nico:<\/span> investors@perpetualcharity.com<\/p><\/div>\n\n\n\n<p><\/p>\n<\/div>\n<\/div>\n\n\n\n<div class=\"tb-fields-and-text\" data-toolset-blocks-fields-and-text=\"3e1d2592ce20bdf2bf813c9dfa44c991\"><p style=\"color: #bf9d47; text-align: justify;\">Se advierte al inversionista que el Plan Comercial Confidencial de la empresa y sus ap\u00e9ndices, denominados colectivamente (el \"Plan\"), de fecha 2020, contienen ciertas declaraciones prospectivas en el sentido de las disposiciones de \"salvaguardia\" de la Ley de reforma de los litigios sobre valores privados de 1995 que entra\u00f1an diversos riesgos e incertidumbres, incluidas las declaraciones relativas a los presupuestos, los gastos e ingresos proyectados, la distribuci\u00f3n de productos, las ventas, las comisiones pagaderas y por cobrar y las corrientes de efectivo. Estas declaraciones prospectivas se basan en la informaci\u00f3n, los planes y las expectativas actuales de la empresa. Los resultados reales de la Compa\u00f1\u00eda pueden diferir materialmente de los descritos en estas declaraciones anticipadas debido a una variedad de factores, incluyendo la disponibilidad, el cierre, los t\u00e9rminos (y el tiempo) del capital necesario, la atracci\u00f3n, la finalizaci\u00f3n con \u00e9xito y la integraci\u00f3n de ciertas adquisiciones, el rendimiento financiero futuro real, las relaciones con los fabricantes y los clientes, la diluci\u00f3n de las futuras recaudaciones de capital, los compromisos de publicidad y comercializaci\u00f3n efectivamente asumidos por los proveedores, las variaciones de ingresos y gastos, la disponibilidad y atracci\u00f3n de personal, el \u00e9xito en la ejecuci\u00f3n de su plan estrat\u00e9gico, las instalaciones y el equipo, las consideraciones de mercado, la competencia, el momento y la ocurrencia (o no ocurrencia) de las transacciones, y los acontecimientos que puedan estar sujetos a circunstancias que escapen al control de la Compa\u00f1\u00eda y a las condiciones econ\u00f3micas generales.<\/p><\/div>\n\n\n\n<p><\/p>\n<\/div>\n\n\n\n<div class=\"wp-block-column is-layout-flow wp-block-column-is-layout-flow\" style=\"flex-basis:12%\"><\/div>\n<\/div>\n\n\n\n<p><\/p>\n<\/div>","protected":false},"excerpt":{"rendered":"","protected":false},"author":1,"featured_media":0,"parent":0,"menu_order":0,"comment_status":"closed","ping_status":"closed","template":"","meta":{"footnotes":""},"_links":{"self":[{"href":"https:\/\/perpetualcharity.com\/es\/wp-json\/wp\/v2\/pages\/11469"}],"collection":[{"href":"https:\/\/perpetualcharity.com\/es\/wp-json\/wp\/v2\/pages"}],"about":[{"href":"https:\/\/perpetualcharity.com\/es\/wp-json\/wp\/v2\/types\/page"}],"author":[{"embeddable":true,"href":"https:\/\/perpetualcharity.com\/es\/wp-json\/wp\/v2\/users\/1"}],"replies":[{"embeddable":true,"href":"https:\/\/perpetualcharity.com\/es\/wp-json\/wp\/v2\/comments?post=11469"}],"version-history":[{"count":0,"href":"https:\/\/perpetualcharity.com\/es\/wp-json\/wp\/v2\/pages\/11469\/revisions"}],"wp:attachment":[{"href":"https:\/\/perpetualcharity.com\/es\/wp-json\/wp\/v2\/media?parent=11469"}],"curies":[{"name":"wp","href":"https:\/\/api.w.org\/{rel}","templated":true}]}}