{"id":120,"date":"2020-05-06T15:05:15","date_gmt":"2020-05-06T15:05:15","guid":{"rendered":"https:\/\/deschenaux.me\/?page_id=120"},"modified":"2020-07-02T18:23:46","modified_gmt":"2020-07-02T18:23:46","slug":"model","status":"publish","type":"page","link":"https:\/\/perpetualcharity.com\/es\/model\/","title":{"rendered":"Modelo"},"content":{"rendered":"<div data-elementor-type=\"wp-page\" data-elementor-id=\"120\" class=\"elementor elementor-120\" data-elementor-post-type=\"page\">\n\t\t\t\t\t\t<section class=\"elementor-section elementor-top-section elementor-element elementor-element-549d58e elementor-section-boxed elementor-section-height-default elementor-section-height-default\" data-id=\"549d58e\" data-element_type=\"section\">\n\t\t\t\t\t\t<div class=\"elementor-container elementor-column-gap-default\">\n\t\t\t\t\t<div class=\"elementor-column elementor-col-50 elementor-top-column elementor-element elementor-element-8c0d491\" data-id=\"8c0d491\" data-element_type=\"column\">\n\t\t\t<div class=\"elementor-widget-wrap elementor-element-populated\">\n\t\t\t\t\t\t<div class=\"elementor-element elementor-element-c197f38 elementor-widget elementor-widget-image\" data-id=\"c197f38\" data-element_type=\"widget\" data-widget_type=\"image.default\">\n\t\t\t\t<div class=\"elementor-widget-container\">\n\t\t\t\t\t\t\t\t\t\t\t\t\t\t<a href=\"#elementor-action:action=popup:open&settings=eyJpZCI6IjI0ODciLCJ0b2dnbGUiOmZhbHNlfQ==\">\n\t\t\t\t\t\t\t<img fetchpriority=\"high\" decoding=\"async\" width=\"652\" height=\"368\" src=\"https:\/\/perpetualcharity.com\/wp-content\/uploads\/2020\/05\/perpetual-income-video.jpg\" class=\"attachment-large size-large wp-image-2486\" alt=\"perpetual income\" srcset=\"https:\/\/perpetualcharity.com\/wp-content\/uploads\/2020\/05\/perpetual-income-video.jpg 652w, https:\/\/perpetualcharity.com\/wp-content\/uploads\/2020\/05\/perpetual-income-video-300x169.jpg 300w, https:\/\/perpetualcharity.com\/wp-content\/uploads\/2020\/05\/perpetual-income-video-600x339.jpg 600w\" sizes=\"(max-width: 652px) 100vw, 652px\" \/>\t\t\t\t\t\t\t\t<\/a>\n\t\t\t\t\t\t\t\t\t\t\t\t\t<\/div>\n\t\t\t\t<\/div>\n\t\t\t\t\t<\/div>\n\t\t<\/div>\n\t\t\t\t<div class=\"elementor-column elementor-col-50 elementor-top-column elementor-element elementor-element-0262218\" data-id=\"0262218\" data-element_type=\"column\">\n\t\t\t<div class=\"elementor-widget-wrap elementor-element-populated\">\n\t\t\t\t\t\t<div class=\"elementor-element elementor-element-92e082a elementor-widget elementor-widget-text-editor\" data-id=\"92e082a\" data-element_type=\"widget\" data-widget_type=\"text-editor.default\">\n\t\t\t\t<div class=\"elementor-widget-container\">\n\t\t\t\t\t\t\t<p>La Corporaci\u00f3n de Caridad Perpetua aprovecha los beneficios de las \"Altas Finanzas\".<\/p><p>Al alcanzar grandes cantidades de inversi\u00f3n, como la propiedad intelectual de $30 mil millones que estamos recaudando, permite oportunidades de inversi\u00f3n que de otro modo no ser\u00edan sostenibles, o ni siquiera accesibles.<\/p><p>El video, as\u00ed como los gr\u00e1ficos a continuaci\u00f3n, explicar\u00e1n los procesos que estamos utilizando, desde el modelo de negocio hasta el plan de marketing y los flujos operativos.<\/p><p>Cada interesado puede tener inter\u00e9s en una secci\u00f3n espec\u00edfica de nuestros modelos, ya que proponemos rendimientos para los inversores al tiempo que creamos ingresos perpetuos de las organizaciones ben\u00e9ficas.<\/p>\t\t\t\t\t\t<\/div>\n\t\t\t\t<\/div>\n\t\t\t\t\t<\/div>\n\t\t<\/div>\n\t\t\t\t\t<\/div>\n\t\t<\/section>\n\t\t\t\t<section class=\"elementor-section elementor-top-section elementor-element elementor-element-319896e elementor-section-stretched elementor-section-boxed elementor-section-height-default elementor-section-height-default\" data-id=\"319896e\" data-element_type=\"section\" data-settings=\"{&quot;stretch_section&quot;:&quot;section-stretched&quot;}\">\n\t\t\t\t\t\t<div class=\"elementor-container elementor-column-gap-default\">\n\t\t\t\t\t<div class=\"elementor-column elementor-col-100 elementor-top-column elementor-element elementor-element-ed15bde\" data-id=\"ed15bde\" data-element_type=\"column\">\n\t\t\t<div class=\"elementor-widget-wrap elementor-element-populated\">\n\t\t\t\t\t\t<div class=\"elementor-element elementor-element-8e8ecea elementor-widget elementor-widget-gallery\" data-id=\"8e8ecea\" data-element_type=\"widget\" data-settings=\"{&quot;columns&quot;:1,&quot;gallery_layout&quot;:&quot;masonry&quot;,&quot;lazyload&quot;:&quot;yes&quot;,&quot;columns_tablet&quot;:2,&quot;columns_mobile&quot;:1,&quot;gap&quot;:{&quot;unit&quot;:&quot;px&quot;,&quot;size&quot;:10,&quot;sizes&quot;:[]},&quot;gap_tablet&quot;:{&quot;unit&quot;:&quot;px&quot;,&quot;size&quot;:10,&quot;sizes&quot;:[]},&quot;gap_mobile&quot;:{&quot;unit&quot;:&quot;px&quot;,&quot;size&quot;:10,&quot;sizes&quot;:[]},&quot;link_to&quot;:&quot;file&quot;,&quot;show_all_galleries&quot;:&quot;yes&quot;,&quot;overlay_background&quot;:&quot;yes&quot;}\" data-widget_type=\"gallery.default\">\n\t\t\t\t<div class=\"elementor-widget-container\">\n\t\t\t\t\t\t<div class=\"elementor-gallery__titles-container e--pointer-underline e--animation-fade\" aria-label=\"Filtro de galer\u00eda\">\n\t\t\t\t\t\t\t\t\t<a class=\"elementor-item elementor-gallery-title\" role=\"button\" tabindex=\"0\" data-gallery-index=\"all\">\n\t\t\t\t\t\tTodos\t\t\t\t\t<\/a>\n\t\t\t\t\n\t\t\t\t\t\t\t\t\t<a class=\"elementor-item elementor-gallery-title\" role=\"button\" tabindex=\"0\" data-gallery-index=\"0\">\n\t\t\t\t\t\tModelo de negocio\t\t\t\t\t<\/a>\n\t\t\t\t\t\t\t\t\t\t<a class=\"elementor-item elementor-gallery-title\" role=\"button\" tabindex=\"0\" data-gallery-index=\"1\">\n\t\t\t\t\t\tModelo de ingresos\t\t\t\t\t<\/a>\n\t\t\t\t\t\t\t\t\t\t<a class=\"elementor-item elementor-gallery-title\" role=\"button\" tabindex=\"0\" data-gallery-index=\"2\">\n\t\t\t\t\t\tFuentes de ingresos\t\t\t\t\t<\/a>\n\t\t\t\t\t\t\t\t\t\t<a class=\"elementor-item elementor-gallery-title\" role=\"button\" tabindex=\"0\" data-gallery-index=\"3\">\n\t\t\t\t\t\tPlan de comercializaci\u00f3n estrat\u00e9gica\t\t\t\t\t<\/a>\n\t\t\t\t\t\t\t\t\t\t<a class=\"elementor-item elementor-gallery-title\" role=\"button\" tabindex=\"0\" data-gallery-index=\"4\">\n\t\t\t\t\t\tFlujo de trabajo operativo\t\t\t\t\t<\/a>\n\t\t\t\t\t\t\t\t<\/div>\n\t\t\t\t\t<div class=\"elementor-gallery__container\">\n\t\t\t\t\t\t\t<a class=\"e-gallery-item elementor-gallery-item\" data-e-gallery-tags=\"0\" href=\"https:\/\/perpetualcharity.com\/wp-content\/uploads\/ppc-business-model.jpg\" data-elementor-open-lightbox=\"yes\" data-elementor-lightbox-slideshow=\"8e8ecea\" data-elementor-lightbox-title=\"Business Model\" data-e-action-hash=\"#elementor-action%3Aaction%3Dlightbox%26settings%3DeyJpZCI6MTEzNjMsInVybCI6Imh0dHBzOlwvXC9wZXJwZXR1YWxjaGFyaXR5LmNvbVwvd3AtY29udGVudFwvdXBsb2Fkc1wvcHBjLWJ1c2luZXNzLW1vZGVsLmpwZyIsInNsaWRlc2hvdyI6IjhlOGVjZWEifQ%3D%3D\">\n\t\t\t\t\t<div class=\"e-gallery-image elementor-gallery-item__image\" data-thumbnail=\"https:\/\/perpetualcharity.com\/wp-content\/uploads\/ppc-business-model.jpg\" data-width=\"790\" data-height=\"800\" aria-label=\"Modelo de negocio\" role=\"img\" ><\/div>\n\t\t\t\t\t\t\t\t\t\t\t<div class=\"elementor-gallery-item__overlay\"><\/div>\n\t\t\t\t\t\t\t\t\t\t\t\t\t\t<\/a>\n\t\t\t\t\t\t\t<a class=\"e-gallery-item elementor-gallery-item\" data-e-gallery-tags=\"1\" href=\"https:\/\/perpetualcharity.com\/wp-content\/uploads\/PPC_Revenue-Model.jpg\" data-elementor-open-lightbox=\"yes\" data-elementor-lightbox-slideshow=\"8e8ecea\" data-elementor-lightbox-title=\"Revenue Model\" data-e-action-hash=\"#elementor-action%3Aaction%3Dlightbox%26settings%3DeyJpZCI6MTEzNjUsInVybCI6Imh0dHBzOlwvXC9wZXJwZXR1YWxjaGFyaXR5LmNvbVwvd3AtY29udGVudFwvdXBsb2Fkc1wvUFBDX1JldmVudWUtTW9kZWwuanBnIiwic2xpZGVzaG93IjoiOGU4ZWNlYSJ9\">\n\t\t\t\t\t<div class=\"e-gallery-image elementor-gallery-item__image\" data-thumbnail=\"https:\/\/perpetualcharity.com\/wp-content\/uploads\/PPC_Revenue-Model.jpg\" data-width=\"800\" data-height=\"790\" aria-label=\"Modelo de ingresos\" role=\"img\" ><\/div>\n\t\t\t\t\t\t\t\t\t\t\t<div class=\"elementor-gallery-item__overlay\"><\/div>\n\t\t\t\t\t\t\t\t\t\t\t\t\t\t<\/a>\n\t\t\t\t\t\t\t<a class=\"e-gallery-item elementor-gallery-item\" data-e-gallery-tags=\"2\" href=\"https:\/\/perpetualcharity.com\/wp-content\/uploads\/Income-Sources_modal.jpg\" data-elementor-open-lightbox=\"yes\" data-elementor-lightbox-slideshow=\"8e8ecea\" data-elementor-lightbox-title=\"Income Sources\" data-e-action-hash=\"#elementor-action%3Aaction%3Dlightbox%26settings%3DeyJpZCI6MTEzNTksInVybCI6Imh0dHBzOlwvXC9wZXJwZXR1YWxjaGFyaXR5LmNvbVwvd3AtY29udGVudFwvdXBsb2Fkc1wvSW5jb21lLVNvdXJjZXNfbW9kYWwuanBnIiwic2xpZGVzaG93IjoiOGU4ZWNlYSJ9\">\n\t\t\t\t\t<div class=\"e-gallery-image elementor-gallery-item__image\" data-thumbnail=\"https:\/\/perpetualcharity.com\/wp-content\/uploads\/Income-Sources_modal.jpg\" data-width=\"800\" data-height=\"608\" aria-label=\"Fuentes de ingresos\" role=\"img\" ><\/div>\n\t\t\t\t\t\t\t\t\t\t\t<div class=\"elementor-gallery-item__overlay\"><\/div>\n\t\t\t\t\t\t\t\t\t\t\t\t\t\t<\/a>\n\t\t\t\t\t\t\t<a class=\"e-gallery-item elementor-gallery-item\" data-e-gallery-tags=\"3\" href=\"https:\/\/perpetualcharity.com\/wp-content\/uploads\/2020\/05\/Strategic-Marketing-Scheme.jpg\" data-elementor-open-lightbox=\"yes\" data-elementor-lightbox-slideshow=\"8e8ecea\" data-elementor-lightbox-title=\"Strategic Marketing Scheme\" data-elementor-lightbox-description=\"Strategic Marketing Scheme\" data-e-action-hash=\"#elementor-action%3Aaction%3Dlightbox%26settings%3DeyJpZCI6MjU2NCwidXJsIjoiaHR0cHM6XC9cL3BlcnBldHVhbGNoYXJpdHkuY29tXC93cC1jb250ZW50XC91cGxvYWRzXC8yMDIwXC8wNVwvU3RyYXRlZ2ljLU1hcmtldGluZy1TY2hlbWUuanBnIiwic2xpZGVzaG93IjoiOGU4ZWNlYSJ9\">\n\t\t\t\t\t<div class=\"e-gallery-image elementor-gallery-item__image\" data-thumbnail=\"https:\/\/perpetualcharity.com\/wp-content\/uploads\/2020\/05\/Strategic-Marketing-Scheme.jpg\" data-width=\"824\" data-height=\"800\" aria-label=\"Plan de comercializaci\u00f3n estrat\u00e9gica\" role=\"img\" ><\/div>\n\t\t\t\t\t\t\t\t\t\t\t<div class=\"elementor-gallery-item__overlay\"><\/div>\n\t\t\t\t\t\t\t\t\t\t\t\t\t\t<\/a>\n\t\t\t\t\t\t\t<a class=\"e-gallery-item elementor-gallery-item\" data-e-gallery-tags=\"4\" href=\"https:\/\/perpetualcharity.com\/wp-content\/uploads\/2020\/05\/Operational-Workflow.jpg\" data-elementor-open-lightbox=\"yes\" data-elementor-lightbox-slideshow=\"8e8ecea\" data-elementor-lightbox-title=\"Operational Workflow\" data-elementor-lightbox-description=\"Operational Workflow\" data-e-action-hash=\"#elementor-action%3Aaction%3Dlightbox%26settings%3DeyJpZCI6MjU2NSwidXJsIjoiaHR0cHM6XC9cL3BlcnBldHVhbGNoYXJpdHkuY29tXC93cC1jb250ZW50XC91cGxvYWRzXC8yMDIwXC8wNVwvT3BlcmF0aW9uYWwtV29ya2Zsb3cuanBnIiwic2xpZGVzaG93IjoiOGU4ZWNlYSJ9\">\n\t\t\t\t\t<div class=\"e-gallery-image elementor-gallery-item__image\" data-thumbnail=\"https:\/\/perpetualcharity.com\/wp-content\/uploads\/2020\/05\/Operational-Workflow.jpg\" data-width=\"824\" data-height=\"800\" aria-label=\"Flujo de trabajo operativo\" role=\"img\" ><\/div>\n\t\t\t\t\t\t\t\t\t\t\t<div class=\"elementor-gallery-item__overlay\"><\/div>\n\t\t\t\t\t\t\t\t\t\t\t\t\t\t<\/a>\n\t\t\t\t\t<\/div>\n\t\t\t<\/div>\n\t\t\t\t<\/div>\n\t\t\t\t\t<\/div>\n\t\t<\/div>\n\t\t\t\t\t<\/div>\n\t\t<\/section>\n\t\t\t\t<\/div>","protected":false},"excerpt":{"rendered":"<p>Perpetual Charity Corporation leverages the benefits of &#8220;High Finance&#8221;. By reaching large investment amounts, such as the $30 Billion IP we are raising, allows for investment opportunities that otherwise would not be sustainable, or not even accessible. The video as well as the graphics below will explain the processes that we are using, from the &#8230; <a title=\"Modelo\" class=\"read-more\" href=\"https:\/\/perpetualcharity.com\/es\/model\/\" aria-label=\"Leer m\u00e1s sobre Model\">Leer m\u00e1s<\/a><\/p>","protected":false},"author":1,"featured_media":0,"parent":0,"menu_order":3,"comment_status":"closed","ping_status":"closed","template":"","meta":{"footnotes":""},"_links":{"self":[{"href":"https:\/\/perpetualcharity.com\/es\/wp-json\/wp\/v2\/pages\/120"}],"collection":[{"href":"https:\/\/perpetualcharity.com\/es\/wp-json\/wp\/v2\/pages"}],"about":[{"href":"https:\/\/perpetualcharity.com\/es\/wp-json\/wp\/v2\/types\/page"}],"author":[{"embeddable":true,"href":"https:\/\/perpetualcharity.com\/es\/wp-json\/wp\/v2\/users\/1"}],"replies":[{"embeddable":true,"href":"https:\/\/perpetualcharity.com\/es\/wp-json\/wp\/v2\/comments?post=120"}],"version-history":[{"count":0,"href":"https:\/\/perpetualcharity.com\/es\/wp-json\/wp\/v2\/pages\/120\/revisions"}],"wp:attachment":[{"href":"https:\/\/perpetualcharity.com\/es\/wp-json\/wp\/v2\/media?parent=120"}],"curies":[{"name":"wp","href":"https:\/\/api.w.org\/{rel}","templated":true}]}}