{"id":2370,"date":"2020-05-10T21:49:25","date_gmt":"2020-05-10T21:49:25","guid":{"rendered":"https:\/\/deschenaux.me\/?page_id=2370"},"modified":"2020-05-18T16:38:07","modified_gmt":"2020-05-18T16:38:07","slug":"disclaimer","status":"publish","type":"page","link":"https:\/\/perpetualcharity.com\/es\/disclaimer\/","title":{"rendered":"Disclaimer"},"content":{"rendered":"<div data-elementor-type=\"wp-page\" data-elementor-id=\"2370\" class=\"elementor elementor-2370\" data-elementor-post-type=\"page\">\n\t\t\t\t\t\t<section class=\"elementor-section elementor-top-section elementor-element elementor-element-ae93913 elementor-section-boxed elementor-section-height-default elementor-section-height-default\" data-id=\"ae93913\" data-element_type=\"section\">\n\t\t\t\t\t\t<div class=\"elementor-container elementor-column-gap-default\">\n\t\t\t\t\t<div class=\"elementor-column elementor-col-100 elementor-top-column elementor-element elementor-element-8de4f6d\" data-id=\"8de4f6d\" data-element_type=\"column\">\n\t\t\t<div class=\"elementor-widget-wrap elementor-element-populated\">\n\t\t\t\t\t\t<div class=\"elementor-element elementor-element-f24fc9a elementor-widget elementor-widget-text-editor\" data-id=\"f24fc9a\" data-element_type=\"widget\" data-widget_type=\"text-editor.default\">\n\t\t\t\t<div class=\"elementor-widget-container\">\n\t\t\t\t\t\t\t<p>We are doing our best to prepare the content of this site. However, [sitename] cannot warranty the expressions and suggestions of the contents, as well as its accuracy. In addition, to the extent permitted by the law, [sitename] shall not be responsible for any losses and\/or damages due to the usage of the information on our website.\u00a0<\/p><p>Al usar nuestro sitio web, usted acepta nuestra exenci\u00f3n de responsabilidad y est\u00e1 de acuerdo con sus t\u00e9rminos.<\/p><p>The links contained on our website may lead to external sites, which are provided for convenience only. Any information or statements that appeared in these sites are not sponsored, endorsed, or otherwise approved by [sitename] For these external sites, [sitename] cannot be held liable for the availability of, or the content located on or through it. Plus, any losses or damages occurred from using these contents or the internet generally.<\/p><p>El sitio web y cualquier parte de su contenido no pretende ser una fuente de asesoramiento o an\u00e1lisis jur\u00eddico, y la informaci\u00f3n y\/o los documentos contenidos en este sitio web no constituyen una inversi\u00f3n o asesoramiento jur\u00eddico.<\/p>\t\t\t\t\t\t<\/div>\n\t\t\t\t<\/div>\n\t\t\t\t\t<\/div>\n\t\t<\/div>\n\t\t\t\t\t<\/div>\n\t\t<\/section>\n\t\t\t\t<\/div>","protected":false},"excerpt":{"rendered":"<p>We are doing our best to prepare the content of this site. However, [sitename] cannot warranty the expressions and suggestions of the contents, as well as its accuracy. In addition, to the extent permitted by the law, [sitename] shall not be responsible for any losses and\/or damages due to the usage of the information on &#8230; <a title=\"Disclaimer\" class=\"read-more\" href=\"https:\/\/perpetualcharity.com\/es\/disclaimer\/\" aria-label=\"Leer m\u00e1s sobre Disclaimer\">Leer m\u00e1s<\/a><\/p>","protected":false},"author":1,"featured_media":0,"parent":0,"menu_order":205,"comment_status":"closed","ping_status":"closed","template":"","meta":{"footnotes":""},"_links":{"self":[{"href":"https:\/\/perpetualcharity.com\/es\/wp-json\/wp\/v2\/pages\/2370"}],"collection":[{"href":"https:\/\/perpetualcharity.com\/es\/wp-json\/wp\/v2\/pages"}],"about":[{"href":"https:\/\/perpetualcharity.com\/es\/wp-json\/wp\/v2\/types\/page"}],"author":[{"embeddable":true,"href":"https:\/\/perpetualcharity.com\/es\/wp-json\/wp\/v2\/users\/1"}],"replies":[{"embeddable":true,"href":"https:\/\/perpetualcharity.com\/es\/wp-json\/wp\/v2\/comments?post=2370"}],"version-history":[{"count":0,"href":"https:\/\/perpetualcharity.com\/es\/wp-json\/wp\/v2\/pages\/2370\/revisions"}],"wp:attachment":[{"href":"https:\/\/perpetualcharity.com\/es\/wp-json\/wp\/v2\/media?parent=2370"}],"curies":[{"name":"wp","href":"https:\/\/api.w.org\/{rel}","templated":true}]}}