{"id":2747,"date":"2020-05-18T15:25:06","date_gmt":"2020-05-18T15:25:06","guid":{"rendered":"https:\/\/perpetualcharity.com\/?page_id=2747"},"modified":"2020-05-18T15:35:56","modified_gmt":"2020-05-18T15:35:56","slug":"vote","status":"publish","type":"page","link":"https:\/\/perpetualcharity.com\/es\/vote\/","title":{"rendered":"Vote por su Caridad preferida"},"content":{"rendered":"<div data-elementor-type=\"wp-page\" data-elementor-id=\"2747\" class=\"elementor elementor-2747\" data-elementor-post-type=\"page\">\n\t\t\t\t\t\t<section class=\"elementor-section elementor-top-section elementor-element elementor-element-7666286 elementor-section-boxed elementor-section-height-default elementor-section-height-default\" data-id=\"7666286\" data-element_type=\"section\">\n\t\t\t\t\t\t<div class=\"elementor-container elementor-column-gap-default\">\n\t\t\t\t\t<div class=\"elementor-column elementor-col-100 elementor-top-column elementor-element elementor-element-cf87b1f\" data-id=\"cf87b1f\" data-element_type=\"column\">\n\t\t\t<div class=\"elementor-widget-wrap elementor-element-populated\">\n\t\t\t\t\t\t<div class=\"elementor-element elementor-element-9b2d11d elementor-widget elementor-widget-text-editor\" data-id=\"9b2d11d\" data-element_type=\"widget\" data-widget_type=\"text-editor.default\">\n\t\t\t\t<div class=\"elementor-widget-container\">\n\t\t\t\t\t\t\t<p>Las Naciones Unidas tienen una lista de m\u00e1s de 17.000 ONG y organizaciones ben\u00e9ficas registradas.<\/p><p>En la Caridad Perpetua nos gustar\u00eda trabajar con las organizaciones ben\u00e9ficas que son examinadas por usted. Las organizaciones ben\u00e9ficas seleccionadas ganar\u00e1n un flujo de \"Financiaci\u00f3n Perpetua\" siempre y cuando sean eficientes.<\/p><p>Por lo tanto, invitamos a las organizaciones ben\u00e9ficas a competir demostrando que tienen el apoyo de sus partidarios. Para confirmar su apoyo a una Caridad espec\u00edfica, por favor llene el formulario a continuaci\u00f3n y pague la cuota de 1 voto dependiendo de la moneda de su pa\u00eds.<\/p><p>Cada cuota de voto va directamente a la caridad elegida sin ning\u00fan cargo por nuestra parte.<\/p>\t\t\t\t\t\t<\/div>\n\t\t\t\t<\/div>\n\t\t\t\t\t<\/div>\n\t\t<\/div>\n\t\t\t\t\t<\/div>\n\t\t<\/section>\n\t\t\t\t<section class=\"elementor-section elementor-top-section elementor-element elementor-element-731fedd elementor-section-boxed elementor-section-height-default elementor-section-height-default\" data-id=\"731fedd\" data-element_type=\"section\">\n\t\t\t\t\t\t<div class=\"elementor-container elementor-column-gap-default\">\n\t\t\t\t\t<div class=\"elementor-column elementor-col-25 elementor-top-column elementor-element elementor-element-9a5cc45\" data-id=\"9a5cc45\" data-element_type=\"column\">\n\t\t\t<div class=\"elementor-widget-wrap\">\n\t\t\t\t\t\t\t<\/div>\n\t\t<\/div>\n\t\t\t\t<div class=\"elementor-column elementor-col-50 elementor-top-column elementor-element elementor-element-7aadfd4\" data-id=\"7aadfd4\" data-element_type=\"column\">\n\t\t\t<div class=\"elementor-widget-wrap elementor-element-populated\">\n\t\t\t\t\t\t<div class=\"elementor-element elementor-element-532e15c elementor-widget elementor-widget-shortcode\" data-id=\"532e15c\" data-element_type=\"widget\" data-widget_type=\"shortcode.default\">\n\t\t\t\t<div class=\"elementor-widget-container\">\n\t\t\t\t\t<div class=\"elementor-shortcode\"><div class=\"forminator-ui forminator-custom-form forminator-custom-form-2753 forminator-design--default  forminator_ajax\" data-forminator-render=\"0\" data-form=\"forminator-module-2753\" data-uid=\"69d78dc7be7f9\"><br\/><\/div><form\r\n\t\t\t\tid=\"forminator-module-2753\"\r\n\t\t\t\tclass=\"forminator-ui forminator-custom-form forminator-custom-form-2753 forminator-design--default  forminator_ajax\"\r\n\t\t\t\tmethod=\"post\"\r\n\t\t\t\tdata-forminator-render=\"0\"\r\n\t\t\t\tdata-form-id=\"2753\"\r\n\t\t\t\t\r\n\t\t\t\tdata-design=\"default\"\r\n\t\t\t\t\r\n\t\t\t\t\r\n\t\t\t\t\r\n\t\t\t\tdata-grid=\"open\"\r\n\t\t\t\t\r\n\t\t\t\t\r\n\t\t\t\tstyle=\"display: none;\"\r\n\t\t\t\t\r\n\t\t\t\tdata-uid=\"69d78dc7be7f9\" action=\"\"\r\n\t\t\t><div role=\"alert\" aria-live=\"polite\" class=\"forminator-response-message forminator-error\" aria-hidden=\"true\"><\/div><div class=\"forminator-row\"><div id=\"name-1\" class=\"forminator-field-name forminator-col forminator-col-12\"><div class=\"forminator-field\"><label for=\"forminator-field-name-1_69d78dc7be7f9\" id=\"forminator-field-name-1_69d78dc7be7f9-label\" class=\"forminator-label\">Nombre<\/label><input type=\"text\" name=\"name-1\" value=\"\" placeholder=\"Por ejemplo, John Doe\" id=\"forminator-field-name-1_69d78dc7be7f9\" class=\"forminator-input forminator-name--field\" aria-required=\"false\" \/><\/div><\/div><\/div><div class=\"forminator-row\"><div id=\"email-1\" class=\"forminator-field-email forminator-col forminator-col-6\"><div class=\"forminator-field\"><label for=\"forminator-field-email-1_69d78dc7be7f9\" id=\"forminator-field-email-1_69d78dc7be7f9-label\" class=\"forminator-label\">Direcci\u00f3n de correo electr\u00f3nico <span class=\"forminator-required\">*<\/span><\/label><input type=\"email\" name=\"email-1\" value=\"\" placeholder=\"Por ejemplo, john@doe.com\" id=\"forminator-field-email-1_69d78dc7be7f9\" class=\"forminator-input forminator-email--field\" data-required=\"true\" aria-required=\"true\" \/><\/div><\/div><div id=\"phone-1\" class=\"forminator-field-phone forminator-col forminator-col-6\"><div class=\"forminator-field\"><label for=\"forminator-field-phone-1_69d78dc7be7f9\" id=\"forminator-field-phone-1_69d78dc7be7f9-label\" class=\"forminator-label\">N\u00famero de tel\u00e9fono <span class=\"forminator-required\">*<\/span><\/label><input type=\"text\" name=\"phone-1\" value=\"\" placeholder=\"Por ejemplo, +1 3004005000\" id=\"forminator-field-phone-1_69d78dc7be7f9\" class=\"forminator-input forminator-field--phone\" data-required=\"1\" aria-required=\"true\" autocomplete=\"off\" data-validation=\"1\" \/><\/div><\/div><\/div><div class=\"forminator-row\"><div id=\"select-1\" class=\"forminator-field-select forminator-col forminator-col-12\"><div class=\"forminator-field\"><label for=\"forminator-form-2753__field--select-1_69d78dc7be7f9\" id=\"forminator-form-2753__field--select-1_69d78dc7be7f9-label\" class=\"forminator-label\">Lista de organizaciones ben\u00e9ficas<\/label><select id=\"forminator-form-2753__field--select-1_69d78dc7be7f9\" class=\"forminator-select--field forminator-select2\" data-required=\"\" name=\"select-1\" data-default-value=\"\" data-placeholder=\"\" data-search=\"false\" aria-labelledby=\"forminator-form-2753__field--select-1_69d78dc7be7f9-label\" aria-describedby=\"forminator-form-2753__field--select-1_69d78dc7be7f9-description\"><option value=\"restaurant-du-coeur\"  data-calculation=\"0\">Restaurant du Coeur<\/option><option value=\"the-innocence-project\"  data-calculation=\"0\">El Proyecto Inocencia<\/option><option value=\"handicap-international\"  data-calculation=\"0\">Handicap International<\/option><option value=\"other\"  data-calculation=\"0\">Otros<\/option><\/select><\/div><\/div><\/div><div class=\"forminator-row\"><div id=\"text-1\" class=\"forminator-field-text forminator-col forminator-col-6\"><div class=\"forminator-field\"><label for=\"forminator-field-text-1_69d78dc7be7f9\" id=\"forminator-field-text-1_69d78dc7be7f9-label\" class=\"forminator-label\">Nombre de la caridad<\/label><input type=\"text\" name=\"text-1\" value=\"\" placeholder=\"Por ejemplo, alguna fundaci\u00f3n\" id=\"forminator-field-text-1_69d78dc7be7f9\" class=\"forminator-input forminator-name--field\" data-required=\"\" \/><\/div><\/div><div id=\"url-1\" class=\"forminator-field-url forminator-col forminator-col-6\"><div class=\"forminator-field\"><label for=\"forminator-field-url-1_69d78dc7be7f9\" id=\"forminator-field-url-1_69d78dc7be7f9-label\" class=\"forminator-label\">Sitio web de caridad<\/label><input type=\"url\" name=\"url-1\" value=\"\" placeholder=\"Por ejemplo, http:\/\/www.example.com\" id=\"forminator-field-url-1_69d78dc7be7f9\" class=\"forminator-input forminator-website--field\" data-required=\"\" aria-required=\"false\" \/><\/div><\/div><\/div><div class=\"forminator-row\"><div id=\"stripe-1\" class=\"forminator-field-stripe forminator-col forminator-col-12\"><div class=\"forminator-field\"><label for=\"stripe-1-field\" id=\"stripe-1-field-label\" class=\"forminator-label\">Informaci\u00f3n sobre el pago con tarjeta <span class=\"forminator-required\">*<\/span><\/label><div id=\"card-element-69d78dc7be7f9\" data-field-id=\"69d78dc7be7f9\" data-is-payment=\"true\" data-payment-type=\"stripe\" data-secret=\"\" data-paymentid=\"\" data-key=\"pk_live_fxAs2Ei9nvHBPlNIbSmLbYgB00TSdMGSH7\" data-card-icon=\"1\" data-veify-zip=\"\" data-zip-field=\"\" data-language=\"auto\" data-base-class=\"StripeElement\" data-complete-class=\"StripeElement--complete\" data-empty-class=\"StripeElement--empty\" data-focused-class=\"StripeElement--focus\" data-invalid-class=\"StripeElement--invalid\" data-autofilled-class=\"StripeElement--webkit-autofill\" data-billing=\"\" data-billing-name=\"\" data-billing-email=\"\" data-billing-address=\"\" data-receipt=\"\" data-receipt-email=\"\" data-custom-fonts=\"\" data-placeholder=\"#888888\" data-font-color=\"#000000\" data-font-color-focus=\"#000000\" data-font-color-error=\"#000000\" data-font-size=\"16px\" data-font-family=\"inherit\" data-font-weight=\"normal\" data-icon-color=\"#777771\" data-icon-color-hover=\"#17A8E3\" data-icon-color-focus=\"#17A8E3\" data-icon-color-error=\"#E04562\" aria-describedby=\"card-element-69d78dc7be7f9-description\" class=\"forminator-stripe-element\"><\/div><input type=\"hidden\" name=\"paymentid\" value=\"\" id=\"forminator-stripe-paymentid\"\/><input type=\"hidden\" name=\"paymentmethod\" value=\"\" id=\"forminator-stripe-paymentmethod\"\/><input type=\"hidden\" name=\"subscriptionid\" value=\"\" id=\"forminator-stripe-subscriptionid\"\/><span class=\"forminator-card-message\"><span class=\"forminator-error-message\" aria-hidden=\"true\"><\/span><\/span><\/div><\/div><\/div><input type=\"hidden\" name=\"referer_url\" value=\"\" \/><div class=\"forminator-row forminator-row-last\"><div class=\"forminator-col\"><div class=\"forminator-field\"><button class=\"forminator-button forminator-button-submit\">$1 Pagar para Votar<\/button><\/div><\/div><\/div><input type=\"hidden\" id=\"forminator_nonce\" name=\"forminator_nonce\" value=\"b10f572c48\" \/><input type=\"hidden\" name=\"_wp_http_referer\" value=\"\/es\/wp-json\/wp\/v2\/pages\/2747\" \/><input type=\"hidden\" name=\"form_id\" value=\"2753\"><input type=\"hidden\" name=\"page_id\" value=\"2747\"><input type=\"hidden\" name=\"form_type\" value=\"default\"><input type=\"hidden\" name=\"current_url\" value=\"https:\/\/perpetualcharity.com\/es\/vote\/\"><input type=\"hidden\" name=\"render_id\" value=\"0\"><input type=\"hidden\" name=\"action\" value=\"forminator_submit_form_custom-forms\"><input type=\"hidden\" name=\"trp-form-language\" value=\"es\"\/><\/form><\/div>\n\t\t\t\t<\/div>\n\t\t\t\t<\/div>\n\t\t\t\t\t<\/div>\n\t\t<\/div>\n\t\t\t\t<div class=\"elementor-column elementor-col-25 elementor-top-column elementor-element elementor-element-dc7862d\" data-id=\"dc7862d\" data-element_type=\"column\">\n\t\t\t<div class=\"elementor-widget-wrap\">\n\t\t\t\t\t\t\t<\/div>\n\t\t<\/div>\n\t\t\t\t\t<\/div>\n\t\t<\/section>\n\t\t\t\t<\/div>","protected":false},"excerpt":{"rendered":"<p>The United Nations lists more than 17,000 registered NGOs and Charities. At Perpetual Charity we would like to work with the Charities that are vetted by You. Selected Charities stand to earn a \u201cPerpetual Funding\u201d stream as long as they are efficient. Therefore we invite Charities to compete by showing they have the support of &#8230; <a title=\"Vote por su Caridad preferida\" class=\"read-more\" href=\"https:\/\/perpetualcharity.com\/es\/vote\/\" aria-label=\"Leer m\u00e1s sobre Vote for your preferred Charity\">Leer m\u00e1s<\/a><\/p>","protected":false},"author":1,"featured_media":0,"parent":0,"menu_order":15,"comment_status":"closed","ping_status":"closed","template":"","meta":{"footnotes":""},"_links":{"self":[{"href":"https:\/\/perpetualcharity.com\/es\/wp-json\/wp\/v2\/pages\/2747"}],"collection":[{"href":"https:\/\/perpetualcharity.com\/es\/wp-json\/wp\/v2\/pages"}],"about":[{"href":"https:\/\/perpetualcharity.com\/es\/wp-json\/wp\/v2\/types\/page"}],"author":[{"embeddable":true,"href":"https:\/\/perpetualcharity.com\/es\/wp-json\/wp\/v2\/users\/1"}],"replies":[{"embeddable":true,"href":"https:\/\/perpetualcharity.com\/es\/wp-json\/wp\/v2\/comments?post=2747"}],"version-history":[{"count":0,"href":"https:\/\/perpetualcharity.com\/es\/wp-json\/wp\/v2\/pages\/2747\/revisions"}],"wp:attachment":[{"href":"https:\/\/perpetualcharity.com\/es\/wp-json\/wp\/v2\/media?parent=2747"}],"curies":[{"name":"wp","href":"https:\/\/api.w.org\/{rel}","templated":true}]}}