{"id":3,"date":"2020-05-05T13:37:41","date_gmt":"2020-05-05T13:37:41","guid":{"rendered":"https:\/\/deschenaux.me\/?page_id=3"},"modified":"2020-05-18T16:35:38","modified_gmt":"2020-05-18T16:35:38","slug":"privacy-policy","status":"publish","type":"page","link":"https:\/\/perpetualcharity.com\/es\/privacy-policy\/","title":{"rendered":"Pol\u00edtica de privacidad"},"content":{"rendered":"<div data-elementor-type=\"wp-page\" data-elementor-id=\"3\" class=\"elementor elementor-3\" data-elementor-post-type=\"page\">\n\t\t\t\t\t\t<section class=\"elementor-section elementor-top-section elementor-element elementor-element-7d9baf5b elementor-section-boxed elementor-section-height-default elementor-section-height-default\" data-id=\"7d9baf5b\" data-element_type=\"section\">\n\t\t\t\t\t\t<div class=\"elementor-container elementor-column-gap-default\">\n\t\t\t\t\t<div class=\"elementor-column elementor-col-100 elementor-top-column elementor-element elementor-element-46b8d89f\" data-id=\"46b8d89f\" data-element_type=\"column\">\n\t\t\t<div class=\"elementor-widget-wrap elementor-element-populated\">\n\t\t\t\t\t\t<div class=\"elementor-element elementor-element-6af4a87b elementor-widget elementor-widget-text-editor\" data-id=\"6af4a87b\" data-element_type=\"widget\" data-widget_type=\"text-editor.default\">\n\t\t\t\t<div class=\"elementor-widget-container\">\n\t\t\t\t\t\t\t<p>[sitename] (\u201cus\u201d, \u201cwe\u201d, or \u201cour\u201d) is operating the said &#8220;Service&#8221; which is the following website: [site_url]<\/p><p>Esta p\u00e1gina le informa de nuestras pol\u00edticas relativas a la recopilaci\u00f3n, uso y divulgaci\u00f3n de datos personales cuando utiliza nuestro Servicio y de las opciones que ha asociado con esos datos.<\/p><p>We use your data to provide and improve the Service. By using the Service, you agree to the collection and use of information in accordance with this policy. Unless otherwise defined in this Privacy Policy, the terms used in this Privacy Policy have the same meanings as in our Terms and Conditions, accessible from [site_url]<\/p><p><strong>DEFINICIONES<\/strong><\/p><p><strong>Servicio<\/strong><\/p><p>Service is the [site_url] website operated by [sitename].<\/p><p><strong>Datos personales<\/strong><\/p><p>Por datos personales se entiende los datos sobre un individuo vivo que pueden ser identificados a partir de esos datos (o a partir de esos y otros datos que est\u00e9n en nuestra posesi\u00f3n o que puedan llegar a ella).<\/p><p><strong>Datos de uso<\/strong><\/p><p>Los datos de uso son datos recopilados autom\u00e1ticamente generados por el uso del Servicio o por la propia infraestructura del Servicio (por ejemplo, la duraci\u00f3n de una visita a una p\u00e1gina).<\/p><p><strong>Cookies<\/strong><\/p><p>Las cookies son peque\u00f1os archivos que se almacenan en su dispositivo (ordenador o dispositivo m\u00f3vil).<\/p><p><strong>Controlador de datos<\/strong><\/p><p>Por controlador de datos se entiende la persona f\u00edsica o jur\u00eddica que (ya sea sola o conjuntamente o en com\u00fan con otras personas) determina los fines y la forma en que se procesa o se va a procesar cualquier informaci\u00f3n personal.<\/p><p>A los efectos de esta Pol\u00edtica de Privacidad, somos un Controlador de sus Datos Personales.<\/p><p><strong>Procesadores de datos (o proveedores de servicios)<\/strong><\/p><p>Por procesador de datos (o proveedor de servicios) se entiende cualquier persona f\u00edsica o jur\u00eddica que procese los datos en nombre del controlador de datos.<\/p><p>Podemos utilizar los servicios de varios proveedores de servicios para procesar sus datos de manera m\u00e1s eficaz.<\/p><p><strong>Usuario<\/strong><\/p><p>El sujeto de los datos es cualquier individuo vivo que est\u00e9 usando nuestro Servicio y sea el sujeto de los datos personales.<\/p><p><strong>\u00a0<\/strong><\/p><p><strong>RECOPILACI\u00d3N Y USO DE INFORMACI\u00d3N<\/strong><\/p><p>Recopilamos varios tipos de informaci\u00f3n con diversos fines para proporcionar y mejorar nuestra<\/p><p>Servicio a usted.<\/p><p><strong>\u00a0<\/strong><\/p><p><strong>Tipos de datos recogidos<\/strong><\/p><p><strong>\u00a0<\/strong><\/p><p><strong>Datos personales<\/strong><\/p><p>Al utilizar nuestro Servicio, es posible que le pidamos que nos proporcione cierta informaci\u00f3n de identificaci\u00f3n personal que se puede utilizar para contactar con usted o identificarlo (\"Datos personales\"). La informaci\u00f3n de identificaci\u00f3n personal puede incluir, entre otras cosas:<\/p><p>Direcci\u00f3n de correo electr\u00f3nico<\/p><p>Nombre y apellido<\/p><p>N\u00famero de tel\u00e9fono<\/p><p>Direcci\u00f3n, Estado, Provincia, C\u00f3digo Postal, Ciudad<\/p><p><strong>\u00a0<\/strong><\/p><p><strong>Cookies y datos de uso<\/strong><\/p><p>Podemos utilizar sus Datos Personales para contactarle con boletines de noticias, materiales de marketing o promocionales y otra informaci\u00f3n que pueda ser de su inter\u00e9s.<\/p><p>Puede optar por no recibir ninguna o todas estas comunicaciones de nosotros siguiendo el enlace para cancelar la suscripci\u00f3n o las instrucciones que se proporcionan en cualquier correo electr\u00f3nico que enviemos.<\/p><p><strong>\u00a0<\/strong><\/p><p><strong>Datos de uso<\/strong><\/p><p>Tambi\u00e9n podemos recopilar informaci\u00f3n sobre la forma en que se accede y se utiliza el Servicio (\"Datos de uso\"). Estos Datos de Uso pueden incluir informaci\u00f3n como la direcci\u00f3n del Protocolo de Internet de su computadora (por ejemplo, la direcci\u00f3n IP), el tipo de navegador, la versi\u00f3n del navegador, las p\u00e1ginas de nuestro Servicio que usted visita, la hora y la fecha de su visita, el tiempo que pasa en esas p\u00e1ginas, los identificadores \u00fanicos del dispositivo y otros datos de diagn\u00f3stico.<\/p><p><strong>\u00a0<\/strong><\/p><p><strong>Datos de rastreo y cookies<\/strong><\/p><p>Utilizamos cookies y tecnolog\u00edas de seguimiento similares para rastrear la actividad en nuestro Servicio y guardamos cierta informaci\u00f3n.<\/p><p>Las cookies son archivos con una peque\u00f1a cantidad de datos que pueden incluir un identificador \u00fanico an\u00f3nimo. Las cookies se env\u00edan a su navegador desde un sitio web y se almacenan en su dispositivo. Tambi\u00e9n se utilizan otras tecnolog\u00edas de rastreo, como balizas, etiquetas y scripts para recopilar y rastrear informaci\u00f3n y para mejorar y analizar nuestro Servicio.<\/p><p>Puede ordenar a su navegador que rechace todas las cookies o que indique cuando se env\u00eda una cookie. Sin embargo, si no acepta las cookies, es posible que no pueda utilizar algunas partes de nuestro Servicio.<\/p><p>Ejemplos de Cookies que usamos:<\/p><p>Cookies de sesi\u00f3n. Utilizamos cookies de sesi\u00f3n para operar nuestro Servicio.<\/p><p>Preferencia Galletas. Utilizamos las Preference Cookies para recordar sus preferencias y varios ajustes.<\/p><p>Cookies de seguridad. Usamos las Cookies de Seguridad para prop\u00f3sitos de seguridad.<\/p><p><strong>\u00a0<\/strong><\/p><p><strong>Uso de los datos<\/strong><\/p><p>[sitename] uses the collected data for various purposes:<\/p><ul><li>Para proporcionar y mantener nuestro Servicio<\/li><li>Para notificarle sobre los cambios en nuestro Servicio<\/li><li>Para permitirle participar en las caracter\u00edsticas interactivas de nuestro Servicio cuando usted decida hacerlo<\/li><li>Para proporcionar apoyo a los clientes<\/li><li>Reunir an\u00e1lisis o informaci\u00f3n valiosa para poder mejorar nuestro servicio<\/li><li>Para supervisar el uso de nuestro Servicio<\/li><li>Para detectar, prevenir y abordar cuestiones t\u00e9cnicas<\/li><li>Para proporcionarle noticias, ofertas especiales e informaci\u00f3n general sobre otros bienes, servicios y eventos que ofrecemos y que son similares a los que usted ya ha comprado o consultado, a menos que haya optado por no recibir dicha informaci\u00f3n<\/li><\/ul><p><strong>\u00a0<\/strong><\/p><p><strong>Base jur\u00eddica del tratamiento de datos personales en virtud del Reglamento general de protecci\u00f3n de datos (GDPR)<\/strong><\/p><p>If you are from the European Economic Area (EEA), [sitename] legal basis for collecting and using the personal information described in this Privacy Policy depends on the Personal Data we collect and the specific context in which we collect it.<\/p><p>[sitename] may process your Personal Data because:<\/p><ul><li>Tenemos que cumplir un contrato con usted<\/li><li>Nos ha dado permiso para hacerlo.<\/li><li>El procesamiento es en nuestros intereses leg\u00edtimos y no est\u00e1 anulado por sus derechos<\/li><li>A los efectos del procesamiento de los pagos<\/li><li>Para cumplir con la ley<\/li><\/ul><p><strong>\u00a0<\/strong><\/p><p><strong>Retenci\u00f3n de datos<\/strong><\/p><p>[sitename] will retain your Personal Data only for as long as is necessary for the purposes set out in this Privacy Policy. We will retain and use your Personal Data to the extent necessary to comply with our legal obligations (for example, if we are required to retain your data to comply with applicable laws), resolve disputes and enforce our legal agreements and policies.<\/p><p>[sitename] WITHOUT BORDERS FEDERATION will also retain Usage Data for internal analysis purposes. Usage Data is generally retained for a shorter period of time, except when this data is used to strengthen the security or to improve the functionality of our service, or we are legally obligated to retain this data for longer periods.<\/p><p><strong>\u00a0<\/strong><\/p><p><strong>Transferencia de datos<\/strong><\/p><p>Su informaci\u00f3n, incluidos los Datos Personales, puede ser transferida a - y mantenida en - computadoras ubicadas fuera de su estado, provincia, pa\u00eds u otra jurisdicci\u00f3n gubernamental donde las leyes de protecci\u00f3n de datos pueden diferir de las de su jurisdicci\u00f3n.<\/p><p>Si usted se encuentra fuera de Suiza y decide proporcionarnos informaci\u00f3n, tenga en cuenta que transferimos los datos, incluidos los datos personales, a Suiza y los procesamos all\u00ed.<\/p><p>Su consentimiento a esta Pol\u00edtica de Privacidad seguido de la presentaci\u00f3n de dicha informaci\u00f3n representa su acuerdo con dicha transferencia.<\/p><p>[sitename] will take all the steps reasonably necessary to ensure that your data is treated securely and in accordance with this Privacy Policy and no transfer of your Personal Data will take place to an organization or a country unless there are adequate controls in place including the security of your data and other personal information.<\/p><p><strong>\u00a0<\/strong><\/p><p><strong>Divulgaci\u00f3n de datos<\/strong><\/p><p><strong>\u00a0<\/strong><\/p><p><strong>Transacci\u00f3n de negocios<\/strong><\/p><p>If [sitename] is involved in a merger, acquisition or asset sale, your Personal Data may be transferred. We will provide notice before your Personal Data is transferred and becomes subject to a different Privacy Policy.<\/p><p><strong>\u00a0<\/strong><\/p><p><strong>Divulgaci\u00f3n para la aplicaci\u00f3n de la ley<\/strong><\/p><p>Under certain circumstances, [sitename] may be required to disclose your Personal Data if required to do so by law or in response<\/p><p>a las solicitudes v\u00e1lidas de las autoridades p\u00fablicas (por ejemplo, un tribunal o un organismo gubernamental).<\/p><p><strong>\u00a0<\/strong><\/p><p><strong>Requisitos legales<\/strong><\/p><p>[sitename] may disclose your Personal Data in the good faith belief that such action is necessary to:<\/p><ul><li>Para cumplir con una obligaci\u00f3n legal<\/li><li>To protect and defend the rights or property of [sitename]<\/li><li>Para prevenir o investigar posibles infracciones en relaci\u00f3n con el Servicio<\/li><li>Para proteger la seguridad personal de los usuarios del Servicio o del p\u00fablico<\/li><li>Para protegerse de la responsabilidad jur\u00eddica<\/li><\/ul><p><strong>\u00a0<\/strong><\/p><p><strong>Seguridad de los datos<\/strong><\/p><p>La seguridad de sus datos es importante para nosotros, pero recuerde que ning\u00fan m\u00e9todo de transmisi\u00f3n por Internet o m\u00e9todo de almacenamiento electr\u00f3nico es 100% seguro. Aunque nos esforzamos por utilizar medios comercialmente aceptables para proteger sus datos personales, no podemos garantizar su seguridad absoluta.<\/p><p>Nuestra pol\u00edtica sobre las se\u00f1ales de \"no rastrear\" en virtud de la Ley de Protecci\u00f3n en L\u00ednea de California (CalOPPA)<\/p><p>No apoyamos el Do Not Track (\"DNT\"). No Rastrear es una preferencia que puedes establecer en tu navegador para informar a los sitios web que no quieres ser rastreado. Puedes habilitar o deshabilitar el No Seguimiento visitando la p\u00e1gina de Preferencias o Configuraci\u00f3n de tu navegador web.<\/p><p><strong>\u00a0<\/strong><\/p><p><strong>Sus derechos de protecci\u00f3n de datos bajo el Reglamento General de Protecci\u00f3n de Datos (GDPR)<\/strong><\/p><p>If you are a resident of the European Economic Area (EEA), you have certain data protection rights. [sitename] aims to take reasonable steps to allow you to correct, amend, delete or limit the use of your Personal Data.<\/p><p>Si desea ser informado sobre los datos personales que tenemos sobre usted y si quiere que sean eliminados de nuestros sistemas, por favor, p\u00f3ngase en contacto con nosotros.<\/p><p>En ciertas circunstancias, usted tiene los siguientes derechos de protecci\u00f3n de datos:<\/p><p>El derecho a acceder, actualizar o eliminar la informaci\u00f3n que tenemos sobre usted. Siempre que sea posible, puede acceder, actualizar o solicitar la eliminaci\u00f3n de sus datos personales directamente en la secci\u00f3n de configuraci\u00f3n de su cuenta. Si no puede realizar estas acciones usted mismo, p\u00f3ngase en contacto con nosotros para ayudarle.<\/p><p>El derecho de rectificaci\u00f3n. Tiene derecho a que se rectifique su informaci\u00f3n si \u00e9sta es inexacta o incompleta.<\/p><p>El derecho a objetar. Tiene el derecho de oponerse a que procesemos sus datos personales.<\/p><p>El derecho de restricci\u00f3n. Tiene derecho a solicitar que restrinjamos el procesamiento de su informaci\u00f3n personal.<\/p><p>El derecho a la portabilidad de los datos. Tiene derecho a que se le proporcione una copia de la informaci\u00f3n que tenemos sobre usted en un formato estructurado, legible por m\u00e1quina y de uso com\u00fan.<\/p><p>The right to withdraw consent. You also have the right to withdraw your consent at any time where [sitename] relied on your consent to process your personal information.<\/p><p>Tenga en cuenta que podemos pedirle que verifique su identidad antes de responder a tales peticiones.<\/p><p>Tiene derecho a quejarse ante una Autoridad de Protecci\u00f3n de Datos sobre nuestra recopilaci\u00f3n y uso de sus datos personales. Para m\u00e1s informaci\u00f3n, por favor contacte con su autoridad local de protecci\u00f3n de datos en el Espacio Econ\u00f3mico Europeo (EEE).<\/p><p><strong>\u00a0<\/strong><\/p><p><strong>Transacci\u00f3n de negocios<\/strong><\/p><p>If [sitename] is involved in a merger, acquisition or asset sale, your Personal Data may be transferred. We will provide notice before your Personal Data is transferred and becomes subject to a different Privacy Policy.<\/p><p><strong>\u00a0<\/strong><\/p><p><strong>Divulgaci\u00f3n para la aplicaci\u00f3n de la ley<\/strong><\/p><p>Under certain circumstances, [sitename] may be required to disclose your Personal Data if required to do so by law or in response<\/p><p>a las solicitudes v\u00e1lidas de las autoridades p\u00fablicas (por ejemplo, un tribunal o un organismo gubernamental).<\/p><p><strong>\u00a0<\/strong><\/p><p><strong>PROVEEDORES DE SERVICIOS<\/strong><\/p><p>Podemos emplear a empresas y personas de terceros para facilitar nuestro Servicio (\"Proveedores de servicios\"), prestar el Servicio en nuestro nombre, realizar servicios relacionados con el Servicio o ayudarnos a analizar c\u00f3mo se utiliza nuestro Servicio.<\/p><p>Estos terceros tienen acceso a sus datos personales s\u00f3lo para realizar estas tareas en nuestro nombre y est\u00e1n obligados a no revelarlos ni utilizarlos para ning\u00fan otro prop\u00f3sito.<\/p><p><strong>\u00a0<\/strong><\/p><p><strong>ANAL\u00cdTICA<\/strong><\/p><p>Podemos utilizar proveedores de servicios de terceros para supervisar y analizar el uso de nuestro Servicio.<\/p><p><strong>Google Analytics<\/strong><\/p><p>Google Analytics es un servicio de an\u00e1lisis web ofrecido por Google que rastrea e informa sobre el tr\u00e1fico del sitio web. Google utiliza los datos recogidos para rastrear y monitorear el uso de nuestro Servicio. Estos datos se comparten con otros servicios de Google. Google puede utilizar los datos recopilados para contextualizar y personalizar los anuncios de su propia red publicitaria. Puede optar por no poner su actividad en el Servicio a disposici\u00f3n de Google Analytics instalando el complemento de exclusi\u00f3n de Google Analytics para el navegador. El complemento impide que el JavaScript de Google Analytics (ga.js, analytics.js y dc.js) comparta informaci\u00f3n con Google Analytics sobre la actividad de las visitas.<\/p><p>Para obtener m\u00e1s informaci\u00f3n sobre las pr\u00e1cticas de privacidad de Google, visita la p\u00e1gina web de las Condiciones de privacidad de Google:\u00a0<a href=\"https:\/\/policies.google.com\/privacy?hl=en\">https:\/\/policies.google.com\/privacy?hl=en<\/a><\/p><p><strong>\u00a0<\/strong><\/p><p><strong>Pagos<\/strong><\/p><p>Podemos proporcionar productos y\/o servicios de pago dentro del Servicio. En ese caso, utilizamos servicios de terceros para el procesamiento de pagos (por ejemplo, procesadores de pagos).<\/p><p>No guardaremos ni recogeremos los datos de su tarjeta de pago. Esa informaci\u00f3n se proporciona directamente a nuestros procesadores de pagos de terceros, cuyo uso de su informaci\u00f3n personal se rige por su Pol\u00edtica de Privacidad. Estos procesadores de pago se adhieren a las normas establecidas por el PCI-DSS, gestionadas por el Consejo de Normas de Seguridad del PCI, que es un esfuerzo conjunto de marcas como Visa, MasterCard, American Express y Discover. Los requisitos del PCI-DSS ayudan a garantizar el manejo seguro de la informaci\u00f3n de pago. Podemos utilizar un n\u00famero de diferentes proveedores de soluciones de pago como Paypal, Postfinance, Stripe y otros. Invitamos a los usuarios a revisar cada una de las respectivas pol\u00edticas de privacidad.<\/p><p><strong>\u00a0<\/strong><\/p><p><strong>Enlaces a otros sitios<\/strong><\/p><p>Nuestro Servicio puede contener enlaces a otros sitios que no son operados por nosotros. Si hace clic en un enlace de un tercero, ser\u00e1 dirigido al sitio de ese tercero. Le recomendamos encarecidamente que revise la Pol\u00edtica de privacidad de cada sitio que visite. No tenemos ning\u00fan control ni asumimos ninguna responsabilidad por el contenido, las pol\u00edticas de privacidad o las pr\u00e1cticas de los sitios o servicios de terceros.<\/p><p><strong>\u00a0<\/strong><\/p><p><strong>LA PRIVACIDAD DE LOS NI\u00d1OS<\/strong><\/p><p>Nuestro Servicio no se dirige a nadie menor de 18 a\u00f1os (\"Ni\u00f1os\").<\/p><p>No recogemos a sabiendas informaci\u00f3n personal identificable de nadie menor de 18 a\u00f1os. Si usted es un padre o tutor y es consciente de que su hijo nos ha proporcionado datos personales, por favor, p\u00f3ngase en contacto con nosotros. Si nos damos cuenta de que hemos recogido Datos Personales de ni\u00f1os sin verificaci\u00f3n del consentimiento de los padres, tomamos medidas para eliminar esa informaci\u00f3n de nuestros servidores.<\/p><p><strong>\u00a0<\/strong><\/p><p><strong>CAMBIOS EN ESTA POL\u00cdTICA DE PRIVACIDAD<\/strong><\/p><p>Podemos actualizar nuestra pol\u00edtica de privacidad de vez en cuando. Le notificaremos cualquier cambio publicando la nueva Pol\u00edtica de privacidad en esta p\u00e1gina.<\/p><p>Le informaremos por correo electr\u00f3nico y\/o mediante un aviso destacado en nuestro Servicio, antes de que el cambio entre en vigor y actualizaremos la \"fecha de entrada en vigor\" en la parte superior de esta Pol\u00edtica de privacidad.<\/p><p>Se le aconseja que revise esta Pol\u00edtica de Privacidad peri\u00f3dicamente para conocer los cambios. Los cambios en esta Pol\u00edtica de privacidad entran en vigor cuando se publican en esta p\u00e1gina.<\/p><p><strong>\u00a0<\/strong><\/p><p><strong>CONTACTO<\/strong><\/p><p>Si tiene alguna pregunta sobre esta Pol\u00edtica de Privacidad, por favor <a href=\"\/es\/[site_url]\/contact\/\">Cont\u00e1ctanos.<\/a><\/p>\t\t\t\t\t\t<\/div>\n\t\t\t\t<\/div>\n\t\t\t\t\t<\/div>\n\t\t<\/div>\n\t\t\t\t\t<\/div>\n\t\t<\/section>\n\t\t\t\t<\/div>","protected":false},"excerpt":{"rendered":"<p>[sitename] (\u201cus\u201d, \u201cwe\u201d, or \u201cour\u201d) is operating the said &#8220;Service&#8221; which is the following website: [site_url] This page informs you of our policies regarding the collection, use and disclosure of personal data when you use our Service and the choices you have associated with that data. We use your data to provide and improve the &#8230; <a title=\"Pol\u00edtica de privacidad\" class=\"read-more\" href=\"https:\/\/perpetualcharity.com\/es\/privacy-policy\/\" aria-label=\"Leer m\u00e1s sobre Privacy Policy\">Leer m\u00e1s<\/a><\/p>","protected":false},"author":1,"featured_media":0,"parent":0,"menu_order":100,"comment_status":"closed","ping_status":"closed","template":"","meta":{"footnotes":""},"_links":{"self":[{"href":"https:\/\/perpetualcharity.com\/es\/wp-json\/wp\/v2\/pages\/3"}],"collection":[{"href":"https:\/\/perpetualcharity.com\/es\/wp-json\/wp\/v2\/pages"}],"about":[{"href":"https:\/\/perpetualcharity.com\/es\/wp-json\/wp\/v2\/types\/page"}],"author":[{"embeddable":true,"href":"https:\/\/perpetualcharity.com\/es\/wp-json\/wp\/v2\/users\/1"}],"replies":[{"embeddable":true,"href":"https:\/\/perpetualcharity.com\/es\/wp-json\/wp\/v2\/comments?post=3"}],"version-history":[{"count":0,"href":"https:\/\/perpetualcharity.com\/es\/wp-json\/wp\/v2\/pages\/3\/revisions"}],"wp:attachment":[{"href":"https:\/\/perpetualcharity.com\/es\/wp-json\/wp\/v2\/media?parent=3"}],"curies":[{"name":"wp","href":"https:\/\/api.w.org\/{rel}","templated":true}]}}