{"id":11220,"date":"2020-06-28T14:06:01","date_gmt":"2020-06-28T14:06:01","guid":{"rendered":"https:\/\/perpetualcharity.com\/?post_type=product&#038;p=11220"},"modified":"2020-06-28T14:09:23","modified_gmt":"2020-06-28T14:09:23","slug":"perpetual-mens-all-over-print-tank-top-model-t57","status":"publish","type":"product","link":"https:\/\/perpetualcharity.com\/es\/producto\/perpetual-mens-all-over-print-tank-top-model-t57\/","title":{"rendered":"Camiseta de hombre perpetuo con estampado en todo el cuerpo (Modelo T57)"},"content":{"rendered":"<p><span style=\"color: #666666; font-family: Arial; font-size: 14px; text-align: center; background-color: #ffffff;\">Esta camiseta con estampado en todo el cuerpo tiene un ajuste c\u00f3modo para los hombres. Hecha de poli\u00e9ster 100%, esta camiseta sin mangas es duradera,<br \/>\nTranspirable y suave. La uni\u00f3n de cuello de tejido propio con la selecci\u00f3n de varios colores puede coincidir con la mayor\u00eda de los dise\u00f1os elegantes.\u00a0<\/span><\/p>\n<p>- 5.96 Oz. Hecho de tela de poli\u00e9ster.<br \/>\n- Cuello de auto-adherencia.<br \/>\n- Extremadamente suave al tacto, duradero y transpirable.<br \/>\n- Lavado a m\u00e1quina en fr\u00edo. La impresi\u00f3n en el cuerpo de la prenda no puede desvanecerse.<\/p>\n<p>Tama\u00f1o disponible: S,M,L,XL,XXL<br \/>\nNota: Podr\u00eda haber una desviaci\u00f3n de \u00b15% en la longitud para la medici\u00f3n manual y los procesos de producci\u00f3n.<\/p>\n<p><span style=\"font-size: 16px; color: #000000;\"><strong>Medici\u00f3n de la ropa<\/strong><\/span><span style=\"color: #000000; font-size: 16px;\"><strong>:<\/strong><\/span><br \/>\n<img decoding=\"async\" data-src=\"http:\/\/nbimg.interestprint.com\/data\/product\/1200\/chart\/image\/20180726\/DB941B40FA9BBFB05BE04FEC72A23F26.png\" alt=\"\" src=\"data:image\/gif;base64,R0lGODlhAQABAAAAACH5BAEKAAEALAAAAAABAAEAAAICTAEAOw==\" class=\"lazyload\" \/><noscript><img decoding=\"async\" src=\"http:\/\/nbimg.interestprint.com\/data\/product\/1200\/chart\/image\/20180726\/DB941B40FA9BBFB05BE04FEC72A23F26.png\" alt=\"\" \/><\/noscript><\/p>","protected":false},"excerpt":{"rendered":"<p>This all over print tank top features a comfortable fit for Men. Made of 100% polyester, this tank top is durable, breathable and soft. Self-fabric neck binding with various color selection can match most stylish designs.\u00a0 \u2022\u00a05.96 Oz. Made from polyester fabric. \u2022\u00a0Self-fabric neck binding. \u2022\u00a0Extremely soft to the touch, durable and breathable. \u2022\u00a0Machine wash &#8230; <a title=\"Perpetual Men&#8217;s All Over Print Tank Top (Model T57)\" class=\"read-more\" href=\"https:\/\/perpetualcharity.com\/es\/producto\/perpetual-mens-all-over-print-tank-top-model-t57\/\" aria-label=\"Leer m\u00e1s sobre Perpetual Men&#8217;s All Over Print Tank Top (Model T57)\">Leer m\u00e1s<\/a><\/p>","protected":false},"featured_media":11214,"template":"","meta":{"wds_primary_product_cat":0},"product_cat":[39],"product_tag":[],"_links":{"self":[{"href":"https:\/\/perpetualcharity.com\/es\/wp-json\/wp\/v2\/product\/11220"}],"collection":[{"href":"https:\/\/perpetualcharity.com\/es\/wp-json\/wp\/v2\/product"}],"about":[{"href":"https:\/\/perpetualcharity.com\/es\/wp-json\/wp\/v2\/types\/product"}],"wp:featuredmedia":[{"embeddable":true,"href":"https:\/\/perpetualcharity.com\/es\/wp-json\/wp\/v2\/media\/11214"}],"wp:attachment":[{"href":"https:\/\/perpetualcharity.com\/es\/wp-json\/wp\/v2\/media?parent=11220"}],"wp:term":[{"taxonomy":"product_cat","embeddable":true,"href":"https:\/\/perpetualcharity.com\/es\/wp-json\/wp\/v2\/product_cat?post=11220"},{"taxonomy":"product_tag","embeddable":true,"href":"https:\/\/perpetualcharity.com\/es\/wp-json\/wp\/v2\/product_tag?post=11220"}],"curies":[{"name":"wp","href":"https:\/\/api.w.org\/{rel}","templated":true}]}}