{"id":11260,"date":"2020-06-28T16:11:11","date_gmt":"2020-06-28T16:11:11","guid":{"rendered":"https:\/\/perpetualcharity.com\/?post_type=product&#038;p=11260"},"modified":"2020-06-28T16:13:06","modified_gmt":"2020-06-28T16:13:06","slug":"perpetual-womens-rib-cuff-crew-neck-sweatshirt-model-h34","status":"publish","type":"product","link":"https:\/\/perpetualcharity.com\/es\/producto\/perpetual-womens-rib-cuff-crew-neck-sweatshirt-model-h34\/","title":{"rendered":"Sudadera para el cuello de la tripulaci\u00f3n de la mujer de la perpetua costilla (Modelo H34)"},"content":{"rendered":"<p><span style=\"color: #666666; font-family: Arial; font-size: 14px; text-align: center; background-color: #ffffff;\">Con un acabado acanalado en los pu\u00f1os, la banda del cuello y la cintura, esta sudadera puede ser<br \/>\nuna gran opci\u00f3n en ropa de calle. A\u00f1ade tu propio dise\u00f1o a esta sudadera a trav\u00e9s del dise\u00f1o<br \/>\nen Artsadd y reflejar su personalidad y estilo.<\/span><\/p>\n<p>- Material (cuerpo de la prenda): poli\u00e9ster 100%.<br \/>\n- Material (cuello, pu\u00f1os y cintura de canal\u00e9): algod\u00f3n 95%, spandex 5%.<br \/>\n- Tecnolog\u00eda de impresi\u00f3n avanzada, que presenta im\u00e1genes v\u00edvidas y detalles finos.<br \/>\n- Se puede lavar a m\u00e1quina en ciclo fr\u00edo y secar al aire libre.<\/p>\n<p><span style=\"font-size: 16px; color: #000000;\"><strong>El tama\u00f1o ideal de la imagen en p\u00edxeles<\/strong><\/span><span style=\"color: #000000; font-size: 16px;\"><strong> (W * H):<\/strong><\/span><br \/>\nFrontal: 3992 x 4081 o superior \/ 150 dpi<br \/>\nEspalda: 3992 x 4075 o superior \/ 150 dpi<br \/>\nMangas (Izquierda\/Derecha): 3077 x 3484 o superior \/ 150 dpi<\/p>\n<p>Tama\u00f1o disponible: XS,S,M,L,XL<br \/>\nNota: Podr\u00eda haber una desviaci\u00f3n de \u00b15% en la longitud para la medici\u00f3n manual y los procesos de producci\u00f3n.<\/p>\n<p><span style=\"font-size: 16px; color: #000000;\"><strong>Medici\u00f3n de la ropa<\/strong><\/span><span style=\"color: #000000; font-size: 16px;\"><strong>:<\/strong><\/span><br \/>\n<img decoding=\"async\" data-src=\"http:\/\/nbimg.interestprint.com\/data\/product\/999\/chart\/image\/20171018\/4EFAD1242BBA658040889B1FE303553C.png\" alt=\"\" src=\"data:image\/gif;base64,R0lGODlhAQABAAAAACH5BAEKAAEALAAAAAABAAEAAAICTAEAOw==\" class=\"lazyload\" \/><noscript><img decoding=\"async\" src=\"http:\/\/nbimg.interestprint.com\/data\/product\/999\/chart\/image\/20171018\/4EFAD1242BBA658040889B1FE303553C.png\" alt=\"\" \/><\/noscript><\/p>","protected":false},"excerpt":{"rendered":"<p>Featuring ribbed finish on the cuffs, neckband and waistband, this sweatshirt can be a great option in streetwear. Add your own design to this sweatshirt through design tool on Artsadd and reflect your personality and style. \u2022\u00a0Material (garment body): 100% polyester. \u2022\u00a0Material (rib collar, cuffs and waistband): 95% cotton, 5% spandex. \u2022\u00a0Advanced printing technology, presenting &#8230; <a title=\"Perpetual Women&#8217;s Rib Cuff Crew Neck Sweatshirt (Model H34)\" class=\"read-more\" href=\"https:\/\/perpetualcharity.com\/es\/producto\/perpetual-womens-rib-cuff-crew-neck-sweatshirt-model-h34\/\" aria-label=\"Leer m\u00e1s sobre Perpetual Women&#8217;s Rib Cuff Crew Neck Sweatshirt (Model H34)\">Leer m\u00e1s<\/a><\/p>","protected":false},"featured_media":11256,"template":"","meta":{"wds_primary_product_cat":0},"product_cat":[39],"product_tag":[],"_links":{"self":[{"href":"https:\/\/perpetualcharity.com\/es\/wp-json\/wp\/v2\/product\/11260"}],"collection":[{"href":"https:\/\/perpetualcharity.com\/es\/wp-json\/wp\/v2\/product"}],"about":[{"href":"https:\/\/perpetualcharity.com\/es\/wp-json\/wp\/v2\/types\/product"}],"wp:featuredmedia":[{"embeddable":true,"href":"https:\/\/perpetualcharity.com\/es\/wp-json\/wp\/v2\/media\/11256"}],"wp:attachment":[{"href":"https:\/\/perpetualcharity.com\/es\/wp-json\/wp\/v2\/media?parent=11260"}],"wp:term":[{"taxonomy":"product_cat","embeddable":true,"href":"https:\/\/perpetualcharity.com\/es\/wp-json\/wp\/v2\/product_cat?post=11260"},{"taxonomy":"product_tag","embeddable":true,"href":"https:\/\/perpetualcharity.com\/es\/wp-json\/wp\/v2\/product_tag?post=11260"}],"curies":[{"name":"wp","href":"https:\/\/api.w.org\/{rel}","templated":true}]}}