{"id":11269,"date":"2020-06-28T16:13:52","date_gmt":"2020-06-28T16:13:52","guid":{"rendered":"https:\/\/perpetualcharity.com\/?post_type=product&#038;p=11269"},"modified":"2020-06-28T16:16:15","modified_gmt":"2020-06-28T16:16:15","slug":"perpetual-all-over-print-hoodie-for-kid-usa-size-model-h13","status":"publish","type":"product","link":"https:\/\/perpetualcharity.com\/es\/producto\/perpetual-all-over-print-hoodie-for-kid-usa-size-model-h13\/","title":{"rendered":"Sudadera con capucha Perpetua con estampado en todo el cuerpo para ni\u00f1os (Tama\u00f1o EE.UU.) (Modelo H13)"},"content":{"rendered":"<p><span style=\"color: #000000; font-family: Arial; font-size: 14px; text-align: center; background-color: #ffffff;\">*496g\/m2 (17,71 onzas por yarda cuadrada). Poli\u00e9ster 94%, Spandex 6%, s\u00faper suave.<br \/>\n*Sudadera con capucha de corte cl\u00e1sico personalizada para ni\u00f1os, c\u00f3moda y con estilo.<br \/>\n*Caracter\u00edsticas pronunciadas en los pu\u00f1os de las mangas, el dobladillo de la cintura prominente y los flecos de los bolsillos canguro.<br \/>\n*Colores y hombros con forma para la comodidad y el estilo.<br \/>\n*Tallas: XXXS, XXS, XS, S, M, L. Calcule su talla a partir de la tabla de medidas de abajo, por favor.<br \/>\n*Consejo de dise\u00f1o: Para asegurar la m\u00e1s alta calidad de impresi\u00f3n, tenga en cuenta que el tama\u00f1o de la imagen cargada recomendada de este producto es en p\u00edxeles (ancho x alto):<br \/>\nfrente: 3747 x 4424 o m\u00e1s;<br \/>\n...de vuelta: 3747 x 4410 o m\u00e1s;<br \/>\nmanga (izquierda): 3018 x 3922 o superior;<br \/>\nmanga (derecha): 3018 x 3922 o superior;<br \/>\nsombrero(1): 1899 x 2410 o m\u00e1s;<br \/>\nhart(2): 1899 x 2410 o m\u00e1s.<\/span><\/p>\n<p><span style=\"font-size: 16px; color: #000000;\"><strong>Medici\u00f3n de la ropa<\/strong><\/span><span style=\"color: #000000; font-size: 16px;\"><strong>:<\/strong><\/span><br \/>\n<img decoding=\"async\" data-src=\"http:\/\/img.artsadd.com\/data\/product\/643\/info\/image\/20170405\/B054653F6D154B16166BC257042E65D8.png\" alt=\"\" src=\"data:image\/gif;base64,R0lGODlhAQABAAAAACH5BAEKAAEALAAAAAABAAEAAAICTAEAOw==\" class=\"lazyload\" \/><noscript><img decoding=\"async\" src=\"http:\/\/img.artsadd.com\/data\/product\/643\/info\/image\/20170405\/B054653F6D154B16166BC257042E65D8.png\" alt=\"\" \/><\/noscript><\/p>","protected":false},"excerpt":{"rendered":"<p>*496g\/m2 (17.71 oz per sq yd). Polyester 94%, Spandex 6%, super soft. *Personalized classic-cut hoodie for kids, comfortable and stylish. *Features pronounced sleeve cuffs, prominent waistband hem and kangaroo pocket fringes. *Taped neck and shoulders for comfort and style. *Sizes: XXXS, XXS, XS, S, M, L. Calculate your size from the measurement chart below please. &#8230; <a title=\"Sudadera con capucha Perpetua con estampado en todo el cuerpo para ni\u00f1os (Tama\u00f1o EE.UU.) (Modelo H13)\" class=\"read-more\" href=\"https:\/\/perpetualcharity.com\/es\/producto\/perpetual-all-over-print-hoodie-for-kid-usa-size-model-h13\/\" aria-label=\"Leer m\u00e1s sobre Perpetual All Over Print Hoodie for Kid (USA Size) (Model H13)\">Leer m\u00e1s<\/a><\/p>","protected":false},"featured_media":11267,"template":"","meta":{"wds_primary_product_cat":0},"product_cat":[39],"product_tag":[],"_links":{"self":[{"href":"https:\/\/perpetualcharity.com\/es\/wp-json\/wp\/v2\/product\/11269"}],"collection":[{"href":"https:\/\/perpetualcharity.com\/es\/wp-json\/wp\/v2\/product"}],"about":[{"href":"https:\/\/perpetualcharity.com\/es\/wp-json\/wp\/v2\/types\/product"}],"wp:featuredmedia":[{"embeddable":true,"href":"https:\/\/perpetualcharity.com\/es\/wp-json\/wp\/v2\/media\/11267"}],"wp:attachment":[{"href":"https:\/\/perpetualcharity.com\/es\/wp-json\/wp\/v2\/media?parent=11269"}],"wp:term":[{"taxonomy":"product_cat","embeddable":true,"href":"https:\/\/perpetualcharity.com\/es\/wp-json\/wp\/v2\/product_cat?post=11269"},{"taxonomy":"product_tag","embeddable":true,"href":"https:\/\/perpetualcharity.com\/es\/wp-json\/wp\/v2\/product_tag?post=11269"}],"curies":[{"name":"wp","href":"https:\/\/api.w.org\/{rel}","templated":true}]}}