{"id":11280,"date":"2020-06-28T16:17:19","date_gmt":"2020-06-28T16:17:19","guid":{"rendered":"https:\/\/perpetualcharity.com\/?post_type=product&#038;p=11280"},"modified":"2020-06-28T16:19:28","modified_gmt":"2020-06-28T16:19:28","slug":"perpetual-dad-cap-2","status":"publish","type":"product","link":"https:\/\/perpetualcharity.com\/es\/producto\/perpetual-dad-cap-2\/","title":{"rendered":"Gorra de padre perpetuo"},"content":{"rendered":"<p><span style=\"color: #000000; font-family: Arial; font-size: 14px; text-align: center; background-color: #ffffff;\">- 4.23 Oz. Hecho de algod\u00f3n de primera calidad.<br \/>\n- Correa de velcro ajustable, apta para todas las tallas de cabeza.<br \/>\n- Moda y unisex, perfecto para el uso diario.<br \/>\n- Por favor, l\u00e1velo suavemente a mano para mantener su forma.<br \/>\n- Ala curva, 6 paneles con 6 ojales de ventilaci\u00f3n bordados.<br \/>\n<span style=\"color: #e53333;\">-\u2022 <\/span>Etiqueta del logo <span style=\"color: #e53333;\"><strong>no puede<\/strong><\/span> se a\u00f1adir\u00e1 a este producto.<br \/>\n- Consejo de dise\u00f1o: Para asegurar la m\u00e1s alta calidad de impresi\u00f3n, tenga en cuenta que el tama\u00f1o de la imagen cargada recomendada para este producto es en p\u00edxeles (ancho x alto):<br \/>\n1095 x 730 o m\u00e1s<\/span><\/p>","protected":false},"excerpt":{"rendered":"<p>\u2022 4.23 Oz. Made from premium cotton. \u2022 Adjustable velcro strap, fit for All Head Sizes. \u2022 Fashion and unisex, perfect for daily wear. \u2022 Please wash it gently by hand for keeping its shape. \u2022 Curved brim, 6 Panels with 6 embroidered ventilation eyelets. \u2022 Logo Tag cannot be added to this product. \u2022 &#8230; <a title=\"Gorra de padre perpetuo\" class=\"read-more\" href=\"https:\/\/perpetualcharity.com\/es\/producto\/perpetual-dad-cap-2\/\" aria-label=\"Leer m\u00e1s sobre Perpetual Dad Cap\">Leer m\u00e1s<\/a><\/p>","protected":false},"featured_media":11276,"template":"","meta":{"wds_primary_product_cat":0},"product_cat":[39],"product_tag":[],"_links":{"self":[{"href":"https:\/\/perpetualcharity.com\/es\/wp-json\/wp\/v2\/product\/11280"}],"collection":[{"href":"https:\/\/perpetualcharity.com\/es\/wp-json\/wp\/v2\/product"}],"about":[{"href":"https:\/\/perpetualcharity.com\/es\/wp-json\/wp\/v2\/types\/product"}],"wp:featuredmedia":[{"embeddable":true,"href":"https:\/\/perpetualcharity.com\/es\/wp-json\/wp\/v2\/media\/11276"}],"wp:attachment":[{"href":"https:\/\/perpetualcharity.com\/es\/wp-json\/wp\/v2\/media?parent=11280"}],"wp:term":[{"taxonomy":"product_cat","embeddable":true,"href":"https:\/\/perpetualcharity.com\/es\/wp-json\/wp\/v2\/product_cat?post=11280"},{"taxonomy":"product_tag","embeddable":true,"href":"https:\/\/perpetualcharity.com\/es\/wp-json\/wp\/v2\/product_tag?post=11280"}],"curies":[{"name":"wp","href":"https:\/\/api.w.org\/{rel}","templated":true}]}}