{"id":11397,"date":"2020-07-06T14:00:21","date_gmt":"2020-07-06T14:00:21","guid":{"rendered":"https:\/\/perpetualcharity.com\/?page_id=11397"},"modified":"2020-07-07T07:17:44","modified_gmt":"2020-07-07T07:17:44","slug":"global-ambassador-club","status":"publish","type":"page","link":"https:\/\/perpetualcharity.com\/fr\/global-ambassador-club\/","title":{"rendered":"Club des ambassadeurs mondiaux"},"content":{"rendered":"<div class=\"wp-block-toolset-blocks-container tb-container alignfull\" data-toolset-blocks-container=\"43322b49b48bdf8282ba32b46ebed958\"><div class=\"wp-block-image\">\n<figure class=\"tb-image tb-image-media aligncenter\" data-toolset-blocks-image=\"79ff37dc66fb014f8154a8e796cdf13b\"><img decoding=\"async\" data-src=\"https:\/\/perpetualcharity.com\/wp-content\/uploads\/TwentyTwo-300x194.jpg\" alt=\"\" class=\"wp-image-11516 lazyload\" src=\"data:image\/gif;base64,R0lGODlhAQABAAAAACH5BAEKAAEALAAAAAABAAEAAAICTAEAOw==\" \/><noscript><img decoding=\"async\" src=\"https:\/\/perpetualcharity.com\/wp-content\/uploads\/TwentyTwo-300x194.jpg\" alt=\"\" class=\"wp-image-11516\"\/><\/noscript><\/figure>\n<\/div><\/div>\n\n\n\n<div class=\"wp-block-toolset-blocks-container tb-container\" data-toolset-blocks-container=\"a0447f2684efa9e626c4ccd0ca70212c\">\n<div class=\"wp-block-toolset-blocks-grid tb-grid\" data-toolset-blocks-grid=\"452991e9bd8842455bffd1af3d03e6ee\">\n<div class=\"wp-block-toolset-blocks-grid-column tb-grid-column tb-grid-align-top\" data-toolset-blocks-grid-column=\"3034fbe886c11054e95b46b09d3e4112\">\n<figure class=\"wp-block-image tb-image tb-image-media\" data-toolset-blocks-image=\"7d4c4cac80e5b1c39fa677d1df280769\"><img decoding=\"async\" data-src=\"https:\/\/perpetualcharity.com\/wp-content\/uploads\/Certified-seal-Version2-300x300.png\" alt=\"\" class=\"wp-image-11384 lazyload\" src=\"data:image\/gif;base64,R0lGODlhAQABAAAAACH5BAEKAAEALAAAAAABAAEAAAICTAEAOw==\" \/><noscript><img decoding=\"async\" src=\"https:\/\/perpetualcharity.com\/wp-content\/uploads\/Certified-seal-Version2-300x300.png\" alt=\"\" class=\"wp-image-11384\"\/><\/noscript><\/figure>\n<\/div>\n\n\n\n<div class=\"wp-block-toolset-blocks-grid-column tb-grid-column tb-grid-align-top\" data-toolset-blocks-grid-column=\"3034fbe886c11054e95b46b09d3e4112\">\n<h2 class=\"tb-heading\" data-toolset-blocks-heading=\"3a94a5f5ac99f0c5642cb0af3ba9a028\">Le Club mondial des ambassadeurs<\/h2>\n\n\n\n<div class=\"tb-fields-and-text\" data-toolset-blocks-fields-and-text=\"3e1d2592ce20bdf2bf813c9dfa44c991\"><div id=\"comp-kc94xjj1\" class=\"txtNew\" data-packed=\"true\" data-vertical-text=\"false\">\n  <h4 class=\"font_4\"><span style=\"font-size: inherit;\">Notre Club des ambassadeurs mondiaux (GAC) est un club priv\u00e9 exclusif qui r\u00e9unit les cadres d'entreprises les plus intelligents et les plus riches du monde, des c\u00e9l\u00e9brit\u00e9s, des dirigeants mondiaux et m\u00eame le grand public.  Pour \u00eatre invit\u00e9 \u00e0 faire partie de ce club d'\u00e9lite, vous devez \u00eatre actionnaire de PCC et \u00eatre passionn\u00e9 par l'avenir de notre monde fragile.&nbsp;<\/span><\/h4>\n<\/div><\/div>\n<\/div>\n<\/div>\n<\/div>\n\n\n<div class=\"wp-block-image\">\n<figure class=\"tb-image tb-image-media aligncenter\" data-toolset-blocks-image=\"66d7411468801cf07af963b5096afb5a\"><img decoding=\"async\" data-src=\"https:\/\/perpetualcharity.com\/wp-content\/uploads\/PCC-HD26-scaled.jpg\" alt=\"\" class=\"wp-image-11402 lazyload\" src=\"data:image\/gif;base64,R0lGODlhAQABAAAAACH5BAEKAAEALAAAAAABAAEAAAICTAEAOw==\" \/><noscript><img decoding=\"async\" src=\"https:\/\/perpetualcharity.com\/wp-content\/uploads\/PCC-HD26-scaled.jpg\" alt=\"\" class=\"wp-image-11402\"\/><\/noscript><\/figure>\n<\/div>\n\n<div class=\"wp-block-image\">\n<figure class=\"tb-image tb-image-media aligncenter\" data-toolset-blocks-image=\"da5fde74a8e07bdc3079b218597f6bb4\"><img decoding=\"async\" data-src=\"https:\/\/perpetualcharity.com\/wp-content\/uploads\/PCC20HD27_edited-scaled.jpg\" alt=\"\" class=\"wp-image-11405 lazyload\" src=\"data:image\/gif;base64,R0lGODlhAQABAAAAACH5BAEKAAEALAAAAAABAAEAAAICTAEAOw==\" \/><noscript><img decoding=\"async\" src=\"https:\/\/perpetualcharity.com\/wp-content\/uploads\/PCC20HD27_edited-scaled.jpg\" alt=\"\" class=\"wp-image-11405\"\/><\/noscript><\/figure>\n<\/div>","protected":false},"excerpt":{"rendered":"","protected":false},"author":1,"featured_media":0,"parent":0,"menu_order":0,"comment_status":"closed","ping_status":"closed","template":"","meta":{"footnotes":""},"_links":{"self":[{"href":"https:\/\/perpetualcharity.com\/fr\/wp-json\/wp\/v2\/pages\/11397"}],"collection":[{"href":"https:\/\/perpetualcharity.com\/fr\/wp-json\/wp\/v2\/pages"}],"about":[{"href":"https:\/\/perpetualcharity.com\/fr\/wp-json\/wp\/v2\/types\/page"}],"author":[{"embeddable":true,"href":"https:\/\/perpetualcharity.com\/fr\/wp-json\/wp\/v2\/users\/1"}],"replies":[{"embeddable":true,"href":"https:\/\/perpetualcharity.com\/fr\/wp-json\/wp\/v2\/comments?post=11397"}],"version-history":[{"count":0,"href":"https:\/\/perpetualcharity.com\/fr\/wp-json\/wp\/v2\/pages\/11397\/revisions"}],"wp:attachment":[{"href":"https:\/\/perpetualcharity.com\/fr\/wp-json\/wp\/v2\/media?parent=11397"}],"curies":[{"name":"wp","href":"https:\/\/api.w.org\/{rel}","templated":true}]}}