{"id":11408,"date":"2020-07-06T14:11:07","date_gmt":"2020-07-06T14:11:07","guid":{"rendered":"https:\/\/perpetualcharity.com\/?page_id=11408"},"modified":"2020-07-07T06:54:25","modified_gmt":"2020-07-07T06:54:25","slug":"solution-step-1-glocs","status":"publish","type":"page","link":"https:\/\/perpetualcharity.com\/fr\/solution-step-1-glocs\/","title":{"rendered":"\u00c9tape de solution #1 : GLOCs"},"content":{"rendered":"<div class=\"tb-fields-and-text\" data-toolset-blocks-fields-and-text=\"3e1d2592ce20bdf2bf813c9dfa44c991\"><p class=\"font_8\" style=\"text-align: center;\">Cr\u00e9er une soci\u00e9t\u00e9 \u00e0 but lucratif et \u00e0 capital durable<\/p>\n<p class=\"font_8\" style=\"text-align: center;\">qui s'engage \u00e0 donner une partie de ses b\u00e9n\u00e9fices annuels<\/p>\n<p class=\"font_8\" style=\"text-align: center;\">Pour financer des solutions durables aux probl\u00e8mes mondiaux.<\/p>\n<p class=\"font_8\" style=\"text-align: center;\">&nbsp;<\/p>\n<p class=\"font_8\" style=\"text-align: center;\">La Perpetual Charity Corporation (PCC) est une telle soci\u00e9t\u00e9.&nbsp;<\/p>\n<p class=\"font_8\" style=\"text-align: center;\">Nous reverserons chaque ann\u00e9e une partie de nos b\u00e9n\u00e9fices pour financer des causes mondiales,<\/p>\n<p class=\"font_8\" style=\"text-align: center;\">et encourager d'autres entreprises mondiales \u00e0 suivre notre exemple.  C'est pourquoi nous avons form\u00e9 le<\/p>\n<p class=\"font_8\" style=\"text-align: center;\">Global League of Corporate Sponsorship, et PCC est son premier membre.<\/p><\/div>\n\n\n<div class=\"wp-block-image\">\n<figure class=\"tb-image tb-image-media aligncenter\" data-toolset-blocks-image=\"b0eb7aea018fdb37b8682b014abd0dd6\"><img decoding=\"async\" data-src=\"https:\/\/perpetualcharity.com\/wp-content\/uploads\/GLCS-logo-300x264.png\" alt=\"\" class=\"wp-image-11387 lazyload\" src=\"data:image\/gif;base64,R0lGODlhAQABAAAAACH5BAEKAAEALAAAAAABAAEAAAICTAEAOw==\" \/><noscript><img decoding=\"async\" src=\"https:\/\/perpetualcharity.com\/wp-content\/uploads\/GLCS-logo-300x264.png\" alt=\"\" class=\"wp-image-11387\"\/><\/noscript><\/figure>\n<\/div>\n\n\n<h2 class=\"tb-heading\" data-toolset-blocks-heading=\"5ffd41c22e04344bb68303aec8edd14e\">Une soci\u00e9t\u00e9 de capital-risque durable qui finance des solutions durables aux probl\u00e8mes mondiaux<\/h2>\n\n\n<div class=\"wp-block-image\">\n<figure class=\"tb-image tb-image-media aligncenter\" data-toolset-blocks-image=\"eda6d1cd0f13b66877aa63a505bb2ae7\"><img decoding=\"async\" data-src=\"https:\/\/perpetualcharity.com\/wp-content\/uploads\/STEP-1-OVERVIEW-scaled.jpg\" alt=\"\" class=\"wp-image-11388 lazyload\" src=\"data:image\/gif;base64,R0lGODlhAQABAAAAACH5BAEKAAEALAAAAAABAAEAAAICTAEAOw==\" \/><noscript><img decoding=\"async\" src=\"https:\/\/perpetualcharity.com\/wp-content\/uploads\/STEP-1-OVERVIEW-scaled.jpg\" alt=\"\" class=\"wp-image-11388\"\/><\/noscript><\/figure>\n<\/div>\n\n\n<div class=\"tb-button\" data-toolset-blocks-button=\"a0395619254c441fb85f22a18093a0f0\"><a class=\"tb-button__link\" href=\"https:\/\/perpetualcharity.com\/fr\/solution-step-2-gcc-gloc\/\"><i class=\"tb-button__icon\"><\/i><span class=\"tb-button__content\">En savoir plus sur le PPC !<\/span><\/a><\/div>","protected":false},"excerpt":{"rendered":"","protected":false},"author":1,"featured_media":0,"parent":0,"menu_order":0,"comment_status":"closed","ping_status":"closed","template":"","meta":{"footnotes":""},"_links":{"self":[{"href":"https:\/\/perpetualcharity.com\/fr\/wp-json\/wp\/v2\/pages\/11408"}],"collection":[{"href":"https:\/\/perpetualcharity.com\/fr\/wp-json\/wp\/v2\/pages"}],"about":[{"href":"https:\/\/perpetualcharity.com\/fr\/wp-json\/wp\/v2\/types\/page"}],"author":[{"embeddable":true,"href":"https:\/\/perpetualcharity.com\/fr\/wp-json\/wp\/v2\/users\/1"}],"replies":[{"embeddable":true,"href":"https:\/\/perpetualcharity.com\/fr\/wp-json\/wp\/v2\/comments?post=11408"}],"version-history":[{"count":0,"href":"https:\/\/perpetualcharity.com\/fr\/wp-json\/wp\/v2\/pages\/11408\/revisions"}],"wp:attachment":[{"href":"https:\/\/perpetualcharity.com\/fr\/wp-json\/wp\/v2\/media?parent=11408"}],"curies":[{"name":"wp","href":"https:\/\/api.w.org\/{rel}","templated":true}]}}