{"id":11422,"date":"2020-07-06T14:20:03","date_gmt":"2020-07-06T14:20:03","guid":{"rendered":"https:\/\/perpetualcharity.com\/?page_id=11422"},"modified":"2020-07-07T07:01:16","modified_gmt":"2020-07-07T07:01:16","slug":"global-certified-charities-gcc","status":"publish","type":"page","link":"https:\/\/perpetualcharity.com\/fr\/global-certified-charities-gcc\/","title":{"rendered":"Organismes de bienfaisance certifi\u00e9s (GCC)"},"content":{"rendered":"<div class=\"wp-block-toolset-blocks-container tb-container\" data-toolset-blocks-container=\"2d3560916a8cb13449ff7c80eaa73a59\">\n<div class=\"wp-block-toolset-blocks-grid tb-grid\" data-toolset-blocks-grid=\"452991e9bd8842455bffd1af3d03e6ee\">\n<div class=\"wp-block-toolset-blocks-grid-column tb-grid-column tb-grid-align-center\" data-toolset-blocks-grid-column=\"f586ff7bfe1d7317c63162ec7b7039ed\"><div class=\"wp-block-image\">\n<figure class=\"tb-image tb-image-media aligncenter\" data-toolset-blocks-image=\"b282b84e7bca53ce462701a13260a479\"><img decoding=\"async\" data-src=\"https:\/\/perpetualcharity.com\/wp-content\/uploads\/Certified-seal-Version2-300x300.png\" alt=\"\" class=\"wp-image-11384 lazyload\" src=\"data:image\/gif;base64,R0lGODlhAQABAAAAACH5BAEKAAEALAAAAAABAAEAAAICTAEAOw==\" \/><noscript><img decoding=\"async\" src=\"https:\/\/perpetualcharity.com\/wp-content\/uploads\/Certified-seal-Version2-300x300.png\" alt=\"\" class=\"wp-image-11384\"\/><\/noscript><\/figure>\n<\/div><\/div>\n\n\n\n<div class=\"wp-block-toolset-blocks-grid-column tb-grid-column tb-grid-align-bottom\" data-toolset-blocks-grid-column=\"a9477b3b2acbab5e817ae21cc6d0973e\">\n<div class=\"tb-fields-and-text\" data-toolset-blocks-fields-and-text=\"dc5c1381df5a36fdd3fcb1f1c6469632\"><p>Comme de nombreuses organisations caritatives mondiales sont d\u00e9sormais bien g\u00e9r\u00e9es, PCC analysera toutes les organisations caritatives mondiales pour voir lesquelles sont g\u00e9r\u00e9es de mani\u00e8re efficace et rentable.  Ces grandes organisations caritatives seront ensuite invit\u00e9es \u00e0 rejoindre notre club exclusif d'organisations caritatives, qui constitue la base du GLOC.  Les organisations caritatives membres chercheront \u00e0 maximiser leur impact au niveau mondial en utilisant des strat\u00e9gies commerciales strat\u00e9giques et \u00e9prouv\u00e9es, une coop\u00e9ration mondiale, la consolidation des efforts, ainsi que le mentorat et le parrainage. Les membres du Global Ambassadors' Club (GAC) et des soci\u00e9t\u00e9s de parrainage (GLOCS) encadreront et parraineront les membres de notre Global Certified Charity (GCC).<\/p><\/div>\n<\/div>\n<\/div>\n<\/div>","protected":false},"excerpt":{"rendered":"","protected":false},"author":1,"featured_media":0,"parent":0,"menu_order":0,"comment_status":"closed","ping_status":"closed","template":"","meta":{"footnotes":""},"_links":{"self":[{"href":"https:\/\/perpetualcharity.com\/fr\/wp-json\/wp\/v2\/pages\/11422"}],"collection":[{"href":"https:\/\/perpetualcharity.com\/fr\/wp-json\/wp\/v2\/pages"}],"about":[{"href":"https:\/\/perpetualcharity.com\/fr\/wp-json\/wp\/v2\/types\/page"}],"author":[{"embeddable":true,"href":"https:\/\/perpetualcharity.com\/fr\/wp-json\/wp\/v2\/users\/1"}],"replies":[{"embeddable":true,"href":"https:\/\/perpetualcharity.com\/fr\/wp-json\/wp\/v2\/comments?post=11422"}],"version-history":[{"count":0,"href":"https:\/\/perpetualcharity.com\/fr\/wp-json\/wp\/v2\/pages\/11422\/revisions"}],"wp:attachment":[{"href":"https:\/\/perpetualcharity.com\/fr\/wp-json\/wp\/v2\/media?parent=11422"}],"curies":[{"name":"wp","href":"https:\/\/api.w.org\/{rel}","templated":true}]}}