{"id":11437,"date":"2020-07-06T14:29:14","date_gmt":"2020-07-06T14:29:14","guid":{"rendered":"https:\/\/perpetualcharity.com\/?page_id=11437"},"modified":"2020-07-07T07:14:44","modified_gmt":"2020-07-07T07:14:44","slug":"global-solution-awards-and-event","status":"publish","type":"page","link":"https:\/\/perpetualcharity.com\/fr\/global-solution-awards-and-event\/","title":{"rendered":"Prix et \u00e9v\u00e9nement pour les solutions globales"},"content":{"rendered":"<div class=\"wp-block-toolset-blocks-container tb-container alignwide\" data-toolset-blocks-container=\"90a079c123e3f6b0033d9f8dbe45ec54\">\n<h2 class=\"tb-heading\" data-toolset-blocks-heading=\"5ffd41c22e04344bb68303aec8edd14e\">Les prix de la solution globale<\/h2>\n\n\n\n<h3 class=\"tb-heading\" data-toolset-blocks-heading=\"7061eed085a75373cc8bf4d9a3ab508b\">Un concours mondial d'entrepreneuriat pour r\u00e9soudre les probl\u00e8mes \u00e0 long terme de notre monde<br><\/h3>\n\n\n\n<div class=\"wp-block-toolset-blocks-grid tb-grid\" data-toolset-blocks-grid=\"3d9c399fe625e1b972f817a0680229f6\">\n<div class=\"wp-block-toolset-blocks-grid-column tb-grid-column tb-grid-align-center\" data-toolset-blocks-grid-column=\"f586ff7bfe1d7317c63162ec7b7039ed\"><div class=\"wp-block-image\">\n<figure class=\"tb-image tb-image-media aligncenter\" data-toolset-blocks-image=\"cf7aefe3b9e29e5ac2af09ffb1be2dc9\"><img decoding=\"async\" data-src=\"https:\/\/perpetualcharity.com\/wp-content\/uploads\/Certified-seal-rev2-300x300.png\" alt=\"\" class=\"wp-image-11389 lazyload\" src=\"data:image\/gif;base64,R0lGODlhAQABAAAAACH5BAEKAAEALAAAAAABAAEAAAICTAEAOw==\" \/><noscript><img decoding=\"async\" src=\"https:\/\/perpetualcharity.com\/wp-content\/uploads\/Certified-seal-rev2-300x300.png\" alt=\"\" class=\"wp-image-11389\"\/><\/noscript><\/figure>\n<\/div><\/div>\n\n\n\n<div class=\"wp-block-toolset-blocks-grid-column tb-grid-column tb-grid-align-center\" data-toolset-blocks-grid-column=\"f586ff7bfe1d7317c63162ec7b7039ed\"><div class=\"wp-block-image\">\n<figure class=\"tb-image tb-image-media aligncenter\" data-toolset-blocks-image=\"305f28d09eef52d6f805cc61ad1d27d3\"><img decoding=\"async\" data-src=\"https:\/\/perpetualcharity.com\/wp-content\/uploads\/GSA-graphic-300x239.png\" alt=\"\" class=\"wp-image-11393 lazyload\" src=\"data:image\/gif;base64,R0lGODlhAQABAAAAACH5BAEKAAEALAAAAAABAAEAAAICTAEAOw==\" \/><noscript><img decoding=\"async\" src=\"https:\/\/perpetualcharity.com\/wp-content\/uploads\/GSA-graphic-300x239.png\" alt=\"\" class=\"wp-image-11393\"\/><\/noscript><\/figure>\n<\/div>\n\n\n<p><\/p>\n<\/div>\n<\/div>\n<\/div>\n\n\n\n<h2 class=\"tb-heading\" data-toolset-blocks-heading=\"5ffd41c22e04344bb68303aec8edd14e\">La c\u00e9r\u00e9monie annuelle de remise des prix est t\u00e9l\u00e9vis\u00e9e dans le monde entier<\/h2>\n\n\n\n<h3 class=\"tb-heading\" data-toolset-blocks-heading=\"7061eed085a75373cc8bf4d9a3ab508b\">(Notre \u00e9v\u00e9nement annuel d'une semaine pour les membres du GAC)<\/h3>\n\n\n<div class=\"wp-block-image\">\n<figure class=\"tb-image tb-image-media aligncenter\" data-toolset-blocks-image=\"c725d35e46799d220ab724086f006edc\"><img decoding=\"async\" data-src=\"https:\/\/perpetualcharity.com\/wp-content\/uploads\/PCC-HD18-1024x662.jpg\" alt=\"\" class=\"wp-image-11394 lazyload\" src=\"data:image\/gif;base64,R0lGODlhAQABAAAAACH5BAEKAAEALAAAAAABAAEAAAICTAEAOw==\" \/><noscript><img decoding=\"async\" src=\"https:\/\/perpetualcharity.com\/wp-content\/uploads\/PCC-HD18-1024x662.jpg\" alt=\"\" class=\"wp-image-11394\"\/><\/noscript><\/figure>\n<\/div>\n\n\n<div class=\"wp-block-toolset-blocks-container tb-container alignfull\" data-toolset-blocks-container=\"29b996432640629468e076fa3ecd702e\"><div class=\"wp-block-image\">\n<figure class=\"tb-image tb-image-media aligncenter\" data-toolset-blocks-image=\"6e31d461a539089979996fa961cf74bb\"><img decoding=\"async\" data-src=\"https:\/\/perpetualcharity.com\/wp-content\/uploads\/Solution-Step-3-sub-1024x663.jpg\" alt=\"\" class=\"wp-image-11495 lazyload\" src=\"data:image\/gif;base64,R0lGODlhAQABAAAAACH5BAEKAAEALAAAAAABAAEAAAICTAEAOw==\" \/><noscript><img decoding=\"async\" src=\"https:\/\/perpetualcharity.com\/wp-content\/uploads\/Solution-Step-3-sub-1024x663.jpg\" alt=\"\" class=\"wp-image-11495\"\/><\/noscript><\/figure>\n<\/div><\/div>\n\n\n<div class=\"wp-block-image\">\n<figure class=\"tb-image tb-image-media aligncenter\" data-toolset-blocks-image=\"28356282149ce9d584d59f7e6fa8dbb2\"><img decoding=\"async\" data-src=\"https:\/\/perpetualcharity.com\/wp-content\/uploads\/TwentyOne-1024x663.jpg\" alt=\"\" class=\"wp-image-11517 lazyload\" src=\"data:image\/gif;base64,R0lGODlhAQABAAAAACH5BAEKAAEALAAAAAABAAEAAAICTAEAOw==\" \/><noscript><img decoding=\"async\" src=\"https:\/\/perpetualcharity.com\/wp-content\/uploads\/TwentyOne-1024x663.jpg\" alt=\"\" class=\"wp-image-11517\"\/><\/noscript><\/figure>\n<\/div>\n\n\n<div class=\"tb-button\" data-toolset-blocks-button=\"409fb66d12a364275f3953f98ff1f443\"><a class=\"tb-button__link\" href=\"https:\/\/perpetualcharity.com\/fr\/about\/\"><i class=\"tb-button__icon\"><\/i><span class=\"tb-button__content\">En savoir plus sur la PCC !<\/span><\/a><\/div>","protected":false},"excerpt":{"rendered":"","protected":false},"author":1,"featured_media":0,"parent":0,"menu_order":0,"comment_status":"closed","ping_status":"closed","template":"","meta":{"footnotes":""},"_links":{"self":[{"href":"https:\/\/perpetualcharity.com\/fr\/wp-json\/wp\/v2\/pages\/11437"}],"collection":[{"href":"https:\/\/perpetualcharity.com\/fr\/wp-json\/wp\/v2\/pages"}],"about":[{"href":"https:\/\/perpetualcharity.com\/fr\/wp-json\/wp\/v2\/types\/page"}],"author":[{"embeddable":true,"href":"https:\/\/perpetualcharity.com\/fr\/wp-json\/wp\/v2\/users\/1"}],"replies":[{"embeddable":true,"href":"https:\/\/perpetualcharity.com\/fr\/wp-json\/wp\/v2\/comments?post=11437"}],"version-history":[{"count":0,"href":"https:\/\/perpetualcharity.com\/fr\/wp-json\/wp\/v2\/pages\/11437\/revisions"}],"wp:attachment":[{"href":"https:\/\/perpetualcharity.com\/fr\/wp-json\/wp\/v2\/media?parent=11437"}],"curies":[{"name":"wp","href":"https:\/\/api.w.org\/{rel}","templated":true}]}}