{"id":11469,"date":"2020-07-07T03:53:58","date_gmt":"2020-07-07T03:53:58","guid":{"rendered":"https:\/\/perpetualcharity.com\/?page_id=11469"},"modified":"2020-07-12T20:39:50","modified_gmt":"2020-07-12T20:39:50","slug":"investors-capital-structure","status":"publish","type":"page","link":"https:\/\/perpetualcharity.com\/fr\/investors-capital-structure\/","title":{"rendered":"Structure de la soci\u00e9t\u00e9 PCC"},"content":{"rendered":"<div class=\"wp-block-toolset-blocks-grid tb-grid\" data-toolset-blocks-grid=\"6ce42870f59e5e7dc36034e9f79bd951\">\n<div class=\"wp-block-toolset-blocks-grid-column tb-grid-column tb-grid-align-top\" data-toolset-blocks-grid-column=\"3034fbe886c11054e95b46b09d3e4112\">\n<h2 class=\"tb-heading\" data-toolset-blocks-heading=\"3a94a5f5ac99f0c5642cb0af3ba9a028\">Placement priv\u00e9 de 100 millions de dollars US du PCC $<\/h2>\n\n\n\n<div class=\"tb-fields-and-text\" data-toolset-blocks-fields-and-text=\"3e1d2592ce20bdf2bf813c9dfa44c991\"><p class=\"font_2\">La PCC effectue actuellement un placement priv\u00e9 pour l'US $100M.  Pour plus d'informations, cliquez sur le lien \u00e0 droite :&nbsp;<\/p><\/div>\n<\/div>\n\n\n\n<div class=\"wp-block-toolset-blocks-grid-column tb-grid-column tb-grid-align-top\" data-toolset-blocks-grid-column=\"3034fbe886c11054e95b46b09d3e4112\">\n<div class=\"tb-button\" data-toolset-blocks-button=\"0a23b625cb30124d2b356d00bc0634a2\"><a class=\"tb-button__link\" href=\"mailto:Marc@Deschenaux.com\"><i class=\"tb-button__icon\"><\/i><span class=\"tb-button__content\">Demander plus d'informations<\/span><\/a><\/div>\n<\/div>\n\n\n\n<div class=\"wp-block-toolset-blocks-grid-column tb-grid-column tb-grid-align-top\" data-toolset-blocks-grid-column=\"3034fbe886c11054e95b46b09d3e4112\">\n<h2 class=\"tb-heading\" data-toolset-blocks-heading=\"3a94a5f5ac99f0c5642cb0af3ba9a028\">Le PCC va proc\u00e9der \u00e0 une introduction en bourse de $30 milliards de dollars US<\/h2>\n\n\n\n<div class=\"tb-fields-and-text\" data-toolset-blocks-fields-and-text=\"3e1d2592ce20bdf2bf813c9dfa44c991\"><p class=\"font_2\">Environ 12 \u00e0 18 mois apr\u00e8s notre placement priv\u00e9, PCC fera la plus grande introduction en bourse de l'histoire de Wall Street pour financer PCC et ses marques mondiales afin de contribuer \u00e0 sauver notre monde.&nbsp;<\/p><\/div>\n<\/div>\n\n\n\n<div class=\"wp-block-toolset-blocks-grid-column tb-grid-column tb-grid-align-top\" data-toolset-blocks-grid-column=\"3034fbe886c11054e95b46b09d3e4112\">\n<div class=\"tb-button\" data-toolset-blocks-button=\"06f7ab8f5626abce34ca75717ed0ad28\"><a class=\"tb-button__link\" href=\"https:\/\/perpetualcharity.com\/fr\/investors\/\"><i class=\"tb-button__icon\"><\/i><span class=\"tb-button__content\">Invit\u00e9s d'investisseurs uniquement<\/span><\/a><\/div>\n\n\n\n<p class=\"has-text-align-center\">Salle DD prot\u00e9g\u00e9e par un mot de passe<\/p>\n<\/div>\n\n\n\n<div class=\"wp-block-toolset-blocks-grid-column tb-grid-column tb-grid-align-top\" data-toolset-blocks-grid-column=\"3034fbe886c11054e95b46b09d3e4112\"><\/div>\n\n\n\n<div class=\"wp-block-toolset-blocks-grid-column tb-grid-column tb-grid-align-top\" data-toolset-blocks-grid-column=\"3034fbe886c11054e95b46b09d3e4112\"><\/div>\n\n\n\n<div class=\"wp-block-toolset-blocks-grid-column tb-grid-column tb-grid-align-top\" data-toolset-blocks-grid-column=\"3034fbe886c11054e95b46b09d3e4112\"><\/div>\n\n\n\n<div class=\"wp-block-toolset-blocks-grid-column tb-grid-column tb-grid-align-top\" data-toolset-blocks-grid-column=\"3034fbe886c11054e95b46b09d3e4112\"><\/div>\n<\/div>\n\n\n\n<div class=\"wp-block-toolset-blocks-container tb-container\" data-toolset-blocks-container=\"3d276cc8cd727d93ed4b9935d8518264\">\n<div class=\"tb-fields-and-text\" data-toolset-blocks-fields-and-text=\"3e1d2592ce20bdf2bf813c9dfa44c991\"><h4 style=\"text-align: center;\"><img fetchpriority=\"high\" decoding=\"async\" class=\"aligncenter size-full wp-image-11679\" src=\"https:\/\/perpetualcharity.com\/wp-content\/uploads\/ppc_investor_structure.jpg\" alt=\"\" width=\"363\" height=\"363\" srcset=\"https:\/\/perpetualcharity.com\/wp-content\/uploads\/ppc_investor_structure.jpg 363w, https:\/\/perpetualcharity.com\/wp-content\/uploads\/ppc_investor_structure-300x300.jpg 300w, https:\/\/perpetualcharity.com\/wp-content\/uploads\/ppc_investor_structure-150x150.jpg 150w, https:\/\/perpetualcharity.com\/wp-content\/uploads\/ppc_investor_structure-100x100.jpg 100w\" sizes=\"(max-width: 363px) 100vw, 363px\" \/><\/h4>\n<h4 style=\"color: #ffffff; text-align: center;\">Pour plus d'informations sur<br><span style=\"color: #bf9d47; font-size: 24px;\">Perpetual Charity Corporation<\/span><br>Veuillez contacter :<\/h4>\n<p>&nbsp;<\/p><\/div>\n\n\n\n<div class=\"wp-block-columns is-layout-flex wp-container-core-columns-layout-2 wp-block-columns-is-layout-flex\">\n<div class=\"wp-block-column is-vertically-aligned-top is-layout-flow wp-block-column-is-layout-flow\" style=\"flex-basis:12%\"><\/div>\n\n\n\n<div class=\"wp-block-column is-layout-flow wp-block-column-is-layout-flow\" style=\"flex-basis:76%\">\n<div class=\"wp-block-columns is-layout-flex wp-container-core-columns-layout-1 wp-block-columns-is-layout-flex\">\n<div class=\"wp-block-column is-vertically-aligned-center is-layout-flow wp-block-column-is-layout-flow\" style=\"flex-basis:21.5%\">\n<div class=\"wp-block-image is-style-default\"><figure class=\"alignleft size-large\"><img decoding=\"async\" width=\"410\" height=\"410\" data-src=\"https:\/\/perpetualcharity.com\/wp-content\/uploads\/Marc-Deschenaux-PPC.jpg\" alt=\"\" class=\"wp-image-11708 lazyload\" data-srcset=\"https:\/\/perpetualcharity.com\/wp-content\/uploads\/Marc-Deschenaux-PPC.jpg 410w, https:\/\/perpetualcharity.com\/wp-content\/uploads\/Marc-Deschenaux-PPC-300x300.jpg 300w, https:\/\/perpetualcharity.com\/wp-content\/uploads\/Marc-Deschenaux-PPC-150x150.jpg 150w, https:\/\/perpetualcharity.com\/wp-content\/uploads\/Marc-Deschenaux-PPC-100x100.jpg 100w\" data-sizes=\"(max-width: 410px) 100vw, 410px\" src=\"data:image\/gif;base64,R0lGODlhAQABAAAAACH5BAEKAAEALAAAAAABAAEAAAICTAEAOw==\" \/><noscript><img decoding=\"async\" width=\"410\" height=\"410\" src=\"https:\/\/perpetualcharity.com\/wp-content\/uploads\/Marc-Deschenaux-PPC.jpg\" alt=\"\" class=\"wp-image-11708\" srcset=\"https:\/\/perpetualcharity.com\/wp-content\/uploads\/Marc-Deschenaux-PPC.jpg 410w, https:\/\/perpetualcharity.com\/wp-content\/uploads\/Marc-Deschenaux-PPC-300x300.jpg 300w, https:\/\/perpetualcharity.com\/wp-content\/uploads\/Marc-Deschenaux-PPC-150x150.jpg 150w, https:\/\/perpetualcharity.com\/wp-content\/uploads\/Marc-Deschenaux-PPC-100x100.jpg 100w\" sizes=\"(max-width: 410px) 100vw, 410px\" \/><\/noscript><\/figure><\/div>\n\n\n\n<p><\/p>\n<\/div>\n\n\n\n<div class=\"wp-block-column is-vertically-aligned-center is-layout-flow wp-block-column-is-layout-flow\">\n<div class=\"tb-fields-and-text\" data-toolset-blocks-fields-and-text=\"3e1d2592ce20bdf2bf813c9dfa44c991\"><p style=\"color: #ffffff;\"><span style=\"color:#bf9d47; font-weight:bold;\">Adresse :<\/span> Chemin du Pommier 1, 1218 Le Grand-Saconnex, Gen\u00e8ve Suisse<br><span style=\"color:#bf9d47; font-weight:bold;\">Num\u00e9ro de t\u00e9l\u00e9phone de l'entreprise :<\/span> +41 (0) 22 510.25.00<br><span style=\"color:#bf9d47; font-weight:bold;\">Adresse du site web :<\/span> www.PerpetualCharity.com<br><span style=\"color:#bf9d47; font-weight:bold;\">Personne de contact :<\/span> Marc Deschenaux, Fondateur et PDG<br><span style=\"color:#bf9d47; font-weight:bold;\">Courrier \u00e9lectronique :<\/span> investors@perpetualcharity.com<\/p><\/div>\n\n\n\n<p><\/p>\n<\/div>\n<\/div>\n\n\n\n<div class=\"tb-fields-and-text\" data-toolset-blocks-fields-and-text=\"3e1d2592ce20bdf2bf813c9dfa44c991\"><p style=\"color: #bf9d47; text-align: justify;\">L'investisseur est averti que le plan d'affaires confidentiel de la soci\u00e9t\u00e9 et ses addenda, collectivement appel\u00e9s (le \"plan\") dat\u00e9s de 2020, contiennent certaines d\u00e9clarations prospectives au sens des dispositions \"refuge\" du Private Securities Litigation Reform Act de 1995 qui impliquent divers risques et incertitudes, y compris des d\u00e9clarations relatives aux budgets, aux d\u00e9penses et recettes pr\u00e9vues, \u00e0 la distribution des produits, aux ventes, aux commissions \u00e0 payer et \u00e0 recevoir et aux flux de tr\u00e9sorerie. Ces d\u00e9clarations pr\u00e9visionnelles sont bas\u00e9es sur les informations, les plans et les attentes actuels de la soci\u00e9t\u00e9. Les r\u00e9sultats r\u00e9els de la soci\u00e9t\u00e9 peuvent diff\u00e9rer sensiblement de ceux d\u00e9crits dans ces d\u00e9clarations pr\u00e9visionnelles en raison de divers facteurs, notamment la disponibilit\u00e9, la cl\u00f4ture, les conditions (et le calendrier) des capitaux n\u00e9cessaires, l'attraction, la r\u00e9ussite et l'int\u00e9gration de certaines acquisitions, les performances financi\u00e8res futures r\u00e9elles, les relations avec les fabricants et les clients, la dilution des futures lev\u00e9es de fonds, les engagements en mati\u00e8re de publicit\u00e9 et de marketing effectivement pris par les fournisseurs, les variations des recettes et des d\u00e9penses, la disponibilit\u00e9 et l'attrait du personnel, le succ\u00e8s de l'ex\u00e9cution de son plan strat\u00e9gique, les installations et les \u00e9quipements, les consid\u00e9rations relatives au march\u00e9, la concurrence, le moment et la survenance (ou non) des transactions, et les \u00e9v\u00e9nements pouvant \u00eatre soumis \u00e0 des circonstances ind\u00e9pendantes de la volont\u00e9 de la soci\u00e9t\u00e9 et des conditions \u00e9conomiques g\u00e9n\u00e9rales.<\/p><\/div>\n\n\n\n<p><\/p>\n<\/div>\n\n\n\n<div class=\"wp-block-column is-layout-flow wp-block-column-is-layout-flow\" style=\"flex-basis:12%\"><\/div>\n<\/div>\n\n\n\n<p><\/p>\n<\/div>","protected":false},"excerpt":{"rendered":"","protected":false},"author":1,"featured_media":0,"parent":0,"menu_order":0,"comment_status":"closed","ping_status":"closed","template":"","meta":{"footnotes":""},"_links":{"self":[{"href":"https:\/\/perpetualcharity.com\/fr\/wp-json\/wp\/v2\/pages\/11469"}],"collection":[{"href":"https:\/\/perpetualcharity.com\/fr\/wp-json\/wp\/v2\/pages"}],"about":[{"href":"https:\/\/perpetualcharity.com\/fr\/wp-json\/wp\/v2\/types\/page"}],"author":[{"embeddable":true,"href":"https:\/\/perpetualcharity.com\/fr\/wp-json\/wp\/v2\/users\/1"}],"replies":[{"embeddable":true,"href":"https:\/\/perpetualcharity.com\/fr\/wp-json\/wp\/v2\/comments?post=11469"}],"version-history":[{"count":0,"href":"https:\/\/perpetualcharity.com\/fr\/wp-json\/wp\/v2\/pages\/11469\/revisions"}],"wp:attachment":[{"href":"https:\/\/perpetualcharity.com\/fr\/wp-json\/wp\/v2\/media?parent=11469"}],"curies":[{"name":"wp","href":"https:\/\/api.w.org\/{rel}","templated":true}]}}