{"id":3,"date":"2020-05-05T13:37:41","date_gmt":"2020-05-05T13:37:41","guid":{"rendered":"https:\/\/deschenaux.me\/?page_id=3"},"modified":"2020-05-18T16:35:38","modified_gmt":"2020-05-18T16:35:38","slug":"privacy-policy","status":"publish","type":"page","link":"https:\/\/perpetualcharity.com\/fr\/privacy-policy\/","title":{"rendered":"Politique de confidentialit\u00e9"},"content":{"rendered":"<div data-elementor-type=\"wp-page\" data-elementor-id=\"3\" class=\"elementor elementor-3\" data-elementor-post-type=\"page\">\n\t\t\t\t\t\t<section class=\"elementor-section elementor-top-section elementor-element elementor-element-7d9baf5b elementor-section-boxed elementor-section-height-default elementor-section-height-default\" data-id=\"7d9baf5b\" data-element_type=\"section\">\n\t\t\t\t\t\t<div class=\"elementor-container elementor-column-gap-default\">\n\t\t\t\t\t<div class=\"elementor-column elementor-col-100 elementor-top-column elementor-element elementor-element-46b8d89f\" data-id=\"46b8d89f\" data-element_type=\"column\">\n\t\t\t<div class=\"elementor-widget-wrap elementor-element-populated\">\n\t\t\t\t\t\t<div class=\"elementor-element elementor-element-6af4a87b elementor-widget elementor-widget-text-editor\" data-id=\"6af4a87b\" data-element_type=\"widget\" data-widget_type=\"text-editor.default\">\n\t\t\t\t<div class=\"elementor-widget-container\">\n\t\t\t\t\t\t\t<p>[sitename] (\u201cus\u201d, \u201cwe\u201d, or \u201cour\u201d) is operating the said &#8220;Service&#8221; which is the following website: [site_url]<\/p><p>Cette page vous informe de nos politiques concernant la collecte, l'utilisation et la divulgation de donn\u00e9es personnelles lorsque vous utilisez notre service et des choix que vous avez associ\u00e9s \u00e0 ces donn\u00e9es.<\/p><p>We use your data to provide and improve the Service. By using the Service, you agree to the collection and use of information in accordance with this policy. Unless otherwise defined in this Privacy Policy, the terms used in this Privacy Policy have the same meanings as in our Terms and Conditions, accessible from [site_url]<\/p><p><strong>DEFINITIONS<\/strong><\/p><p><strong>Service<\/strong><\/p><p>Service is the [site_url] website operated by [sitename].<\/p><p><strong>Donn\u00e9es \u00e0 caract\u00e8re personnel<\/strong><\/p><p>Les donn\u00e9es \u00e0 caract\u00e8re personnel sont des donn\u00e9es concernant une personne vivante qui peut \u00eatre identifi\u00e9e \u00e0 partir de ces donn\u00e9es (ou \u00e0 partir de celles et d'autres informations que nous poss\u00e9dons ou que nous sommes susceptibles de poss\u00e9der).<\/p><p><strong>Donn\u00e9es d'utilisation<\/strong><\/p><p>Les donn\u00e9es d'utilisation sont des donn\u00e9es collect\u00e9es automatiquement soit par l'utilisation du service, soit par l'infrastructure du service elle-m\u00eame (par exemple, la dur\u00e9e de la visite d'une page).<\/p><p><strong>Cookies<\/strong><\/p><p>Les cookies sont de petits fichiers stock\u00e9s sur votre appareil (ordinateur ou appareil mobile).<\/p><p><strong>Contr\u00f4leur de donn\u00e9es<\/strong><\/p><p>Le contr\u00f4leur des donn\u00e9es est la personne physique ou morale qui (seule ou conjointement ou en commun avec d'autres personnes) d\u00e9termine les finalit\u00e9s et les modalit\u00e9s du traitement de toute information personnelle.<\/p><p>Aux fins de la pr\u00e9sente politique de confidentialit\u00e9, nous sommes le contr\u00f4leur de vos donn\u00e9es personnelles.<\/p><p><strong>Traitements de donn\u00e9es (ou fournisseurs de services)<\/strong><\/p><p>Processeur de donn\u00e9es (ou fournisseur de services) : toute personne physique ou morale qui traite les donn\u00e9es au nom du contr\u00f4leur de donn\u00e9es.<\/p><p>Nous pouvons utiliser les services de diff\u00e9rents prestataires de services afin de traiter vos donn\u00e9es de mani\u00e8re plus efficace.<\/p><p><strong>Utilisateur<\/strong><\/p><p>La personne concern\u00e9e est toute personne vivante qui utilise notre service et qui fait l'objet de donn\u00e9es \u00e0 caract\u00e8re personnel.<\/p><p><strong>\u00a0<\/strong><\/p><p><strong>LA COLLECTE ET L'UTILISATION DES INFORMATIONS<\/strong><\/p><p>Nous recueillons plusieurs types d'informations \u00e0 des fins diverses afin de fournir et d'am\u00e9liorer notre<\/p><p>Un service pour vous.<\/p><p><strong>\u00a0<\/strong><\/p><p><strong>Types de donn\u00e9es collect\u00e9es<\/strong><\/p><p><strong>\u00a0<\/strong><\/p><p><strong>Donn\u00e9es \u00e0 caract\u00e8re personnel<\/strong><\/p><p>Lors de l'utilisation de notre service, nous pouvons vous demander de nous fournir certaines informations personnelles qui peuvent \u00eatre utilis\u00e9es pour vous contacter ou vous identifier (\"Donn\u00e9es personnelles\"). Les informations personnelles identifiables peuvent inclure, mais ne sont pas limit\u00e9es \u00e0<\/p><p>Adresse \u00e9lectronique<\/p><p>Pr\u00e9nom et nom de famille<\/p><p>Num\u00e9ro de t\u00e9l\u00e9phone<\/p><p>Adresse, \u00c9tat, Province, Code postal, Ville<\/p><p><strong>\u00a0<\/strong><\/p><p><strong>Cookies et donn\u00e9es d'utilisation<\/strong><\/p><p>Nous pouvons utiliser vos donn\u00e9es personnelles pour vous contacter au moyen de bulletins d'information, de mat\u00e9riel de marketing ou de promotion et d'autres informations susceptibles de vous int\u00e9resser.<\/p><p>Vous pouvez choisir de ne plus recevoir une partie ou la totalit\u00e9 de ces communications en suivant le lien de d\u00e9sabonnement ou les instructions fournies dans tout courriel que nous envoyons.<\/p><p><strong>\u00a0<\/strong><\/p><p><strong>Donn\u00e9es d'utilisation<\/strong><\/p><p>Nous pouvons \u00e9galement recueillir des informations sur la mani\u00e8re dont le service est accessible et utilis\u00e9 (\"Donn\u00e9es d'utilisation\"). Ces donn\u00e9es d'utilisation peuvent inclure des informations telles que l'adresse IP de votre ordinateur, le type et la version de votre navigateur, les pages de notre service que vous visitez, l'heure et la date de votre visite, le temps pass\u00e9 sur ces pages, les identifiants uniques des appareils et d'autres donn\u00e9es de diagnostic.<\/p><p><strong>\u00a0<\/strong><\/p><p><strong>Donn\u00e9es de suivi et cookies<\/strong><\/p><p>Nous utilisons des cookies et des technologies de suivi similaires pour suivre l'activit\u00e9 sur notre service et nous d\u00e9tenons certaines informations.<\/p><p>Les cookies sont des fichiers contenant une petite quantit\u00e9 de donn\u00e9es qui peuvent inclure un identifiant unique anonyme. Les cookies sont envoy\u00e9s \u00e0 votre navigateur depuis un site web et stock\u00e9s sur votre appareil. D'autres technologies de suivi sont \u00e9galement utilis\u00e9es, telles que les balises, les tags et les scripts, pour collecter et suivre les informations et pour am\u00e9liorer et analyser notre service.<\/p><p>Vous pouvez demander \u00e0 votre navigateur de refuser tous les cookies ou d'indiquer quand un cookie est envoy\u00e9. Toutefois, si vous n'acceptez pas les cookies, vous risquez de ne pas pouvoir utiliser certaines parties de notre service.<\/p><p>Exemples de Cookies que nous utilisons :<\/p><p>Cookies de session. Nous utilisons des cookies de session pour exploiter notre service.<\/p><p>Biscuits de pr\u00e9f\u00e9rence. Nous utilisons les cookies de pr\u00e9f\u00e9rence pour m\u00e9moriser vos pr\u00e9f\u00e9rences et divers param\u00e8tres.<\/p><p>Cookies de s\u00e9curit\u00e9. Nous utilisons les cookies de s\u00e9curit\u00e9 \u00e0 des fins de s\u00e9curit\u00e9.<\/p><p><strong>\u00a0<\/strong><\/p><p><strong>Utilisation des donn\u00e9es<\/strong><\/p><p>[sitename] uses the collected data for various purposes:<\/p><ul><li>Fournir et maintenir notre service<\/li><li>Pour vous informer des modifications apport\u00e9es \u00e0 notre service<\/li><li>Pour vous permettre de participer aux fonctions interactives de notre service lorsque vous le souhaitez<\/li><li>Fournir une assistance \u00e0 la client\u00e8le<\/li><li>Rassembler des analyses ou des informations utiles pour am\u00e9liorer notre service<\/li><li>Pour contr\u00f4ler l'utilisation de notre service<\/li><li>D\u00e9tecter, pr\u00e9venir et traiter les probl\u00e8mes techniques<\/li><li>vous fournir des nouvelles, des offres sp\u00e9ciales et des informations g\u00e9n\u00e9rales sur d'autres biens, services et \u00e9v\u00e9nements que nous proposons et qui sont similaires \u00e0 ceux que vous avez d\u00e9j\u00e0 achet\u00e9s ou demand\u00e9s, \u00e0 moins que vous n'ayez choisi de ne pas recevoir ces informations<\/li><\/ul><p><strong>\u00a0<\/strong><\/p><p><strong>Base juridique pour le traitement des donn\u00e9es \u00e0 caract\u00e8re personnel en vertu du r\u00e8glement g\u00e9n\u00e9ral sur la protection des donn\u00e9es (RPD)<\/strong><\/p><p>If you are from the European Economic Area (EEA), [sitename] legal basis for collecting and using the personal information described in this Privacy Policy depends on the Personal Data we collect and the specific context in which we collect it.<\/p><p>[sitename] may process your Personal Data because:<\/p><ul><li>Nous devons ex\u00e9cuter un contrat avec vous<\/li><li>Vous nous avez donn\u00e9 l'autorisation de le faire<\/li><li>Le traitement est effectu\u00e9 dans notre int\u00e9r\u00eat l\u00e9gitime et vos droits ne l'emportent pas sur celui-ci<\/li><li>Pour le traitement des paiements<\/li><li>Pour se conformer \u00e0 la loi<\/li><\/ul><p><strong>\u00a0<\/strong><\/p><p><strong>Conservation des donn\u00e9es<\/strong><\/p><p>[sitename] will retain your Personal Data only for as long as is necessary for the purposes set out in this Privacy Policy. We will retain and use your Personal Data to the extent necessary to comply with our legal obligations (for example, if we are required to retain your data to comply with applicable laws), resolve disputes and enforce our legal agreements and policies.<\/p><p>[sitename] WITHOUT BORDERS FEDERATION will also retain Usage Data for internal analysis purposes. Usage Data is generally retained for a shorter period of time, except when this data is used to strengthen the security or to improve the functionality of our service, or we are legally obligated to retain this data for longer periods.<\/p><p><strong>\u00a0<\/strong><\/p><p><strong>Transfert de donn\u00e9es<\/strong><\/p><p>Vos informations, y compris les donn\u00e9es personnelles, peuvent \u00eatre transf\u00e9r\u00e9es vers - et conserv\u00e9es sur - des ordinateurs situ\u00e9s en dehors de votre \u00c9tat, province, pays ou autre juridiction gouvernementale o\u00f9 les lois sur la protection des donn\u00e9es peuvent diff\u00e9rer de celles de votre juridiction.<\/p><p>Si vous \u00eates situ\u00e9 hors de Suisse et que vous choisissez de nous fournir des informations, veuillez noter que nous transf\u00e9rons les donn\u00e9es, y compris les donn\u00e9es personnelles, en Suisse et que nous les traitons dans ce pays.<\/p><p>Votre consentement \u00e0 la pr\u00e9sente politique de confidentialit\u00e9, suivi de la communication de ces informations, repr\u00e9sente votre accord \u00e0 ce transfert.<\/p><p>[sitename] will take all the steps reasonably necessary to ensure that your data is treated securely and in accordance with this Privacy Policy and no transfer of your Personal Data will take place to an organization or a country unless there are adequate controls in place including the security of your data and other personal information.<\/p><p><strong>\u00a0<\/strong><\/p><p><strong>Divulgation des donn\u00e9es<\/strong><\/p><p><strong>\u00a0<\/strong><\/p><p><strong>Transaction commerciale<\/strong><\/p><p>If [sitename] is involved in a merger, acquisition or asset sale, your Personal Data may be transferred. We will provide notice before your Personal Data is transferred and becomes subject to a different Privacy Policy.<\/p><p><strong>\u00a0<\/strong><\/p><p><strong>Divulgation pour les services r\u00e9pressifs<\/strong><\/p><p>Under certain circumstances, [sitename] may be required to disclose your Personal Data if required to do so by law or in response<\/p><p>aux demandes valables des autorit\u00e9s publiques (par exemple, un tribunal ou une agence gouvernementale).<\/p><p><strong>\u00a0<\/strong><\/p><p><strong>Exigences l\u00e9gales<\/strong><\/p><p>[sitename] may disclose your Personal Data in the good faith belief that such action is necessary to:<\/p><ul><li>Pour se conformer \u00e0 une obligation l\u00e9gale<\/li><li>To protect and defend the rights or property of [sitename]<\/li><li>Pr\u00e9venir ou enqu\u00eater sur d'\u00e9ventuels actes r\u00e9pr\u00e9hensibles en rapport avec le Service<\/li><li>Pour prot\u00e9ger la s\u00e9curit\u00e9 personnelle des utilisateurs du service ou du public<\/li><li>Pour se prot\u00e9ger contre la responsabilit\u00e9 juridique<\/li><\/ul><p><strong>\u00a0<\/strong><\/p><p><strong>S\u00e9curit\u00e9 des donn\u00e9es<\/strong><\/p><p>La s\u00e9curit\u00e9 de vos donn\u00e9es est importante pour nous, mais n'oubliez pas qu'aucune m\u00e9thode de transmission sur Internet ou de stockage \u00e9lectronique n'est s\u00fbre \u00e0 100%. Bien que nous nous efforcions d'utiliser des moyens commercialement acceptables pour prot\u00e9ger vos donn\u00e9es personnelles, nous ne pouvons pas garantir leur s\u00e9curit\u00e9 absolue.<\/p><p>Notre politique sur les signaux \"Ne pas suivre\" dans le cadre de la loi californienne sur la protection en ligne (CalOPPA)<\/p><p>Nous ne soutenons pas l'initiative \"Ne pas suivre\" (\"DNT\"). Ne pas suivre est une pr\u00e9f\u00e9rence que vous pouvez d\u00e9finir dans votre navigateur web pour informer les sites web que vous ne voulez pas \u00eatre suivi. Vous pouvez activer ou d\u00e9sactiver la fonction \"Ne pas suivre\" en vous rendant sur la page des pr\u00e9f\u00e9rences ou des param\u00e8tres de votre navigateur.<\/p><p><strong>\u00a0<\/strong><\/p><p><strong>Vos droits en mati\u00e8re de protection des donn\u00e9es en vertu du r\u00e8glement g\u00e9n\u00e9ral sur la protection des donn\u00e9es (RGDP)<\/strong><\/p><p>If you are a resident of the European Economic Area (EEA), you have certain data protection rights. [sitename] aims to take reasonable steps to allow you to correct, amend, delete or limit the use of your Personal Data.<\/p><p>Si vous souhaitez \u00eatre inform\u00e9 des donn\u00e9es personnelles que nous d\u00e9tenons \u00e0 votre sujet et si vous souhaitez qu'elles soient supprim\u00e9es de nos syst\u00e8mes, veuillez nous contacter.<\/p><p>Dans certaines circonstances, vous disposez des droits suivants en mati\u00e8re de protection des donn\u00e9es :<\/p><p>Le droit d'acc\u00e9der, de mettre \u00e0 jour ou de supprimer les informations que nous d\u00e9tenons sur vous. Dans la mesure du possible, vous pouvez acc\u00e9der, mettre \u00e0 jour ou demander la suppression de vos donn\u00e9es personnelles directement dans la section des param\u00e8tres de votre compte. Si vous n'\u00eates pas en mesure d'effectuer ces actions vous-m\u00eame, veuillez nous contacter pour vous aider.<\/p><p>Le droit de rectification. Vous avez le droit de faire rectifier vos informations si celles-ci sont inexactes ou incompl\u00e8tes.<\/p><p>Le droit d'objection. Vous avez le droit de vous opposer au traitement de vos donn\u00e9es \u00e0 caract\u00e8re personnel.<\/p><p>Le droit de restriction. Vous avez le droit de nous demander de restreindre le traitement de vos informations personnelles.<\/p><p>Le droit \u00e0 la portabilit\u00e9 des donn\u00e9es. Vous avez le droit de recevoir une copie des informations que nous avons sur vous dans un format structur\u00e9, lisible par machine et couramment utilis\u00e9.<\/p><p>The right to withdraw consent. You also have the right to withdraw your consent at any time where [sitename] relied on your consent to process your personal information.<\/p><p>Veuillez noter que nous pouvons vous demander de v\u00e9rifier votre identit\u00e9 avant de r\u00e9pondre \u00e0 ces demandes.<\/p><p>Vous avez le droit de vous plaindre aupr\u00e8s d'une autorit\u00e9 de protection des donn\u00e9es concernant la collecte et l'utilisation de vos donn\u00e9es personnelles. Pour plus d'informations, veuillez contacter votre autorit\u00e9 locale de protection des donn\u00e9es dans l'Espace \u00e9conomique europ\u00e9en (EEE).<\/p><p><strong>\u00a0<\/strong><\/p><p><strong>Transaction commerciale<\/strong><\/p><p>If [sitename] is involved in a merger, acquisition or asset sale, your Personal Data may be transferred. We will provide notice before your Personal Data is transferred and becomes subject to a different Privacy Policy.<\/p><p><strong>\u00a0<\/strong><\/p><p><strong>Divulgation pour les services r\u00e9pressifs<\/strong><\/p><p>Under certain circumstances, [sitename] may be required to disclose your Personal Data if required to do so by law or in response<\/p><p>aux demandes valables des autorit\u00e9s publiques (par exemple, un tribunal ou une agence gouvernementale).<\/p><p><strong>\u00a0<\/strong><\/p><p><strong>LES PRESTATAIRES DE SERVICES<\/strong><\/p><p>Nous pouvons employer des soci\u00e9t\u00e9s et des individus tiers pour faciliter notre service (\"fournisseurs de services\"), fournir le service en notre nom, effectuer des services li\u00e9s au service ou nous aider \u00e0 analyser la mani\u00e8re dont notre service est utilis\u00e9.<\/p><p>Ces tiers ont acc\u00e8s \u00e0 vos donn\u00e9es personnelles uniquement pour effectuer ces t\u00e2ches en notre nom et sont tenus de ne pas les divulguer ou les utiliser \u00e0 d'autres fins.<\/p><p><strong>\u00a0<\/strong><\/p><p><strong>ANALYTIQUE<\/strong><\/p><p>Nous pouvons faire appel \u00e0 des fournisseurs de services tiers pour surveiller et analyser l'utilisation de notre service.<\/p><p><strong>Google Analytics<\/strong><\/p><p>Google Analytics est un service d'analyse web propos\u00e9 par Google qui suit et signale le trafic sur les sites web. Google utilise les donn\u00e9es collect\u00e9es pour suivre et contr\u00f4ler l'utilisation de notre service. Ces donn\u00e9es sont partag\u00e9es avec d'autres services de Google. Google peut utiliser les donn\u00e9es collect\u00e9es pour contextualiser et personnaliser les annonces de son propre r\u00e9seau publicitaire. Vous pouvez refuser que votre activit\u00e9 sur le Service soit mise \u00e0 la disposition de Google Analytics en installant le module compl\u00e9mentaire du navigateur de refus de Google Analytics. Ce module compl\u00e9mentaire emp\u00eache le JavaScript de Google Analytics (ga.js, analytics.js et dc.js) de partager des informations avec Google Analytics sur l'activit\u00e9 des visites.<\/p><p>Pour plus d'informations sur les pratiques de Google en mati\u00e8re de confidentialit\u00e9, veuillez consulter la page Web de Google Privacy &amp; Terms :\u00a0<a href=\"https:\/\/policies.google.com\/privacy?hl=en\">https:\/\/policies.google.com\/privacy?hl=en<\/a><\/p><p><strong>\u00a0<\/strong><\/p><p><strong>Paiements<\/strong><\/p><p>Nous pouvons fournir des produits et\/ou des services payants dans le cadre du Service. Dans ce cas, nous utilisons des services tiers pour le traitement des paiements (par exemple, des processeurs de paiement).<\/p><p>Nous ne conserverons ni ne recueillerons les d\u00e9tails de votre carte de paiement. Ces informations sont fournies directement \u00e0 nos tiers charg\u00e9s du traitement des paiements, dont l'utilisation de vos informations personnelles est r\u00e9gie par leur politique de confidentialit\u00e9. Ces processeurs de paiement adh\u00e8rent aux normes \u00e9tablies par PCI-DSS telles que g\u00e9r\u00e9es par le Conseil des normes de s\u00e9curit\u00e9 PCI, qui est un effort conjoint de marques telles que Visa, MasterCard, American Express et Discover. Les exigences de la norme PCI-DSS contribuent \u00e0 garantir le traitement s\u00e9curis\u00e9 des informations de paiement. Nous pouvons utiliser un certain nombre de fournisseurs de solutions de paiement diff\u00e9rents tels que Paypal, Postfinance, Stripe et autres. Nous invitons les utilisateurs \u00e0 prendre connaissance de la politique de confidentialit\u00e9 de chacun d'entre eux.<\/p><p><strong>\u00a0<\/strong><\/p><p><strong>Liens vers d'autres sites<\/strong><\/p><p>Notre service peut contenir des liens vers d'autres sites qui ne sont pas exploit\u00e9s par nous. Si vous cliquez sur un lien d'un tiers, vous serez dirig\u00e9 vers le site de ce tiers. Nous vous conseillons vivement de consulter la politique de confidentialit\u00e9 de chaque site que vous visitez. Nous n'avons aucun contr\u00f4le et n'assumons aucune responsabilit\u00e9 quant au contenu, aux politiques de confidentialit\u00e9 ou aux pratiques des sites ou services tiers.<\/p><p><strong>\u00a0<\/strong><\/p><p><strong>LA VIE PRIV\u00c9E DES ENFANTS<\/strong><\/p><p>Notre service ne s'adresse pas aux personnes de moins de 18 ans (\"enfants\").<\/p><p>Nous ne recueillons pas sciemment d'informations permettant d'identifier une personne de moins de 18 ans. Si vous \u00eates un parent ou un tuteur et que vous savez que votre enfant nous a fourni des donn\u00e9es personnelles, veuillez nous contacter. Si nous apprenons que nous avons recueilli des donn\u00e9es personnelles aupr\u00e8s d'enfants sans v\u00e9rification du consentement parental, nous prenons des mesures pour supprimer ces informations de nos serveurs.<\/p><p><strong>\u00a0<\/strong><\/p><p><strong>LES MODIFICATIONS APPORT\u00c9ES \u00c0 CETTE POLITIQUE DE PROTECTION DE LA VIE PRIV\u00c9E<\/strong><\/p><p>Nous pouvons mettre \u00e0 jour notre politique de confidentialit\u00e9 de temps en temps. Nous vous informerons de tout changement en publiant la nouvelle politique de confidentialit\u00e9 sur cette page.<\/p><p>Nous vous informerons par courrier \u00e9lectronique et\/ou par un avis bien visible sur notre service, avant que le changement n'entre en vigueur et nous mettrons \u00e0 jour la \"date d'entr\u00e9e en vigueur\" en haut de la pr\u00e9sente politique de confidentialit\u00e9.<\/p><p>Nous vous conseillons de consulter r\u00e9guli\u00e8rement la pr\u00e9sente politique de confidentialit\u00e9 pour prendre connaissance des modifications \u00e9ventuelles. Les modifications apport\u00e9es \u00e0 la pr\u00e9sente politique de confidentialit\u00e9 entrent en vigueur d\u00e8s qu'elles sont publi\u00e9es sur cette page.<\/p><p><strong>\u00a0<\/strong><\/p><p><strong>CONTACTEZ-NOUS<\/strong><\/p><p>Si vous avez des questions concernant cette politique de confidentialit\u00e9, veuillez <a href=\"\/fr\/[site_url]\/contact\/\">nous contacter<\/a><\/p>\t\t\t\t\t\t<\/div>\n\t\t\t\t<\/div>\n\t\t\t\t\t<\/div>\n\t\t<\/div>\n\t\t\t\t\t<\/div>\n\t\t<\/section>\n\t\t\t\t<\/div>","protected":false},"excerpt":{"rendered":"<p>[sitename] (\u201cus\u201d, \u201cwe\u201d, or \u201cour\u201d) is operating the said &#8220;Service&#8221; which is the following website: [site_url] This page informs you of our policies regarding the collection, use and disclosure of personal data when you use our Service and the choices you have associated with that data. We use your data to provide and improve the &#8230; <a title=\"Politique de confidentialit\u00e9\" class=\"read-more\" href=\"https:\/\/perpetualcharity.com\/fr\/privacy-policy\/\" aria-label=\"Read more about Privacy Policy\">Lire la suite<\/a><\/p>","protected":false},"author":1,"featured_media":0,"parent":0,"menu_order":100,"comment_status":"closed","ping_status":"closed","template":"","meta":{"footnotes":""},"_links":{"self":[{"href":"https:\/\/perpetualcharity.com\/fr\/wp-json\/wp\/v2\/pages\/3"}],"collection":[{"href":"https:\/\/perpetualcharity.com\/fr\/wp-json\/wp\/v2\/pages"}],"about":[{"href":"https:\/\/perpetualcharity.com\/fr\/wp-json\/wp\/v2\/types\/page"}],"author":[{"embeddable":true,"href":"https:\/\/perpetualcharity.com\/fr\/wp-json\/wp\/v2\/users\/1"}],"replies":[{"embeddable":true,"href":"https:\/\/perpetualcharity.com\/fr\/wp-json\/wp\/v2\/comments?post=3"}],"version-history":[{"count":0,"href":"https:\/\/perpetualcharity.com\/fr\/wp-json\/wp\/v2\/pages\/3\/revisions"}],"wp:attachment":[{"href":"https:\/\/perpetualcharity.com\/fr\/wp-json\/wp\/v2\/media?parent=3"}],"curies":[{"name":"wp","href":"https:\/\/api.w.org\/{rel}","templated":true}]}}