{"id":11220,"date":"2020-06-28T14:06:01","date_gmt":"2020-06-28T14:06:01","guid":{"rendered":"https:\/\/perpetualcharity.com\/?post_type=product&#038;p=11220"},"modified":"2020-06-28T14:09:23","modified_gmt":"2020-06-28T14:09:23","slug":"perpetual-mens-all-over-print-tank-top-model-t57","status":"publish","type":"product","link":"https:\/\/perpetualcharity.com\/fr\/produit\/perpetual-mens-all-over-print-tank-top-model-t57\/","title":{"rendered":"D\u00e9bardeur pour hommes perp\u00e9tuels (mod\u00e8le T57)"},"content":{"rendered":"<p><span style=\"color: #666666; font-family: Arial; font-size: 14px; text-align: center; background-color: #ffffff;\">Ce d\u00e9bardeur imprim\u00e9 sur toute la surface offre une coupe confortable pour les hommes. Fabriqu\u00e9 en polyester 100%, ce d\u00e9bardeur est durable,<br \/>\nrespirable et doux. La reliure de cou en tissu avec un choix de couleurs vari\u00e9es peut s'adapter \u00e0 la plupart des designs \u00e9l\u00e9gants.\u00a0<\/span><\/p>\n<p>- 5,96 Oz. Fabriqu\u00e9 en tissu de polyester.<br \/>\n- Collier de serrage autofabriqu\u00e9.<br \/>\n- Extr\u00eamement doux au toucher, durable et respirant.<br \/>\n- Lavage en machine \u00e0 froid. L'impression sur le corps du v\u00eatement ne peut pas s'effacer.<\/p>\n<p>Taille disponible : S,M,L,XL,XXL<br \/>\nRemarque : il peut y avoir un \u00e9cart de \u00b15% pour les mesures manuelles et les processus de production.<\/p>\n<p><span style=\"font-size: 16px; color: #000000;\"><strong>Mesure des v\u00eatements<\/strong><\/span><span style=\"color: #000000; font-size: 16px;\"><strong>:<\/strong><\/span><br \/>\n<img decoding=\"async\" data-src=\"http:\/\/nbimg.interestprint.com\/data\/product\/1200\/chart\/image\/20180726\/DB941B40FA9BBFB05BE04FEC72A23F26.png\" alt=\"\" src=\"data:image\/gif;base64,R0lGODlhAQABAAAAACH5BAEKAAEALAAAAAABAAEAAAICTAEAOw==\" class=\"lazyload\" \/><noscript><img decoding=\"async\" src=\"http:\/\/nbimg.interestprint.com\/data\/product\/1200\/chart\/image\/20180726\/DB941B40FA9BBFB05BE04FEC72A23F26.png\" alt=\"\" \/><\/noscript><\/p>","protected":false},"excerpt":{"rendered":"<p>This all over print tank top features a comfortable fit for Men. Made of 100% polyester, this tank top is durable, breathable and soft. Self-fabric neck binding with various color selection can match most stylish designs.\u00a0 \u2022\u00a05.96 Oz. Made from polyester fabric. \u2022\u00a0Self-fabric neck binding. \u2022\u00a0Extremely soft to the touch, durable and breathable. \u2022\u00a0Machine wash &#8230; <a title=\"Perpetual Men&#8217;s All Over Print Tank Top (Model T57)\" class=\"read-more\" href=\"https:\/\/perpetualcharity.com\/fr\/produit\/perpetual-mens-all-over-print-tank-top-model-t57\/\" aria-label=\"Read more about Perpetual Men&#8217;s All Over Print Tank Top (Model T57)\">Lire la suite<\/a><\/p>","protected":false},"featured_media":11214,"template":"","meta":{"wds_primary_product_cat":0},"product_cat":[39],"product_tag":[],"_links":{"self":[{"href":"https:\/\/perpetualcharity.com\/fr\/wp-json\/wp\/v2\/product\/11220"}],"collection":[{"href":"https:\/\/perpetualcharity.com\/fr\/wp-json\/wp\/v2\/product"}],"about":[{"href":"https:\/\/perpetualcharity.com\/fr\/wp-json\/wp\/v2\/types\/product"}],"wp:featuredmedia":[{"embeddable":true,"href":"https:\/\/perpetualcharity.com\/fr\/wp-json\/wp\/v2\/media\/11214"}],"wp:attachment":[{"href":"https:\/\/perpetualcharity.com\/fr\/wp-json\/wp\/v2\/media?parent=11220"}],"wp:term":[{"taxonomy":"product_cat","embeddable":true,"href":"https:\/\/perpetualcharity.com\/fr\/wp-json\/wp\/v2\/product_cat?post=11220"},{"taxonomy":"product_tag","embeddable":true,"href":"https:\/\/perpetualcharity.com\/fr\/wp-json\/wp\/v2\/product_tag?post=11220"}],"curies":[{"name":"wp","href":"https:\/\/api.w.org\/{rel}","templated":true}]}}