{"id":11231,"date":"2020-06-28T14:19:06","date_gmt":"2020-06-28T14:19:06","guid":{"rendered":"https:\/\/perpetualcharity.com\/?post_type=product&#038;p=11231"},"modified":"2020-06-28T14:24:42","modified_gmt":"2020-06-28T14:24:42","slug":"perpetual-kimono-robe-2","status":"publish","type":"product","link":"https:\/\/perpetualcharity.com\/fr\/produit\/perpetual-kimono-robe-2\/","title":{"rendered":"Robe de kimono perp\u00e9tuel"},"content":{"rendered":"<p><span style=\"color: #666666; font-family: Arial; font-size: 14px; text-align: center; background-color: #ffffff;\">Avec sa coupe classique de kimono, cette robe de kimono personnalis\u00e9e est le compl\u00e9ment parfait de votre garde-robe.<br \/>\nVous pouvez les porter comme kimono ou comme robe.<\/span><\/p>\n<p>- Mat\u00e9riel : 100% polyester, toucher lisse.<br \/>\n- Coupe kimono avec manche en cloche et longueur midi.<br \/>\n- Convient aux v\u00eatements de f\u00eate et aux v\u00eatements de ville.<br \/>\n- Lavable en machine et s\u00e8che rapidement.<\/p>\n<p>Taille disponible : XS,S,M,L,XL,2XL<br \/>\nRemarque : il peut y avoir un \u00e9cart de \u00b15% pour les mesures manuelles et les processus de production.<\/p>\n<p><span style=\"font-size: 16px; color: #000000;\"><strong>Mesure des v\u00eatements<\/strong><\/span><span style=\"color: #000000; font-size: 16px;\"><strong>:<\/strong><\/span><br \/>\n<img decoding=\"async\" data-src=\"http:\/\/nbimg.interestprint.com\/data\/product\/1326\/chart\/image\/20190330\/C933E0165E7C32C81E10B8E5DB9D0963.png\" alt=\"\" src=\"data:image\/gif;base64,R0lGODlhAQABAAAAACH5BAEKAAEALAAAAAABAAEAAAICTAEAOw==\" class=\"lazyload\" \/><noscript><img decoding=\"async\" src=\"http:\/\/nbimg.interestprint.com\/data\/product\/1326\/chart\/image\/20190330\/C933E0165E7C32C81E10B8E5DB9D0963.png\" alt=\"\" \/><\/noscript><\/p>","protected":false},"excerpt":{"rendered":"<p>Featuring a classic kimono cut, this custom kimono robe is the perfect addition to your wardrobe. You can wear them as a kimono or as a dress. \u2022 Material: 100% polyester, smooth feel. \u2022 Kimono cut with bell sleeve and midi length. \u2022 Suitable for party wear and street wear. \u2022 Machine washable and dries &#8230; <a title=\"Robe de kimono perp\u00e9tuel\" class=\"read-more\" href=\"https:\/\/perpetualcharity.com\/fr\/produit\/perpetual-kimono-robe-2\/\" aria-label=\"Read more about Perpetual Kimono Robe\">Lire la suite<\/a><\/p>","protected":false},"featured_media":11228,"template":"","meta":{"wds_primary_product_cat":0},"product_cat":[39],"product_tag":[],"_links":{"self":[{"href":"https:\/\/perpetualcharity.com\/fr\/wp-json\/wp\/v2\/product\/11231"}],"collection":[{"href":"https:\/\/perpetualcharity.com\/fr\/wp-json\/wp\/v2\/product"}],"about":[{"href":"https:\/\/perpetualcharity.com\/fr\/wp-json\/wp\/v2\/types\/product"}],"wp:featuredmedia":[{"embeddable":true,"href":"https:\/\/perpetualcharity.com\/fr\/wp-json\/wp\/v2\/media\/11228"}],"wp:attachment":[{"href":"https:\/\/perpetualcharity.com\/fr\/wp-json\/wp\/v2\/media?parent=11231"}],"wp:term":[{"taxonomy":"product_cat","embeddable":true,"href":"https:\/\/perpetualcharity.com\/fr\/wp-json\/wp\/v2\/product_cat?post=11231"},{"taxonomy":"product_tag","embeddable":true,"href":"https:\/\/perpetualcharity.com\/fr\/wp-json\/wp\/v2\/product_tag?post=11231"}],"curies":[{"name":"wp","href":"https:\/\/api.w.org\/{rel}","templated":true}]}}