{"id":11248,"date":"2020-06-28T16:07:08","date_gmt":"2020-06-28T16:07:08","guid":{"rendered":"https:\/\/perpetualcharity.com\/?post_type=product&#038;p=11248"},"modified":"2020-06-28T16:09:24","modified_gmt":"2020-06-28T16:09:24","slug":"perpetual-mens-polo-shirt-model-t24","status":"publish","type":"product","link":"https:\/\/perpetualcharity.com\/fr\/produit\/perpetual-mens-polo-shirt-model-t24\/","title":{"rendered":"Polo perp\u00e9tuel pour hommes (mod\u00e8le T24)"},"content":{"rendered":"<p><span style=\"color: #000000; font-family: Arial; font-size: 14px; text-align: center; background-color: #ffffff;\">*Fabriqu\u00e9 \u00e0 partir de coton 100% pour une douceur sup\u00e9rieure.<br \/>\n*Tissu de coton coup\u00e9 fin et pr\u00e9-r\u00e9tr\u00e9ci pour un ajustement parfait apr\u00e8s des lavages r\u00e9p\u00e9t\u00e9s.<br \/>\n*L'\u00e9l\u00e9gance de son look, avec sa patte \u00e0 deux boutons et son col en tricot c\u00f4tel\u00e9, le rend adapt\u00e9 \u00e0 toutes les occasions comme le travail, les rencontres et les voyages.<br \/>\n*Double couture des manches et de l'ourlet du bas pour une meilleure durabilit\u00e9.<\/span><\/p>\n<p><span style=\"font-size: 16px; color: #000000;\"><strong>Taille id\u00e9ale de l'image en pixels<\/strong><\/span><span style=\"color: #000000; font-size: 16px;\"><strong> (W * H) :<\/strong><\/span><br \/>\nAu recto : 827 x 826 ou plus ;<br \/>\nRetour : 2008 x 2539 ou sup\u00e9rieur<\/p>\n<p>Taille disponible : XS,S,M,L,XL,XXL.<br \/>\nRemarque : il peut y avoir un \u00e9cart de \u00b15% pour les mesures manuelles et les processus de production.<\/p>\n<p><span style=\"font-size: 16px; color: #000000;\"><strong>Mesure des v\u00eatements<\/strong><\/span><span style=\"color: #000000; font-size: 16px;\"><strong>:<\/strong><\/span><br \/>\n<img decoding=\"async\" data-src=\"http:\/\/img.artsadd.com\/data\/product\/690\/info\/image\/20170531\/E40B15F13ED201805AEE5C26C50228A5.png\" alt=\"\" src=\"data:image\/gif;base64,R0lGODlhAQABAAAAACH5BAEKAAEALAAAAAABAAEAAAICTAEAOw==\" class=\"lazyload\" \/><noscript><img decoding=\"async\" src=\"http:\/\/img.artsadd.com\/data\/product\/690\/info\/image\/20170531\/E40B15F13ED201805AEE5C26C50228A5.png\" alt=\"\" \/><\/noscript><\/p>","protected":false},"excerpt":{"rendered":"<p>*Made from 100% cotton for superior softness. *Slim cut and preshrunk cotton fabric for a perfect fit after repeated wash. *Elegant look with two-button placket and rib-knit collar make it suitable for all occasions like work, dating and travel. *Double-stitched sleeves and bottom hem for durability. Ideal image size in pixels (W * H): Front: &#8230; <a title=\"Perpetual Men&#8217;s Polo Shirt (Model T24)\" class=\"read-more\" href=\"https:\/\/perpetualcharity.com\/fr\/produit\/perpetual-mens-polo-shirt-model-t24\/\" aria-label=\"Read more about Perpetual Men&#8217;s Polo Shirt (Model T24)\">Lire la suite<\/a><\/p>","protected":false},"featured_media":11246,"template":"","meta":{"wds_primary_product_cat":0},"product_cat":[39],"product_tag":[],"_links":{"self":[{"href":"https:\/\/perpetualcharity.com\/fr\/wp-json\/wp\/v2\/product\/11248"}],"collection":[{"href":"https:\/\/perpetualcharity.com\/fr\/wp-json\/wp\/v2\/product"}],"about":[{"href":"https:\/\/perpetualcharity.com\/fr\/wp-json\/wp\/v2\/types\/product"}],"wp:featuredmedia":[{"embeddable":true,"href":"https:\/\/perpetualcharity.com\/fr\/wp-json\/wp\/v2\/media\/11246"}],"wp:attachment":[{"href":"https:\/\/perpetualcharity.com\/fr\/wp-json\/wp\/v2\/media?parent=11248"}],"wp:term":[{"taxonomy":"product_cat","embeddable":true,"href":"https:\/\/perpetualcharity.com\/fr\/wp-json\/wp\/v2\/product_cat?post=11248"},{"taxonomy":"product_tag","embeddable":true,"href":"https:\/\/perpetualcharity.com\/fr\/wp-json\/wp\/v2\/product_tag?post=11248"}],"curies":[{"name":"wp","href":"https:\/\/api.w.org\/{rel}","templated":true}]}}