{"id":11260,"date":"2020-06-28T16:11:11","date_gmt":"2020-06-28T16:11:11","guid":{"rendered":"https:\/\/perpetualcharity.com\/?post_type=product&#038;p=11260"},"modified":"2020-06-28T16:13:06","modified_gmt":"2020-06-28T16:13:06","slug":"perpetual-womens-rib-cuff-crew-neck-sweatshirt-model-h34","status":"publish","type":"product","link":"https:\/\/perpetualcharity.com\/fr\/produit\/perpetual-womens-rib-cuff-crew-neck-sweatshirt-model-h34\/","title":{"rendered":"Sweat perp\u00e9tuel pour femmes \u00e0 col ras du cou et \u00e0 poignets c\u00f4tel\u00e9s (mod\u00e8le H34)"},"content":{"rendered":"<p><span style=\"color: #666666; font-family: Arial; font-size: 14px; text-align: center; background-color: #ffffff;\">Dot\u00e9 d'une finition c\u00f4tel\u00e9e sur les poignets, le col et la ceinture, ce sweatshirt peut \u00eatre<br \/>\nune excellente option en mati\u00e8re de streetwear. Ajoutez votre propre design \u00e0 ce sweatshirt gr\u00e2ce au design<br \/>\nsur Artsadd et refl\u00e8tent votre personnalit\u00e9 et votre style.<\/span><\/p>\n<p>- Mati\u00e8re (corps du v\u00eatement) : 100% polyester.<br \/>\n- Mati\u00e8re (col, poignets et ceinture en c\u00f4te) : coton 95%, spandex 5%.<br \/>\n- Technologie d'impression avanc\u00e9e, pr\u00e9sentant des images vives et des d\u00e9tails fins.<br \/>\n- Lavable en machine au cycle \u00e0 froid et s\u00e9chage par \u00e9gouttement.<\/p>\n<p><span style=\"font-size: 16px; color: #000000;\"><strong>Taille id\u00e9ale de l'image en pixels<\/strong><\/span><span style=\"color: #000000; font-size: 16px;\"><strong> (W * H) :<\/strong><\/span><br \/>\nFace : 3992 x 4081 ou plus \/ 150 dpi<br \/>\nDos : 3992 x 4075 ou plus \/ 150 dpi<br \/>\nManches(Gauche\/Droite) : 3077 x 3484 ou sup\u00e9rieur \/ 150 dpi<\/p>\n<p>Taille disponible : XS,S,M,L,XL<br \/>\nRemarque : il peut y avoir un \u00e9cart de \u00b15% pour les mesures manuelles et les processus de production.<\/p>\n<p><span style=\"font-size: 16px; color: #000000;\"><strong>Mesure des v\u00eatements<\/strong><\/span><span style=\"color: #000000; font-size: 16px;\"><strong>:<\/strong><\/span><br \/>\n<img decoding=\"async\" data-src=\"http:\/\/nbimg.interestprint.com\/data\/product\/999\/chart\/image\/20171018\/4EFAD1242BBA658040889B1FE303553C.png\" alt=\"\" src=\"data:image\/gif;base64,R0lGODlhAQABAAAAACH5BAEKAAEALAAAAAABAAEAAAICTAEAOw==\" class=\"lazyload\" \/><noscript><img decoding=\"async\" src=\"http:\/\/nbimg.interestprint.com\/data\/product\/999\/chart\/image\/20171018\/4EFAD1242BBA658040889B1FE303553C.png\" alt=\"\" \/><\/noscript><\/p>","protected":false},"excerpt":{"rendered":"<p>Featuring ribbed finish on the cuffs, neckband and waistband, this sweatshirt can be a great option in streetwear. Add your own design to this sweatshirt through design tool on Artsadd and reflect your personality and style. \u2022\u00a0Material (garment body): 100% polyester. \u2022\u00a0Material (rib collar, cuffs and waistband): 95% cotton, 5% spandex. \u2022\u00a0Advanced printing technology, presenting &#8230; <a title=\"Perpetual Women&#8217;s Rib Cuff Crew Neck Sweatshirt (Model H34)\" class=\"read-more\" href=\"https:\/\/perpetualcharity.com\/fr\/produit\/perpetual-womens-rib-cuff-crew-neck-sweatshirt-model-h34\/\" aria-label=\"Read more about Perpetual Women&#8217;s Rib Cuff Crew Neck Sweatshirt (Model H34)\">Lire la suite<\/a><\/p>","protected":false},"featured_media":11256,"template":"","meta":{"wds_primary_product_cat":0},"product_cat":[39],"product_tag":[],"_links":{"self":[{"href":"https:\/\/perpetualcharity.com\/fr\/wp-json\/wp\/v2\/product\/11260"}],"collection":[{"href":"https:\/\/perpetualcharity.com\/fr\/wp-json\/wp\/v2\/product"}],"about":[{"href":"https:\/\/perpetualcharity.com\/fr\/wp-json\/wp\/v2\/types\/product"}],"wp:featuredmedia":[{"embeddable":true,"href":"https:\/\/perpetualcharity.com\/fr\/wp-json\/wp\/v2\/media\/11256"}],"wp:attachment":[{"href":"https:\/\/perpetualcharity.com\/fr\/wp-json\/wp\/v2\/media?parent=11260"}],"wp:term":[{"taxonomy":"product_cat","embeddable":true,"href":"https:\/\/perpetualcharity.com\/fr\/wp-json\/wp\/v2\/product_cat?post=11260"},{"taxonomy":"product_tag","embeddable":true,"href":"https:\/\/perpetualcharity.com\/fr\/wp-json\/wp\/v2\/product_tag?post=11260"}],"curies":[{"name":"wp","href":"https:\/\/api.w.org\/{rel}","templated":true}]}}