{"id":11269,"date":"2020-06-28T16:13:52","date_gmt":"2020-06-28T16:13:52","guid":{"rendered":"https:\/\/perpetualcharity.com\/?post_type=product&#038;p=11269"},"modified":"2020-06-28T16:16:15","modified_gmt":"2020-06-28T16:16:15","slug":"perpetual-all-over-print-hoodie-for-kid-usa-size-model-h13","status":"publish","type":"product","link":"https:\/\/perpetualcharity.com\/fr\/produit\/perpetual-all-over-print-hoodie-for-kid-usa-size-model-h13\/","title":{"rendered":"Sweat \u00e0 capuche perp\u00e9tuel pour enfant (taille USA) (mod\u00e8le H13)"},"content":{"rendered":"<p><span style=\"color: #000000; font-family: Arial; font-size: 14px; text-align: center; background-color: #ffffff;\">*496 g\/m2 (17,71 oz par yd carr\u00e9). Polyester 94%, Spandex 6%, super souple.<br \/>\n*Capuchon \u00e0 capuche personnalis\u00e9 de coupe classique pour les enfants, confortable et \u00e9l\u00e9gant.<br \/>\n*Caract\u00e9ristiques : poignets de manche prononc\u00e9s, ourlet de ceinture pro\u00e9minent et franges de poches kangourou.<br \/>\n*Cou et \u00e9paules scotch\u00e9s pour le confort et le style.<br \/>\n*Tailles : XXXS, XXS, XS, S, M, L. Calculez votre taille \u00e0 partir du tableau de mesure ci-dessous.<br \/>\n*Conseil du designer : Pour garantir une impression de la plus haute qualit\u00e9, veuillez noter que la taille recommand\u00e9e de l'image t\u00e9l\u00e9charg\u00e9e de ce produit est en pixels (L x H) :<br \/>\ndevant : 3747 x 4424 ou plus ;<br \/>\nde retour : 3747 x 4410 ou plus ;<br \/>\nmanche(gauche) : 3018 x 3922 ou plus ;<br \/>\nmanche(droite) : 3018 x 3922 ou plus ;<br \/>\nchapeau(1) : 1899 x 2410 ou plus ;<br \/>\nhart(2) : 1899 x 2410 ou plus.<\/span><\/p>\n<p><span style=\"font-size: 16px; color: #000000;\"><strong>Mesure des v\u00eatements<\/strong><\/span><span style=\"color: #000000; font-size: 16px;\"><strong>:<\/strong><\/span><br \/>\n<img decoding=\"async\" data-src=\"http:\/\/img.artsadd.com\/data\/product\/643\/info\/image\/20170405\/B054653F6D154B16166BC257042E65D8.png\" alt=\"\" src=\"data:image\/gif;base64,R0lGODlhAQABAAAAACH5BAEKAAEALAAAAAABAAEAAAICTAEAOw==\" class=\"lazyload\" \/><noscript><img decoding=\"async\" src=\"http:\/\/img.artsadd.com\/data\/product\/643\/info\/image\/20170405\/B054653F6D154B16166BC257042E65D8.png\" alt=\"\" \/><\/noscript><\/p>","protected":false},"excerpt":{"rendered":"<p>*496g\/m2 (17.71 oz per sq yd). Polyester 94%, Spandex 6%, super soft. *Personalized classic-cut hoodie for kids, comfortable and stylish. *Features pronounced sleeve cuffs, prominent waistband hem and kangaroo pocket fringes. *Taped neck and shoulders for comfort and style. *Sizes: XXXS, XXS, XS, S, M, L. Calculate your size from the measurement chart below please. &#8230; <a title=\"Sweat \u00e0 capuche perp\u00e9tuel pour enfant (taille USA) (mod\u00e8le H13)\" class=\"read-more\" href=\"https:\/\/perpetualcharity.com\/fr\/produit\/perpetual-all-over-print-hoodie-for-kid-usa-size-model-h13\/\" aria-label=\"Read more about Perpetual All Over Print Hoodie for Kid (USA Size) (Model H13)\">Lire la suite<\/a><\/p>","protected":false},"featured_media":11267,"template":"","meta":{"wds_primary_product_cat":0},"product_cat":[39],"product_tag":[],"_links":{"self":[{"href":"https:\/\/perpetualcharity.com\/fr\/wp-json\/wp\/v2\/product\/11269"}],"collection":[{"href":"https:\/\/perpetualcharity.com\/fr\/wp-json\/wp\/v2\/product"}],"about":[{"href":"https:\/\/perpetualcharity.com\/fr\/wp-json\/wp\/v2\/types\/product"}],"wp:featuredmedia":[{"embeddable":true,"href":"https:\/\/perpetualcharity.com\/fr\/wp-json\/wp\/v2\/media\/11267"}],"wp:attachment":[{"href":"https:\/\/perpetualcharity.com\/fr\/wp-json\/wp\/v2\/media?parent=11269"}],"wp:term":[{"taxonomy":"product_cat","embeddable":true,"href":"https:\/\/perpetualcharity.com\/fr\/wp-json\/wp\/v2\/product_cat?post=11269"},{"taxonomy":"product_tag","embeddable":true,"href":"https:\/\/perpetualcharity.com\/fr\/wp-json\/wp\/v2\/product_tag?post=11269"}],"curies":[{"name":"wp","href":"https:\/\/api.w.org\/{rel}","templated":true}]}}