{"id":11280,"date":"2020-06-28T16:17:19","date_gmt":"2020-06-28T16:17:19","guid":{"rendered":"https:\/\/perpetualcharity.com\/?post_type=product&#038;p=11280"},"modified":"2020-06-28T16:19:28","modified_gmt":"2020-06-28T16:19:28","slug":"perpetual-dad-cap-2","status":"publish","type":"product","link":"https:\/\/perpetualcharity.com\/fr\/produit\/perpetual-dad-cap-2\/","title":{"rendered":"Casquette de p\u00e8re perp\u00e9tuel"},"content":{"rendered":"<p><span style=\"color: #000000; font-family: Arial; font-size: 14px; text-align: center; background-color: #ffffff;\">- 4,23 Oz. Fabriqu\u00e9 \u00e0 partir de coton de premi\u00e8re qualit\u00e9.<br \/>\n- Sangle velcro r\u00e9glable, adapt\u00e9e \u00e0 toutes les tailles de t\u00eate.<br \/>\n- Mode et unisexe, parfait pour le quotidien.<br \/>\n- Veuillez le laver d\u00e9licatement \u00e0 la main pour qu'il garde sa forme.<br \/>\n- Bord incurv\u00e9, 6 panneaux avec 6 oeillets de ventilation brod\u00e9s.<br \/>\n<span style=\"color: #e53333;\">-\u2022 <\/span>Logo Tag <span style=\"color: #e53333;\"><strong>ne peut pas<\/strong><\/span> \u00eatre ajout\u00e9 \u00e0 ce produit.<br \/>\n- Conseil du designer : Pour garantir une impression de la plus haute qualit\u00e9, veuillez noter que la taille recommand\u00e9e de l'image t\u00e9l\u00e9charg\u00e9e de ce produit est en pixels (L x H) :<br \/>\n1095 x 730 ou plus<\/span><\/p>","protected":false},"excerpt":{"rendered":"<p>\u2022 4.23 Oz. Made from premium cotton. \u2022 Adjustable velcro strap, fit for All Head Sizes. \u2022 Fashion and unisex, perfect for daily wear. \u2022 Please wash it gently by hand for keeping its shape. \u2022 Curved brim, 6 Panels with 6 embroidered ventilation eyelets. \u2022 Logo Tag cannot be added to this product. \u2022 &#8230; <a title=\"Casquette de p\u00e8re perp\u00e9tuel\" class=\"read-more\" href=\"https:\/\/perpetualcharity.com\/fr\/produit\/perpetual-dad-cap-2\/\" aria-label=\"Read more about Perpetual Dad Cap\">Lire la suite<\/a><\/p>","protected":false},"featured_media":11276,"template":"","meta":{"wds_primary_product_cat":0},"product_cat":[39],"product_tag":[],"_links":{"self":[{"href":"https:\/\/perpetualcharity.com\/fr\/wp-json\/wp\/v2\/product\/11280"}],"collection":[{"href":"https:\/\/perpetualcharity.com\/fr\/wp-json\/wp\/v2\/product"}],"about":[{"href":"https:\/\/perpetualcharity.com\/fr\/wp-json\/wp\/v2\/types\/product"}],"wp:featuredmedia":[{"embeddable":true,"href":"https:\/\/perpetualcharity.com\/fr\/wp-json\/wp\/v2\/media\/11276"}],"wp:attachment":[{"href":"https:\/\/perpetualcharity.com\/fr\/wp-json\/wp\/v2\/media?parent=11280"}],"wp:term":[{"taxonomy":"product_cat","embeddable":true,"href":"https:\/\/perpetualcharity.com\/fr\/wp-json\/wp\/v2\/product_cat?post=11280"},{"taxonomy":"product_tag","embeddable":true,"href":"https:\/\/perpetualcharity.com\/fr\/wp-json\/wp\/v2\/product_tag?post=11280"}],"curies":[{"name":"wp","href":"https:\/\/api.w.org\/{rel}","templated":true}]}}