{"id":11288,"date":"2020-06-28T16:20:37","date_gmt":"2020-06-28T16:20:37","guid":{"rendered":"https:\/\/perpetualcharity.com\/?post_type=product&#038;p=11288"},"modified":"2020-07-03T06:42:31","modified_gmt":"2020-07-03T06:42:31","slug":"perpetual-heart-shaped-morphing-mug-2","status":"publish","type":"product","link":"https:\/\/perpetualcharity.com\/fr\/produit\/perpetual-heart-shaped-morphing-mug-2\/","title":{"rendered":"Tasse en forme de c\u0153ur perp\u00e9tuel Morphing"},"content":{"rendered":"<p class=\" translation-block\"><span style=\"color : #666666;font-family : Arial;font-size : 14px;text-align : center;background-color : #ffffffff\">L'ext\u00e9rieur de cette tasse se transforme du noir au fur et \u00e0 mesure que du liquide chaud est ajout\u00e9 et r\u00e9v\u00e8le <br>\nl'image cach\u00e9e en couleurs vives. Ce mug peut \u00eatre utilis\u00e9 dans le lave-vaisselle ou<br>\nmicro-ondes pour un produit de qualit\u00e9 et de longue dur\u00e9e.<\/span><\/p>\n<p>- Capacit\u00e9 : 10,3 OZ (300ML)<br \/>\n- Poign\u00e9e en forme de c\u0153ur, confortable \u00e0 tenir.<br \/>\n- Passe au lave-vaisselle et au micro-ondes.<br \/>\n- Mat\u00e9riau c\u00e9ramique durable, s\u00fbr et sain pour la boisson.<\/p>\n<p><span style=\"font-size: 16px; color: #000000;\"><strong>Taille id\u00e9ale de l'image en pixels<\/strong><\/span><span style=\"color: #000000; font-size: 16px;\"><strong> (W * H) :<\/strong><\/span><br \/>\n1081 x 455 ou sup\u00e9rieur \/ 150 dpi<\/p>","protected":false},"excerpt":{"rendered":"<p>The exterior of this mug transforms from black as hot liquid is added and revealing the hidden image in full vivid colors. This mug may be used in the dishwasher or microwave for the longest lasting and highest quality product. \u2022 Capacity: 10.3 OZ (300ML) \u2022 Heart-shaped handle, comfortable to hold. \u2022 Dishwasher and microwave &#8230; <a title=\"Tasse en forme de c\u0153ur perp\u00e9tuel Morphing\" class=\"read-more\" href=\"https:\/\/perpetualcharity.com\/fr\/produit\/perpetual-heart-shaped-morphing-mug-2\/\" aria-label=\"Read more about Perpetual Heart-shaped Morphing Mug\">Lire la suite<\/a><\/p>","protected":false},"featured_media":11282,"template":"","meta":{"wds_primary_product_cat":0},"product_cat":[43],"product_tag":[],"_links":{"self":[{"href":"https:\/\/perpetualcharity.com\/fr\/wp-json\/wp\/v2\/product\/11288"}],"collection":[{"href":"https:\/\/perpetualcharity.com\/fr\/wp-json\/wp\/v2\/product"}],"about":[{"href":"https:\/\/perpetualcharity.com\/fr\/wp-json\/wp\/v2\/types\/product"}],"wp:featuredmedia":[{"embeddable":true,"href":"https:\/\/perpetualcharity.com\/fr\/wp-json\/wp\/v2\/media\/11282"}],"wp:attachment":[{"href":"https:\/\/perpetualcharity.com\/fr\/wp-json\/wp\/v2\/media?parent=11288"}],"wp:term":[{"taxonomy":"product_cat","embeddable":true,"href":"https:\/\/perpetualcharity.com\/fr\/wp-json\/wp\/v2\/product_cat?post=11288"},{"taxonomy":"product_tag","embeddable":true,"href":"https:\/\/perpetualcharity.com\/fr\/wp-json\/wp\/v2\/product_tag?post=11288"}],"curies":[{"name":"wp","href":"https:\/\/api.w.org\/{rel}","templated":true}]}}