{"id":11288,"date":"2020-06-28T16:20:37","date_gmt":"2020-06-28T16:20:37","guid":{"rendered":"https:\/\/perpetualcharity.com\/?post_type=product&#038;p=11288"},"modified":"2020-07-03T06:42:31","modified_gmt":"2020-07-03T06:42:31","slug":"perpetual-heart-shaped-morphing-mug-2","status":"publish","type":"product","link":"https:\/\/perpetualcharity.com\/it\/prodotto\/perpetual-heart-shaped-morphing-mug-2\/","title":{"rendered":"Tazza Morphing perpetua a forma di cuore"},"content":{"rendered":"<p class=\" translation-block\"><span style=\"font-size: 14px;text-align: center;background-color: #ffffffff\">L'esterno di questa tazza si trasforma dal nero come liquido caldo viene aggiunto e rivelatore<br>.\nl'immagine nascosta in colori vivaci. Questa tazza pu\u00f2 essere utilizzata in lavastoviglie o<br>.\nmicroonde per il prodotto pi\u00f9 duraturo e di qualit\u00e0 pi\u00f9 alta.<\/span><\/p>\n<p>- Capacit\u00e0: 10,3 OZ (300ML)<br \/>\n- Impugnatura a forma di cuore, comoda da tenere in mano.<br \/>\n- Lavabile in lavastoviglie e a microonde.<br \/>\n- Materiale ceramico durevole, sicuro e sano da bere.<\/p>\n<p><span style=\"font-size: 16px; color: #000000;\"><strong>Dimensione ideale dell'immagine in pixel<\/strong><\/span><span style=\"color: #000000; font-size: 16px;\"><strong> (W * H):<\/strong><\/span><br \/>\n1081 x 455 o superiore \/ 150 dpi<\/p>","protected":false},"excerpt":{"rendered":"<p>The exterior of this mug transforms from black as hot liquid is added and revealing the hidden image in full vivid colors. This mug may be used in the dishwasher or microwave for the longest lasting and highest quality product. \u2022 Capacity: 10.3 OZ (300ML) \u2022 Heart-shaped handle, comfortable to hold. \u2022 Dishwasher and microwave &#8230; <a title=\"Tazza Morphing perpetua a forma di cuore\" class=\"read-more\" href=\"https:\/\/perpetualcharity.com\/it\/prodotto\/perpetual-heart-shaped-morphing-mug-2\/\" aria-label=\"Per saperne di pi\u00f9 su Perpetual Heart-shaped Morphing Mug\">Leggi tutto<\/a><\/p>","protected":false},"featured_media":11282,"template":"","meta":{"wds_primary_product_cat":0},"product_cat":[43],"product_tag":[],"_links":{"self":[{"href":"https:\/\/perpetualcharity.com\/it\/wp-json\/wp\/v2\/product\/11288"}],"collection":[{"href":"https:\/\/perpetualcharity.com\/it\/wp-json\/wp\/v2\/product"}],"about":[{"href":"https:\/\/perpetualcharity.com\/it\/wp-json\/wp\/v2\/types\/product"}],"wp:featuredmedia":[{"embeddable":true,"href":"https:\/\/perpetualcharity.com\/it\/wp-json\/wp\/v2\/media\/11282"}],"wp:attachment":[{"href":"https:\/\/perpetualcharity.com\/it\/wp-json\/wp\/v2\/media?parent=11288"}],"wp:term":[{"taxonomy":"product_cat","embeddable":true,"href":"https:\/\/perpetualcharity.com\/it\/wp-json\/wp\/v2\/product_cat?post=11288"},{"taxonomy":"product_tag","embeddable":true,"href":"https:\/\/perpetualcharity.com\/it\/wp-json\/wp\/v2\/product_tag?post=11288"}],"curies":[{"name":"wp","href":"https:\/\/api.w.org\/{rel}","templated":true}]}}