{"id":11422,"date":"2020-07-06T14:20:03","date_gmt":"2020-07-06T14:20:03","guid":{"rendered":"https:\/\/perpetualcharity.com\/?page_id=11422"},"modified":"2020-07-07T07:01:16","modified_gmt":"2020-07-07T07:01:16","slug":"global-certified-charities-gcc","status":"publish","type":"page","link":"https:\/\/perpetualcharity.com\/pt\/global-certified-charities-gcc\/","title":{"rendered":"Caridades Globais Certificadas (GCC)"},"content":{"rendered":"<div class=\"wp-block-toolset-blocks-container tb-container\" data-toolset-blocks-container=\"2d3560916a8cb13449ff7c80eaa73a59\">\n<div class=\"wp-block-toolset-blocks-grid tb-grid\" data-toolset-blocks-grid=\"452991e9bd8842455bffd1af3d03e6ee\">\n<div class=\"wp-block-toolset-blocks-grid-column tb-grid-column tb-grid-align-center\" data-toolset-blocks-grid-column=\"f586ff7bfe1d7317c63162ec7b7039ed\"><div class=\"wp-block-image\">\n<figure class=\"tb-image tb-image-media aligncenter\" data-toolset-blocks-image=\"b282b84e7bca53ce462701a13260a479\"><img decoding=\"async\" data-src=\"https:\/\/perpetualcharity.com\/wp-content\/uploads\/Certified-seal-Version2-300x300.png\" alt=\"\" class=\"wp-image-11384 lazyload\" src=\"data:image\/gif;base64,R0lGODlhAQABAAAAACH5BAEKAAEALAAAAAABAAEAAAICTAEAOw==\" \/><noscript><img decoding=\"async\" src=\"https:\/\/perpetualcharity.com\/wp-content\/uploads\/Certified-seal-Version2-300x300.png\" alt=\"\" class=\"wp-image-11384\"\/><\/noscript><\/figure>\n<\/div><\/div>\n\n\n\n<div class=\"wp-block-toolset-blocks-grid-column tb-grid-column tb-grid-align-bottom\" data-toolset-blocks-grid-column=\"a9477b3b2acbab5e817ae21cc6d0973e\">\n<div class=\"tb-fields-and-text\" data-toolset-blocks-fields-and-text=\"dc5c1381df5a36fdd3fcb1f1c6469632\"><p>Como muitas institui\u00e7\u00f5es de caridade globais s\u00e3o agora bem geridas, a PCC ir\u00e1 analisar todas as institui\u00e7\u00f5es de caridade globais para ver quais delas est\u00e3o a ser geridas de forma eficiente e rent\u00e1vel.  Estas institui\u00e7\u00f5es de caridade l\u00edderes ser\u00e3o ent\u00e3o convidadas a aderir ao nosso clube exclusivo de institui\u00e7\u00f5es de caridade, que \u00e9 a base para o GLOC.  As institui\u00e7\u00f5es de caridade membros procurar\u00e3o maximizar seu impacto global utilizando estrat\u00e9gias de neg\u00f3cios estrat\u00e9gicas e comprovadas, coopera\u00e7\u00e3o global, consolida\u00e7\u00e3o de esfor\u00e7os, bem como, orienta\u00e7\u00e3o e patroc\u00ednio. Os membros do Global Ambassadors' Club (GAC) e os Patrocinadores Corporativos (GLOCS) servir\u00e3o de mentores e patrocinadores para os nossos membros da Global Certified Charity (GCC).<\/p><\/div>\n<\/div>\n<\/div>\n<\/div>","protected":false},"excerpt":{"rendered":"","protected":false},"author":1,"featured_media":0,"parent":0,"menu_order":0,"comment_status":"closed","ping_status":"closed","template":"","meta":{"footnotes":""},"_links":{"self":[{"href":"https:\/\/perpetualcharity.com\/pt\/wp-json\/wp\/v2\/pages\/11422"}],"collection":[{"href":"https:\/\/perpetualcharity.com\/pt\/wp-json\/wp\/v2\/pages"}],"about":[{"href":"https:\/\/perpetualcharity.com\/pt\/wp-json\/wp\/v2\/types\/page"}],"author":[{"embeddable":true,"href":"https:\/\/perpetualcharity.com\/pt\/wp-json\/wp\/v2\/users\/1"}],"replies":[{"embeddable":true,"href":"https:\/\/perpetualcharity.com\/pt\/wp-json\/wp\/v2\/comments?post=11422"}],"version-history":[{"count":0,"href":"https:\/\/perpetualcharity.com\/pt\/wp-json\/wp\/v2\/pages\/11422\/revisions"}],"wp:attachment":[{"href":"https:\/\/perpetualcharity.com\/pt\/wp-json\/wp\/v2\/media?parent=11422"}],"curies":[{"name":"wp","href":"https:\/\/api.w.org\/{rel}","templated":true}]}}