{"id":11469,"date":"2020-07-07T03:53:58","date_gmt":"2020-07-07T03:53:58","guid":{"rendered":"https:\/\/perpetualcharity.com\/?page_id=11469"},"modified":"2020-07-12T20:39:50","modified_gmt":"2020-07-12T20:39:50","slug":"investors-capital-structure","status":"publish","type":"page","link":"https:\/\/perpetualcharity.com\/pt\/investors-capital-structure\/","title":{"rendered":"Estrutura Corporativa do PCC"},"content":{"rendered":"<div class=\"wp-block-toolset-blocks-grid tb-grid\" data-toolset-blocks-grid=\"6ce42870f59e5e7dc36034e9f79bd951\">\n<div class=\"wp-block-toolset-blocks-grid-column tb-grid-column tb-grid-align-top\" data-toolset-blocks-grid-column=\"3034fbe886c11054e95b46b09d3e4112\">\n<h2 class=\"tb-heading\" data-toolset-blocks-heading=\"3a94a5f5ac99f0c5642cb0af3ba9a028\">PCC's US $ 100 Milh\u00f5es de Coloca\u00e7\u00e3o Privada<\/h2>\n\n\n\n<div class=\"tb-fields-and-text\" data-toolset-blocks-fields-and-text=\"3e1d2592ce20bdf2bf813c9dfa44c991\"><p class=\"font_2\">PCC est\u00e1 atualmente fazendo um Private Placement para US $100M.  Para mais informa\u00e7\u00f5es, clique no link \u00e0 direita:&nbsp;<\/p><\/div>\n<\/div>\n\n\n\n<div class=\"wp-block-toolset-blocks-grid-column tb-grid-column tb-grid-align-top\" data-toolset-blocks-grid-column=\"3034fbe886c11054e95b46b09d3e4112\">\n<div class=\"tb-button\" data-toolset-blocks-button=\"0a23b625cb30124d2b356d00bc0634a2\"><a class=\"tb-button__link\" href=\"mailto:Marc@Deschenaux.com\"><i class=\"tb-button__icon\"><\/i><span class=\"tb-button__content\">Solicite mais informa\u00e7\u00f5es<\/span><\/a><\/div>\n<\/div>\n\n\n\n<div class=\"wp-block-toolset-blocks-grid-column tb-grid-column tb-grid-align-top\" data-toolset-blocks-grid-column=\"3034fbe886c11054e95b46b09d3e4112\">\n<h2 class=\"tb-heading\" data-toolset-blocks-heading=\"3a94a5f5ac99f0c5642cb0af3ba9a028\">PCC vai fazer um IPO de $30 bilh\u00f5es de d\u00f3lares<\/h2>\n\n\n\n<div class=\"tb-fields-and-text\" data-toolset-blocks-fields-and-text=\"3e1d2592ce20bdf2bf813c9dfa44c991\"><p class=\"font_2\">Aproximadamente, 12-18 meses ap\u00f3s a nossa coloca\u00e7\u00e3o privada, a PCC far\u00e1 o maior IPO na hist\u00f3ria de Wall Street para financiar a PCC e suas Marcas Globais para ajudar a Salvar o nosso Mundo.&nbsp;<\/p><\/div>\n<\/div>\n\n\n\n<div class=\"wp-block-toolset-blocks-grid-column tb-grid-column tb-grid-align-top\" data-toolset-blocks-grid-column=\"3034fbe886c11054e95b46b09d3e4112\">\n<div class=\"tb-button\" data-toolset-blocks-button=\"06f7ab8f5626abce34ca75717ed0ad28\"><a class=\"tb-button__link\" href=\"https:\/\/perpetualcharity.com\/pt\/investors\/\"><i class=\"tb-button__icon\"><\/i><span class=\"tb-button__content\">Apenas Convidados Investidores Convidados<\/span><\/a><\/div>\n\n\n\n<p class=\"has-text-align-center\">Sala DD Protegida por Senha<\/p>\n<\/div>\n\n\n\n<div class=\"wp-block-toolset-blocks-grid-column tb-grid-column tb-grid-align-top\" data-toolset-blocks-grid-column=\"3034fbe886c11054e95b46b09d3e4112\"><\/div>\n\n\n\n<div class=\"wp-block-toolset-blocks-grid-column tb-grid-column tb-grid-align-top\" data-toolset-blocks-grid-column=\"3034fbe886c11054e95b46b09d3e4112\"><\/div>\n\n\n\n<div class=\"wp-block-toolset-blocks-grid-column tb-grid-column tb-grid-align-top\" data-toolset-blocks-grid-column=\"3034fbe886c11054e95b46b09d3e4112\"><\/div>\n\n\n\n<div class=\"wp-block-toolset-blocks-grid-column tb-grid-column tb-grid-align-top\" data-toolset-blocks-grid-column=\"3034fbe886c11054e95b46b09d3e4112\"><\/div>\n<\/div>\n\n\n\n<div class=\"wp-block-toolset-blocks-container tb-container\" data-toolset-blocks-container=\"3d276cc8cd727d93ed4b9935d8518264\">\n<div class=\"tb-fields-and-text\" data-toolset-blocks-fields-and-text=\"3e1d2592ce20bdf2bf813c9dfa44c991\"><h4 style=\"text-align: center;\"><img fetchpriority=\"high\" decoding=\"async\" class=\"aligncenter size-full wp-image-11679\" src=\"https:\/\/perpetualcharity.com\/wp-content\/uploads\/ppc_investor_structure.jpg\" alt=\"\" width=\"363\" height=\"363\" srcset=\"https:\/\/perpetualcharity.com\/wp-content\/uploads\/ppc_investor_structure.jpg 363w, https:\/\/perpetualcharity.com\/wp-content\/uploads\/ppc_investor_structure-300x300.jpg 300w, https:\/\/perpetualcharity.com\/wp-content\/uploads\/ppc_investor_structure-150x150.jpg 150w, https:\/\/perpetualcharity.com\/wp-content\/uploads\/ppc_investor_structure-100x100.jpg 100w\" sizes=\"(max-width: 363px) 100vw, 363px\" \/><\/h4>\n<h4 style=\"color: #ffffff; text-align: center;\">Para mais informa\u00e7\u00f5es sobre<br><span style=\"color: #bf9d47; font-size: 24px;\">Corpora\u00e7\u00e3o de Caridade Perp\u00e9tua<\/span><br>Por favor contacte:<\/h4>\n<p>&nbsp;<\/p><\/div>\n\n\n\n<div class=\"wp-block-columns is-layout-flex wp-container-core-columns-layout-2 wp-block-columns-is-layout-flex\">\n<div class=\"wp-block-column is-vertically-aligned-top is-layout-flow wp-block-column-is-layout-flow\" style=\"flex-basis:12%\"><\/div>\n\n\n\n<div class=\"wp-block-column is-layout-flow wp-block-column-is-layout-flow\" style=\"flex-basis:76%\">\n<div class=\"wp-block-columns is-layout-flex wp-container-core-columns-layout-1 wp-block-columns-is-layout-flex\">\n<div class=\"wp-block-column is-vertically-aligned-center is-layout-flow wp-block-column-is-layout-flow\" style=\"flex-basis:21.5%\">\n<div class=\"wp-block-image is-style-default\"><figure class=\"alignleft size-large\"><img decoding=\"async\" width=\"410\" height=\"410\" data-src=\"https:\/\/perpetualcharity.com\/wp-content\/uploads\/Marc-Deschenaux-PPC.jpg\" alt=\"\" class=\"wp-image-11708 lazyload\" data-srcset=\"https:\/\/perpetualcharity.com\/wp-content\/uploads\/Marc-Deschenaux-PPC.jpg 410w, https:\/\/perpetualcharity.com\/wp-content\/uploads\/Marc-Deschenaux-PPC-300x300.jpg 300w, https:\/\/perpetualcharity.com\/wp-content\/uploads\/Marc-Deschenaux-PPC-150x150.jpg 150w, https:\/\/perpetualcharity.com\/wp-content\/uploads\/Marc-Deschenaux-PPC-100x100.jpg 100w\" data-sizes=\"(max-width: 410px) 100vw, 410px\" src=\"data:image\/gif;base64,R0lGODlhAQABAAAAACH5BAEKAAEALAAAAAABAAEAAAICTAEAOw==\" \/><noscript><img decoding=\"async\" width=\"410\" height=\"410\" src=\"https:\/\/perpetualcharity.com\/wp-content\/uploads\/Marc-Deschenaux-PPC.jpg\" alt=\"\" class=\"wp-image-11708\" srcset=\"https:\/\/perpetualcharity.com\/wp-content\/uploads\/Marc-Deschenaux-PPC.jpg 410w, https:\/\/perpetualcharity.com\/wp-content\/uploads\/Marc-Deschenaux-PPC-300x300.jpg 300w, https:\/\/perpetualcharity.com\/wp-content\/uploads\/Marc-Deschenaux-PPC-150x150.jpg 150w, https:\/\/perpetualcharity.com\/wp-content\/uploads\/Marc-Deschenaux-PPC-100x100.jpg 100w\" sizes=\"(max-width: 410px) 100vw, 410px\" \/><\/noscript><\/figure><\/div>\n\n\n\n<p><\/p>\n<\/div>\n\n\n\n<div class=\"wp-block-column is-vertically-aligned-center is-layout-flow wp-block-column-is-layout-flow\">\n<div class=\"tb-fields-and-text\" data-toolset-blocks-fields-and-text=\"3e1d2592ce20bdf2bf813c9dfa44c991\"><p style=\"color: #ffffff;\"><span style=\"color:#bf9d47; font-weight:bold;\">Endere\u00e7o:<\/span> Chemin du Pommier 1, 1218 Le Grand-Saconnex, Geneve Su\u00ed\u00e7a<br><span style=\"color:#bf9d47; font-weight:bold;\">N\u00famero de Telefone Corporativo:<\/span> +41 (0) 22 510.25.00<br><span style=\"color:#bf9d47; font-weight:bold;\">Endere\u00e7o do site:<\/span> www.PerpetualCharity.com<br><span style=\"color:#bf9d47; font-weight:bold;\">Pessoa de Contato:<\/span> Marc Deschenaux, Fundador &amp; CEO<br><span style=\"color:#bf9d47; font-weight:bold;\">Email:<\/span> investors@perpetualcharity.com<\/p><\/div>\n\n\n\n<p><\/p>\n<\/div>\n<\/div>\n\n\n\n<div class=\"tb-fields-and-text\" data-toolset-blocks-fields-and-text=\"3e1d2592ce20bdf2bf813c9dfa44c991\"><p style=\"color: #bf9d47; text-align: justify;\">O Investidor \u00e9 advertido de que o Plano de Neg\u00f3cios Confidencial da Companhia e seus Adendos, coletivamente chamados (o \"Plano\") datados de 2020, cont\u00eam certas declara\u00e7\u00f5es prospectivas no sentido das provis\u00f5es de \"safe-harbor\" da Lei de Reforma de Lit\u00edgios de T\u00edtulos Privados de 1995, que envolvem v\u00e1rios riscos e incertezas, incluindo declara\u00e7\u00f5es relativas a or\u00e7amentos, despesas e receitas projetadas, distribui\u00e7\u00e3o de produtos, vendas, comiss\u00f5es a pagar e a receber e fluxos de caixa. Essas declara\u00e7\u00f5es prospectivas s\u00e3o baseadas nas informa\u00e7\u00f5es, planos e expectativas atuais da Companhia. Os resultados reais da Companhia podem diferir materialmente daqueles descritos nestas declara\u00e7\u00f5es prospectivas devido a uma variedade de fatores, incluindo a disponibilidade, fechamento, prazos (e momento) do capital necess\u00e1rio, atra\u00e7\u00e3o, conclus\u00e3o e integra\u00e7\u00e3o de certas aquisi\u00e7\u00f5es, desempenho financeiro futuro real, relacionamentos com fabricantes e clientes, dilui\u00e7\u00e3o de aumentos de capital futuros, compromissos de publicidade e marketing efetivamente assumidos pelos fornecedores, varia\u00e7\u00f5es nas receitas e despesas, disponibilidade e atra\u00e7\u00e3o de pessoal, o sucesso na execu\u00e7\u00e3o de seu plano estrat\u00e9gico, instala\u00e7\u00f5es e equipamentos, considera\u00e7\u00f5es de mercado, concorr\u00eancia, o momento e ocorr\u00eancia (ou n\u00e3o ocorr\u00eancia) de transa\u00e7\u00f5es e eventos que possam estar sujeitos a circunst\u00e2ncias fora do controle da Companhia e condi\u00e7\u00f5es econ\u00f4micas gerais.<\/p><\/div>\n\n\n\n<p><\/p>\n<\/div>\n\n\n\n<div class=\"wp-block-column is-layout-flow wp-block-column-is-layout-flow\" style=\"flex-basis:12%\"><\/div>\n<\/div>\n\n\n\n<p><\/p>\n<\/div>","protected":false},"excerpt":{"rendered":"","protected":false},"author":1,"featured_media":0,"parent":0,"menu_order":0,"comment_status":"closed","ping_status":"closed","template":"","meta":{"footnotes":""},"_links":{"self":[{"href":"https:\/\/perpetualcharity.com\/pt\/wp-json\/wp\/v2\/pages\/11469"}],"collection":[{"href":"https:\/\/perpetualcharity.com\/pt\/wp-json\/wp\/v2\/pages"}],"about":[{"href":"https:\/\/perpetualcharity.com\/pt\/wp-json\/wp\/v2\/types\/page"}],"author":[{"embeddable":true,"href":"https:\/\/perpetualcharity.com\/pt\/wp-json\/wp\/v2\/users\/1"}],"replies":[{"embeddable":true,"href":"https:\/\/perpetualcharity.com\/pt\/wp-json\/wp\/v2\/comments?post=11469"}],"version-history":[{"count":0,"href":"https:\/\/perpetualcharity.com\/pt\/wp-json\/wp\/v2\/pages\/11469\/revisions"}],"wp:attachment":[{"href":"https:\/\/perpetualcharity.com\/pt\/wp-json\/wp\/v2\/media?parent=11469"}],"curies":[{"name":"wp","href":"https:\/\/api.w.org\/{rel}","templated":true}]}}