{"id":120,"date":"2020-05-06T15:05:15","date_gmt":"2020-05-06T15:05:15","guid":{"rendered":"https:\/\/deschenaux.me\/?page_id=120"},"modified":"2020-07-02T18:23:46","modified_gmt":"2020-07-02T18:23:46","slug":"model","status":"publish","type":"page","link":"https:\/\/perpetualcharity.com\/pt\/model\/","title":{"rendered":"Modelo"},"content":{"rendered":"<div data-elementor-type=\"wp-page\" data-elementor-id=\"120\" class=\"elementor elementor-120\" data-elementor-post-type=\"page\">\n\t\t\t\t\t\t<section class=\"elementor-section elementor-top-section elementor-element elementor-element-549d58e elementor-section-boxed elementor-section-height-default elementor-section-height-default\" data-id=\"549d58e\" data-element_type=\"section\">\n\t\t\t\t\t\t<div class=\"elementor-container elementor-column-gap-default\">\n\t\t\t\t\t<div class=\"elementor-column elementor-col-50 elementor-top-column elementor-element elementor-element-8c0d491\" data-id=\"8c0d491\" data-element_type=\"column\">\n\t\t\t<div class=\"elementor-widget-wrap elementor-element-populated\">\n\t\t\t\t\t\t<div class=\"elementor-element elementor-element-c197f38 elementor-widget elementor-widget-image\" data-id=\"c197f38\" data-element_type=\"widget\" data-widget_type=\"image.default\">\n\t\t\t\t<div class=\"elementor-widget-container\">\n\t\t\t\t\t\t\t\t\t\t\t\t\t\t<a href=\"#elementor-action:action=popup:open&settings=eyJpZCI6IjI0ODciLCJ0b2dnbGUiOmZhbHNlfQ==\">\n\t\t\t\t\t\t\t<img fetchpriority=\"high\" decoding=\"async\" width=\"652\" height=\"368\" src=\"https:\/\/perpetualcharity.com\/wp-content\/uploads\/2020\/05\/perpetual-income-video.jpg\" class=\"attachment-large size-large wp-image-2486\" alt=\"perpetual income\" srcset=\"https:\/\/perpetualcharity.com\/wp-content\/uploads\/2020\/05\/perpetual-income-video.jpg 652w, https:\/\/perpetualcharity.com\/wp-content\/uploads\/2020\/05\/perpetual-income-video-300x169.jpg 300w, https:\/\/perpetualcharity.com\/wp-content\/uploads\/2020\/05\/perpetual-income-video-600x339.jpg 600w\" sizes=\"(max-width: 652px) 100vw, 652px\" \/>\t\t\t\t\t\t\t\t<\/a>\n\t\t\t\t\t\t\t\t\t\t\t\t\t<\/div>\n\t\t\t\t<\/div>\n\t\t\t\t\t<\/div>\n\t\t<\/div>\n\t\t\t\t<div class=\"elementor-column elementor-col-50 elementor-top-column elementor-element elementor-element-0262218\" data-id=\"0262218\" data-element_type=\"column\">\n\t\t\t<div class=\"elementor-widget-wrap elementor-element-populated\">\n\t\t\t\t\t\t<div class=\"elementor-element elementor-element-92e082a elementor-widget elementor-widget-text-editor\" data-id=\"92e082a\" data-element_type=\"widget\" data-widget_type=\"text-editor.default\">\n\t\t\t\t<div class=\"elementor-widget-container\">\n\t\t\t\t\t\t\t<p>A Perpetual Charity Corporation aproveita os benef\u00edcios da \"High Finance\".<\/p><p>Ao atingir grandes montantes de investimento, como o $30 Bili\u00f5es de IP que estamos a angariar, permite oportunidades de investimento que de outra forma n\u00e3o seriam sustent\u00e1veis, ou nem sequer acess\u00edveis.<\/p><p>O v\u00eddeo, assim como os gr\u00e1ficos abaixo, explicar\u00e3o os processos que estamos utilizando, desde o modelo de neg\u00f3cio at\u00e9 o plano de marketing e fluxos operacionais.<\/p><p>Cada parte interessada pode ter interesse numa sec\u00e7\u00e3o espec\u00edfica dos nossos modelos, uma vez que propomos retornos para os investidores enquanto criamos rendimentos perp\u00e9tuos de institui\u00e7\u00f5es de caridade.<\/p>\t\t\t\t\t\t<\/div>\n\t\t\t\t<\/div>\n\t\t\t\t\t<\/div>\n\t\t<\/div>\n\t\t\t\t\t<\/div>\n\t\t<\/section>\n\t\t\t\t<section class=\"elementor-section elementor-top-section elementor-element elementor-element-319896e elementor-section-stretched elementor-section-boxed elementor-section-height-default elementor-section-height-default\" data-id=\"319896e\" data-element_type=\"section\" data-settings=\"{&quot;stretch_section&quot;:&quot;section-stretched&quot;}\">\n\t\t\t\t\t\t<div class=\"elementor-container elementor-column-gap-default\">\n\t\t\t\t\t<div class=\"elementor-column elementor-col-100 elementor-top-column elementor-element elementor-element-ed15bde\" data-id=\"ed15bde\" data-element_type=\"column\">\n\t\t\t<div class=\"elementor-widget-wrap elementor-element-populated\">\n\t\t\t\t\t\t<div class=\"elementor-element elementor-element-8e8ecea elementor-widget elementor-widget-gallery\" data-id=\"8e8ecea\" data-element_type=\"widget\" data-settings=\"{&quot;columns&quot;:1,&quot;gallery_layout&quot;:&quot;masonry&quot;,&quot;lazyload&quot;:&quot;yes&quot;,&quot;columns_tablet&quot;:2,&quot;columns_mobile&quot;:1,&quot;gap&quot;:{&quot;unit&quot;:&quot;px&quot;,&quot;size&quot;:10,&quot;sizes&quot;:[]},&quot;gap_tablet&quot;:{&quot;unit&quot;:&quot;px&quot;,&quot;size&quot;:10,&quot;sizes&quot;:[]},&quot;gap_mobile&quot;:{&quot;unit&quot;:&quot;px&quot;,&quot;size&quot;:10,&quot;sizes&quot;:[]},&quot;link_to&quot;:&quot;file&quot;,&quot;show_all_galleries&quot;:&quot;yes&quot;,&quot;overlay_background&quot;:&quot;yes&quot;}\" data-widget_type=\"gallery.default\">\n\t\t\t\t<div class=\"elementor-widget-container\">\n\t\t\t\t\t\t<div class=\"elementor-gallery__titles-container e--pointer-underline e--animation-fade\" aria-label=\"Gallery filter\">\n\t\t\t\t\t\t\t\t\t<a class=\"elementor-item elementor-gallery-title\" role=\"button\" tabindex=\"0\" data-gallery-index=\"all\">\n\t\t\t\t\t\tTodos\t\t\t\t\t<\/a>\n\t\t\t\t\n\t\t\t\t\t\t\t\t\t<a class=\"elementor-item elementor-gallery-title\" role=\"button\" tabindex=\"0\" data-gallery-index=\"0\">\n\t\t\t\t\t\tModelo de Neg\u00f3cio\t\t\t\t\t<\/a>\n\t\t\t\t\t\t\t\t\t\t<a class=\"elementor-item elementor-gallery-title\" role=\"button\" tabindex=\"0\" data-gallery-index=\"1\">\n\t\t\t\t\t\tModelo de receitas\t\t\t\t\t<\/a>\n\t\t\t\t\t\t\t\t\t\t<a class=\"elementor-item elementor-gallery-title\" role=\"button\" tabindex=\"0\" data-gallery-index=\"2\">\n\t\t\t\t\t\tFontes de rendimento\t\t\t\t\t<\/a>\n\t\t\t\t\t\t\t\t\t\t<a class=\"elementor-item elementor-gallery-title\" role=\"button\" tabindex=\"0\" data-gallery-index=\"3\">\n\t\t\t\t\t\tEsquema de Marketing Estrat\u00e9gico\t\t\t\t\t<\/a>\n\t\t\t\t\t\t\t\t\t\t<a class=\"elementor-item elementor-gallery-title\" role=\"button\" tabindex=\"0\" data-gallery-index=\"4\">\n\t\t\t\t\t\tFluxo de Trabalho Operacional\t\t\t\t\t<\/a>\n\t\t\t\t\t\t\t\t<\/div>\n\t\t\t\t\t<div class=\"elementor-gallery__container\">\n\t\t\t\t\t\t\t<a class=\"e-gallery-item elementor-gallery-item\" data-e-gallery-tags=\"0\" href=\"https:\/\/perpetualcharity.com\/wp-content\/uploads\/ppc-business-model.jpg\" data-elementor-open-lightbox=\"yes\" data-elementor-lightbox-slideshow=\"8e8ecea\" data-elementor-lightbox-title=\"Business Model\" data-e-action-hash=\"#elementor-action%3Aaction%3Dlightbox%26settings%3DeyJpZCI6MTEzNjMsInVybCI6Imh0dHBzOlwvXC9wZXJwZXR1YWxjaGFyaXR5LmNvbVwvd3AtY29udGVudFwvdXBsb2Fkc1wvcHBjLWJ1c2luZXNzLW1vZGVsLmpwZyIsInNsaWRlc2hvdyI6IjhlOGVjZWEifQ%3D%3D\">\n\t\t\t\t\t<div class=\"e-gallery-image elementor-gallery-item__image\" data-thumbnail=\"https:\/\/perpetualcharity.com\/wp-content\/uploads\/ppc-business-model.jpg\" data-width=\"790\" data-height=\"800\" aria-label=\"Modelo de Neg\u00f3cio\" role=\"img\" ><\/div>\n\t\t\t\t\t\t\t\t\t\t\t<div class=\"elementor-gallery-item__overlay\"><\/div>\n\t\t\t\t\t\t\t\t\t\t\t\t\t\t<\/a>\n\t\t\t\t\t\t\t<a class=\"e-gallery-item elementor-gallery-item\" data-e-gallery-tags=\"1\" href=\"https:\/\/perpetualcharity.com\/wp-content\/uploads\/PPC_Revenue-Model.jpg\" data-elementor-open-lightbox=\"yes\" data-elementor-lightbox-slideshow=\"8e8ecea\" data-elementor-lightbox-title=\"Revenue Model\" data-e-action-hash=\"#elementor-action%3Aaction%3Dlightbox%26settings%3DeyJpZCI6MTEzNjUsInVybCI6Imh0dHBzOlwvXC9wZXJwZXR1YWxjaGFyaXR5LmNvbVwvd3AtY29udGVudFwvdXBsb2Fkc1wvUFBDX1JldmVudWUtTW9kZWwuanBnIiwic2xpZGVzaG93IjoiOGU4ZWNlYSJ9\">\n\t\t\t\t\t<div class=\"e-gallery-image elementor-gallery-item__image\" data-thumbnail=\"https:\/\/perpetualcharity.com\/wp-content\/uploads\/PPC_Revenue-Model.jpg\" data-width=\"800\" data-height=\"790\" aria-label=\"Modelo de receitas\" role=\"img\" ><\/div>\n\t\t\t\t\t\t\t\t\t\t\t<div class=\"elementor-gallery-item__overlay\"><\/div>\n\t\t\t\t\t\t\t\t\t\t\t\t\t\t<\/a>\n\t\t\t\t\t\t\t<a class=\"e-gallery-item elementor-gallery-item\" data-e-gallery-tags=\"2\" href=\"https:\/\/perpetualcharity.com\/wp-content\/uploads\/Income-Sources_modal.jpg\" data-elementor-open-lightbox=\"yes\" data-elementor-lightbox-slideshow=\"8e8ecea\" data-elementor-lightbox-title=\"Income Sources\" data-e-action-hash=\"#elementor-action%3Aaction%3Dlightbox%26settings%3DeyJpZCI6MTEzNTksInVybCI6Imh0dHBzOlwvXC9wZXJwZXR1YWxjaGFyaXR5LmNvbVwvd3AtY29udGVudFwvdXBsb2Fkc1wvSW5jb21lLVNvdXJjZXNfbW9kYWwuanBnIiwic2xpZGVzaG93IjoiOGU4ZWNlYSJ9\">\n\t\t\t\t\t<div class=\"e-gallery-image elementor-gallery-item__image\" data-thumbnail=\"https:\/\/perpetualcharity.com\/wp-content\/uploads\/Income-Sources_modal.jpg\" data-width=\"800\" data-height=\"608\" aria-label=\"Fontes de rendimento\" role=\"img\" ><\/div>\n\t\t\t\t\t\t\t\t\t\t\t<div class=\"elementor-gallery-item__overlay\"><\/div>\n\t\t\t\t\t\t\t\t\t\t\t\t\t\t<\/a>\n\t\t\t\t\t\t\t<a class=\"e-gallery-item elementor-gallery-item\" data-e-gallery-tags=\"3\" href=\"https:\/\/perpetualcharity.com\/wp-content\/uploads\/2020\/05\/Strategic-Marketing-Scheme.jpg\" data-elementor-open-lightbox=\"yes\" data-elementor-lightbox-slideshow=\"8e8ecea\" data-elementor-lightbox-title=\"Strategic Marketing Scheme\" data-elementor-lightbox-description=\"Strategic Marketing Scheme\" data-e-action-hash=\"#elementor-action%3Aaction%3Dlightbox%26settings%3DeyJpZCI6MjU2NCwidXJsIjoiaHR0cHM6XC9cL3BlcnBldHVhbGNoYXJpdHkuY29tXC93cC1jb250ZW50XC91cGxvYWRzXC8yMDIwXC8wNVwvU3RyYXRlZ2ljLU1hcmtldGluZy1TY2hlbWUuanBnIiwic2xpZGVzaG93IjoiOGU4ZWNlYSJ9\">\n\t\t\t\t\t<div class=\"e-gallery-image elementor-gallery-item__image\" data-thumbnail=\"https:\/\/perpetualcharity.com\/wp-content\/uploads\/2020\/05\/Strategic-Marketing-Scheme.jpg\" data-width=\"824\" data-height=\"800\" aria-label=\"Esquema de Marketing Estrat\u00e9gico\" role=\"img\" ><\/div>\n\t\t\t\t\t\t\t\t\t\t\t<div class=\"elementor-gallery-item__overlay\"><\/div>\n\t\t\t\t\t\t\t\t\t\t\t\t\t\t<\/a>\n\t\t\t\t\t\t\t<a class=\"e-gallery-item elementor-gallery-item\" data-e-gallery-tags=\"4\" href=\"https:\/\/perpetualcharity.com\/wp-content\/uploads\/2020\/05\/Operational-Workflow.jpg\" data-elementor-open-lightbox=\"yes\" data-elementor-lightbox-slideshow=\"8e8ecea\" data-elementor-lightbox-title=\"Operational Workflow\" data-elementor-lightbox-description=\"Operational Workflow\" data-e-action-hash=\"#elementor-action%3Aaction%3Dlightbox%26settings%3DeyJpZCI6MjU2NSwidXJsIjoiaHR0cHM6XC9cL3BlcnBldHVhbGNoYXJpdHkuY29tXC93cC1jb250ZW50XC91cGxvYWRzXC8yMDIwXC8wNVwvT3BlcmF0aW9uYWwtV29ya2Zsb3cuanBnIiwic2xpZGVzaG93IjoiOGU4ZWNlYSJ9\">\n\t\t\t\t\t<div class=\"e-gallery-image elementor-gallery-item__image\" data-thumbnail=\"https:\/\/perpetualcharity.com\/wp-content\/uploads\/2020\/05\/Operational-Workflow.jpg\" data-width=\"824\" data-height=\"800\" aria-label=\"Fluxo de Trabalho Operacional\" role=\"img\" ><\/div>\n\t\t\t\t\t\t\t\t\t\t\t<div class=\"elementor-gallery-item__overlay\"><\/div>\n\t\t\t\t\t\t\t\t\t\t\t\t\t\t<\/a>\n\t\t\t\t\t<\/div>\n\t\t\t<\/div>\n\t\t\t\t<\/div>\n\t\t\t\t\t<\/div>\n\t\t<\/div>\n\t\t\t\t\t<\/div>\n\t\t<\/section>\n\t\t\t\t<\/div>","protected":false},"excerpt":{"rendered":"<p>Perpetual Charity Corporation leverages the benefits of &#8220;High Finance&#8221;. By reaching large investment amounts, such as the $30 Billion IP we are raising, allows for investment opportunities that otherwise would not be sustainable, or not even accessible. The video as well as the graphics below will explain the processes that we are using, from the &#8230; <a title=\"Modelo\" class=\"read-more\" href=\"https:\/\/perpetualcharity.com\/pt\/model\/\" aria-label=\"Leia mais sobre Model\">Ler mais<\/a><\/p>","protected":false},"author":1,"featured_media":0,"parent":0,"menu_order":3,"comment_status":"closed","ping_status":"closed","template":"","meta":{"footnotes":""},"_links":{"self":[{"href":"https:\/\/perpetualcharity.com\/pt\/wp-json\/wp\/v2\/pages\/120"}],"collection":[{"href":"https:\/\/perpetualcharity.com\/pt\/wp-json\/wp\/v2\/pages"}],"about":[{"href":"https:\/\/perpetualcharity.com\/pt\/wp-json\/wp\/v2\/types\/page"}],"author":[{"embeddable":true,"href":"https:\/\/perpetualcharity.com\/pt\/wp-json\/wp\/v2\/users\/1"}],"replies":[{"embeddable":true,"href":"https:\/\/perpetualcharity.com\/pt\/wp-json\/wp\/v2\/comments?post=120"}],"version-history":[{"count":0,"href":"https:\/\/perpetualcharity.com\/pt\/wp-json\/wp\/v2\/pages\/120\/revisions"}],"wp:attachment":[{"href":"https:\/\/perpetualcharity.com\/pt\/wp-json\/wp\/v2\/media?parent=120"}],"curies":[{"name":"wp","href":"https:\/\/api.w.org\/{rel}","templated":true}]}}