{"id":2747,"date":"2020-05-18T15:25:06","date_gmt":"2020-05-18T15:25:06","guid":{"rendered":"https:\/\/perpetualcharity.com\/?page_id=2747"},"modified":"2020-05-18T15:35:56","modified_gmt":"2020-05-18T15:35:56","slug":"vote","status":"publish","type":"page","link":"https:\/\/perpetualcharity.com\/pt\/vote\/","title":{"rendered":"Vote na sua Caridade preferida"},"content":{"rendered":"<div data-elementor-type=\"wp-page\" data-elementor-id=\"2747\" class=\"elementor elementor-2747\" data-elementor-post-type=\"page\">\n\t\t\t\t\t\t<section class=\"elementor-section elementor-top-section elementor-element elementor-element-7666286 elementor-section-boxed elementor-section-height-default elementor-section-height-default\" data-id=\"7666286\" data-element_type=\"section\">\n\t\t\t\t\t\t<div class=\"elementor-container elementor-column-gap-default\">\n\t\t\t\t\t<div class=\"elementor-column elementor-col-100 elementor-top-column elementor-element elementor-element-cf87b1f\" data-id=\"cf87b1f\" data-element_type=\"column\">\n\t\t\t<div class=\"elementor-widget-wrap elementor-element-populated\">\n\t\t\t\t\t\t<div class=\"elementor-element elementor-element-9b2d11d elementor-widget elementor-widget-text-editor\" data-id=\"9b2d11d\" data-element_type=\"widget\" data-widget_type=\"text-editor.default\">\n\t\t\t\t<div class=\"elementor-widget-container\">\n\t\t\t\t\t\t\t<p>As Na\u00e7\u00f5es Unidas listam mais de 17.000 ONGs e Caridades registradas.<\/p><p>Na Perpetual Charity gostar\u00edamos de trabalhar com as Caridades que s\u00e3o examinadas por Voc\u00ea. As Institui\u00e7\u00f5es de Caridade selecionadas ganham um fluxo de \"Financiamento Perp\u00e9tuo\" desde que sejam eficientes.<\/p><p>Por isso, convidamos as Caridades a competir, mostrando que t\u00eam o apoio dos seus apoiantes. Para confirmar seu apoio para uma Caridade espec\u00edfica, por favor preencha o formul\u00e1rio abaixo e pague a taxa de 1 voto, dependendo da moeda de seu pa\u00eds.<\/p><p>Cada taxa de voto vai diretamente para a Caridade que voc\u00ea escolheu, sem qualquer custo nosso.<\/p>\t\t\t\t\t\t<\/div>\n\t\t\t\t<\/div>\n\t\t\t\t\t<\/div>\n\t\t<\/div>\n\t\t\t\t\t<\/div>\n\t\t<\/section>\n\t\t\t\t<section class=\"elementor-section elementor-top-section elementor-element elementor-element-731fedd elementor-section-boxed elementor-section-height-default elementor-section-height-default\" data-id=\"731fedd\" data-element_type=\"section\">\n\t\t\t\t\t\t<div class=\"elementor-container elementor-column-gap-default\">\n\t\t\t\t\t<div class=\"elementor-column elementor-col-25 elementor-top-column elementor-element elementor-element-9a5cc45\" data-id=\"9a5cc45\" data-element_type=\"column\">\n\t\t\t<div class=\"elementor-widget-wrap\">\n\t\t\t\t\t\t\t<\/div>\n\t\t<\/div>\n\t\t\t\t<div class=\"elementor-column elementor-col-50 elementor-top-column elementor-element elementor-element-7aadfd4\" data-id=\"7aadfd4\" data-element_type=\"column\">\n\t\t\t<div class=\"elementor-widget-wrap elementor-element-populated\">\n\t\t\t\t\t\t<div class=\"elementor-element elementor-element-532e15c elementor-widget elementor-widget-shortcode\" data-id=\"532e15c\" data-element_type=\"widget\" data-widget_type=\"shortcode.default\">\n\t\t\t\t<div class=\"elementor-widget-container\">\n\t\t\t\t\t<div class=\"elementor-shortcode\"><div class=\"forminator-ui forminator-custom-form forminator-custom-form-2753 forminator-design--default  forminator_ajax\" data-forminator-render=\"0\" data-form=\"forminator-module-2753\" data-uid=\"69dbb997d786e\"><br\/><\/div><form\r\n\t\t\t\tid=\"forminator-module-2753\"\r\n\t\t\t\tclass=\"forminator-ui forminator-custom-form forminator-custom-form-2753 forminator-design--default  forminator_ajax\"\r\n\t\t\t\tmethod=\"post\"\r\n\t\t\t\tdata-forminator-render=\"0\"\r\n\t\t\t\tdata-form-id=\"2753\"\r\n\t\t\t\t\r\n\t\t\t\tdata-design=\"default\"\r\n\t\t\t\t\r\n\t\t\t\t\r\n\t\t\t\t\r\n\t\t\t\tdata-grid=\"open\"\r\n\t\t\t\t\r\n\t\t\t\t\r\n\t\t\t\tstyle=\"display: none;\"\r\n\t\t\t\t\r\n\t\t\t\tdata-uid=\"69dbb997d786e\" action=\"\"\r\n\t\t\t><div role=\"alert\" aria-live=\"polite\" class=\"forminator-response-message forminator-error\" aria-hidden=\"true\"><\/div><div class=\"forminator-row\"><div id=\"name-1\" class=\"forminator-field-name forminator-col forminator-col-12\"><div class=\"forminator-field\"><label for=\"forminator-field-name-1_69dbb997d786e\" id=\"forminator-field-name-1_69dbb997d786e-label\" class=\"forminator-label\">Nome<\/label><input type=\"text\" name=\"name-1\" value=\"\" placeholder=\"Por exemplo, John Doe.\" id=\"forminator-field-name-1_69dbb997d786e\" class=\"forminator-input forminator-name--field\" aria-required=\"false\" \/><\/div><\/div><\/div><div class=\"forminator-row\"><div id=\"email-1\" class=\"forminator-field-email forminator-col forminator-col-6\"><div class=\"forminator-field\"><label for=\"forminator-field-email-1_69dbb997d786e\" id=\"forminator-field-email-1_69dbb997d786e-label\" class=\"forminator-label\">Endere\u00e7o de e-mail <span class=\"forminator-required\">*<\/span><\/label><input type=\"email\" name=\"email-1\" value=\"\" placeholder=\"Por exemplo: john@doe.com\" id=\"forminator-field-email-1_69dbb997d786e\" class=\"forminator-input forminator-email--field\" data-required=\"true\" aria-required=\"true\" \/><\/div><\/div><div id=\"phone-1\" class=\"forminator-field-phone forminator-col forminator-col-6\"><div class=\"forminator-field\"><label for=\"forminator-field-phone-1_69dbb997d786e\" id=\"forminator-field-phone-1_69dbb997d786e-label\" class=\"forminator-label\">N\u00famero de telefone <span class=\"forminator-required\">*<\/span><\/label><input type=\"text\" name=\"phone-1\" value=\"\" placeholder=\"Por exemplo, +1 3004005000\" id=\"forminator-field-phone-1_69dbb997d786e\" class=\"forminator-input forminator-field--phone\" data-required=\"1\" aria-required=\"true\" autocomplete=\"off\" data-validation=\"1\" \/><\/div><\/div><\/div><div class=\"forminator-row\"><div id=\"select-1\" class=\"forminator-field-select forminator-col forminator-col-12\"><div class=\"forminator-field\"><label for=\"forminator-form-2753__field--select-1_69dbb997d786e\" id=\"forminator-form-2753__field--select-1_69dbb997d786e-label\" class=\"forminator-label\">Lista de Caridades<\/label><select id=\"forminator-form-2753__field--select-1_69dbb997d786e\" class=\"forminator-select--field forminator-select2\" data-required=\"\" name=\"select-1\" data-default-value=\"\" data-placeholder=\"\" data-search=\"false\" aria-labelledby=\"forminator-form-2753__field--select-1_69dbb997d786e-label\" aria-describedby=\"forminator-form-2753__field--select-1_69dbb997d786e-description\"><option value=\"restaurant-du-coeur\"  data-calculation=\"0\">Restaurante du Coeur<\/option><option value=\"the-innocence-project\"  data-calculation=\"0\">O Projeto Inoc\u00eancia<\/option><option value=\"handicap-international\"  data-calculation=\"0\">Handicap Internacional<\/option><option value=\"other\"  data-calculation=\"0\">Outros<\/option><\/select><\/div><\/div><\/div><div class=\"forminator-row\"><div id=\"text-1\" class=\"forminator-field-text forminator-col forminator-col-6\"><div class=\"forminator-field\"><label for=\"forminator-field-text-1_69dbb997d786e\" id=\"forminator-field-text-1_69dbb997d786e-label\" class=\"forminator-label\">Nome da Caridade<\/label><input type=\"text\" name=\"text-1\" value=\"\" placeholder=\"Por exemplo, alguma funda\u00e7\u00e3o\" id=\"forminator-field-text-1_69dbb997d786e\" class=\"forminator-input forminator-name--field\" data-required=\"\" \/><\/div><\/div><div id=\"url-1\" class=\"forminator-field-url forminator-col forminator-col-6\"><div class=\"forminator-field\"><label for=\"forminator-field-url-1_69dbb997d786e\" id=\"forminator-field-url-1_69dbb997d786e-label\" class=\"forminator-label\">Site de Caridade<\/label><input type=\"url\" name=\"url-1\" value=\"\" placeholder=\"Por exemplo: http:\/\/www.example.com\" id=\"forminator-field-url-1_69dbb997d786e\" class=\"forminator-input forminator-website--field\" data-required=\"\" aria-required=\"false\" \/><\/div><\/div><\/div><div class=\"forminator-row\"><div id=\"stripe-1\" class=\"forminator-field-stripe forminator-col forminator-col-12\"><div class=\"forminator-field\"><label for=\"stripe-1-field\" id=\"stripe-1-field-label\" class=\"forminator-label\">Informa\u00e7\u00f5es sobre o pagamento com cart\u00e3o <span class=\"forminator-required\">*<\/span><\/label><div id=\"card-element-69dbb997d786e\" data-field-id=\"69dbb997d786e\" data-is-payment=\"true\" data-payment-type=\"stripe\" data-secret=\"\" data-paymentid=\"\" data-key=\"pk_live_fxAs2Ei9nvHBPlNIbSmLbYgB00TSdMGSH7\" data-card-icon=\"1\" data-veify-zip=\"\" data-zip-field=\"\" data-language=\"auto\" data-base-class=\"StripeElement\" data-complete-class=\"StripeElement--complete\" data-empty-class=\"StripeElement--empty\" data-focused-class=\"StripeElement--focus\" data-invalid-class=\"StripeElement--invalid\" data-autofilled-class=\"StripeElement--webkit-autofill\" data-billing=\"\" data-billing-name=\"\" data-billing-email=\"\" data-billing-address=\"\" data-receipt=\"\" data-receipt-email=\"\" data-custom-fonts=\"\" data-placeholder=\"#888888\" data-font-color=\"#000000\" data-font-color-focus=\"#000000\" data-font-color-error=\"#000000\" data-font-size=\"16px\" data-font-family=\"inherit\" data-font-weight=\"normal\" data-icon-color=\"#777771\" data-icon-color-hover=\"#17A8E3\" data-icon-color-focus=\"#17A8E3\" data-icon-color-error=\"#E04562\" aria-describedby=\"card-element-69dbb997d786e-description\" class=\"forminator-stripe-element\"><\/div><input type=\"hidden\" name=\"paymentid\" value=\"\" id=\"forminator-stripe-paymentid\"\/><input type=\"hidden\" name=\"paymentmethod\" value=\"\" id=\"forminator-stripe-paymentmethod\"\/><input type=\"hidden\" name=\"subscriptionid\" value=\"\" id=\"forminator-stripe-subscriptionid\"\/><span class=\"forminator-card-message\"><span class=\"forminator-error-message\" aria-hidden=\"true\"><\/span><\/span><\/div><\/div><\/div><input type=\"hidden\" name=\"referer_url\" value=\"\" \/><div class=\"forminator-row forminator-row-last\"><div class=\"forminator-col\"><div class=\"forminator-field\"><button class=\"forminator-button forminator-button-submit\">$1 Pagar para votar<\/button><\/div><\/div><\/div><input type=\"hidden\" id=\"forminator_nonce\" name=\"forminator_nonce\" value=\"469f29bd24\" \/><input type=\"hidden\" name=\"_wp_http_referer\" value=\"\/pt\/wp-json\/wp\/v2\/pages\/2747\" \/><input type=\"hidden\" name=\"form_id\" value=\"2753\"><input type=\"hidden\" name=\"page_id\" value=\"2747\"><input type=\"hidden\" name=\"form_type\" value=\"default\"><input type=\"hidden\" name=\"current_url\" value=\"https:\/\/perpetualcharity.com\/pt\/vote\/\"><input type=\"hidden\" name=\"render_id\" value=\"0\"><input type=\"hidden\" name=\"action\" value=\"forminator_submit_form_custom-forms\"><input type=\"hidden\" name=\"trp-form-language\" value=\"pt\"\/><\/form><\/div>\n\t\t\t\t<\/div>\n\t\t\t\t<\/div>\n\t\t\t\t\t<\/div>\n\t\t<\/div>\n\t\t\t\t<div class=\"elementor-column elementor-col-25 elementor-top-column elementor-element elementor-element-dc7862d\" data-id=\"dc7862d\" data-element_type=\"column\">\n\t\t\t<div class=\"elementor-widget-wrap\">\n\t\t\t\t\t\t\t<\/div>\n\t\t<\/div>\n\t\t\t\t\t<\/div>\n\t\t<\/section>\n\t\t\t\t<\/div>","protected":false},"excerpt":{"rendered":"<p>The United Nations lists more than 17,000 registered NGOs and Charities. At Perpetual Charity we would like to work with the Charities that are vetted by You. Selected Charities stand to earn a \u201cPerpetual Funding\u201d stream as long as they are efficient. Therefore we invite Charities to compete by showing they have the support of &#8230; <a title=\"Vote na sua Caridade preferida\" class=\"read-more\" href=\"https:\/\/perpetualcharity.com\/pt\/vote\/\" aria-label=\"Leia mais sobre Vote for your preferred Charity\">Ler mais<\/a><\/p>","protected":false},"author":1,"featured_media":0,"parent":0,"menu_order":15,"comment_status":"closed","ping_status":"closed","template":"","meta":{"footnotes":""},"_links":{"self":[{"href":"https:\/\/perpetualcharity.com\/pt\/wp-json\/wp\/v2\/pages\/2747"}],"collection":[{"href":"https:\/\/perpetualcharity.com\/pt\/wp-json\/wp\/v2\/pages"}],"about":[{"href":"https:\/\/perpetualcharity.com\/pt\/wp-json\/wp\/v2\/types\/page"}],"author":[{"embeddable":true,"href":"https:\/\/perpetualcharity.com\/pt\/wp-json\/wp\/v2\/users\/1"}],"replies":[{"embeddable":true,"href":"https:\/\/perpetualcharity.com\/pt\/wp-json\/wp\/v2\/comments?post=2747"}],"version-history":[{"count":0,"href":"https:\/\/perpetualcharity.com\/pt\/wp-json\/wp\/v2\/pages\/2747\/revisions"}],"wp:attachment":[{"href":"https:\/\/perpetualcharity.com\/pt\/wp-json\/wp\/v2\/media?parent=2747"}],"curies":[{"name":"wp","href":"https:\/\/api.w.org\/{rel}","templated":true}]}}