{"id":3,"date":"2020-05-05T13:37:41","date_gmt":"2020-05-05T13:37:41","guid":{"rendered":"https:\/\/deschenaux.me\/?page_id=3"},"modified":"2020-05-18T16:35:38","modified_gmt":"2020-05-18T16:35:38","slug":"privacy-policy","status":"publish","type":"page","link":"https:\/\/perpetualcharity.com\/pt\/privacy-policy\/","title":{"rendered":"Pol\u00edtica de Privacidade"},"content":{"rendered":"<div data-elementor-type=\"wp-page\" data-elementor-id=\"3\" class=\"elementor elementor-3\" data-elementor-post-type=\"page\">\n\t\t\t\t\t\t<section class=\"elementor-section elementor-top-section elementor-element elementor-element-7d9baf5b elementor-section-boxed elementor-section-height-default elementor-section-height-default\" data-id=\"7d9baf5b\" data-element_type=\"section\">\n\t\t\t\t\t\t<div class=\"elementor-container elementor-column-gap-default\">\n\t\t\t\t\t<div class=\"elementor-column elementor-col-100 elementor-top-column elementor-element elementor-element-46b8d89f\" data-id=\"46b8d89f\" data-element_type=\"column\">\n\t\t\t<div class=\"elementor-widget-wrap elementor-element-populated\">\n\t\t\t\t\t\t<div class=\"elementor-element elementor-element-6af4a87b elementor-widget elementor-widget-text-editor\" data-id=\"6af4a87b\" data-element_type=\"widget\" data-widget_type=\"text-editor.default\">\n\t\t\t\t<div class=\"elementor-widget-container\">\n\t\t\t\t\t\t\t<p>[sitename] (\u201cus\u201d, \u201cwe\u201d, or \u201cour\u201d) is operating the said &#8220;Service&#8221; which is the following website: [site_url]<\/p><p>Esta p\u00e1gina informa-o das nossas pol\u00edticas relativas \u00e0 recolha, utiliza\u00e7\u00e3o e divulga\u00e7\u00e3o de dados pessoais quando utiliza o nosso Servi\u00e7o e das escolhas que tem associadas a esses dados.<\/p><p>We use your data to provide and improve the Service. By using the Service, you agree to the collection and use of information in accordance with this policy. Unless otherwise defined in this Privacy Policy, the terms used in this Privacy Policy have the same meanings as in our Terms and Conditions, accessible from [site_url]<\/p><p><strong>DEFINI\u00c7\u00d5ES<\/strong><\/p><p><strong>Servi\u00e7o<\/strong><\/p><p>Service is the [site_url] website operated by [sitename].<\/p><p><strong>Dados Pessoais<\/strong><\/p><p>Dados pessoais s\u00e3o dados sobre um indiv\u00edduo vivo que podem ser identificados a partir desses dados (ou a partir daqueles e outras informa\u00e7\u00f5es que est\u00e3o em nossa posse ou que possam vir a estar em nossa posse).<\/p><p><strong>Dados de Utiliza\u00e7\u00e3o<\/strong><\/p><p>Dados de Utiliza\u00e7\u00e3o s\u00e3o dados coletados automaticamente pelo uso do Servi\u00e7o ou da pr\u00f3pria infra-estrutura do Servi\u00e7o (por exemplo, a dura\u00e7\u00e3o de uma visita a uma p\u00e1gina).<\/p><p><strong>Biscoitos<\/strong><\/p><p>Os cookies s\u00e3o pequenos ficheiros armazenados no seu dispositivo (computador ou dispositivo m\u00f3vel).<\/p><p><strong>Controlador de dados<\/strong><\/p><p>O Controlador de Dados \u00e9 a pessoa f\u00edsica ou jur\u00eddica que (sozinha ou em conjunto ou em comum com outras pessoas) determina as finalidades para as quais e a maneira pela qual qualquer informa\u00e7\u00e3o pessoal \u00e9, ou ser\u00e1, processada.<\/p><p>Para os fins desta Pol\u00edtica de Privacidade, somos um Controlador de Dados dos seus Dados Pessoais.<\/p><p><strong>Processadores de dados (ou prestadores de servi\u00e7os)<\/strong><\/p><p>Processador de Dados (ou Provedor de Servi\u00e7os) significa qualquer pessoa f\u00edsica ou jur\u00eddica que processe os dados em nome do Controlador de Dados.<\/p><p>Podemos utilizar os servi\u00e7os de v\u00e1rios Provedores de Servi\u00e7os para processar seus dados de forma mais eficaz.<\/p><p><strong>Utilizador<\/strong><\/p><p>O Sujeito dos Dados \u00e9 qualquer indiv\u00edduo vivo que esteja a utilizar o nosso Servi\u00e7o e \u00e9 o sujeito dos Dados Pessoais.<\/p><p><strong>\u00a0<\/strong><\/p><p><strong>RECOLHA E UTILIZA\u00c7\u00c3O DA INFORMA\u00c7\u00c3O<\/strong><\/p><p>Recolhemos v\u00e1rios tipos diferentes de informa\u00e7\u00e3o para v\u00e1rios fins a fim de fornecer e melhorar os nossos<\/p><p>Servi\u00e7o para si.<\/p><p><strong>\u00a0<\/strong><\/p><p><strong>Tipos de Dados Coletados<\/strong><\/p><p><strong>\u00a0<\/strong><\/p><p><strong>Dados Pessoais<\/strong><\/p><p>Ao utilizar o nosso Servi\u00e7o, podemos pedir-lhe que nos forne\u00e7a certas informa\u00e7\u00f5es pessoais identific\u00e1veis que podem ser utilizadas para o contactar ou identificar (\"Dados Pessoais\"). As informa\u00e7\u00f5es de identifica\u00e7\u00e3o pessoal podem incluir, mas n\u00e3o se limitam a:<\/p><p>Endere\u00e7o de e-mail<\/p><p>Nome e sobrenome<\/p><p>N\u00famero de telefone<\/p><p>Endere\u00e7o, Estado, Prov\u00edncia, CEP\/C\u00f3digo Postal, Cidade<\/p><p><strong>\u00a0<\/strong><\/p><p><strong>Cookies e Dados de Utiliza\u00e7\u00e3o<\/strong><\/p><p>Podemos utilizar os seus Dados Pessoais para o contactar com newsletters, materiais de marketing ou promocionais e outras informa\u00e7\u00f5es que possam ser do seu interesse.<\/p><p>Voc\u00ea pode optar por n\u00e3o receber nenhuma, ou todas estas comunica\u00e7\u00f5es da nossa parte, seguindo o link de cancelamento de assinatura ou as instru\u00e7\u00f5es fornecidas em qualquer e-mail que enviarmos.<\/p><p><strong>\u00a0<\/strong><\/p><p><strong>Dados de Utiliza\u00e7\u00e3o<\/strong><\/p><p>Tamb\u00e9m podemos recolher informa\u00e7\u00f5es sobre como o Servi\u00e7o \u00e9 acedido e utilizado (\"Dados de Utiliza\u00e7\u00e3o\"). Esses Dados de Utiliza\u00e7\u00e3o podem incluir informa\u00e7\u00f5es como o endere\u00e7o de Protocolo de Internet do seu computador (por exemplo, endere\u00e7o IP), tipo de navegador, vers\u00e3o do navegador, as p\u00e1ginas do nosso Servi\u00e7o que voc\u00ea visita, a hora e data da sua visita, o tempo gasto nessas p\u00e1ginas, identificadores de dispositivos exclusivos e outros dados de diagn\u00f3stico.<\/p><p><strong>\u00a0<\/strong><\/p><p><strong>Rastreamento e Dados de Cookies<\/strong><\/p><p>Utilizamos cookies e tecnologias de rastreamento similares para rastrear a atividade em nosso Servi\u00e7o e mantemos certas informa\u00e7\u00f5es.<\/p><p>Os cookies s\u00e3o ficheiros com uma pequena quantidade de dados que podem incluir um identificador an\u00f3nimo \u00fanico. Os cookies s\u00e3o enviados para o seu navegador a partir de um website e armazenados no seu dispositivo. Outras tecnologias de rastreamento tamb\u00e9m s\u00e3o usadas, como beacons, tags e scripts para coletar e rastrear informa\u00e7\u00f5es e para melhorar e analisar o nosso Servi\u00e7o.<\/p><p>Voc\u00ea pode instruir seu navegador a recusar todos os cookies ou a indicar quando um cookie est\u00e1 sendo enviado. No entanto, se voc\u00ea n\u00e3o aceitar cookies, talvez n\u00e3o possa utilizar algumas partes do nosso Servi\u00e7o.<\/p><p>Exemplos de Cookies que usamos:<\/p><p>Cookies de sess\u00e3o. Utilizamos os Cookies de Sess\u00e3o para operar o nosso Servi\u00e7o.<\/p><p>Cookies de Prefer\u00eancia. Usamos os Cookies de Prefer\u00eancia para lembrar as suas prefer\u00eancias e v\u00e1rias configura\u00e7\u00f5es.<\/p><p>Cookies de seguran\u00e7a. N\u00f3s usamos Cookies de Seguran\u00e7a para fins de seguran\u00e7a.<\/p><p><strong>\u00a0<\/strong><\/p><p><strong>Uso de dados<\/strong><\/p><p>[sitename] uses the collected data for various purposes:<\/p><ul><li>Para fornecer e manter o nosso servi\u00e7o<\/li><li>Para notific\u00e1-lo sobre altera\u00e7\u00f5es ao nosso servi\u00e7o<\/li><li>Para permitir a sua participa\u00e7\u00e3o em funcionalidades interactivas do nosso Servi\u00e7o quando assim o desejar<\/li><li>Para fornecer suporte ao cliente<\/li><li>Para recolher an\u00e1lises ou informa\u00e7\u00f5es valiosas para que possamos melhorar o nosso servi\u00e7o<\/li><li>Para monitorizar a utiliza\u00e7\u00e3o do nosso Servi\u00e7o<\/li><li>Para detectar, prevenir e resolver problemas t\u00e9cnicos<\/li><li>Para lhe fornecer not\u00edcias, ofertas especiais e informa\u00e7\u00f5es gerais sobre outros bens, servi\u00e7os e eventos que oferecemos que s\u00e3o semelhantes aos que j\u00e1 adquiriu ou consultou, a menos que tenha optado por n\u00e3o receber tais informa\u00e7\u00f5es<\/li><\/ul><p><strong>\u00a0<\/strong><\/p><p><strong>Base Legal para o Processamento de Dados Pessoais ao abrigo do Regulamento Geral de Protec\u00e7\u00e3o de Dados (GDPR)<\/strong><\/p><p>If you are from the European Economic Area (EEA), [sitename] legal basis for collecting and using the personal information described in this Privacy Policy depends on the Personal Data we collect and the specific context in which we collect it.<\/p><p>[sitename] may process your Personal Data because:<\/p><ul><li>Precisamos de fazer um contrato com voc\u00ea<\/li><li>Voc\u00ea nos deu permiss\u00e3o para fazer isso.<\/li><li>O processamento \u00e9 do nosso leg\u00edtimo interesse e n\u00e3o \u00e9 anulado pelos seus direitos.<\/li><li>Para fins de processamento de pagamentos<\/li><li>Para cumprir a lei<\/li><\/ul><p><strong>\u00a0<\/strong><\/p><p><strong>Reten\u00e7\u00e3o de dados<\/strong><\/p><p>[sitename] will retain your Personal Data only for as long as is necessary for the purposes set out in this Privacy Policy. We will retain and use your Personal Data to the extent necessary to comply with our legal obligations (for example, if we are required to retain your data to comply with applicable laws), resolve disputes and enforce our legal agreements and policies.<\/p><p>[sitename] WITHOUT BORDERS FEDERATION will also retain Usage Data for internal analysis purposes. Usage Data is generally retained for a shorter period of time, except when this data is used to strengthen the security or to improve the functionality of our service, or we are legally obligated to retain this data for longer periods.<\/p><p><strong>\u00a0<\/strong><\/p><p><strong>Transfer\u00eancia de dados<\/strong><\/p><p>A sua informa\u00e7\u00e3o, incluindo Dados Pessoais, pode ser transferida para - e mantida em - computadores localizados fora do seu estado, prov\u00edncia, pa\u00eds ou outra jurisdi\u00e7\u00e3o governamental onde as leis de protec\u00e7\u00e3o de dados podem diferir das leis da sua jurisdi\u00e7\u00e3o.<\/p><p>Se voc\u00ea estiver localizado fora da Su\u00ed\u00e7a e optar por nos fornecer informa\u00e7\u00f5es, observe que transferimos os dados, incluindo Dados Pessoais, para a Su\u00ed\u00e7a e os processamos l\u00e1.<\/p><p>O seu consentimento para esta Pol\u00edtica de Privacidade seguida pelo seu envio de tais informa\u00e7\u00f5es representa a sua concord\u00e2ncia com essa transfer\u00eancia.<\/p><p>[sitename] will take all the steps reasonably necessary to ensure that your data is treated securely and in accordance with this Privacy Policy and no transfer of your Personal Data will take place to an organization or a country unless there are adequate controls in place including the security of your data and other personal information.<\/p><p><strong>\u00a0<\/strong><\/p><p><strong>Divulga\u00e7\u00e3o de Dados<\/strong><\/p><p><strong>\u00a0<\/strong><\/p><p><strong>Transa\u00e7\u00e3o Comercial<\/strong><\/p><p>If [sitename] is involved in a merger, acquisition or asset sale, your Personal Data may be transferred. We will provide notice before your Personal Data is transferred and becomes subject to a different Privacy Policy.<\/p><p><strong>\u00a0<\/strong><\/p><p><strong>Divulga\u00e7\u00e3o para a aplica\u00e7\u00e3o da lei<\/strong><\/p><p>Under certain circumstances, [sitename] may be required to disclose your Personal Data if required to do so by law or in response<\/p><p>a pedidos v\u00e1lidos das autoridades p\u00fablicas (por exemplo, um tribunal ou uma ag\u00eancia governamental).<\/p><p><strong>\u00a0<\/strong><\/p><p><strong>Requisitos Legais<\/strong><\/p><p>[sitename] may disclose your Personal Data in the good faith belief that such action is necessary to:<\/p><ul><li>Para cumprir com uma obriga\u00e7\u00e3o legal<\/li><li>To protect and defend the rights or property of [sitename]<\/li><li>Para prevenir ou investigar poss\u00edveis infrac\u00e7\u00f5es relacionadas com o Servi\u00e7o<\/li><li>Para proteger a seguran\u00e7a pessoal dos utilizadores do Servi\u00e7o ou do p\u00fablico<\/li><li>Para proteger contra a responsabilidade legal<\/li><\/ul><p><strong>\u00a0<\/strong><\/p><p><strong>Seguran\u00e7a dos Dados<\/strong><\/p><p>A seguran\u00e7a dos seus dados \u00e9 importante para n\u00f3s, mas lembre-se que nenhum m\u00e9todo de transmiss\u00e3o pela Internet ou m\u00e9todo de armazenamento electr\u00f3nico \u00e9 100% seguro. Embora nos esforcemos para usar meios comercialmente aceit\u00e1veis para proteger os seus Dados Pessoais, n\u00e3o podemos garantir a sua absoluta seguran\u00e7a.<\/p><p>Nossa Pol\u00edtica sobre Sinais \"N\u00e3o Rastrear\" sob a Lei de Prote\u00e7\u00e3o Online da Calif\u00f3rnia (CalOPPA)<\/p><p>N\u00f3s n\u00e3o apoiamos Do Not Track (\"DNT\"). Do Not Track \u00e9 uma prefer\u00eancia que voc\u00ea pode definir no seu navegador da web para informar os sites que voc\u00ea n\u00e3o quer ser rastreado. Voc\u00ea pode ativar ou desativar o N\u00e3o Rastrear visitando a p\u00e1gina Prefer\u00eancias ou Configura\u00e7\u00f5es do seu navegador da web.<\/p><p><strong>\u00a0<\/strong><\/p><p><strong>Os seus Direitos de Protec\u00e7\u00e3o de Dados ao abrigo do Regulamento Geral de Protec\u00e7\u00e3o de Dados (GDPR)<\/strong><\/p><p>If you are a resident of the European Economic Area (EEA), you have certain data protection rights. [sitename] aims to take reasonable steps to allow you to correct, amend, delete or limit the use of your Personal Data.<\/p><p>Se deseja ser informado sobre os dados pessoais que temos sobre si e se deseja que sejam retirados dos nossos sistemas, por favor contacte-nos.<\/p><p>Em determinadas circunst\u00e2ncias, voc\u00ea tem os seguintes direitos de prote\u00e7\u00e3o de dados:<\/p><p>O direito de acessar, atualizar ou apagar as informa\u00e7\u00f5es que temos sobre voc\u00ea. Sempre que poss\u00edvel, voc\u00ea pode acessar, atualizar ou solicitar a exclus\u00e3o de seus dados pessoais diretamente dentro da se\u00e7\u00e3o de configura\u00e7\u00f5es da sua conta. Se voc\u00ea n\u00e3o conseguir realizar essas a\u00e7\u00f5es voc\u00ea mesmo, entre em contato conosco para auxili\u00e1-lo.<\/p><p>O direito de rectifica\u00e7\u00e3o. Voc\u00ea tem o direito de ter suas informa\u00e7\u00f5es retificadas se essas informa\u00e7\u00f5es forem imprecisas ou incompletas.<\/p><p>O direito de objectar. Voc\u00ea tem o direito de objectar ao nosso processamento dos seus Dados Pessoais.<\/p><p>O direito de restri\u00e7\u00e3o. Voc\u00ea tem o direito de solicitar que n\u00f3s restrinjamos o processamento de suas informa\u00e7\u00f5es pessoais.<\/p><p>O direito \u00e0 portabilidade dos dados. Voc\u00ea tem o direito de receber uma c\u00f3pia das informa\u00e7\u00f5es que temos sobre voc\u00ea em um formato estruturado, leg\u00edvel por m\u00e1quina e comumente utilizado.<\/p><p>The right to withdraw consent. You also have the right to withdraw your consent at any time where [sitename] relied on your consent to process your personal information.<\/p><p>Note que podemos pedir-lhe que verifique a sua identidade antes de responder a tais pedidos.<\/p><p>Voc\u00ea tem o direito de reclamar a uma Autoridade de Protec\u00e7\u00e3o de Dados sobre a nossa recolha e utiliza\u00e7\u00e3o dos seus Dados Pessoais. Para mais informa\u00e7\u00f5es, contacte a sua autoridade local de protec\u00e7\u00e3o de dados no Espa\u00e7o Econ\u00f3mico Europeu (EEE).<\/p><p><strong>\u00a0<\/strong><\/p><p><strong>Transa\u00e7\u00e3o Comercial<\/strong><\/p><p>If [sitename] is involved in a merger, acquisition or asset sale, your Personal Data may be transferred. We will provide notice before your Personal Data is transferred and becomes subject to a different Privacy Policy.<\/p><p><strong>\u00a0<\/strong><\/p><p><strong>Divulga\u00e7\u00e3o para a aplica\u00e7\u00e3o da lei<\/strong><\/p><p>Under certain circumstances, [sitename] may be required to disclose your Personal Data if required to do so by law or in response<\/p><p>a pedidos v\u00e1lidos das autoridades p\u00fablicas (por exemplo, um tribunal ou uma ag\u00eancia governamental).<\/p><p><strong>\u00a0<\/strong><\/p><p><strong>PRESTADORES DE SERVI\u00c7OS<\/strong><\/p><p>Podemos empregar empresas e indiv\u00edduos terceiros para facilitar nosso Servi\u00e7o (\"Provedores de Servi\u00e7os\"), prestar o Servi\u00e7o em nosso nome, realizar servi\u00e7os relacionados ao Servi\u00e7o ou nos ajudar a analisar como nosso Servi\u00e7o \u00e9 utilizado.<\/p><p>Estes terceiros t\u00eam acesso aos seus Dados Pessoais apenas para realizar estas tarefas em nosso nome e s\u00e3o obrigados a n\u00e3o os divulgar ou utilizar para qualquer outro fim.<\/p><p><strong>\u00a0<\/strong><\/p><p><strong>ANAL\u00cdTICOS<\/strong><\/p><p>Podemos utilizar prestadores de servi\u00e7os de terceiros para monitorar e analisar o uso do nosso Servi\u00e7o.<\/p><p><strong>Google Analytics<\/strong><\/p><p>O Google Analytics \u00e9 um servi\u00e7o de an\u00e1lise da web oferecido pelo Google que rastreia e reporta o tr\u00e1fego do site. O Google usa os dados coletados para rastrear e monitorar o uso do nosso Servi\u00e7o. Esses dados s\u00e3o compartilhados com outros servi\u00e7os do Google. A Google pode utilizar os dados recolhidos para contextualizar e personalizar os an\u00fancios da sua pr\u00f3pria rede de publicidade. Voc\u00ea pode optar por n\u00e3o ter disponibilizado sua atividade no Servi\u00e7o para o Google Analytics instalando o add-on de navegador de desativa\u00e7\u00e3o do Google Analytics. O complemento impede que o JavaScript do Google Analytics (ga.js, analytics.js e dc.js) compartilhe informa\u00e7\u00f5es com o Google Analytics sobre a atividade de visitas.<\/p><p>Para obter mais informa\u00e7\u00f5es sobre as pr\u00e1ticas de privacidade do Google, visite a p\u00e1gina Web Privacidade e Termos do Google:\u00a0<a href=\"https:\/\/policies.google.com\/privacy?hl=en\">https:\/\/policies.google.com\/privacy?hl=en<\/a><\/p><p><strong>\u00a0<\/strong><\/p><p><strong>Pagamentos<\/strong><\/p><p>N\u00f3s podemos fornecer produtos e\/ou servi\u00e7os pagos dentro do Servi\u00e7o. Nesse caso, usamos servi\u00e7os de terceiros para o processamento de pagamentos (por exemplo, processadores de pagamentos).<\/p><p>N\u00e3o guardaremos nem recolheremos os detalhes do seu cart\u00e3o de pagamento. Essas informa\u00e7\u00f5es s\u00e3o fornecidas diretamente aos nossos processadores de pagamento de terceiros, cuja utiliza\u00e7\u00e3o das suas informa\u00e7\u00f5es pessoais \u00e9 regida pela sua Pol\u00edtica de Privacidade. Estes processadores de pagamento aderem aos padr\u00f5es estabelecidos pelo PCI-DSS, tal como geridos pelo PCI Security Standards Council, que \u00e9 um esfor\u00e7o conjunto de marcas como Visa, MasterCard, American Express e Discover. Os requisitos do PCI-DSS ajudam a garantir o tratamento seguro das informa\u00e7\u00f5es de pagamento. Podemos utilizar v\u00e1rios fornecedores de solu\u00e7\u00f5es de pagamento diferentes, tais como Paypal, Postfinance, Stripe e outros. Convidamos os utilizadores a rever cada uma das respectivas pol\u00edticas de privacidade.<\/p><p><strong>\u00a0<\/strong><\/p><p><strong>Links para outros sites<\/strong><\/p><p>O nosso Servi\u00e7o pode conter links para outros sites que n\u00e3o s\u00e3o operados por n\u00f3s. Se voc\u00ea clicar em um link de terceiros, voc\u00ea ser\u00e1 direcionado para o site desses terceiros. Aconselhamo-lo vivamente a rever a Pol\u00edtica de Privacidade de cada site que visitar. N\u00e3o temos controle e n\u00e3o assumimos nenhuma responsabilidade pelo conte\u00fado, pol\u00edticas ou pr\u00e1ticas de privacidade de quaisquer sites ou servi\u00e7os de terceiros.<\/p><p><strong>\u00a0<\/strong><\/p><p><strong>PRIVACIDADE DAS CRIAN\u00c7AS<\/strong><\/p><p>O nosso Servi\u00e7o n\u00e3o se dirige a menores de 18 anos (\"Crian\u00e7as\").<\/p><p>N\u00f3s n\u00e3o coletamos intencionalmente informa\u00e7\u00f5es pessoalmente identific\u00e1veis de ningu\u00e9m com menos de 18 anos. Se voc\u00ea \u00e9 pai ou tutor e est\u00e1 ciente de que seu filho nos forneceu dados pessoais, por favor, entre em contato conosco. Se tivermos conhecimento de que recolhemos Dados Pessoais de crian\u00e7as sem verifica\u00e7\u00e3o do consentimento dos pais, tomamos medidas para remover essa informa\u00e7\u00e3o dos nossos servidores.<\/p><p><strong>\u00a0<\/strong><\/p><p><strong>ALTERA\u00c7\u00d5ES A ESTA POL\u00cdTICA DE PRIVACIDADE<\/strong><\/p><p>Podemos actualizar a nossa Pol\u00edtica de Privacidade de vez em quando. Iremos notific\u00e1-lo de quaisquer altera\u00e7\u00f5es, colocando a nova Pol\u00edtica de Privacidade nesta p\u00e1gina.<\/p><p>N\u00f3s o informaremos via e-mail e\/ou um aviso em destaque em nosso Servi\u00e7o, antes da mudan\u00e7a se tornar efetiva e atualizar a \"data efetiva\" no topo desta Pol\u00edtica de Privacidade.<\/p><p>Aconselhamo-lo a rever esta Pol\u00edtica de Privacidade periodicamente para quaisquer altera\u00e7\u00f5es. As altera\u00e7\u00f5es a esta Pol\u00edtica de Privacidade s\u00e3o efectivas quando s\u00e3o publicadas nesta p\u00e1gina.<\/p><p><strong>\u00a0<\/strong><\/p><p><strong>FALE CONOSCO<\/strong><\/p><p>Se voc\u00ea tiver alguma d\u00favida sobre esta Pol\u00edtica de Privacidade, por favor <a href=\"\/pt\/[site_url]\/contact\/\">contacte-nos<\/a><\/p>\t\t\t\t\t\t<\/div>\n\t\t\t\t<\/div>\n\t\t\t\t\t<\/div>\n\t\t<\/div>\n\t\t\t\t\t<\/div>\n\t\t<\/section>\n\t\t\t\t<\/div>","protected":false},"excerpt":{"rendered":"<p>[sitename] (\u201cus\u201d, \u201cwe\u201d, or \u201cour\u201d) is operating the said &#8220;Service&#8221; which is the following website: [site_url] This page informs you of our policies regarding the collection, use and disclosure of personal data when you use our Service and the choices you have associated with that data. We use your data to provide and improve the &#8230; <a title=\"Pol\u00edtica de Privacidade\" class=\"read-more\" href=\"https:\/\/perpetualcharity.com\/pt\/privacy-policy\/\" aria-label=\"Leia mais sobre Privacy Policy\">Ler mais<\/a><\/p>","protected":false},"author":1,"featured_media":0,"parent":0,"menu_order":100,"comment_status":"closed","ping_status":"closed","template":"","meta":{"footnotes":""},"_links":{"self":[{"href":"https:\/\/perpetualcharity.com\/pt\/wp-json\/wp\/v2\/pages\/3"}],"collection":[{"href":"https:\/\/perpetualcharity.com\/pt\/wp-json\/wp\/v2\/pages"}],"about":[{"href":"https:\/\/perpetualcharity.com\/pt\/wp-json\/wp\/v2\/types\/page"}],"author":[{"embeddable":true,"href":"https:\/\/perpetualcharity.com\/pt\/wp-json\/wp\/v2\/users\/1"}],"replies":[{"embeddable":true,"href":"https:\/\/perpetualcharity.com\/pt\/wp-json\/wp\/v2\/comments?post=3"}],"version-history":[{"count":0,"href":"https:\/\/perpetualcharity.com\/pt\/wp-json\/wp\/v2\/pages\/3\/revisions"}],"wp:attachment":[{"href":"https:\/\/perpetualcharity.com\/pt\/wp-json\/wp\/v2\/media?parent=3"}],"curies":[{"name":"wp","href":"https:\/\/api.w.org\/{rel}","templated":true}]}}