{"id":3021,"date":"2020-05-19T01:32:00","date_gmt":"2020-05-19T01:32:00","guid":{"rendered":"https:\/\/perpetualcharity.com\/?page_id=3021"},"modified":"2020-07-06T13:29:18","modified_gmt":"2020-07-06T13:29:18","slug":"contact","status":"publish","type":"page","link":"https:\/\/perpetualcharity.com\/pt\/contact\/","title":{"rendered":"Contato"},"content":{"rendered":"<div data-elementor-type=\"wp-page\" data-elementor-id=\"3021\" class=\"elementor elementor-3021\" data-elementor-post-type=\"page\">\n\t\t\t\t\t\t<section class=\"elementor-section elementor-top-section elementor-element elementor-element-d4c1824 elementor-section-stretched elementor-section-boxed elementor-section-height-default elementor-section-height-default\" data-id=\"d4c1824\" data-element_type=\"section\" data-settings=\"{&quot;stretch_section&quot;:&quot;section-stretched&quot;}\">\n\t\t\t\t\t\t<div class=\"elementor-container elementor-column-gap-default\">\n\t\t\t\t\t<div class=\"elementor-column elementor-col-100 elementor-top-column elementor-element elementor-element-4a47585\" data-id=\"4a47585\" data-element_type=\"column\">\n\t\t\t<div class=\"elementor-widget-wrap elementor-element-populated\">\n\t\t\t\t\t\t<div class=\"elementor-element elementor-element-2a16616 elementor-grid-3 elementor-grid-tablet-2 elementor-grid-mobile-1 elementor-posts--thumbnail-top elementor-posts--show-avatar elementor-card-shadow-yes elementor-posts__hover-gradient elementor-widget elementor-widget-posts\" data-id=\"2a16616\" data-element_type=\"widget\" data-settings=\"{&quot;cards_row_gap&quot;:{&quot;unit&quot;:&quot;px&quot;,&quot;size&quot;:30,&quot;sizes&quot;:[]},&quot;cards_columns&quot;:&quot;3&quot;,&quot;cards_columns_tablet&quot;:&quot;2&quot;,&quot;cards_columns_mobile&quot;:&quot;1&quot;,&quot;cards_row_gap_tablet&quot;:{&quot;unit&quot;:&quot;px&quot;,&quot;size&quot;:&quot;&quot;,&quot;sizes&quot;:[]},&quot;cards_row_gap_mobile&quot;:{&quot;unit&quot;:&quot;px&quot;,&quot;size&quot;:&quot;&quot;,&quot;sizes&quot;:[]}}\" data-widget_type=\"posts.cards\">\n\t\t\t\t<div class=\"elementor-widget-container\">\n\t\t\t\t\t<div class=\"elementor-posts-container elementor-posts elementor-posts--skin-cards elementor-grid\">\n\t\t\t\t<article class=\"elementor-post elementor-grid-item post-1081 post type-post status-publish format-standard has-post-thumbnail hentry category-office\">\n\t\t\t<div class=\"elementor-post__card\">\n\t\t\t\t<a class=\"elementor-post__thumbnail__link\" href=\"https:\/\/perpetualcharity.com\/pt\/geneva-branch-office\/\" tabindex=\"-1\" ><div class=\"elementor-post__thumbnail\"><img fetchpriority=\"high\" decoding=\"async\" width=\"300\" height=\"200\" src=\"https:\/\/perpetualcharity.com\/wp-content\/uploads\/2020\/05\/geneva-aerial-1-300x200.jpg\" class=\"attachment-medium size-medium wp-image-1083\" alt=\"\" srcset=\"https:\/\/perpetualcharity.com\/wp-content\/uploads\/2020\/05\/geneva-aerial-1-300x200.jpg 300w, https:\/\/perpetualcharity.com\/wp-content\/uploads\/2020\/05\/geneva-aerial-1-600x400.jpg 600w, https:\/\/perpetualcharity.com\/wp-content\/uploads\/2020\/05\/geneva-aerial-1.jpg 620w\" sizes=\"(max-width: 300px) 100vw, 300px\" \/><\/div><\/a>\n\t\t\t\t<div class=\"elementor-post__avatar\">\n\t\t\t<img alt='Perpetual Charity Corporation' data-src='https:\/\/perpetualcharity.com\/wp-content\/uploads\/pc-avator.jpg' data-srcset='https:\/\/perpetualcharity.com\/wp-content\/uploads\/pc-avator.jpg 2x' class='avatar avatar-128 photo lazyload' height='128' width='128' src='data:image\/gif;base64,R0lGODlhAQABAAAAACH5BAEKAAEALAAAAAABAAEAAAICTAEAOw==' \/><noscript><img alt='Perpetual Charity Corporation' data-src='https:\/\/perpetualcharity.com\/wp-content\/uploads\/pc-avator.jpg' data-srcset='https:\/\/perpetualcharity.com\/wp-content\/uploads\/pc-avator.jpg 2x' class='avatar avatar-128 photo lazyload' height='128' width='128' src='data:image\/gif;base64,R0lGODlhAQABAAAAACH5BAEKAAEALAAAAAABAAEAAAICTAEAOw==' \/><noscript><img alt='Perpetual Charity Corporation' data-src='https:\/\/perpetualcharity.com\/wp-content\/uploads\/pc-avator.jpg' data-srcset='https:\/\/perpetualcharity.com\/wp-content\/uploads\/pc-avator.jpg 2x' class='avatar avatar-128 photo lazyload' height='128' width='128' src='data:image\/gif;base64,R0lGODlhAQABAAAAACH5BAEKAAEALAAAAAABAAEAAAICTAEAOw==' \/><noscript><img alt='Perpetual Charity Corporation' src='https:\/\/perpetualcharity.com\/wp-content\/uploads\/pc-avator.jpg' srcset='https:\/\/perpetualcharity.com\/wp-content\/uploads\/pc-avator.jpg 2x' class='avatar avatar-128 photo' height='128' width='128' \/><\/noscript><\/noscript><\/noscript>\t\t<\/div>\n\t\t\t\t<div class=\"elementor-post__text\">\n\t\t\t\t<h4 class=\"elementor-post__title\">\n\t\t\t<a href=\"https:\/\/perpetualcharity.com\/pt\/geneva-branch-office\/\" >\n\t\t\t\tSucursal de Genebra\t\t\t<\/a>\n\t\t<\/h4>\n\t\t\t\t<div class=\"elementor-post__excerpt\">\n\t\t\t<p>Rue du Rh\u00f4ne 84<br \/>\n1204 Gen\u00e8ve, Su\u00ed\u00e7a<br \/>\nO telefone: +41 22 510.25.00<br \/>\nFacsimile: +41 22 510.25.01<br \/>\nEmail: <a href=\"mailto:info@perpetualcharity.com\"><strong>Info@PerpetualCharity.com<\/strong><\/a><\/p>\n\t\t<\/div>\n\t\t\t\t<\/div>\n\t\t\t\t\t<\/div>\n\t\t<\/article>\n\t\t\t\t<article class=\"elementor-post elementor-grid-item post-1086 post type-post status-publish format-standard has-post-thumbnail hentry category-office\">\n\t\t\t<div class=\"elementor-post__card\">\n\t\t\t\t<a class=\"elementor-post__thumbnail__link\" href=\"https:\/\/perpetualcharity.com\/pt\/los-angeles-branch-office\/\" tabindex=\"-1\" ><div class=\"elementor-post__thumbnail\"><img decoding=\"async\" width=\"300\" height=\"200\" data-src=\"https:\/\/perpetualcharity.com\/wp-content\/uploads\/2020\/05\/Los-Angeles-1-300x200.jpg\" class=\"attachment-medium size-medium wp-image-1089 lazyload\" alt=\"\" data-srcset=\"https:\/\/perpetualcharity.com\/wp-content\/uploads\/2020\/05\/Los-Angeles-1-300x200.jpg 300w, https:\/\/perpetualcharity.com\/wp-content\/uploads\/2020\/05\/Los-Angeles-1-600x400.jpg 600w, https:\/\/perpetualcharity.com\/wp-content\/uploads\/2020\/05\/Los-Angeles-1.jpg 620w\" data-sizes=\"(max-width: 300px) 100vw, 300px\" src=\"data:image\/gif;base64,R0lGODlhAQABAAAAACH5BAEKAAEALAAAAAABAAEAAAICTAEAOw==\" \/><noscript><img decoding=\"async\" width=\"300\" height=\"200\" src=\"https:\/\/perpetualcharity.com\/wp-content\/uploads\/2020\/05\/Los-Angeles-1-300x200.jpg\" class=\"attachment-medium size-medium wp-image-1089\" alt=\"\" srcset=\"https:\/\/perpetualcharity.com\/wp-content\/uploads\/2020\/05\/Los-Angeles-1-300x200.jpg 300w, https:\/\/perpetualcharity.com\/wp-content\/uploads\/2020\/05\/Los-Angeles-1-600x400.jpg 600w, https:\/\/perpetualcharity.com\/wp-content\/uploads\/2020\/05\/Los-Angeles-1.jpg 620w\" sizes=\"(max-width: 300px) 100vw, 300px\" \/><\/noscript><\/div><\/a>\n\t\t\t\t<div class=\"elementor-post__avatar\">\n\t\t\t<img alt='Perpetual Charity Corporation' data-src='https:\/\/perpetualcharity.com\/wp-content\/uploads\/pc-avator.jpg' data-srcset='https:\/\/perpetualcharity.com\/wp-content\/uploads\/pc-avator.jpg 2x' class='avatar avatar-128 photo lazyload' height='128' width='128' src='data:image\/gif;base64,R0lGODlhAQABAAAAACH5BAEKAAEALAAAAAABAAEAAAICTAEAOw==' \/><noscript><img alt='Perpetual Charity Corporation' data-src='https:\/\/perpetualcharity.com\/wp-content\/uploads\/pc-avator.jpg' data-srcset='https:\/\/perpetualcharity.com\/wp-content\/uploads\/pc-avator.jpg 2x' class='avatar avatar-128 photo lazyload' height='128' width='128' src='data:image\/gif;base64,R0lGODlhAQABAAAAACH5BAEKAAEALAAAAAABAAEAAAICTAEAOw==' \/><noscript><img alt='Perpetual Charity Corporation' data-src='https:\/\/perpetualcharity.com\/wp-content\/uploads\/pc-avator.jpg' data-srcset='https:\/\/perpetualcharity.com\/wp-content\/uploads\/pc-avator.jpg 2x' class='avatar avatar-128 photo lazyload' height='128' width='128' src='data:image\/gif;base64,R0lGODlhAQABAAAAACH5BAEKAAEALAAAAAABAAEAAAICTAEAOw==' \/><noscript><img alt='Perpetual Charity Corporation' src='https:\/\/perpetualcharity.com\/wp-content\/uploads\/pc-avator.jpg' srcset='https:\/\/perpetualcharity.com\/wp-content\/uploads\/pc-avator.jpg 2x' class='avatar avatar-128 photo' height='128' width='128' \/><\/noscript><\/noscript><\/noscript>\t\t<\/div>\n\t\t\t\t<div class=\"elementor-post__text\">\n\t\t\t\t<h4 class=\"elementor-post__title\">\n\t\t\t<a href=\"https:\/\/perpetualcharity.com\/pt\/los-angeles-branch-office\/\" >\n\t\t\t\tSucursal de Los Angeles\t\t\t<\/a>\n\t\t<\/h4>\n\t\t\t\t<div class=\"elementor-post__excerpt\">\n\t\t\t<p>1334 Westwood Boulevard Suite 6<br \/>\n90024 Los Angeles, Calif\u00f3rnia<br \/>\nEstados Unidos da Am\u00e9rica<br \/>\nO telefone: +1 310 871 3668<br \/>\nEmail: <strong><a href=\"mailto:info@perpetualcharity.com\">Info@PerpetualCharity.Com<\/a><\/p>\n\t\t<\/div>\n\t\t\t\t<\/div>\n\t\t\t\t\t<\/div>\n\t\t<\/article>\n\t\t\t\t<article class=\"elementor-post elementor-grid-item post-1087 post type-post status-publish format-standard has-post-thumbnail hentry category-office\">\n\t\t\t<div class=\"elementor-post__card\">\n\t\t\t\t<a class=\"elementor-post__thumbnail__link\" href=\"https:\/\/perpetualcharity.com\/pt\/wallstreetheadquarters\/\" tabindex=\"-1\" ><div class=\"elementor-post__thumbnail\"><img decoding=\"async\" width=\"300\" height=\"200\" data-src=\"https:\/\/perpetualcharity.com\/wp-content\/uploads\/2020\/05\/nyc-aerial-300x200.jpg\" class=\"attachment-medium size-medium wp-image-1090 lazyload\" alt=\"\" data-srcset=\"https:\/\/perpetualcharity.com\/wp-content\/uploads\/2020\/05\/nyc-aerial-300x200.jpg 300w, https:\/\/perpetualcharity.com\/wp-content\/uploads\/2020\/05\/nyc-aerial.jpg 600w\" data-sizes=\"(max-width: 300px) 100vw, 300px\" src=\"data:image\/gif;base64,R0lGODlhAQABAAAAACH5BAEKAAEALAAAAAABAAEAAAICTAEAOw==\" \/><noscript><img decoding=\"async\" width=\"300\" height=\"200\" src=\"https:\/\/perpetualcharity.com\/wp-content\/uploads\/2020\/05\/nyc-aerial-300x200.jpg\" class=\"attachment-medium size-medium wp-image-1090\" alt=\"\" srcset=\"https:\/\/perpetualcharity.com\/wp-content\/uploads\/2020\/05\/nyc-aerial-300x200.jpg 300w, https:\/\/perpetualcharity.com\/wp-content\/uploads\/2020\/05\/nyc-aerial.jpg 600w\" sizes=\"(max-width: 300px) 100vw, 300px\" \/><\/noscript><\/div><\/a>\n\t\t\t\t<div class=\"elementor-post__avatar\">\n\t\t\t<img alt='Perpetual Charity Corporation' data-src='https:\/\/perpetualcharity.com\/wp-content\/uploads\/pc-avator.jpg' data-srcset='https:\/\/perpetualcharity.com\/wp-content\/uploads\/pc-avator.jpg 2x' class='avatar avatar-128 photo lazyload' height='128' width='128' src='data:image\/gif;base64,R0lGODlhAQABAAAAACH5BAEKAAEALAAAAAABAAEAAAICTAEAOw==' \/><noscript><img alt='Perpetual Charity Corporation' data-src='https:\/\/perpetualcharity.com\/wp-content\/uploads\/pc-avator.jpg' data-srcset='https:\/\/perpetualcharity.com\/wp-content\/uploads\/pc-avator.jpg 2x' class='avatar avatar-128 photo lazyload' height='128' width='128' src='data:image\/gif;base64,R0lGODlhAQABAAAAACH5BAEKAAEALAAAAAABAAEAAAICTAEAOw==' \/><noscript><img alt='Perpetual Charity Corporation' data-src='https:\/\/perpetualcharity.com\/wp-content\/uploads\/pc-avator.jpg' data-srcset='https:\/\/perpetualcharity.com\/wp-content\/uploads\/pc-avator.jpg 2x' class='avatar avatar-128 photo lazyload' height='128' width='128' src='data:image\/gif;base64,R0lGODlhAQABAAAAACH5BAEKAAEALAAAAAABAAEAAAICTAEAOw==' \/><noscript><img alt='Perpetual Charity Corporation' src='https:\/\/perpetualcharity.com\/wp-content\/uploads\/pc-avator.jpg' srcset='https:\/\/perpetualcharity.com\/wp-content\/uploads\/pc-avator.jpg 2x' class='avatar avatar-128 photo' height='128' width='128' \/><\/noscript><\/noscript><\/noscript>\t\t<\/div>\n\t\t\t\t<div class=\"elementor-post__text\">\n\t\t\t\t<h4 class=\"elementor-post__title\">\n\t\t\t<a href=\"https:\/\/perpetualcharity.com\/pt\/wallstreetheadquarters\/\" >\n\t\t\t\tSede de Wall Street\t\t\t<\/a>\n\t\t<\/h4>\n\t\t\t\t<div class=\"elementor-post__excerpt\">\n\t\t\t<p>99 Wall Street Suite 3890<br \/>\n10005 Cidade de Nova Iorque, Nova Iorque<br \/>\nEstados Unidos da Am\u00e9rica<br \/>\nO telefone: +1 212 220 9304<br \/>\nEmail: <strong><a href=\"mailto:info@perpetualcharity.com\">Info@PerpetualCharity.Com<\/a><\/p>\n\t\t<\/div>\n\t\t\t\t<\/div>\n\t\t\t\t\t<\/div>\n\t\t<\/article>\n\t\t\t\t<\/div>\n\t\t\n\t\t\t\t<\/div>\n\t\t\t\t<\/div>\n\t\t\t\t\t<\/div>\n\t\t<\/div>\n\t\t\t\t\t<\/div>\n\t\t<\/section>\n\t\t\t\t<section class=\"elementor-section elementor-top-section elementor-element elementor-element-8004a9c elementor-section-boxed elementor-section-height-default elementor-section-height-default\" data-id=\"8004a9c\" data-element_type=\"section\">\n\t\t\t\t\t\t<div class=\"elementor-container elementor-column-gap-default\">\n\t\t\t\t\t<div class=\"elementor-column elementor-col-100 elementor-top-column elementor-element elementor-element-9045fc7\" data-id=\"9045fc7\" data-element_type=\"column\">\n\t\t\t<div class=\"elementor-widget-wrap elementor-element-populated\">\n\t\t\t\t\t\t<div class=\"elementor-element elementor-element-4b23463 elementor-widget elementor-widget-spacer\" data-id=\"4b23463\" data-element_type=\"widget\" data-widget_type=\"spacer.default\">\n\t\t\t\t<div class=\"elementor-widget-container\">\n\t\t\t\t\t<div class=\"elementor-spacer\">\n\t\t\t<div class=\"elementor-spacer-inner\"><\/div>\n\t\t<\/div>\n\t\t\t\t<\/div>\n\t\t\t\t<\/div>\n\t\t\t\t<div class=\"elementor-element elementor-element-f14875b elementor-widget elementor-widget-heading\" data-id=\"f14875b\" data-element_type=\"widget\" data-widget_type=\"heading.default\">\n\t\t\t\t<div class=\"elementor-widget-container\">\n\t\t\t<h2 class=\"elementor-heading-title elementor-size-default\">Entre em contato<\/h2>\t\t<\/div>\n\t\t\t\t<\/div>\n\t\t\t\t<div class=\"elementor-element elementor-element-808c0fb elementor-widget-divider--view-line elementor-widget elementor-widget-divider\" data-id=\"808c0fb\" data-element_type=\"widget\" data-widget_type=\"divider.default\">\n\t\t\t\t<div class=\"elementor-widget-container\">\n\t\t\t\t\t<div class=\"elementor-divider\">\n\t\t\t<span class=\"elementor-divider-separator\">\n\t\t\t\t\t\t<\/span>\n\t\t<\/div>\n\t\t\t\t<\/div>\n\t\t\t\t<\/div>\n\t\t\t\t\t<\/div>\n\t\t<\/div>\n\t\t\t\t\t<\/div>\n\t\t<\/section>\n\t\t\t\t<section class=\"elementor-section elementor-top-section elementor-element elementor-element-bada89c elementor-section-boxed elementor-section-height-default elementor-section-height-default\" data-id=\"bada89c\" data-element_type=\"section\">\n\t\t\t\t\t\t<div class=\"elementor-container elementor-column-gap-default\">\n\t\t\t\t\t<div class=\"elementor-column elementor-col-100 elementor-top-column elementor-element elementor-element-5b15276\" data-id=\"5b15276\" data-element_type=\"column\">\n\t\t\t<div class=\"elementor-widget-wrap elementor-element-populated\">\n\t\t\t\t\t\t<div class=\"elementor-element elementor-element-8e0d299 elementor-widget elementor-widget-shortcode\" data-id=\"8e0d299\" data-element_type=\"widget\" data-widget_type=\"shortcode.default\">\n\t\t\t\t<div class=\"elementor-widget-container\">\n\t\t\t\t\t<div class=\"elementor-shortcode\"><div class=\"forminator-ui forminator-custom-form forminator-custom-form-268 forminator-design--default  forminator_ajax\" data-forminator-render=\"0\" data-form=\"forminator-module-268\" data-uid=\"69d0f132c5cb0\"><br\/><\/div><form\r\n\t\t\t\tid=\"forminator-module-268\"\r\n\t\t\t\tclass=\"forminator-ui forminator-custom-form forminator-custom-form-268 forminator-design--default  forminator_ajax\"\r\n\t\t\t\tmethod=\"post\"\r\n\t\t\t\tdata-forminator-render=\"0\"\r\n\t\t\t\tdata-form-id=\"268\"\r\n\t\t\t\t\r\n\t\t\t\tdata-design=\"default\"\r\n\t\t\t\t\r\n\t\t\t\t\r\n\t\t\t\t\r\n\t\t\t\tdata-grid=\"open\"\r\n\t\t\t\t\r\n\t\t\t\t\r\n\t\t\t\tstyle=\"display: none;\"\r\n\t\t\t\t\r\n\t\t\t\tdata-uid=\"69d0f132c5cb0\" action=\"\"\r\n\t\t\t><div role=\"alert\" aria-live=\"polite\" class=\"forminator-response-message forminator-error\" aria-hidden=\"true\"><\/div><div class=\"forminator-row\"><div id=\"name-1\" class=\"forminator-field-name forminator-col forminator-col-12\"><div class=\"forminator-field\"><label for=\"forminator-field-name-1_69d0f132c5cb0\" id=\"forminator-field-name-1_69d0f132c5cb0-label\" class=\"forminator-label\">Primeiro Nome <span class=\"forminator-required\">*<\/span><\/label><input type=\"text\" name=\"name-1\" value=\"\" placeholder=\"Por exemplo, John.\" id=\"forminator-field-name-1_69d0f132c5cb0\" class=\"forminator-input forminator-name--field\" aria-required=\"true\" \/><\/div><\/div><\/div><div class=\"forminator-row\"><div id=\"email-1\" class=\"forminator-field-email forminator-col forminator-col-12\"><div class=\"forminator-field\"><label for=\"forminator-field-email-1_69d0f132c5cb0\" id=\"forminator-field-email-1_69d0f132c5cb0-label\" class=\"forminator-label\">Endere\u00e7o de e-mail <span class=\"forminator-required\">*<\/span><\/label><input type=\"email\" name=\"email-1\" value=\"\" placeholder=\"Por exemplo: john@doe.com\" id=\"forminator-field-email-1_69d0f132c5cb0\" class=\"forminator-input forminator-email--field\" data-required=\"true\" aria-required=\"true\" \/><\/div><\/div><\/div><div class=\"forminator-row\"><div id=\"textarea-1\" class=\"forminator-field-textarea forminator-col forminator-col-12\"><div class=\"forminator-field\"><label for=\"forminator-field-textarea-1_69d0f132c5cb0\" id=\"forminator-field-textarea-1_69d0f132c5cb0-label\" class=\"forminator-label\">Mensagem<\/label><textarea name=\"textarea-1\" placeholder=\"Introduza a sua mensagem...\" id=\"forminator-field-textarea-1_69d0f132c5cb0\" class=\"forminator-textarea\" rows=\"6\" style=\"min-height:140px;\" maxlength=\"180\" ><\/textarea><span id=\"forminator-field-textarea-1_69d0f132c5cb0-description\" class=\"forminator-description\"><span data-limit=\"180\" data-type=\"characters\">0 \/ 180<\/span><\/span><\/div><\/div><\/div><input type=\"hidden\" name=\"referer_url\" value=\"\" \/><div class=\"forminator-row forminator-row-last\"><div class=\"forminator-col\"><div class=\"forminator-field\"><button class=\"forminator-button forminator-button-submit\">Enviar Mensagem<\/button><\/div><\/div><\/div><input type=\"hidden\" id=\"forminator_nonce\" name=\"forminator_nonce\" value=\"45efd5fa3b\" \/><input type=\"hidden\" name=\"_wp_http_referer\" value=\"\/pt\/wp-json\/wp\/v2\/pages\/3021\" \/><input type=\"hidden\" name=\"form_id\" value=\"268\"><input type=\"hidden\" name=\"page_id\" value=\"1087\"><input type=\"hidden\" name=\"form_type\" value=\"default\"><input type=\"hidden\" name=\"current_url\" value=\"https:\/\/perpetualcharity.com\/pt\/wallstreetheadquarters\/\"><input type=\"hidden\" name=\"render_id\" value=\"0\"><input type=\"hidden\" name=\"action\" value=\"forminator_submit_form_custom-forms\"><input type=\"hidden\" name=\"trp-form-language\" value=\"pt\"\/><\/form><\/div>\n\t\t\t\t<\/div>\n\t\t\t\t<\/div>\n\t\t\t\t\t<\/div>\n\t\t<\/div>\n\t\t\t\t\t<\/div>\n\t\t<\/section>\n\t\t\t\t<\/div>","protected":false},"excerpt":{"rendered":"<p>Entre em contato<\/p>","protected":false},"author":1,"featured_media":0,"parent":0,"menu_order":14,"comment_status":"closed","ping_status":"closed","template":"","meta":{"footnotes":""},"_links":{"self":[{"href":"https:\/\/perpetualcharity.com\/pt\/wp-json\/wp\/v2\/pages\/3021"}],"collection":[{"href":"https:\/\/perpetualcharity.com\/pt\/wp-json\/wp\/v2\/pages"}],"about":[{"href":"https:\/\/perpetualcharity.com\/pt\/wp-json\/wp\/v2\/types\/page"}],"author":[{"embeddable":true,"href":"https:\/\/perpetualcharity.com\/pt\/wp-json\/wp\/v2\/users\/1"}],"replies":[{"embeddable":true,"href":"https:\/\/perpetualcharity.com\/pt\/wp-json\/wp\/v2\/comments?post=3021"}],"version-history":[{"count":0,"href":"https:\/\/perpetualcharity.com\/pt\/wp-json\/wp\/v2\/pages\/3021\/revisions"}],"wp:attachment":[{"href":"https:\/\/perpetualcharity.com\/pt\/wp-json\/wp\/v2\/media?parent=3021"}],"curies":[{"name":"wp","href":"https:\/\/api.w.org\/{rel}","templated":true}]}}