{"id":11220,"date":"2020-06-28T14:06:01","date_gmt":"2020-06-28T14:06:01","guid":{"rendered":"https:\/\/perpetualcharity.com\/?post_type=product&#038;p=11220"},"modified":"2020-06-28T14:09:23","modified_gmt":"2020-06-28T14:09:23","slug":"perpetual-mens-all-over-print-tank-top-model-t57","status":"publish","type":"product","link":"https:\/\/perpetualcharity.com\/pt\/produto\/perpetual-mens-all-over-print-tank-top-model-t57\/","title":{"rendered":"Topo do tanque de impress\u00e3o perp\u00e9tuo para homens (Modelo T57)"},"content":{"rendered":"<p><span style=\"color: #666666; font-family: Arial; font-size: 14px; text-align: center; background-color: #ffffff;\">Esta parte superior do tanque de impress\u00e3o apresenta um ajuste confort\u00e1vel para homens. Feito de poli\u00e9ster 100%, este top de tanque \u00e9 dur\u00e1vel,<br \/>\nrespir\u00e1vel e macio. A encaderna\u00e7\u00e3o com pesco\u00e7o auto-fabricado com v\u00e1rias op\u00e7\u00f5es de cores pode combinar com a maioria dos designs com estilo.\u00a0<\/span><\/p>\n<p>- 5,96 Oz. Feito de tecido de poli\u00e9ster.<br \/>\n- Encaderna\u00e7\u00e3o com pesco\u00e7o auto-fabricado.<br \/>\n- Extremamente suave ao toque, dur\u00e1vel e respir\u00e1vel.<br \/>\n- Lavar na m\u00e1quina a frio. A impress\u00e3o no corpo da roupa n\u00e3o consegue desvanecer-se.<\/p>\n<p>Tamanho dispon\u00edvel: S,M,L,XL,XXL<br \/>\nNota: Pode haver \u00b15% de desvio no comprimento para medi\u00e7\u00e3o manual e processos de produ\u00e7\u00e3o.<\/p>\n<p><span style=\"font-size: 16px; color: #000000;\"><strong>Medi\u00e7\u00e3o de pe\u00e7as de vestu\u00e1rio<\/strong><\/span><span style=\"color: #000000; font-size: 16px;\"><strong>:<\/strong><\/span><br \/>\n<img decoding=\"async\" data-src=\"http:\/\/nbimg.interestprint.com\/data\/product\/1200\/chart\/image\/20180726\/DB941B40FA9BBFB05BE04FEC72A23F26.png\" alt=\"\" src=\"data:image\/gif;base64,R0lGODlhAQABAAAAACH5BAEKAAEALAAAAAABAAEAAAICTAEAOw==\" class=\"lazyload\" \/><noscript><img decoding=\"async\" src=\"http:\/\/nbimg.interestprint.com\/data\/product\/1200\/chart\/image\/20180726\/DB941B40FA9BBFB05BE04FEC72A23F26.png\" alt=\"\" \/><\/noscript><\/p>","protected":false},"excerpt":{"rendered":"<p>This all over print tank top features a comfortable fit for Men. Made of 100% polyester, this tank top is durable, breathable and soft. Self-fabric neck binding with various color selection can match most stylish designs.\u00a0 \u2022\u00a05.96 Oz. Made from polyester fabric. \u2022\u00a0Self-fabric neck binding. \u2022\u00a0Extremely soft to the touch, durable and breathable. \u2022\u00a0Machine wash &#8230; <a title=\"Perpetual Men&#8217;s All Over Print Tank Top (Model T57)\" class=\"read-more\" href=\"https:\/\/perpetualcharity.com\/pt\/produto\/perpetual-mens-all-over-print-tank-top-model-t57\/\" aria-label=\"Leia mais sobre Perpetual Men&#8217;s All Over Print Tank Top (Model T57)\">Ler mais<\/a><\/p>","protected":false},"featured_media":11214,"template":"","meta":{"wds_primary_product_cat":0},"product_cat":[39],"product_tag":[],"_links":{"self":[{"href":"https:\/\/perpetualcharity.com\/pt\/wp-json\/wp\/v2\/product\/11220"}],"collection":[{"href":"https:\/\/perpetualcharity.com\/pt\/wp-json\/wp\/v2\/product"}],"about":[{"href":"https:\/\/perpetualcharity.com\/pt\/wp-json\/wp\/v2\/types\/product"}],"wp:featuredmedia":[{"embeddable":true,"href":"https:\/\/perpetualcharity.com\/pt\/wp-json\/wp\/v2\/media\/11214"}],"wp:attachment":[{"href":"https:\/\/perpetualcharity.com\/pt\/wp-json\/wp\/v2\/media?parent=11220"}],"wp:term":[{"taxonomy":"product_cat","embeddable":true,"href":"https:\/\/perpetualcharity.com\/pt\/wp-json\/wp\/v2\/product_cat?post=11220"},{"taxonomy":"product_tag","embeddable":true,"href":"https:\/\/perpetualcharity.com\/pt\/wp-json\/wp\/v2\/product_tag?post=11220"}],"curies":[{"name":"wp","href":"https:\/\/api.w.org\/{rel}","templated":true}]}}