{"id":11243,"date":"2020-06-28T15:40:20","date_gmt":"2020-06-28T15:40:20","guid":{"rendered":"https:\/\/perpetualcharity.com\/?post_type=product&#038;p=11243"},"modified":"2020-06-28T16:05:53","modified_gmt":"2020-06-28T16:05:53","slug":"perpetual-all-over-print-canvas-tote-bag-large-model-1699","status":"publish","type":"product","link":"https:\/\/perpetualcharity.com\/pt\/produto\/perpetual-all-over-print-canvas-tote-bag-large-model-1699\/","title":{"rendered":"Saco de Telas Perp\u00e9tuo em Tela\/grande (Modelo 1699)"},"content":{"rendered":"<p><span style=\"color: #666666; font-family: Arial; font-size: 14px; text-align: center; background-color: #ffffff;\"> Perfeito para fazer compras e levar o seu essencial. Este saco de compras tem uma lona resistente e uma pega para<br \/>\nconfort\u00e1vel de transportar e grande comodidade.<\/span><\/p>\n<p>- 510 g\/m2. Fabricado em lona de alta qualidade.<br \/>\n- Dur\u00e1vel e espa\u00e7oso o suficiente para os seus artigos di\u00e1rios.<br \/>\n- Saco de lona leve com pega robusta \u00e9 f\u00e1cil de transportar.<br \/>\n- Perfeito para fazer compras e levar o seu essencial.<\/p>\n<p><span style=\"font-size: 16px; color: #000000;\"><strong>Tamanho ideal da imagem em pixels<\/strong><\/span><span style=\"color: #000000; font-size: 16px;\"><strong> (W * H):<\/strong><\/span><br \/>\n2840 x 2630 ou superior \/ 150 dpi<\/p>\n<p><img fetchpriority=\"high\" decoding=\"async\" title=\"\" src=\"http:\/\/nbimg.interestprint.com\/data\/product\/1686\/chart\/image\/20200110\/1EFF55DF1F38B6F6BF6A98350F74AA07.png\" alt=\"\" width=\"400\" height=\"411\" align=\"\" \/><\/p>","protected":false},"excerpt":{"rendered":"<p>Perfect for shopping and carrying your essentials. This tote bag features sturdy canvas and handle for comfortable carrying and great convenience. \u2022 510 g\/m2. Made from high-grade canvas. \u2022 Durable and roomy enough for your daily items. \u2022 Lightweight canvas tote bag with sturdy handle is easy to carry. \u2022 Perfect for shopping and carrying &#8230; <a title=\"Saco de Telas Perp\u00e9tuo em Tela\/grande (Modelo 1699)\" class=\"read-more\" href=\"https:\/\/perpetualcharity.com\/pt\/produto\/perpetual-all-over-print-canvas-tote-bag-large-model-1699\/\" aria-label=\"Leia mais sobre Perpetual All Over Print Canvas Tote Bag\/Large (Model 1699)\">Ler mais<\/a><\/p>","protected":false},"featured_media":11239,"template":"","meta":{"wds_primary_product_cat":0},"product_cat":[39],"product_tag":[],"_links":{"self":[{"href":"https:\/\/perpetualcharity.com\/pt\/wp-json\/wp\/v2\/product\/11243"}],"collection":[{"href":"https:\/\/perpetualcharity.com\/pt\/wp-json\/wp\/v2\/product"}],"about":[{"href":"https:\/\/perpetualcharity.com\/pt\/wp-json\/wp\/v2\/types\/product"}],"wp:featuredmedia":[{"embeddable":true,"href":"https:\/\/perpetualcharity.com\/pt\/wp-json\/wp\/v2\/media\/11239"}],"wp:attachment":[{"href":"https:\/\/perpetualcharity.com\/pt\/wp-json\/wp\/v2\/media?parent=11243"}],"wp:term":[{"taxonomy":"product_cat","embeddable":true,"href":"https:\/\/perpetualcharity.com\/pt\/wp-json\/wp\/v2\/product_cat?post=11243"},{"taxonomy":"product_tag","embeddable":true,"href":"https:\/\/perpetualcharity.com\/pt\/wp-json\/wp\/v2\/product_tag?post=11243"}],"curies":[{"name":"wp","href":"https:\/\/api.w.org\/{rel}","templated":true}]}}