{"id":11248,"date":"2020-06-28T16:07:08","date_gmt":"2020-06-28T16:07:08","guid":{"rendered":"https:\/\/perpetualcharity.com\/?post_type=product&#038;p=11248"},"modified":"2020-06-28T16:09:24","modified_gmt":"2020-06-28T16:09:24","slug":"perpetual-mens-polo-shirt-model-t24","status":"publish","type":"product","link":"https:\/\/perpetualcharity.com\/pt\/produto\/perpetual-mens-polo-shirt-model-t24\/","title":{"rendered":"Camisa p\u00f3lo masculino perp\u00e9tuo (Modelo T24)"},"content":{"rendered":"<p><span style=\"color: #000000; font-family: Arial; font-size: 14px; text-align: center; background-color: #ffffff;\">*Feito a partir de algod\u00e3o 100% para uma suavidade superior.<br \/>\n*Tela de algod\u00e3o fina cortada e pr\u00e9-encolhida para um ajuste perfeito ap\u00f3s v\u00e1rias lavagens.<br \/>\n*O visual elegante, com dois bot\u00f5es e colarinho de costela, torna-o adequado para todas as ocasi\u00f5es como trabalho, encontros e viagens.<br \/>\n*Mangas com costuras duplas e bainha inferior para maior durabilidade.<\/span><\/p>\n<p><span style=\"font-size: 16px; color: #000000;\"><strong>Tamanho ideal da imagem em pixels<\/strong><\/span><span style=\"color: #000000; font-size: 16px;\"><strong> (W * H):<\/strong><\/span><br \/>\nFrente: 827 x 826 ou superior;<br \/>\nVoltar: 2008 x 2539 ou superior<\/p>\n<p>Tamanho dispon\u00edvel: XS,S,M,L,XL,XXL.<br \/>\nNota: Pode haver \u00b15% de desvio no comprimento para medi\u00e7\u00e3o manual e processos de produ\u00e7\u00e3o.<\/p>\n<p><span style=\"font-size: 16px; color: #000000;\"><strong>Medi\u00e7\u00e3o de pe\u00e7as de vestu\u00e1rio<\/strong><\/span><span style=\"color: #000000; font-size: 16px;\"><strong>:<\/strong><\/span><br \/>\n<img decoding=\"async\" data-src=\"http:\/\/img.artsadd.com\/data\/product\/690\/info\/image\/20170531\/E40B15F13ED201805AEE5C26C50228A5.png\" alt=\"\" src=\"data:image\/gif;base64,R0lGODlhAQABAAAAACH5BAEKAAEALAAAAAABAAEAAAICTAEAOw==\" class=\"lazyload\" \/><noscript><img decoding=\"async\" src=\"http:\/\/img.artsadd.com\/data\/product\/690\/info\/image\/20170531\/E40B15F13ED201805AEE5C26C50228A5.png\" alt=\"\" \/><\/noscript><\/p>","protected":false},"excerpt":{"rendered":"<p>*Made from 100% cotton for superior softness. *Slim cut and preshrunk cotton fabric for a perfect fit after repeated wash. *Elegant look with two-button placket and rib-knit collar make it suitable for all occasions like work, dating and travel. *Double-stitched sleeves and bottom hem for durability. Ideal image size in pixels (W * H): Front: &#8230; <a title=\"Perpetual Men&#8217;s Polo Shirt (Model T24)\" class=\"read-more\" href=\"https:\/\/perpetualcharity.com\/pt\/produto\/perpetual-mens-polo-shirt-model-t24\/\" aria-label=\"Leia mais sobre Perpetual Men&#8217;s Polo Shirt (Model T24)\">Ler mais<\/a><\/p>","protected":false},"featured_media":11246,"template":"","meta":{"wds_primary_product_cat":0},"product_cat":[39],"product_tag":[],"_links":{"self":[{"href":"https:\/\/perpetualcharity.com\/pt\/wp-json\/wp\/v2\/product\/11248"}],"collection":[{"href":"https:\/\/perpetualcharity.com\/pt\/wp-json\/wp\/v2\/product"}],"about":[{"href":"https:\/\/perpetualcharity.com\/pt\/wp-json\/wp\/v2\/types\/product"}],"wp:featuredmedia":[{"embeddable":true,"href":"https:\/\/perpetualcharity.com\/pt\/wp-json\/wp\/v2\/media\/11246"}],"wp:attachment":[{"href":"https:\/\/perpetualcharity.com\/pt\/wp-json\/wp\/v2\/media?parent=11248"}],"wp:term":[{"taxonomy":"product_cat","embeddable":true,"href":"https:\/\/perpetualcharity.com\/pt\/wp-json\/wp\/v2\/product_cat?post=11248"},{"taxonomy":"product_tag","embeddable":true,"href":"https:\/\/perpetualcharity.com\/pt\/wp-json\/wp\/v2\/product_tag?post=11248"}],"curies":[{"name":"wp","href":"https:\/\/api.w.org\/{rel}","templated":true}]}}