{"id":11260,"date":"2020-06-28T16:11:11","date_gmt":"2020-06-28T16:11:11","guid":{"rendered":"https:\/\/perpetualcharity.com\/?post_type=product&#038;p=11260"},"modified":"2020-06-28T16:13:06","modified_gmt":"2020-06-28T16:13:06","slug":"perpetual-womens-rib-cuff-crew-neck-sweatshirt-model-h34","status":"publish","type":"product","link":"https:\/\/perpetualcharity.com\/pt\/produto\/perpetual-womens-rib-cuff-crew-neck-sweatshirt-model-h34\/","title":{"rendered":"Camisola de Pesco\u00e7o Perp\u00e9tuo Feminino (Modelo H34)"},"content":{"rendered":"<p><span style=\"color: #666666; font-family: Arial; font-size: 14px; text-align: center; background-color: #ffffff;\">Com acabamento com nervuras nos punhos, na nuca e na cintura, esta sweatshirt pode ser<br \/>\numa \u00f3ptima op\u00e7\u00e3o em roupa de rua. Adicione o seu pr\u00f3prio design a esta sweatshirt atrav\u00e9s do design<br \/>\nferramenta no Artsadd e reflectir a sua personalidade e estilo.<\/span><\/p>\n<p>- Material (corpo do vestu\u00e1rio): 100% poli\u00e9ster.<br \/>\n- Material (costela, punhos e cintura): 95% algod\u00e3o, 5% spandex.<br \/>\n- Tecnologia de impress\u00e3o avan\u00e7ada, apresentando imagens v\u00edvidas e detalhes finos.<br \/>\n- Lav\u00e1vel \u00e0 m\u00e1quina em ciclo frio e seco por gotejamento.<\/p>\n<p><span style=\"font-size: 16px; color: #000000;\"><strong>Tamanho ideal da imagem em pixels<\/strong><\/span><span style=\"color: #000000; font-size: 16px;\"><strong> (W * H):<\/strong><\/span><br \/>\nFrente: 3992 x 4081 ou Superior \/ 150 dpi<br \/>\nVoltar: 3992 x 4075 ou superior \/ 150 dpi<br \/>\nManga(Esquerda\/Direita): 3077 x 3484 ou Superior \/ 150 dpi<\/p>\n<p>Tamanho dispon\u00edvel: XS,S,M,L,XL<br \/>\nNota: Pode haver \u00b15% de desvio no comprimento para medi\u00e7\u00e3o manual e processos de produ\u00e7\u00e3o.<\/p>\n<p><span style=\"font-size: 16px; color: #000000;\"><strong>Medi\u00e7\u00e3o de pe\u00e7as de vestu\u00e1rio<\/strong><\/span><span style=\"color: #000000; font-size: 16px;\"><strong>:<\/strong><\/span><br \/>\n<img decoding=\"async\" data-src=\"http:\/\/nbimg.interestprint.com\/data\/product\/999\/chart\/image\/20171018\/4EFAD1242BBA658040889B1FE303553C.png\" alt=\"\" src=\"data:image\/gif;base64,R0lGODlhAQABAAAAACH5BAEKAAEALAAAAAABAAEAAAICTAEAOw==\" class=\"lazyload\" \/><noscript><img decoding=\"async\" src=\"http:\/\/nbimg.interestprint.com\/data\/product\/999\/chart\/image\/20171018\/4EFAD1242BBA658040889B1FE303553C.png\" alt=\"\" \/><\/noscript><\/p>","protected":false},"excerpt":{"rendered":"<p>Featuring ribbed finish on the cuffs, neckband and waistband, this sweatshirt can be a great option in streetwear. Add your own design to this sweatshirt through design tool on Artsadd and reflect your personality and style. \u2022\u00a0Material (garment body): 100% polyester. \u2022\u00a0Material (rib collar, cuffs and waistband): 95% cotton, 5% spandex. \u2022\u00a0Advanced printing technology, presenting &#8230; <a title=\"Perpetual Women&#8217;s Rib Cuff Crew Neck Sweatshirt (Model H34)\" class=\"read-more\" href=\"https:\/\/perpetualcharity.com\/pt\/produto\/perpetual-womens-rib-cuff-crew-neck-sweatshirt-model-h34\/\" aria-label=\"Leia mais sobre Perpetual Women&#8217;s Rib Cuff Crew Neck Sweatshirt (Model H34)\">Ler mais<\/a><\/p>","protected":false},"featured_media":11256,"template":"","meta":{"wds_primary_product_cat":0},"product_cat":[39],"product_tag":[],"_links":{"self":[{"href":"https:\/\/perpetualcharity.com\/pt\/wp-json\/wp\/v2\/product\/11260"}],"collection":[{"href":"https:\/\/perpetualcharity.com\/pt\/wp-json\/wp\/v2\/product"}],"about":[{"href":"https:\/\/perpetualcharity.com\/pt\/wp-json\/wp\/v2\/types\/product"}],"wp:featuredmedia":[{"embeddable":true,"href":"https:\/\/perpetualcharity.com\/pt\/wp-json\/wp\/v2\/media\/11256"}],"wp:attachment":[{"href":"https:\/\/perpetualcharity.com\/pt\/wp-json\/wp\/v2\/media?parent=11260"}],"wp:term":[{"taxonomy":"product_cat","embeddable":true,"href":"https:\/\/perpetualcharity.com\/pt\/wp-json\/wp\/v2\/product_cat?post=11260"},{"taxonomy":"product_tag","embeddable":true,"href":"https:\/\/perpetualcharity.com\/pt\/wp-json\/wp\/v2\/product_tag?post=11260"}],"curies":[{"name":"wp","href":"https:\/\/api.w.org\/{rel}","templated":true}]}}