{"id":11269,"date":"2020-06-28T16:13:52","date_gmt":"2020-06-28T16:13:52","guid":{"rendered":"https:\/\/perpetualcharity.com\/?post_type=product&#038;p=11269"},"modified":"2020-06-28T16:16:15","modified_gmt":"2020-06-28T16:16:15","slug":"perpetual-all-over-print-hoodie-for-kid-usa-size-model-h13","status":"publish","type":"product","link":"https:\/\/perpetualcharity.com\/pt\/produto\/perpetual-all-over-print-hoodie-for-kid-usa-size-model-h13\/","title":{"rendered":"Capuz Perp\u00e9tuo para Crian\u00e7as (Tamanho EUA) (Modelo H13)"},"content":{"rendered":"<p><span style=\"color: #000000; font-family: Arial; font-size: 14px; text-align: center; background-color: #ffffff;\">*496g\/m2 (17,71 on\u00e7as por metro quadrado). Poli\u00e9ster 94%, Spandex 6%, super macio.<br \/>\n*Personalizado capuz cl\u00e1ssico para crian\u00e7as, confort\u00e1vel e elegante.<br \/>\n*Fun\u00e7\u00f5es pronunciadas nas mangas, bainha de cintura proeminente e franjas de bolso canguru.<br \/>\n*Pesco\u00e7o e ombros moldados para conforto e estilo.<br \/>\n*Tamanhos: XXXS, XXS, XS, S, M, L. Calcule o seu tamanho a partir da tabela de medidas abaixo, por favor.<br \/>\n*Designer Tip: Para garantir a mais alta qualidade de impress\u00e3o, note que este produto recomenda o tamanho da imagem carregada em pixels (L x H):<br \/>\nfrente: 3747 x 4424 ou superior;<br \/>\nde volta: 3747 x 4410 ou superior;<br \/>\nmanga(esquerda): 3018 x 3922 ou superior;<br \/>\nmanga(direita): 3018 x 3922 ou superior;<br \/>\nchap\u00e9u(1): 1899 x 2410 ou superior;<br \/>\nhart(2): 1899 x 2410 ou superior.<\/span><\/p>\n<p><span style=\"font-size: 16px; color: #000000;\"><strong>Medi\u00e7\u00e3o de pe\u00e7as de vestu\u00e1rio<\/strong><\/span><span style=\"color: #000000; font-size: 16px;\"><strong>:<\/strong><\/span><br \/>\n<img decoding=\"async\" data-src=\"http:\/\/img.artsadd.com\/data\/product\/643\/info\/image\/20170405\/B054653F6D154B16166BC257042E65D8.png\" alt=\"\" src=\"data:image\/gif;base64,R0lGODlhAQABAAAAACH5BAEKAAEALAAAAAABAAEAAAICTAEAOw==\" class=\"lazyload\" \/><noscript><img decoding=\"async\" src=\"http:\/\/img.artsadd.com\/data\/product\/643\/info\/image\/20170405\/B054653F6D154B16166BC257042E65D8.png\" alt=\"\" \/><\/noscript><\/p>","protected":false},"excerpt":{"rendered":"<p>*496g\/m2 (17.71 oz per sq yd). Polyester 94%, Spandex 6%, super soft. *Personalized classic-cut hoodie for kids, comfortable and stylish. *Features pronounced sleeve cuffs, prominent waistband hem and kangaroo pocket fringes. *Taped neck and shoulders for comfort and style. *Sizes: XXXS, XXS, XS, S, M, L. Calculate your size from the measurement chart below please. &#8230; <a title=\"Capuz Perp\u00e9tuo para Crian\u00e7as (Tamanho EUA) (Modelo H13)\" class=\"read-more\" href=\"https:\/\/perpetualcharity.com\/pt\/produto\/perpetual-all-over-print-hoodie-for-kid-usa-size-model-h13\/\" aria-label=\"Leia mais sobre Perpetual All Over Print Hoodie for Kid (USA Size) (Model H13)\">Ler mais<\/a><\/p>","protected":false},"featured_media":11267,"template":"","meta":{"wds_primary_product_cat":0},"product_cat":[39],"product_tag":[],"_links":{"self":[{"href":"https:\/\/perpetualcharity.com\/pt\/wp-json\/wp\/v2\/product\/11269"}],"collection":[{"href":"https:\/\/perpetualcharity.com\/pt\/wp-json\/wp\/v2\/product"}],"about":[{"href":"https:\/\/perpetualcharity.com\/pt\/wp-json\/wp\/v2\/types\/product"}],"wp:featuredmedia":[{"embeddable":true,"href":"https:\/\/perpetualcharity.com\/pt\/wp-json\/wp\/v2\/media\/11267"}],"wp:attachment":[{"href":"https:\/\/perpetualcharity.com\/pt\/wp-json\/wp\/v2\/media?parent=11269"}],"wp:term":[{"taxonomy":"product_cat","embeddable":true,"href":"https:\/\/perpetualcharity.com\/pt\/wp-json\/wp\/v2\/product_cat?post=11269"},{"taxonomy":"product_tag","embeddable":true,"href":"https:\/\/perpetualcharity.com\/pt\/wp-json\/wp\/v2\/product_tag?post=11269"}],"curies":[{"name":"wp","href":"https:\/\/api.w.org\/{rel}","templated":true}]}}