{"id":11280,"date":"2020-06-28T16:17:19","date_gmt":"2020-06-28T16:17:19","guid":{"rendered":"https:\/\/perpetualcharity.com\/?post_type=product&#038;p=11280"},"modified":"2020-06-28T16:19:28","modified_gmt":"2020-06-28T16:19:28","slug":"perpetual-dad-cap-2","status":"publish","type":"product","link":"https:\/\/perpetualcharity.com\/pt\/produto\/perpetual-dad-cap-2\/","title":{"rendered":"Bon\u00e9 Perp\u00e9tuo do Pai"},"content":{"rendered":"<p><span style=\"color: #000000; font-family: Arial; font-size: 14px; text-align: center; background-color: #ffffff;\">- 4.23 Oz. Feito de algod\u00e3o premium.<br \/>\n- Al\u00e7a de velcro ajust\u00e1vel, adequada para todos os tamanhos de cabe\u00e7a.<br \/>\n- Moda e unisexo, perfeito para o uso di\u00e1rio.<br \/>\n- Por favor, lave-o suavemente \u00e0 m\u00e3o para manter a sua forma.<br \/>\n- Aba curva, 6 Pain\u00e9is com 6 ilh\u00f3s de ventila\u00e7\u00e3o bordados.<br \/>\n<span style=\"color: #e53333;\">-\u2022 <\/span>etiqueta com o logotipo <span style=\"color: #e53333;\"><strong>n\u00e3o pode<\/strong><\/span> ser adicionado a este produto.<br \/>\n- Dica do Designer: Para garantir a mais alta qualidade de impress\u00e3o, note que este produto recomenda o tamanho da imagem carregada em pixels (L x H):<br \/>\n1095 x 730 ou superior<\/span><\/p>","protected":false},"excerpt":{"rendered":"<p>\u2022 4.23 Oz. Made from premium cotton. \u2022 Adjustable velcro strap, fit for All Head Sizes. \u2022 Fashion and unisex, perfect for daily wear. \u2022 Please wash it gently by hand for keeping its shape. \u2022 Curved brim, 6 Panels with 6 embroidered ventilation eyelets. \u2022 Logo Tag cannot be added to this product. \u2022 &#8230; <a title=\"Bon\u00e9 Perp\u00e9tuo do Pai\" class=\"read-more\" href=\"https:\/\/perpetualcharity.com\/pt\/produto\/perpetual-dad-cap-2\/\" aria-label=\"Leia mais sobre Perpetual Dad Cap\">Ler mais<\/a><\/p>","protected":false},"featured_media":11276,"template":"","meta":{"wds_primary_product_cat":0},"product_cat":[39],"product_tag":[],"_links":{"self":[{"href":"https:\/\/perpetualcharity.com\/pt\/wp-json\/wp\/v2\/product\/11280"}],"collection":[{"href":"https:\/\/perpetualcharity.com\/pt\/wp-json\/wp\/v2\/product"}],"about":[{"href":"https:\/\/perpetualcharity.com\/pt\/wp-json\/wp\/v2\/types\/product"}],"wp:featuredmedia":[{"embeddable":true,"href":"https:\/\/perpetualcharity.com\/pt\/wp-json\/wp\/v2\/media\/11276"}],"wp:attachment":[{"href":"https:\/\/perpetualcharity.com\/pt\/wp-json\/wp\/v2\/media?parent=11280"}],"wp:term":[{"taxonomy":"product_cat","embeddable":true,"href":"https:\/\/perpetualcharity.com\/pt\/wp-json\/wp\/v2\/product_cat?post=11280"},{"taxonomy":"product_tag","embeddable":true,"href":"https:\/\/perpetualcharity.com\/pt\/wp-json\/wp\/v2\/product_tag?post=11280"}],"curies":[{"name":"wp","href":"https:\/\/api.w.org\/{rel}","templated":true}]}}