{"id":11288,"date":"2020-06-28T16:20:37","date_gmt":"2020-06-28T16:20:37","guid":{"rendered":"https:\/\/perpetualcharity.com\/?post_type=product&#038;p=11288"},"modified":"2020-07-03T06:42:31","modified_gmt":"2020-07-03T06:42:31","slug":"perpetual-heart-shaped-morphing-mug-2","status":"publish","type":"product","link":"https:\/\/perpetualcharity.com\/pt\/produto\/perpetual-heart-shaped-morphing-mug-2\/","title":{"rendered":"Caneca Morphing Perp\u00e9tua em forma de cora\u00e7\u00e3o"},"content":{"rendered":"<p class=\" translation-block\"><span style=\"color: #66666666;font-family: Arial\">O exterior desta caneca transforma-se de preto como l\u00edquido quente \u00e9 adicionado e revelador<br>\na imagem escondida em cores vivas. Esta caneca pode ser usada na m\u00e1quina de lavar lou\u00e7a ou\nmicroondas para o produto mais duradouro e da mais alta qualidade.<\/span><\/p>\n<p>- Capacidade: 10,3 OZ (300ML)<br \/>\n- Punho em forma de cora\u00e7\u00e3o, confort\u00e1vel de segurar.<br \/>\n- M\u00e1quina de lavar lou\u00e7a e microondas seguras.<br \/>\n- Material cer\u00e2mico dur\u00e1vel, seguro e saud\u00e1vel para beber.<\/p>\n<p><span style=\"font-size: 16px; color: #000000;\"><strong>Tamanho ideal da imagem em pixels<\/strong><\/span><span style=\"color: #000000; font-size: 16px;\"><strong> (W * H):<\/strong><\/span><br \/>\n1081 x 455 ou superior \/ 150 dpi<\/p>","protected":false},"excerpt":{"rendered":"<p>The exterior of this mug transforms from black as hot liquid is added and revealing the hidden image in full vivid colors. This mug may be used in the dishwasher or microwave for the longest lasting and highest quality product. \u2022 Capacity: 10.3 OZ (300ML) \u2022 Heart-shaped handle, comfortable to hold. \u2022 Dishwasher and microwave &#8230; <a title=\"Caneca Morphing Perp\u00e9tua em forma de cora\u00e7\u00e3o\" class=\"read-more\" href=\"https:\/\/perpetualcharity.com\/pt\/produto\/perpetual-heart-shaped-morphing-mug-2\/\" aria-label=\"Leia mais sobre Perpetual Heart-shaped Morphing Mug\">Ler mais<\/a><\/p>","protected":false},"featured_media":11282,"template":"","meta":{"wds_primary_product_cat":0},"product_cat":[43],"product_tag":[],"_links":{"self":[{"href":"https:\/\/perpetualcharity.com\/pt\/wp-json\/wp\/v2\/product\/11288"}],"collection":[{"href":"https:\/\/perpetualcharity.com\/pt\/wp-json\/wp\/v2\/product"}],"about":[{"href":"https:\/\/perpetualcharity.com\/pt\/wp-json\/wp\/v2\/types\/product"}],"wp:featuredmedia":[{"embeddable":true,"href":"https:\/\/perpetualcharity.com\/pt\/wp-json\/wp\/v2\/media\/11282"}],"wp:attachment":[{"href":"https:\/\/perpetualcharity.com\/pt\/wp-json\/wp\/v2\/media?parent=11288"}],"wp:term":[{"taxonomy":"product_cat","embeddable":true,"href":"https:\/\/perpetualcharity.com\/pt\/wp-json\/wp\/v2\/product_cat?post=11288"},{"taxonomy":"product_tag","embeddable":true,"href":"https:\/\/perpetualcharity.com\/pt\/wp-json\/wp\/v2\/product_tag?post=11288"}],"curies":[{"name":"wp","href":"https:\/\/api.w.org\/{rel}","templated":true}]}}